{"id":136,"date":"2013-02-25T20:52:50","date_gmt":"2013-02-25T20:52:50","guid":{"rendered":"http:\/\/www.elpuco.com.ar\/web\/?page_id=136"},"modified":"2013-02-25T20:52:50","modified_gmt":"2013-02-25T20:52:50","slug":"los-chorotes-y-su-medio-ambiente","status":"publish","type":"page","link":"https:\/\/www.elpuco.com.ar\/web\/los-chorotes-y-su-medio-ambiente\/","title":{"rendered":"Los Chorotes y su medio ambiente"},"content":{"rendered":"<p>Experiencias \u00c9tnicas<\/p>\n<p>Viaje de convivencia a una comunidad ind\u00edgena Chorote<br \/>\nSalta, Argentina a\u00f1o 1998<br \/>\nEn el a\u00f1o 1998 tuve la oportunidad de participar en la reactivaci\u00f3n de la memoria alfarera de la Etnia Chorote, dentro de un equipo de trabajo formado por la que entonces era mi profesora, Ana Barckacs.<br \/>\nEste tipo de experiencias son muy conmovedoras y enriquecedoras, principalmente desde lo humano.<br \/>\nEl trabajo consisti\u00f3 en reconocer la arcilla en su medio ambiente natural, extraerla, preparar la pasta, modelar con las t\u00e9cnicas originarias ind\u00edgenas, hacer los hornos y bizcochar las piezas modeladas por las mujeres chorotes durante las jornadas de taller. Solo las mujeres practican este arte (o en su mayor\u00eda), adem\u00e1s de dedicarse al tejido; los hombre tallan madera, cazan y pescan. Esta etnia esta situada cerca de Tartagal, Salta, en la Misi\u00f3n La Merced, a metros del Rio Pilcomayo (del quichua Pillkumayu; Pilku: p\u00e1jaro m\u00edstico, Mayu: Rio).<br \/>\nSeg\u00fan datos de Antropolog\u00eda de la U.B.A., la Etnia Chorote cuenta con 900 ind\u00edgenas. Hoy ya son menos.<\/p>\n<p>Paisaje Chorote<\/p>\n<p><a href=\"http:\/\/www.elpuco.com.ar\/web\/wp-content\/uploads\/2013\/02\/02.jpg\"><img loading=\"lazy\" decoding=\"async\" class=\"alignnone size-full wp-image-140\" alt=\"02\" src=\"http:\/\/www.elpuco.com.ar\/web\/wp-content\/uploads\/2013\/02\/02.jpg\" width=\"340\" height=\"228\" srcset=\"https:\/\/www.elpuco.com.ar\/web\/wp-content\/uploads\/2013\/02\/02.jpg 340w, https:\/\/www.elpuco.com.ar\/web\/wp-content\/uploads\/2013\/02\/02-300x201.jpg 300w\" sizes=\"auto, (max-width: 340px) 100vw, 340px\" \/><\/a><\/p>\n<p><a href=\"http:\/\/www.elpuco.com.ar\/web\/wp-content\/uploads\/2013\/02\/01.jpg\"><img loading=\"lazy\" decoding=\"async\" alt=\"01\" src=\"http:\/\/www.elpuco.com.ar\/web\/wp-content\/uploads\/2013\/02\/01.jpg\" width=\"340\" height=\"217\" \/><\/a><\/p>\n<p>Horno de Pan<\/p>\n<p><a href=\"http:\/\/www.elpuco.com.ar\/web\/wp-content\/uploads\/2013\/02\/03.jpg\"><img loading=\"lazy\" decoding=\"async\" class=\"alignnone size-full wp-image-141\" alt=\"03\" src=\"http:\/\/www.elpuco.com.ar\/web\/wp-content\/uploads\/2013\/02\/03.jpg\" width=\"226\" height=\"340\" srcset=\"https:\/\/www.elpuco.com.ar\/web\/wp-content\/uploads\/2013\/02\/03.jpg 226w, https:\/\/www.elpuco.com.ar\/web\/wp-content\/uploads\/2013\/02\/03-199x300.jpg 199w\" sizes=\"auto, (max-width: 226px) 100vw, 226px\" \/><\/a><\/p>\n<p>Maternidad 1<\/p>\n<p><a href=\"http:\/\/www.elpuco.com.ar\/web\/wp-content\/uploads\/2013\/02\/04.jpg\"><img loading=\"lazy\" decoding=\"async\" class=\"alignnone size-full wp-image-142\" alt=\"04\" src=\"http:\/\/www.elpuco.com.ar\/web\/wp-content\/uploads\/2013\/02\/04.jpg\" width=\"215\" height=\"340\" srcset=\"https:\/\/www.elpuco.com.ar\/web\/wp-content\/uploads\/2013\/02\/04.jpg 215w, https:\/\/www.elpuco.com.ar\/web\/wp-content\/uploads\/2013\/02\/04-189x300.jpg 189w\" sizes=\"auto, (max-width: 215px) 100vw, 215px\" \/><\/a><\/p>\n<p>Maternidad 2<\/p>\n<p><a href=\"http:\/\/www.elpuco.com.ar\/web\/wp-content\/uploads\/2013\/02\/05.jpg\"><img loading=\"lazy\" decoding=\"async\" class=\"alignnone size-full wp-image-143\" alt=\"05\" src=\"http:\/\/www.elpuco.com.ar\/web\/wp-content\/uploads\/2013\/02\/05.jpg\" width=\"219\" height=\"340\" srcset=\"https:\/\/www.elpuco.com.ar\/web\/wp-content\/uploads\/2013\/02\/05.jpg 219w, https:\/\/www.elpuco.com.ar\/web\/wp-content\/uploads\/2013\/02\/05-193x300.jpg 193w\" sizes=\"auto, (max-width: 219px) 100vw, 219px\" \/><\/a><\/p>\n<p>Los 4 fant\u00e1sticos<\/p>\n<p><a href=\"http:\/\/www.elpuco.com.ar\/web\/wp-content\/uploads\/2013\/02\/06.jpg\"><img loading=\"lazy\" decoding=\"async\" class=\"alignnone size-full wp-image-144\" alt=\"06\" src=\"http:\/\/www.elpuco.com.ar\/web\/wp-content\/uploads\/2013\/02\/06.jpg\" width=\"340\" height=\"239\" srcset=\"https:\/\/www.elpuco.com.ar\/web\/wp-content\/uploads\/2013\/02\/06.jpg 340w, https:\/\/www.elpuco.com.ar\/web\/wp-content\/uploads\/2013\/02\/06-300x210.jpg 300w\" sizes=\"auto, (max-width: 340px) 100vw, 340px\" \/><\/a><\/p>\n<p><a href=\"http:\/\/www.elpuco.com.ar\/web\/wp-content\/uploads\/2013\/02\/07.jpg\"><img loading=\"lazy\" decoding=\"async\" class=\"alignnone size-full wp-image-145\" alt=\"07\" src=\"http:\/\/www.elpuco.com.ar\/web\/wp-content\/uploads\/2013\/02\/07.jpg\" width=\"340\" height=\"215\" srcset=\"https:\/\/www.elpuco.com.ar\/web\/wp-content\/uploads\/2013\/02\/07.jpg 340w, https:\/\/www.elpuco.com.ar\/web\/wp-content\/uploads\/2013\/02\/07-300x189.jpg 300w\" sizes=\"auto, (max-width: 340px) 100vw, 340px\" \/><\/a><\/p>\n<p>Familia Chorote<\/p>\n<p><a href=\"http:\/\/www.elpuco.com.ar\/web\/wp-content\/uploads\/2013\/02\/08.jpg\"><img loading=\"lazy\" decoding=\"async\" class=\"alignnone size-full wp-image-146\" alt=\"08\" src=\"http:\/\/www.elpuco.com.ar\/web\/wp-content\/uploads\/2013\/02\/08.jpg\" width=\"340\" height=\"226\" srcset=\"https:\/\/www.elpuco.com.ar\/web\/wp-content\/uploads\/2013\/02\/08.jpg 340w, https:\/\/www.elpuco.com.ar\/web\/wp-content\/uploads\/2013\/02\/08-300x199.jpg 300w\" sizes=\"auto, (max-width: 340px) 100vw, 340px\" \/><\/a><\/p>\n<p>Pelando algarrobo para extraer tanino<\/p>\n<p><a href=\"http:\/\/www.elpuco.com.ar\/web\/wp-content\/uploads\/2013\/02\/09.jpg\"><img loading=\"lazy\" decoding=\"async\" class=\"alignnone size-full wp-image-147\" alt=\"09\" src=\"http:\/\/www.elpuco.com.ar\/web\/wp-content\/uploads\/2013\/02\/09.jpg\" width=\"340\" height=\"227\" srcset=\"https:\/\/www.elpuco.com.ar\/web\/wp-content\/uploads\/2013\/02\/09.jpg 340w, https:\/\/www.elpuco.com.ar\/web\/wp-content\/uploads\/2013\/02\/09-300x200.jpg 300w\" sizes=\"auto, (max-width: 340px) 100vw, 340px\" \/><\/a><\/p>\n<p>Tejedora 1<\/p>\n<p><a href=\"http:\/\/www.elpuco.com.ar\/web\/wp-content\/uploads\/2013\/02\/10.jpg\"><img loading=\"lazy\" decoding=\"async\" class=\"alignnone size-full wp-image-148\" alt=\"10\" src=\"http:\/\/www.elpuco.com.ar\/web\/wp-content\/uploads\/2013\/02\/10.jpg\" width=\"218\" height=\"340\" srcset=\"https:\/\/www.elpuco.com.ar\/web\/wp-content\/uploads\/2013\/02\/10.jpg 218w, https:\/\/www.elpuco.com.ar\/web\/wp-content\/uploads\/2013\/02\/10-192x300.jpg 192w\" sizes=\"auto, (max-width: 218px) 100vw, 218px\" \/><\/a><\/p>\n<p>Tejedora 2<\/p>\n<p><a href=\"http:\/\/www.elpuco.com.ar\/web\/wp-content\/uploads\/2013\/02\/11.jpg\"><img loading=\"lazy\" decoding=\"async\" class=\"alignnone size-full wp-image-149\" alt=\"11\" src=\"http:\/\/www.elpuco.com.ar\/web\/wp-content\/uploads\/2013\/02\/11.jpg\" width=\"229\" height=\"340\" srcset=\"https:\/\/www.elpuco.com.ar\/web\/wp-content\/uploads\/2013\/02\/11.jpg 229w, https:\/\/www.elpuco.com.ar\/web\/wp-content\/uploads\/2013\/02\/11-202x300.jpg 202w\" sizes=\"auto, (max-width: 229px) 100vw, 229px\" \/><\/a><\/p>\n<p>Tejedora 3<\/p>\n<p><a href=\"http:\/\/www.elpuco.com.ar\/web\/wp-content\/uploads\/2013\/02\/12.jpg\"><img loading=\"lazy\" decoding=\"async\" class=\"alignnone size-full wp-image-150\" alt=\"12\" src=\"http:\/\/www.elpuco.com.ar\/web\/wp-content\/uploads\/2013\/02\/12.jpg\" width=\"223\" height=\"340\" srcset=\"https:\/\/www.elpuco.com.ar\/web\/wp-content\/uploads\/2013\/02\/12.jpg 223w, https:\/\/www.elpuco.com.ar\/web\/wp-content\/uploads\/2013\/02\/12-196x300.jpg 196w\" sizes=\"auto, (max-width: 223px) 100vw, 223px\" \/><\/a><\/p>\n<p>Tejedora 4<\/p>\n<p><a href=\"http:\/\/www.elpuco.com.ar\/web\/wp-content\/uploads\/2013\/02\/13.jpg\"><img loading=\"lazy\" decoding=\"async\" class=\"alignnone size-full wp-image-151\" alt=\"13\" src=\"http:\/\/www.elpuco.com.ar\/web\/wp-content\/uploads\/2013\/02\/13.jpg\" width=\"239\" height=\"340\" srcset=\"https:\/\/www.elpuco.com.ar\/web\/wp-content\/uploads\/2013\/02\/13.jpg 239w, https:\/\/www.elpuco.com.ar\/web\/wp-content\/uploads\/2013\/02\/13-210x300.jpg 210w\" sizes=\"auto, (max-width: 239px) 100vw, 239px\" \/><\/a><\/p>\n<p>Tejedora 6<\/p>\n<p><a href=\"http:\/\/www.elpuco.com.ar\/web\/wp-content\/uploads\/2013\/02\/14.jpg\"><img loading=\"lazy\" decoding=\"async\" class=\"alignnone size-full wp-image-152\" alt=\"14\" src=\"http:\/\/www.elpuco.com.ar\/web\/wp-content\/uploads\/2013\/02\/14.jpg\" width=\"330\" height=\"226\" srcset=\"https:\/\/www.elpuco.com.ar\/web\/wp-content\/uploads\/2013\/02\/14.jpg 330w, https:\/\/www.elpuco.com.ar\/web\/wp-content\/uploads\/2013\/02\/14-300x205.jpg 300w\" sizes=\"auto, (max-width: 330px) 100vw, 330px\" \/><\/a><\/p>\n<p><a href=\"http:\/\/www.elpuco.com.ar\/web\/wp-content\/uploads\/2013\/02\/15.jpg\"><img loading=\"lazy\" decoding=\"async\" class=\"alignnone size-full wp-image-153\" alt=\"15\" src=\"http:\/\/www.elpuco.com.ar\/web\/wp-content\/uploads\/2013\/02\/15.jpg\" width=\"330\" height=\"221\" srcset=\"https:\/\/www.elpuco.com.ar\/web\/wp-content\/uploads\/2013\/02\/15.jpg 330w, https:\/\/www.elpuco.com.ar\/web\/wp-content\/uploads\/2013\/02\/15-300x200.jpg 300w\" sizes=\"auto, (max-width: 330px) 100vw, 330px\" \/><\/a><\/p>\n<p>Meditaci\u00f3n<\/p>\n<p><a href=\"http:\/\/www.elpuco.com.ar\/web\/wp-content\/uploads\/2013\/02\/171.jpg\"><img loading=\"lazy\" decoding=\"async\" class=\"alignnone size-full wp-image-154\" alt=\"17\" src=\"http:\/\/www.elpuco.com.ar\/web\/wp-content\/uploads\/2013\/02\/171.jpg\" width=\"230\" height=\"340\" srcset=\"https:\/\/www.elpuco.com.ar\/web\/wp-content\/uploads\/2013\/02\/171.jpg 230w, https:\/\/www.elpuco.com.ar\/web\/wp-content\/uploads\/2013\/02\/171-202x300.jpg 202w\" sizes=\"auto, (max-width: 230px) 100vw, 230px\" \/><\/a><\/p>\n<p>&nbsp;<\/p>\n","protected":false},"excerpt":{"rendered":"<p>Experiencias \u00c9tnicas Viaje de convivencia a una comunidad ind\u00edgena Chorote Salta, Argentina a\u00f1o 1998 En el a\u00f1o 1998 tuve la oportunidad de participar en la reactivaci\u00f3n de la memoria alfarera de la Etnia Chorote, dentro de un equipo de trabajo formado por la que entonces era mi profesora, Ana Barckacs. Este tipo de experiencias son &#8230; <\/p>\n<p class=\"read-more-container\"><a title=\"Los Chorotes y su medio ambiente\" class=\"read-more button\" href=\"https:\/\/www.elpuco.com.ar\/web\/los-chorotes-y-su-medio-ambiente\/#more-136\" aria-label=\"Leer m\u00e1s sobre Los Chorotes y su medio ambiente\">Continuar<\/a><\/p>\n","protected":false},"author":1,"featured_media":0,"parent":0,"menu_order":0,"comment_status":"open","ping_status":"open","template":"","meta":{"ngg_post_thumbnail":0,"footnotes":""},"class_list":{"0":"post-136","1":"page","2":"type-page","3":"status-publish","5":"no-featured-image-padding"},"yoast_head":"<!-- This site is optimized with the Yoast SEO plugin v25.5 - https:\/\/yoast.com\/wordpress\/plugins\/seo\/ -->\n<title>Los Chorotes y su medio ambiente - El Puco. Taller de ense\u00f1anza de alfareria y cer\u00e1mica art\u00edstica<\/title>\n<meta name=\"robots\" content=\"index, follow, max-snippet:-1, max-image-preview:large, max-video-preview:-1\" \/>\n<link rel=\"canonical\" href=\"https:\/\/www.elpuco.com.ar\/web\/los-chorotes-y-su-medio-ambiente\/\" \/>\n<meta property=\"og:locale\" content=\"es_ES\" \/>\n<meta property=\"og:type\" content=\"article\" \/>\n<meta property=\"og:title\" content=\"Los Chorotes y su medio ambiente - El Puco. Taller de ense\u00f1anza de alfareria y cer\u00e1mica art\u00edstica\" \/>\n<meta property=\"og:description\" content=\"Experiencias \u00c9tnicas Viaje de convivencia a una comunidad ind\u00edgena Chorote Salta, Argentina a\u00f1o 1998 En el a\u00f1o 1998 tuve la oportunidad de participar en la reactivaci\u00f3n de la memoria alfarera de la Etnia Chorote, dentro de un equipo de trabajo formado por la que entonces era mi profesora, Ana Barckacs. Este tipo de experiencias son ... Continuar\" \/>\n<meta property=\"og:url\" content=\"https:\/\/www.elpuco.com.ar\/web\/los-chorotes-y-su-medio-ambiente\/\" \/>\n<meta property=\"og:site_name\" content=\"El Puco. Taller de ense\u00f1anza de alfareria y cer\u00e1mica art\u00edstica\" \/>\n<meta property=\"og:image\" content=\"http:\/\/www.elpuco.com.ar\/web\/wp-content\/uploads\/2013\/02\/02.jpg\" \/>\n<meta name=\"twitter:card\" content=\"summary_large_image\" \/>\n<meta name=\"twitter:label1\" content=\"Tiempo de lectura\" \/>\n\t<meta name=\"twitter:data1\" content=\"1 minuto\" \/>\n<script type=\"application\/ld+json\" class=\"yoast-schema-graph\">{\"@context\":\"https:\/\/schema.org\",\"@graph\":[{\"@type\":\"WebPage\",\"@id\":\"https:\/\/www.elpuco.com.ar\/web\/los-chorotes-y-su-medio-ambiente\/\",\"url\":\"https:\/\/www.elpuco.com.ar\/web\/los-chorotes-y-su-medio-ambiente\/\",\"name\":\"Los Chorotes y su medio ambiente - El Puco. Taller de ense\u00f1anza de alfareria y cer\u00e1mica art\u00edstica\",\"isPartOf\":{\"@id\":\"https:\/\/www.elpuco.com.ar\/web\/#website\"},\"primaryImageOfPage\":{\"@id\":\"https:\/\/www.elpuco.com.ar\/web\/los-chorotes-y-su-medio-ambiente\/#primaryimage\"},\"image\":{\"@id\":\"https:\/\/www.elpuco.com.ar\/web\/los-chorotes-y-su-medio-ambiente\/#primaryimage\"},\"thumbnailUrl\":\"http:\/\/www.elpuco.com.ar\/web\/wp-content\/uploads\/2013\/02\/02.jpg\",\"datePublished\":\"2013-02-25T20:52:50+00:00\",\"breadcrumb\":{\"@id\":\"https:\/\/www.elpuco.com.ar\/web\/los-chorotes-y-su-medio-ambiente\/#breadcrumb\"},\"inLanguage\":\"es\",\"potentialAction\":[{\"@type\":\"ReadAction\",\"target\":[\"https:\/\/www.elpuco.com.ar\/web\/los-chorotes-y-su-medio-ambiente\/\"]}]},{\"@type\":\"ImageObject\",\"inLanguage\":\"es\",\"@id\":\"https:\/\/www.elpuco.com.ar\/web\/los-chorotes-y-su-medio-ambiente\/#primaryimage\",\"url\":\"http:\/\/www.elpuco.com.ar\/web\/wp-content\/uploads\/2013\/02\/02.jpg\",\"contentUrl\":\"http:\/\/www.elpuco.com.ar\/web\/wp-content\/uploads\/2013\/02\/02.jpg\"},{\"@type\":\"BreadcrumbList\",\"@id\":\"https:\/\/www.elpuco.com.ar\/web\/los-chorotes-y-su-medio-ambiente\/#breadcrumb\",\"itemListElement\":[{\"@type\":\"ListItem\",\"position\":1,\"name\":\"Portada\",\"item\":\"https:\/\/www.elpuco.com.ar\/web\/\"},{\"@type\":\"ListItem\",\"position\":2,\"name\":\"Los Chorotes y su medio ambiente\"}]},{\"@type\":\"WebSite\",\"@id\":\"https:\/\/www.elpuco.com.ar\/web\/#website\",\"url\":\"https:\/\/www.elpuco.com.ar\/web\/\",\"name\":\"El Puco. Taller de ense\u00f1anza de alfareria y cer\u00e1mica art\u00edstica\",\"description\":\"\",\"potentialAction\":[{\"@type\":\"SearchAction\",\"target\":{\"@type\":\"EntryPoint\",\"urlTemplate\":\"https:\/\/www.elpuco.com.ar\/web\/?s={search_term_string}\"},\"query-input\":{\"@type\":\"PropertyValueSpecification\",\"valueRequired\":true,\"valueName\":\"search_term_string\"}}],\"inLanguage\":\"es\"}]}<\/script>\n<!-- \/ Yoast SEO plugin. -->","yoast_head_json":{"title":"Los Chorotes y su medio ambiente - El Puco. Taller de ense\u00f1anza de alfareria y cer\u00e1mica art\u00edstica","robots":{"index":"index","follow":"follow","max-snippet":"max-snippet:-1","max-image-preview":"max-image-preview:large","max-video-preview":"max-video-preview:-1"},"canonical":"https:\/\/www.elpuco.com.ar\/web\/los-chorotes-y-su-medio-ambiente\/","og_locale":"es_ES","og_type":"article","og_title":"Los Chorotes y su medio ambiente - El Puco. Taller de ense\u00f1anza de alfareria y cer\u00e1mica art\u00edstica","og_description":"Experiencias \u00c9tnicas Viaje de convivencia a una comunidad ind\u00edgena Chorote Salta, Argentina a\u00f1o 1998 En el a\u00f1o 1998 tuve la oportunidad de participar en la reactivaci\u00f3n de la memoria alfarera de la Etnia Chorote, dentro de un equipo de trabajo formado por la que entonces era mi profesora, Ana Barckacs. Este tipo de experiencias son ... Continuar","og_url":"https:\/\/www.elpuco.com.ar\/web\/los-chorotes-y-su-medio-ambiente\/","og_site_name":"El Puco. Taller de ense\u00f1anza de alfareria y cer\u00e1mica art\u00edstica","og_image":[{"url":"http:\/\/www.elpuco.com.ar\/web\/wp-content\/uploads\/2013\/02\/02.jpg","type":"","width":"","height":""}],"twitter_card":"summary_large_image","twitter_misc":{"Tiempo de lectura":"1 minuto"},"schema":{"@context":"https:\/\/schema.org","@graph":[{"@type":"WebPage","@id":"https:\/\/www.elpuco.com.ar\/web\/los-chorotes-y-su-medio-ambiente\/","url":"https:\/\/www.elpuco.com.ar\/web\/los-chorotes-y-su-medio-ambiente\/","name":"Los Chorotes y su medio ambiente - El Puco. Taller de ense\u00f1anza de alfareria y cer\u00e1mica art\u00edstica","isPartOf":{"@id":"https:\/\/www.elpuco.com.ar\/web\/#website"},"primaryImageOfPage":{"@id":"https:\/\/www.elpuco.com.ar\/web\/los-chorotes-y-su-medio-ambiente\/#primaryimage"},"image":{"@id":"https:\/\/www.elpuco.com.ar\/web\/los-chorotes-y-su-medio-ambiente\/#primaryimage"},"thumbnailUrl":"http:\/\/www.elpuco.com.ar\/web\/wp-content\/uploads\/2013\/02\/02.jpg","datePublished":"2013-02-25T20:52:50+00:00","breadcrumb":{"@id":"https:\/\/www.elpuco.com.ar\/web\/los-chorotes-y-su-medio-ambiente\/#breadcrumb"},"inLanguage":"es","potentialAction":[{"@type":"ReadAction","target":["https:\/\/www.elpuco.com.ar\/web\/los-chorotes-y-su-medio-ambiente\/"]}]},{"@type":"ImageObject","inLanguage":"es","@id":"https:\/\/www.elpuco.com.ar\/web\/los-chorotes-y-su-medio-ambiente\/#primaryimage","url":"http:\/\/www.elpuco.com.ar\/web\/wp-content\/uploads\/2013\/02\/02.jpg","contentUrl":"http:\/\/www.elpuco.com.ar\/web\/wp-content\/uploads\/2013\/02\/02.jpg"},{"@type":"BreadcrumbList","@id":"https:\/\/www.elpuco.com.ar\/web\/los-chorotes-y-su-medio-ambiente\/#breadcrumb","itemListElement":[{"@type":"ListItem","position":1,"name":"Portada","item":"https:\/\/www.elpuco.com.ar\/web\/"},{"@type":"ListItem","position":2,"name":"Los Chorotes y su medio ambiente"}]},{"@type":"WebSite","@id":"https:\/\/www.elpuco.com.ar\/web\/#website","url":"https:\/\/www.elpuco.com.ar\/web\/","name":"El Puco. Taller de ense\u00f1anza de alfareria y cer\u00e1mica art\u00edstica","description":"","potentialAction":[{"@type":"SearchAction","target":{"@type":"EntryPoint","urlTemplate":"https:\/\/www.elpuco.com.ar\/web\/?s={search_term_string}"},"query-input":{"@type":"PropertyValueSpecification","valueRequired":true,"valueName":"search_term_string"}}],"inLanguage":"es"}]}},"_links":{"self":[{"href":"https:\/\/www.elpuco.com.ar\/web\/wp-json\/wp\/v2\/pages\/136","targetHints":{"allow":["GET"]}}],"collection":[{"href":"https:\/\/www.elpuco.com.ar\/web\/wp-json\/wp\/v2\/pages"}],"about":[{"href":"https:\/\/www.elpuco.com.ar\/web\/wp-json\/wp\/v2\/types\/page"}],"author":[{"embeddable":true,"href":"https:\/\/www.elpuco.com.ar\/web\/wp-json\/wp\/v2\/users\/1"}],"replies":[{"embeddable":true,"href":"https:\/\/www.elpuco.com.ar\/web\/wp-json\/wp\/v2\/comments?post=136"}],"version-history":[{"count":1,"href":"https:\/\/www.elpuco.com.ar\/web\/wp-json\/wp\/v2\/pages\/136\/revisions"}],"predecessor-version":[{"id":156,"href":"https:\/\/www.elpuco.com.ar\/web\/wp-json\/wp\/v2\/pages\/136\/revisions\/156"}],"wp:attachment":[{"href":"https:\/\/www.elpuco.com.ar\/web\/wp-json\/wp\/v2\/media?parent=136"}],"curies":[{"name":"wp","href":"https:\/\/api.w.org\/{rel}","templated":true}]}}