{"id":138,"date":"2013-02-25T20:58:42","date_gmt":"2013-02-25T20:58:42","guid":{"rendered":"http:\/\/www.elpuco.com.ar\/web\/?page_id=138"},"modified":"2013-02-25T20:58:42","modified_gmt":"2013-02-25T20:58:42","slug":"los-wichis-y-su-medio-ambiente","status":"publish","type":"page","link":"https:\/\/www.elpuco.com.ar\/web\/los-wichis-y-su-medio-ambiente\/","title":{"rendered":"Los Wichis y su medio ambiente"},"content":{"rendered":"<p>Viaje de convivencia a una comunidad ind\u00edgena Wichi con alumnos del Taller El Puco<br \/>\nSalta, Argentina a\u00f1o 2000<br \/>\nLOS WICHIS Y SU MEDIO AMBIENTE<br \/>\nEn Julio del a\u00f1o 2000 viajamos con un grupo de alumnos a una Comunidad Ind\u00edgena Wichi en Salta, Misi\u00f3n Chaque\u00f1a El Algarrobal. Fue un viaje de convivencia y aprendizaje. Tambi\u00e9n una iniciaci\u00f3n para mis alumnos en este tipo de experiencia \u00e9tnica. Estuvimos parando en la casa de la familia de Roberto Diaz, nuestro gu\u00eda. Disfrutamos de la ecolog\u00eda, el monte, el R\u00edo Bermejo, la gente, las historias, los animales. Tambi\u00e9n compartimos la cer\u00e1mica.<\/p>\n<p><a href=\"http:\/\/www.elpuco.com.ar\/web\/wp-content\/uploads\/2013\/02\/011.jpg\"><img loading=\"lazy\" decoding=\"async\" class=\"alignnone size-full wp-image-168\" alt=\"01\" src=\"http:\/\/www.elpuco.com.ar\/web\/wp-content\/uploads\/2013\/02\/011.jpg\" width=\"340\" height=\"248\" srcset=\"https:\/\/www.elpuco.com.ar\/web\/wp-content\/uploads\/2013\/02\/011.jpg 340w, https:\/\/www.elpuco.com.ar\/web\/wp-content\/uploads\/2013\/02\/011-300x218.jpg 300w\" sizes=\"auto, (max-width: 340px) 100vw, 340px\" \/><\/a><\/p>\n<p><a href=\"http:\/\/www.elpuco.com.ar\/web\/wp-content\/uploads\/2013\/02\/021.jpg\"><img loading=\"lazy\" decoding=\"async\" class=\"alignnone size-full wp-image-169\" alt=\"02\" src=\"http:\/\/www.elpuco.com.ar\/web\/wp-content\/uploads\/2013\/02\/021.jpg\" width=\"340\" height=\"238\" srcset=\"https:\/\/www.elpuco.com.ar\/web\/wp-content\/uploads\/2013\/02\/021.jpg 340w, https:\/\/www.elpuco.com.ar\/web\/wp-content\/uploads\/2013\/02\/021-300x210.jpg 300w\" sizes=\"auto, (max-width: 340px) 100vw, 340px\" \/><\/a><\/p>\n<p><a href=\"http:\/\/www.elpuco.com.ar\/web\/wp-content\/uploads\/2013\/02\/031.jpg\"><img loading=\"lazy\" decoding=\"async\" class=\"alignnone size-full wp-image-170\" alt=\"03\" src=\"http:\/\/www.elpuco.com.ar\/web\/wp-content\/uploads\/2013\/02\/031.jpg\" width=\"215\" height=\"340\" srcset=\"https:\/\/www.elpuco.com.ar\/web\/wp-content\/uploads\/2013\/02\/031.jpg 215w, https:\/\/www.elpuco.com.ar\/web\/wp-content\/uploads\/2013\/02\/031-189x300.jpg 189w\" sizes=\"auto, (max-width: 215px) 100vw, 215px\" \/><\/a><\/p>\n<p><a href=\"http:\/\/www.elpuco.com.ar\/web\/wp-content\/uploads\/2013\/02\/041.jpg\"><img loading=\"lazy\" decoding=\"async\" class=\"alignnone size-full wp-image-171\" alt=\"04\" src=\"http:\/\/www.elpuco.com.ar\/web\/wp-content\/uploads\/2013\/02\/041.jpg\" width=\"224\" height=\"340\" srcset=\"https:\/\/www.elpuco.com.ar\/web\/wp-content\/uploads\/2013\/02\/041.jpg 224w, https:\/\/www.elpuco.com.ar\/web\/wp-content\/uploads\/2013\/02\/041-197x300.jpg 197w\" sizes=\"auto, (max-width: 224px) 100vw, 224px\" \/><\/a><\/p>\n<p><a href=\"http:\/\/www.elpuco.com.ar\/web\/wp-content\/uploads\/2013\/02\/051.jpg\"><img loading=\"lazy\" decoding=\"async\" class=\"alignnone size-full wp-image-172\" alt=\"05\" src=\"http:\/\/www.elpuco.com.ar\/web\/wp-content\/uploads\/2013\/02\/051.jpg\" width=\"224\" height=\"340\" srcset=\"https:\/\/www.elpuco.com.ar\/web\/wp-content\/uploads\/2013\/02\/051.jpg 224w, https:\/\/www.elpuco.com.ar\/web\/wp-content\/uploads\/2013\/02\/051-197x300.jpg 197w\" sizes=\"auto, (max-width: 224px) 100vw, 224px\" \/><\/a><\/p>\n<p><a href=\"http:\/\/www.elpuco.com.ar\/web\/wp-content\/uploads\/2013\/02\/061.jpg\"><img loading=\"lazy\" decoding=\"async\" class=\"alignnone size-full wp-image-173\" alt=\"06\" src=\"http:\/\/www.elpuco.com.ar\/web\/wp-content\/uploads\/2013\/02\/061.jpg\" width=\"234\" height=\"340\" srcset=\"https:\/\/www.elpuco.com.ar\/web\/wp-content\/uploads\/2013\/02\/061.jpg 234w, https:\/\/www.elpuco.com.ar\/web\/wp-content\/uploads\/2013\/02\/061-206x300.jpg 206w\" sizes=\"auto, (max-width: 234px) 100vw, 234px\" \/><\/a><\/p>\n<p><a href=\"http:\/\/www.elpuco.com.ar\/web\/wp-content\/uploads\/2013\/02\/071.jpg\"><img loading=\"lazy\" decoding=\"async\" class=\"alignnone size-full wp-image-174\" alt=\"07\" src=\"http:\/\/www.elpuco.com.ar\/web\/wp-content\/uploads\/2013\/02\/071.jpg\" width=\"215\" height=\"340\" srcset=\"https:\/\/www.elpuco.com.ar\/web\/wp-content\/uploads\/2013\/02\/071.jpg 215w, https:\/\/www.elpuco.com.ar\/web\/wp-content\/uploads\/2013\/02\/071-189x300.jpg 189w\" sizes=\"auto, (max-width: 215px) 100vw, 215px\" \/><\/a><\/p>\n<p><a href=\"http:\/\/www.elpuco.com.ar\/web\/wp-content\/uploads\/2013\/02\/081.jpg\"><img loading=\"lazy\" decoding=\"async\" class=\"alignnone size-full wp-image-175\" alt=\"08\" src=\"http:\/\/www.elpuco.com.ar\/web\/wp-content\/uploads\/2013\/02\/081.jpg\" width=\"340\" height=\"228\" srcset=\"https:\/\/www.elpuco.com.ar\/web\/wp-content\/uploads\/2013\/02\/081.jpg 340w, https:\/\/www.elpuco.com.ar\/web\/wp-content\/uploads\/2013\/02\/081-300x201.jpg 300w\" sizes=\"auto, (max-width: 340px) 100vw, 340px\" \/><\/a><\/p>\n<p><a href=\"http:\/\/www.elpuco.com.ar\/web\/wp-content\/uploads\/2013\/02\/091.jpg\"><img loading=\"lazy\" decoding=\"async\" class=\"alignnone size-full wp-image-176\" alt=\"09\" src=\"http:\/\/www.elpuco.com.ar\/web\/wp-content\/uploads\/2013\/02\/091.jpg\" width=\"218\" height=\"340\" srcset=\"https:\/\/www.elpuco.com.ar\/web\/wp-content\/uploads\/2013\/02\/091.jpg 218w, https:\/\/www.elpuco.com.ar\/web\/wp-content\/uploads\/2013\/02\/091-192x300.jpg 192w\" sizes=\"auto, (max-width: 218px) 100vw, 218px\" \/><\/a><\/p>\n<p><a href=\"http:\/\/www.elpuco.com.ar\/web\/wp-content\/uploads\/2013\/02\/101.jpg\"><img loading=\"lazy\" decoding=\"async\" class=\"alignnone size-full wp-image-177\" alt=\"10\" src=\"http:\/\/www.elpuco.com.ar\/web\/wp-content\/uploads\/2013\/02\/101.jpg\" width=\"340\" height=\"231\" srcset=\"https:\/\/www.elpuco.com.ar\/web\/wp-content\/uploads\/2013\/02\/101.jpg 340w, https:\/\/www.elpuco.com.ar\/web\/wp-content\/uploads\/2013\/02\/101-300x203.jpg 300w\" sizes=\"auto, (max-width: 340px) 100vw, 340px\" \/><\/a><\/p>\n<p><a href=\"http:\/\/www.elpuco.com.ar\/web\/wp-content\/uploads\/2013\/02\/111.jpg\"><img loading=\"lazy\" decoding=\"async\" class=\"alignnone size-full wp-image-178\" alt=\"11\" src=\"http:\/\/www.elpuco.com.ar\/web\/wp-content\/uploads\/2013\/02\/111.jpg\" width=\"226\" height=\"340\" srcset=\"https:\/\/www.elpuco.com.ar\/web\/wp-content\/uploads\/2013\/02\/111.jpg 226w, https:\/\/www.elpuco.com.ar\/web\/wp-content\/uploads\/2013\/02\/111-199x300.jpg 199w\" sizes=\"auto, (max-width: 226px) 100vw, 226px\" \/><\/a><\/p>\n<p>Horno para hacer carb\u00f3n<\/p>\n<p>&nbsp;<\/p>\n<p><a href=\"http:\/\/www.elpuco.com.ar\/web\/wp-content\/uploads\/2013\/02\/131.jpg\"><img loading=\"lazy\" decoding=\"async\" class=\"alignnone size-full wp-image-179\" alt=\"13\" src=\"http:\/\/www.elpuco.com.ar\/web\/wp-content\/uploads\/2013\/02\/131.jpg\" width=\"340\" height=\"226\" srcset=\"https:\/\/www.elpuco.com.ar\/web\/wp-content\/uploads\/2013\/02\/131.jpg 340w, https:\/\/www.elpuco.com.ar\/web\/wp-content\/uploads\/2013\/02\/131-300x199.jpg 300w\" sizes=\"auto, (max-width: 340px) 100vw, 340px\" \/><\/a><\/p>\n<p>Ladrillera<\/p>\n<p>&nbsp;<\/p>\n<p><a href=\"http:\/\/www.elpuco.com.ar\/web\/wp-content\/uploads\/2013\/02\/141.jpg\"><img loading=\"lazy\" decoding=\"async\" class=\"alignnone size-full wp-image-180\" alt=\"14\" src=\"http:\/\/www.elpuco.com.ar\/web\/wp-content\/uploads\/2013\/02\/141.jpg\" width=\"340\" height=\"215\" srcset=\"https:\/\/www.elpuco.com.ar\/web\/wp-content\/uploads\/2013\/02\/141.jpg 340w, https:\/\/www.elpuco.com.ar\/web\/wp-content\/uploads\/2013\/02\/141-300x189.jpg 300w\" sizes=\"auto, (max-width: 340px) 100vw, 340px\" \/><\/a><\/p>\n","protected":false},"excerpt":{"rendered":"<p>Viaje de convivencia a una comunidad ind\u00edgena Wichi con alumnos del Taller El Puco Salta, Argentina a\u00f1o 2000 LOS WICHIS Y SU MEDIO AMBIENTE En Julio del a\u00f1o 2000 viajamos con un grupo de alumnos a una Comunidad Ind\u00edgena Wichi en Salta, Misi\u00f3n Chaque\u00f1a El Algarrobal. Fue un viaje de convivencia y aprendizaje. Tambi\u00e9n una &#8230; <\/p>\n<p class=\"read-more-container\"><a title=\"Los Wichis y su medio ambiente\" class=\"read-more button\" href=\"https:\/\/www.elpuco.com.ar\/web\/los-wichis-y-su-medio-ambiente\/#more-138\" aria-label=\"Leer m\u00e1s sobre Los Wichis y su medio ambiente\">Continuar<\/a><\/p>\n","protected":false},"author":1,"featured_media":0,"parent":0,"menu_order":0,"comment_status":"open","ping_status":"open","template":"","meta":{"ngg_post_thumbnail":0,"footnotes":""},"class_list":{"0":"post-138","1":"page","2":"type-page","3":"status-publish","5":"no-featured-image-padding"},"yoast_head":"<!-- This site is optimized with the Yoast SEO plugin v25.5 - https:\/\/yoast.com\/wordpress\/plugins\/seo\/ -->\n<title>Los Wichis y su medio ambiente - El Puco. Taller de ense\u00f1anza de alfareria y cer\u00e1mica art\u00edstica<\/title>\n<meta name=\"robots\" content=\"index, follow, max-snippet:-1, max-image-preview:large, max-video-preview:-1\" \/>\n<link rel=\"canonical\" href=\"https:\/\/www.elpuco.com.ar\/web\/los-wichis-y-su-medio-ambiente\/\" \/>\n<meta property=\"og:locale\" content=\"es_ES\" \/>\n<meta property=\"og:type\" content=\"article\" \/>\n<meta property=\"og:title\" content=\"Los Wichis y su medio ambiente - El Puco. Taller de ense\u00f1anza de alfareria y cer\u00e1mica art\u00edstica\" \/>\n<meta property=\"og:description\" content=\"Viaje de convivencia a una comunidad ind\u00edgena Wichi con alumnos del Taller El Puco Salta, Argentina a\u00f1o 2000 LOS WICHIS Y SU MEDIO AMBIENTE En Julio del a\u00f1o 2000 viajamos con un grupo de alumnos a una Comunidad Ind\u00edgena Wichi en Salta, Misi\u00f3n Chaque\u00f1a El Algarrobal. Fue un viaje de convivencia y aprendizaje. Tambi\u00e9n una ... Continuar\" \/>\n<meta property=\"og:url\" content=\"https:\/\/www.elpuco.com.ar\/web\/los-wichis-y-su-medio-ambiente\/\" \/>\n<meta property=\"og:site_name\" content=\"El Puco. Taller de ense\u00f1anza de alfareria y cer\u00e1mica art\u00edstica\" \/>\n<meta property=\"og:image\" content=\"http:\/\/www.elpuco.com.ar\/web\/wp-content\/uploads\/2013\/02\/011.jpg\" \/>\n<meta name=\"twitter:card\" content=\"summary_large_image\" \/>\n<meta name=\"twitter:label1\" content=\"Tiempo de lectura\" \/>\n\t<meta name=\"twitter:data1\" content=\"1 minuto\" \/>\n<script type=\"application\/ld+json\" class=\"yoast-schema-graph\">{\"@context\":\"https:\/\/schema.org\",\"@graph\":[{\"@type\":\"WebPage\",\"@id\":\"https:\/\/www.elpuco.com.ar\/web\/los-wichis-y-su-medio-ambiente\/\",\"url\":\"https:\/\/www.elpuco.com.ar\/web\/los-wichis-y-su-medio-ambiente\/\",\"name\":\"Los Wichis y su medio ambiente - El Puco. Taller de ense\u00f1anza de alfareria y cer\u00e1mica art\u00edstica\",\"isPartOf\":{\"@id\":\"https:\/\/www.elpuco.com.ar\/web\/#website\"},\"primaryImageOfPage\":{\"@id\":\"https:\/\/www.elpuco.com.ar\/web\/los-wichis-y-su-medio-ambiente\/#primaryimage\"},\"image\":{\"@id\":\"https:\/\/www.elpuco.com.ar\/web\/los-wichis-y-su-medio-ambiente\/#primaryimage\"},\"thumbnailUrl\":\"http:\/\/www.elpuco.com.ar\/web\/wp-content\/uploads\/2013\/02\/011.jpg\",\"datePublished\":\"2013-02-25T20:58:42+00:00\",\"breadcrumb\":{\"@id\":\"https:\/\/www.elpuco.com.ar\/web\/los-wichis-y-su-medio-ambiente\/#breadcrumb\"},\"inLanguage\":\"es\",\"potentialAction\":[{\"@type\":\"ReadAction\",\"target\":[\"https:\/\/www.elpuco.com.ar\/web\/los-wichis-y-su-medio-ambiente\/\"]}]},{\"@type\":\"ImageObject\",\"inLanguage\":\"es\",\"@id\":\"https:\/\/www.elpuco.com.ar\/web\/los-wichis-y-su-medio-ambiente\/#primaryimage\",\"url\":\"http:\/\/www.elpuco.com.ar\/web\/wp-content\/uploads\/2013\/02\/011.jpg\",\"contentUrl\":\"http:\/\/www.elpuco.com.ar\/web\/wp-content\/uploads\/2013\/02\/011.jpg\"},{\"@type\":\"BreadcrumbList\",\"@id\":\"https:\/\/www.elpuco.com.ar\/web\/los-wichis-y-su-medio-ambiente\/#breadcrumb\",\"itemListElement\":[{\"@type\":\"ListItem\",\"position\":1,\"name\":\"Portada\",\"item\":\"https:\/\/www.elpuco.com.ar\/web\/\"},{\"@type\":\"ListItem\",\"position\":2,\"name\":\"Los Wichis y su medio ambiente\"}]},{\"@type\":\"WebSite\",\"@id\":\"https:\/\/www.elpuco.com.ar\/web\/#website\",\"url\":\"https:\/\/www.elpuco.com.ar\/web\/\",\"name\":\"El Puco. Taller de ense\u00f1anza de alfareria y cer\u00e1mica art\u00edstica\",\"description\":\"\",\"potentialAction\":[{\"@type\":\"SearchAction\",\"target\":{\"@type\":\"EntryPoint\",\"urlTemplate\":\"https:\/\/www.elpuco.com.ar\/web\/?s={search_term_string}\"},\"query-input\":{\"@type\":\"PropertyValueSpecification\",\"valueRequired\":true,\"valueName\":\"search_term_string\"}}],\"inLanguage\":\"es\"}]}<\/script>\n<!-- \/ Yoast SEO plugin. -->","yoast_head_json":{"title":"Los Wichis y su medio ambiente - El Puco. Taller de ense\u00f1anza de alfareria y cer\u00e1mica art\u00edstica","robots":{"index":"index","follow":"follow","max-snippet":"max-snippet:-1","max-image-preview":"max-image-preview:large","max-video-preview":"max-video-preview:-1"},"canonical":"https:\/\/www.elpuco.com.ar\/web\/los-wichis-y-su-medio-ambiente\/","og_locale":"es_ES","og_type":"article","og_title":"Los Wichis y su medio ambiente - El Puco. Taller de ense\u00f1anza de alfareria y cer\u00e1mica art\u00edstica","og_description":"Viaje de convivencia a una comunidad ind\u00edgena Wichi con alumnos del Taller El Puco Salta, Argentina a\u00f1o 2000 LOS WICHIS Y SU MEDIO AMBIENTE En Julio del a\u00f1o 2000 viajamos con un grupo de alumnos a una Comunidad Ind\u00edgena Wichi en Salta, Misi\u00f3n Chaque\u00f1a El Algarrobal. Fue un viaje de convivencia y aprendizaje. Tambi\u00e9n una ... Continuar","og_url":"https:\/\/www.elpuco.com.ar\/web\/los-wichis-y-su-medio-ambiente\/","og_site_name":"El Puco. Taller de ense\u00f1anza de alfareria y cer\u00e1mica art\u00edstica","og_image":[{"url":"http:\/\/www.elpuco.com.ar\/web\/wp-content\/uploads\/2013\/02\/011.jpg","type":"","width":"","height":""}],"twitter_card":"summary_large_image","twitter_misc":{"Tiempo de lectura":"1 minuto"},"schema":{"@context":"https:\/\/schema.org","@graph":[{"@type":"WebPage","@id":"https:\/\/www.elpuco.com.ar\/web\/los-wichis-y-su-medio-ambiente\/","url":"https:\/\/www.elpuco.com.ar\/web\/los-wichis-y-su-medio-ambiente\/","name":"Los Wichis y su medio ambiente - El Puco. Taller de ense\u00f1anza de alfareria y cer\u00e1mica art\u00edstica","isPartOf":{"@id":"https:\/\/www.elpuco.com.ar\/web\/#website"},"primaryImageOfPage":{"@id":"https:\/\/www.elpuco.com.ar\/web\/los-wichis-y-su-medio-ambiente\/#primaryimage"},"image":{"@id":"https:\/\/www.elpuco.com.ar\/web\/los-wichis-y-su-medio-ambiente\/#primaryimage"},"thumbnailUrl":"http:\/\/www.elpuco.com.ar\/web\/wp-content\/uploads\/2013\/02\/011.jpg","datePublished":"2013-02-25T20:58:42+00:00","breadcrumb":{"@id":"https:\/\/www.elpuco.com.ar\/web\/los-wichis-y-su-medio-ambiente\/#breadcrumb"},"inLanguage":"es","potentialAction":[{"@type":"ReadAction","target":["https:\/\/www.elpuco.com.ar\/web\/los-wichis-y-su-medio-ambiente\/"]}]},{"@type":"ImageObject","inLanguage":"es","@id":"https:\/\/www.elpuco.com.ar\/web\/los-wichis-y-su-medio-ambiente\/#primaryimage","url":"http:\/\/www.elpuco.com.ar\/web\/wp-content\/uploads\/2013\/02\/011.jpg","contentUrl":"http:\/\/www.elpuco.com.ar\/web\/wp-content\/uploads\/2013\/02\/011.jpg"},{"@type":"BreadcrumbList","@id":"https:\/\/www.elpuco.com.ar\/web\/los-wichis-y-su-medio-ambiente\/#breadcrumb","itemListElement":[{"@type":"ListItem","position":1,"name":"Portada","item":"https:\/\/www.elpuco.com.ar\/web\/"},{"@type":"ListItem","position":2,"name":"Los Wichis y su medio ambiente"}]},{"@type":"WebSite","@id":"https:\/\/www.elpuco.com.ar\/web\/#website","url":"https:\/\/www.elpuco.com.ar\/web\/","name":"El Puco. Taller de ense\u00f1anza de alfareria y cer\u00e1mica art\u00edstica","description":"","potentialAction":[{"@type":"SearchAction","target":{"@type":"EntryPoint","urlTemplate":"https:\/\/www.elpuco.com.ar\/web\/?s={search_term_string}"},"query-input":{"@type":"PropertyValueSpecification","valueRequired":true,"valueName":"search_term_string"}}],"inLanguage":"es"}]}},"_links":{"self":[{"href":"https:\/\/www.elpuco.com.ar\/web\/wp-json\/wp\/v2\/pages\/138","targetHints":{"allow":["GET"]}}],"collection":[{"href":"https:\/\/www.elpuco.com.ar\/web\/wp-json\/wp\/v2\/pages"}],"about":[{"href":"https:\/\/www.elpuco.com.ar\/web\/wp-json\/wp\/v2\/types\/page"}],"author":[{"embeddable":true,"href":"https:\/\/www.elpuco.com.ar\/web\/wp-json\/wp\/v2\/users\/1"}],"replies":[{"embeddable":true,"href":"https:\/\/www.elpuco.com.ar\/web\/wp-json\/wp\/v2\/comments?post=138"}],"version-history":[{"count":1,"href":"https:\/\/www.elpuco.com.ar\/web\/wp-json\/wp\/v2\/pages\/138\/revisions"}],"predecessor-version":[{"id":181,"href":"https:\/\/www.elpuco.com.ar\/web\/wp-json\/wp\/v2\/pages\/138\/revisions\/181"}],"wp:attachment":[{"href":"https:\/\/www.elpuco.com.ar\/web\/wp-json\/wp\/v2\/media?parent=138"}],"curies":[{"name":"wp","href":"https:\/\/api.w.org\/{rel}","templated":true}]}}