{"id":1627,"date":"2020-05-20T19:00:05","date_gmt":"2020-05-20T19:00:05","guid":{"rendered":"https:\/\/gpsites.co\/target\/?page_id=324"},"modified":"2025-03-13T04:04:21","modified_gmt":"2025-03-13T04:04:21","slug":"home","status":"publish","type":"page","link":"https:\/\/www.elpuco.com.ar\/web\/","title":{"rendered":"Home"},"content":{"rendered":"\n<h2 class=\"gb-headline gb-headline-d082c481 gb-headline-text\">El Puco. Taller de ense\u00f1anza de alfarer\u00eda y cer\u00e1mica art\u00edstica<\/h2>\n\n\n\n<div id=\"metaslider-id-1785\" style=\"width: 100%;\" class=\"ml-slider-3-99-0 metaslider metaslider-flex metaslider-1785 ml-slider ms-theme-bitono nav-hidden\" role=\"region\" aria-label=\"Nueva presentaci\u00f3n de diapositivas\" data-width=\"1024\">\n    <div id=\"metaslider_container_1785\">\n        <div id=\"metaslider_1785\">\n            <ul class='slides'>\n                <li style=\"display: block; width: 100%;\" class=\"slide-1790 ms-image \" aria-roledescription=\"slide\" data-date=\"2025-03-13 04:00:20\"><img loading=\"lazy\" decoding=\"async\" src=\"https:\/\/www.elpuco.com.ar\/web\/wp-content\/uploads\/2025\/03\/WhatsApp-Image-2025-03-11-at-12.11.29-2-1024x600.jpeg\" height=\"600\" width=\"1024\" alt=\"\" class=\"slider-1785 slide-1790 msDefaultImage\" \/><\/li>\n                <li style=\"display: none; width: 100%;\" class=\"slide-1791 ms-image \" aria-roledescription=\"slide\" data-date=\"2025-03-13 04:00:20\"><img loading=\"lazy\" decoding=\"async\" src=\"https:\/\/www.elpuco.com.ar\/web\/wp-content\/uploads\/2025\/03\/WhatsApp-Image-2025-03-11-at-12.11.29-1-1024x600.jpeg\" height=\"600\" width=\"1024\" alt=\"\" class=\"slider-1785 slide-1791 msDefaultImage\" \/><\/li>\n                <li style=\"display: none; width: 100%;\" class=\"slide-1792 ms-image \" aria-roledescription=\"slide\" data-date=\"2025-03-13 04:00:20\"><img loading=\"lazy\" decoding=\"async\" src=\"https:\/\/www.elpuco.com.ar\/web\/wp-content\/uploads\/2025\/03\/WhatsApp-Image-2025-03-11-at-12.11.28-1-1024x600.jpeg\" height=\"600\" width=\"1024\" alt=\"\" class=\"slider-1785 slide-1792 msDefaultImage\" \/><\/li>\n                <li style=\"display: none; width: 100%;\" class=\"slide-1793 ms-image \" aria-roledescription=\"slide\" data-date=\"2025-03-13 04:00:20\"><img loading=\"lazy\" decoding=\"async\" src=\"https:\/\/www.elpuco.com.ar\/web\/wp-content\/uploads\/2025\/03\/WhatsApp-Image-2025-03-11-at-12.11.28-1024x600.jpeg\" height=\"600\" width=\"1024\" alt=\"\" class=\"slider-1785 slide-1793 msDefaultImage\" \/><\/li>\n                <li style=\"display: none; width: 100%;\" class=\"slide-1795 ms-image \" aria-roledescription=\"slide\" data-date=\"2025-03-13 04:01:11\"><img loading=\"lazy\" decoding=\"async\" src=\"https:\/\/www.elpuco.com.ar\/web\/wp-content\/uploads\/2025\/03\/WhatsApp-Image-2025-03-11-at-12.11.29-1024x600.jpeg\" height=\"600\" width=\"1024\" alt=\"\" class=\"slider-1785 slide-1795 msDefaultImage\" \/><\/li>\n            <\/ul>\n        <div class='flex-progress-bar'><\/div>\n        <\/div>\n        \n    <\/div>\n<\/div>\n\n\n\n<div style=\"height:100px\" aria-hidden=\"true\" class=\"wp-block-spacer\"><\/div>\n\n\n<div class=\"gb-button-wrapper gb-button-wrapper-7ff28662\">\n\n<a class=\"gb-button gb-button-1548fb05 gb-button-text\" href=\"http:\/\/www.elpuco.com.ar\/web\/cursos-a-distancia\/\">Ver Cursos a Distancia<\/a>\n\n<\/div>\n\n\n<h2 class=\"wp-block-heading has-text-align-center\">HACER CON LAS MANOS ES BUENO PARA EL CORAZ\u00d3N<\/h2>\n","protected":false},"excerpt":{"rendered":"<p>El Puco. Taller de ense\u00f1anza de alfarer\u00eda y cer\u00e1mica art\u00edstica HACER CON LAS MANOS ES BUENO PARA EL CORAZ\u00d3N<\/p>\n","protected":false},"author":1,"featured_media":0,"parent":0,"menu_order":0,"comment_status":"closed","ping_status":"closed","template":"","meta":{"ngg_post_thumbnail":0,"footnotes":""},"class_list":{"0":"post-1627","1":"page","2":"type-page","3":"status-publish","5":"no-featured-image-padding"},"yoast_head":"<!-- This site is optimized with the Yoast SEO plugin v25.5 - https:\/\/yoast.com\/wordpress\/plugins\/seo\/ -->\n<title>Home - El Puco. Taller de ense\u00f1anza de alfareria y cer\u00e1mica art\u00edstica<\/title>\n<meta name=\"robots\" content=\"index, follow, max-snippet:-1, max-image-preview:large, max-video-preview:-1\" \/>\n<link rel=\"canonical\" href=\"https:\/\/www.elpuco.com.ar\/web\/\" \/>\n<meta property=\"og:locale\" content=\"es_ES\" \/>\n<meta property=\"og:type\" content=\"article\" \/>\n<meta property=\"og:title\" content=\"Home - El Puco. Taller de ense\u00f1anza de alfareria y cer\u00e1mica art\u00edstica\" \/>\n<meta property=\"og:description\" content=\"El Puco. Taller de ense\u00f1anza de alfarer\u00eda y cer\u00e1mica art\u00edstica HACER CON LAS MANOS ES BUENO PARA EL CORAZ\u00d3N\" \/>\n<meta property=\"og:url\" content=\"https:\/\/www.elpuco.com.ar\/web\/\" \/>\n<meta property=\"og:site_name\" content=\"El Puco. Taller de ense\u00f1anza de alfareria y cer\u00e1mica art\u00edstica\" \/>\n<meta property=\"article:modified_time\" content=\"2025-03-13T04:04:21+00:00\" \/>\n<meta name=\"twitter:card\" content=\"summary_large_image\" \/>\n<meta name=\"twitter:label1\" content=\"Tiempo de lectura\" \/>\n\t<meta name=\"twitter:data1\" content=\"1 minuto\" \/>\n<script type=\"application\/ld+json\" class=\"yoast-schema-graph\">{\"@context\":\"https:\/\/schema.org\",\"@graph\":[{\"@type\":\"WebPage\",\"@id\":\"https:\/\/www.elpuco.com.ar\/web\/\",\"url\":\"https:\/\/www.elpuco.com.ar\/web\/\",\"name\":\"Home - El Puco. Taller de ense\u00f1anza de alfareria y cer\u00e1mica art\u00edstica\",\"isPartOf\":{\"@id\":\"https:\/\/www.elpuco.com.ar\/web\/#website\"},\"datePublished\":\"2020-05-20T19:00:05+00:00\",\"dateModified\":\"2025-03-13T04:04:21+00:00\",\"breadcrumb\":{\"@id\":\"https:\/\/www.elpuco.com.ar\/web\/#breadcrumb\"},\"inLanguage\":\"es\",\"potentialAction\":[{\"@type\":\"ReadAction\",\"target\":[\"https:\/\/www.elpuco.com.ar\/web\/\"]}]},{\"@type\":\"BreadcrumbList\",\"@id\":\"https:\/\/www.elpuco.com.ar\/web\/#breadcrumb\",\"itemListElement\":[{\"@type\":\"ListItem\",\"position\":1,\"name\":\"Portada\",\"item\":\"https:\/\/www.elpuco.com.ar\/web\/\"},{\"@type\":\"ListItem\",\"position\":2,\"name\":\"Home\"}]},{\"@type\":\"WebSite\",\"@id\":\"https:\/\/www.elpuco.com.ar\/web\/#website\",\"url\":\"https:\/\/www.elpuco.com.ar\/web\/\",\"name\":\"El Puco. Taller de ense\u00f1anza de alfareria y cer\u00e1mica art\u00edstica\",\"description\":\"\",\"potentialAction\":[{\"@type\":\"SearchAction\",\"target\":{\"@type\":\"EntryPoint\",\"urlTemplate\":\"https:\/\/www.elpuco.com.ar\/web\/?s={search_term_string}\"},\"query-input\":{\"@type\":\"PropertyValueSpecification\",\"valueRequired\":true,\"valueName\":\"search_term_string\"}}],\"inLanguage\":\"es\"}]}<\/script>\n<!-- \/ Yoast SEO plugin. -->","yoast_head_json":{"title":"Home - El Puco. Taller de ense\u00f1anza de alfareria y cer\u00e1mica art\u00edstica","robots":{"index":"index","follow":"follow","max-snippet":"max-snippet:-1","max-image-preview":"max-image-preview:large","max-video-preview":"max-video-preview:-1"},"canonical":"https:\/\/www.elpuco.com.ar\/web\/","og_locale":"es_ES","og_type":"article","og_title":"Home - El Puco. Taller de ense\u00f1anza de alfareria y cer\u00e1mica art\u00edstica","og_description":"El Puco. Taller de ense\u00f1anza de alfarer\u00eda y cer\u00e1mica art\u00edstica HACER CON LAS MANOS ES BUENO PARA EL CORAZ\u00d3N","og_url":"https:\/\/www.elpuco.com.ar\/web\/","og_site_name":"El Puco. Taller de ense\u00f1anza de alfareria y cer\u00e1mica art\u00edstica","article_modified_time":"2025-03-13T04:04:21+00:00","twitter_card":"summary_large_image","twitter_misc":{"Tiempo de lectura":"1 minuto"},"schema":{"@context":"https:\/\/schema.org","@graph":[{"@type":"WebPage","@id":"https:\/\/www.elpuco.com.ar\/web\/","url":"https:\/\/www.elpuco.com.ar\/web\/","name":"Home - El Puco. Taller de ense\u00f1anza de alfareria y cer\u00e1mica art\u00edstica","isPartOf":{"@id":"https:\/\/www.elpuco.com.ar\/web\/#website"},"datePublished":"2020-05-20T19:00:05+00:00","dateModified":"2025-03-13T04:04:21+00:00","breadcrumb":{"@id":"https:\/\/www.elpuco.com.ar\/web\/#breadcrumb"},"inLanguage":"es","potentialAction":[{"@type":"ReadAction","target":["https:\/\/www.elpuco.com.ar\/web\/"]}]},{"@type":"BreadcrumbList","@id":"https:\/\/www.elpuco.com.ar\/web\/#breadcrumb","itemListElement":[{"@type":"ListItem","position":1,"name":"Portada","item":"https:\/\/www.elpuco.com.ar\/web\/"},{"@type":"ListItem","position":2,"name":"Home"}]},{"@type":"WebSite","@id":"https:\/\/www.elpuco.com.ar\/web\/#website","url":"https:\/\/www.elpuco.com.ar\/web\/","name":"El Puco. Taller de ense\u00f1anza de alfareria y cer\u00e1mica art\u00edstica","description":"","potentialAction":[{"@type":"SearchAction","target":{"@type":"EntryPoint","urlTemplate":"https:\/\/www.elpuco.com.ar\/web\/?s={search_term_string}"},"query-input":{"@type":"PropertyValueSpecification","valueRequired":true,"valueName":"search_term_string"}}],"inLanguage":"es"}]}},"_links":{"self":[{"href":"https:\/\/www.elpuco.com.ar\/web\/wp-json\/wp\/v2\/pages\/1627","targetHints":{"allow":["GET"]}}],"collection":[{"href":"https:\/\/www.elpuco.com.ar\/web\/wp-json\/wp\/v2\/pages"}],"about":[{"href":"https:\/\/www.elpuco.com.ar\/web\/wp-json\/wp\/v2\/types\/page"}],"author":[{"embeddable":true,"href":"https:\/\/www.elpuco.com.ar\/web\/wp-json\/wp\/v2\/users\/1"}],"replies":[{"embeddable":true,"href":"https:\/\/www.elpuco.com.ar\/web\/wp-json\/wp\/v2\/comments?post=1627"}],"version-history":[{"count":44,"href":"https:\/\/www.elpuco.com.ar\/web\/wp-json\/wp\/v2\/pages\/1627\/revisions"}],"predecessor-version":[{"id":1797,"href":"https:\/\/www.elpuco.com.ar\/web\/wp-json\/wp\/v2\/pages\/1627\/revisions\/1797"}],"wp:attachment":[{"href":"https:\/\/www.elpuco.com.ar\/web\/wp-json\/wp\/v2\/media?parent=1627"}],"curies":[{"name":"wp","href":"https:\/\/api.w.org\/{rel}","templated":true}]}}