{"id":209,"date":"2013-02-25T21:08:09","date_gmt":"2013-02-25T21:08:09","guid":{"rendered":"http:\/\/www.elpuco.com.ar\/web\/?page_id=209"},"modified":"2013-02-25T21:08:09","modified_gmt":"2013-02-25T21:08:09","slug":"hornalla-efimera","status":"publish","type":"page","link":"https:\/\/www.elpuco.com.ar\/web\/hornalla-efimera\/","title":{"rendered":"Hornalla Ef\u00edmera"},"content":{"rendered":"<p>Hornalla Ef\u00edmera Wichi de le\u00f1a y bosta<\/p>\n<p><a href=\"http:\/\/www.elpuco.com.ar\/web\/wp-content\/uploads\/2013\/02\/133.jpg\"><img loading=\"lazy\" decoding=\"async\" class=\"alignnone size-full wp-image-211\" alt=\"13\" src=\"http:\/\/www.elpuco.com.ar\/web\/wp-content\/uploads\/2013\/02\/133.jpg\" width=\"347\" height=\"224\" srcset=\"https:\/\/www.elpuco.com.ar\/web\/wp-content\/uploads\/2013\/02\/133.jpg 347w, https:\/\/www.elpuco.com.ar\/web\/wp-content\/uploads\/2013\/02\/133-300x193.jpg 300w\" sizes=\"auto, (max-width: 347px) 100vw, 347px\" \/><\/a> <a href=\"http:\/\/www.elpuco.com.ar\/web\/wp-content\/uploads\/2013\/02\/013.jpg\"><img loading=\"lazy\" decoding=\"async\" class=\"alignnone size-full wp-image-212\" alt=\"01\" src=\"http:\/\/www.elpuco.com.ar\/web\/wp-content\/uploads\/2013\/02\/013.jpg\" width=\"238\" height=\"350\" srcset=\"https:\/\/www.elpuco.com.ar\/web\/wp-content\/uploads\/2013\/02\/013.jpg 238w, https:\/\/www.elpuco.com.ar\/web\/wp-content\/uploads\/2013\/02\/013-204x300.jpg 204w\" sizes=\"auto, (max-width: 238px) 100vw, 238px\" \/><\/a> <a href=\"http:\/\/www.elpuco.com.ar\/web\/wp-content\/uploads\/2013\/02\/023.jpg\"><img loading=\"lazy\" decoding=\"async\" class=\"alignnone size-full wp-image-213\" alt=\"02\" src=\"http:\/\/www.elpuco.com.ar\/web\/wp-content\/uploads\/2013\/02\/023.jpg\" width=\"347\" height=\"237\" srcset=\"https:\/\/www.elpuco.com.ar\/web\/wp-content\/uploads\/2013\/02\/023.jpg 347w, https:\/\/www.elpuco.com.ar\/web\/wp-content\/uploads\/2013\/02\/023-300x204.jpg 300w\" sizes=\"auto, (max-width: 347px) 100vw, 347px\" \/><\/a> <a href=\"http:\/\/www.elpuco.com.ar\/web\/wp-content\/uploads\/2013\/02\/033.jpg\"><img loading=\"lazy\" decoding=\"async\" class=\"alignnone size-full wp-image-214\" alt=\"03\" src=\"http:\/\/www.elpuco.com.ar\/web\/wp-content\/uploads\/2013\/02\/033.jpg\" width=\"245\" height=\"346\" srcset=\"https:\/\/www.elpuco.com.ar\/web\/wp-content\/uploads\/2013\/02\/033.jpg 245w, https:\/\/www.elpuco.com.ar\/web\/wp-content\/uploads\/2013\/02\/033-212x300.jpg 212w\" sizes=\"auto, (max-width: 245px) 100vw, 245px\" \/><\/a> <a href=\"http:\/\/www.elpuco.com.ar\/web\/wp-content\/uploads\/2013\/02\/043.jpg\"><img loading=\"lazy\" decoding=\"async\" class=\"alignnone size-full wp-image-215\" alt=\"04\" src=\"http:\/\/www.elpuco.com.ar\/web\/wp-content\/uploads\/2013\/02\/043.jpg\" width=\"347\" height=\"245\" srcset=\"https:\/\/www.elpuco.com.ar\/web\/wp-content\/uploads\/2013\/02\/043.jpg 347w, https:\/\/www.elpuco.com.ar\/web\/wp-content\/uploads\/2013\/02\/043-300x211.jpg 300w\" sizes=\"auto, (max-width: 347px) 100vw, 347px\" \/><\/a> <a href=\"http:\/\/www.elpuco.com.ar\/web\/wp-content\/uploads\/2013\/02\/053.jpg\"><img loading=\"lazy\" decoding=\"async\" class=\"alignnone size-full wp-image-216\" alt=\"05\" src=\"http:\/\/www.elpuco.com.ar\/web\/wp-content\/uploads\/2013\/02\/053.jpg\" width=\"347\" height=\"226\" srcset=\"https:\/\/www.elpuco.com.ar\/web\/wp-content\/uploads\/2013\/02\/053.jpg 347w, https:\/\/www.elpuco.com.ar\/web\/wp-content\/uploads\/2013\/02\/053-300x195.jpg 300w\" sizes=\"auto, (max-width: 347px) 100vw, 347px\" \/><\/a> <a href=\"http:\/\/www.elpuco.com.ar\/web\/wp-content\/uploads\/2013\/02\/063.jpg\"><img loading=\"lazy\" decoding=\"async\" class=\"alignnone size-full wp-image-217\" alt=\"06\" src=\"http:\/\/www.elpuco.com.ar\/web\/wp-content\/uploads\/2013\/02\/063.jpg\" width=\"231\" height=\"347\" srcset=\"https:\/\/www.elpuco.com.ar\/web\/wp-content\/uploads\/2013\/02\/063.jpg 231w, https:\/\/www.elpuco.com.ar\/web\/wp-content\/uploads\/2013\/02\/063-199x300.jpg 199w\" sizes=\"auto, (max-width: 231px) 100vw, 231px\" \/><\/a> <a href=\"http:\/\/www.elpuco.com.ar\/web\/wp-content\/uploads\/2013\/02\/073.jpg\"><img loading=\"lazy\" decoding=\"async\" class=\"alignnone size-full wp-image-218\" alt=\"07\" src=\"http:\/\/www.elpuco.com.ar\/web\/wp-content\/uploads\/2013\/02\/073.jpg\" width=\"347\" height=\"231\" srcset=\"https:\/\/www.elpuco.com.ar\/web\/wp-content\/uploads\/2013\/02\/073.jpg 347w, https:\/\/www.elpuco.com.ar\/web\/wp-content\/uploads\/2013\/02\/073-300x199.jpg 300w\" sizes=\"auto, (max-width: 347px) 100vw, 347px\" \/><\/a> <a href=\"http:\/\/www.elpuco.com.ar\/web\/wp-content\/uploads\/2013\/02\/083.jpg\"><img loading=\"lazy\" decoding=\"async\" class=\"alignnone size-full wp-image-219\" alt=\"08\" src=\"http:\/\/www.elpuco.com.ar\/web\/wp-content\/uploads\/2013\/02\/083.jpg\" width=\"347\" height=\"244\" srcset=\"https:\/\/www.elpuco.com.ar\/web\/wp-content\/uploads\/2013\/02\/083.jpg 347w, https:\/\/www.elpuco.com.ar\/web\/wp-content\/uploads\/2013\/02\/083-300x210.jpg 300w\" sizes=\"auto, (max-width: 347px) 100vw, 347px\" \/><\/a> <a href=\"http:\/\/www.elpuco.com.ar\/web\/wp-content\/uploads\/2013\/02\/093.jpg\"><img loading=\"lazy\" decoding=\"async\" class=\"alignnone size-full wp-image-220\" alt=\"09\" src=\"http:\/\/www.elpuco.com.ar\/web\/wp-content\/uploads\/2013\/02\/093.jpg\" width=\"347\" height=\"226\" srcset=\"https:\/\/www.elpuco.com.ar\/web\/wp-content\/uploads\/2013\/02\/093.jpg 347w, https:\/\/www.elpuco.com.ar\/web\/wp-content\/uploads\/2013\/02\/093-300x195.jpg 300w\" sizes=\"auto, (max-width: 347px) 100vw, 347px\" \/><\/a> <a href=\"http:\/\/www.elpuco.com.ar\/web\/wp-content\/uploads\/2013\/02\/103.jpg\"><img loading=\"lazy\" decoding=\"async\" class=\"alignnone size-full wp-image-221\" alt=\"10\" src=\"http:\/\/www.elpuco.com.ar\/web\/wp-content\/uploads\/2013\/02\/103.jpg\" width=\"347\" height=\"215\" srcset=\"https:\/\/www.elpuco.com.ar\/web\/wp-content\/uploads\/2013\/02\/103.jpg 347w, https:\/\/www.elpuco.com.ar\/web\/wp-content\/uploads\/2013\/02\/103-300x185.jpg 300w\" sizes=\"auto, (max-width: 347px) 100vw, 347px\" \/><\/a> <a href=\"http:\/\/www.elpuco.com.ar\/web\/wp-content\/uploads\/2013\/02\/113.jpg\"><img loading=\"lazy\" decoding=\"async\" class=\"alignnone size-full wp-image-222\" alt=\"11\" src=\"http:\/\/www.elpuco.com.ar\/web\/wp-content\/uploads\/2013\/02\/113.jpg\" width=\"347\" height=\"224\" srcset=\"https:\/\/www.elpuco.com.ar\/web\/wp-content\/uploads\/2013\/02\/113.jpg 347w, https:\/\/www.elpuco.com.ar\/web\/wp-content\/uploads\/2013\/02\/113-300x193.jpg 300w\" sizes=\"auto, (max-width: 347px) 100vw, 347px\" \/><\/a> <a href=\"http:\/\/www.elpuco.com.ar\/web\/wp-content\/uploads\/2013\/02\/122.jpg\"><img loading=\"lazy\" decoding=\"async\" class=\"alignnone size-full wp-image-223\" alt=\"12\" src=\"http:\/\/www.elpuco.com.ar\/web\/wp-content\/uploads\/2013\/02\/122.jpg\" width=\"347\" height=\"224\" srcset=\"https:\/\/www.elpuco.com.ar\/web\/wp-content\/uploads\/2013\/02\/122.jpg 347w, https:\/\/www.elpuco.com.ar\/web\/wp-content\/uploads\/2013\/02\/122-300x193.jpg 300w\" sizes=\"auto, (max-width: 347px) 100vw, 347px\" \/><\/a><\/p>\n","protected":false},"excerpt":{"rendered":"<p>Hornalla Ef\u00edmera Wichi de le\u00f1a y bosta<\/p>\n","protected":false},"author":1,"featured_media":0,"parent":0,"menu_order":0,"comment_status":"open","ping_status":"open","template":"","meta":{"ngg_post_thumbnail":0,"footnotes":""},"class_list":{"0":"post-209","1":"page","2":"type-page","3":"status-publish","5":"no-featured-image-padding"},"yoast_head":"<!-- This site is optimized with the Yoast SEO plugin v25.5 - https:\/\/yoast.com\/wordpress\/plugins\/seo\/ -->\n<title>Hornalla Ef\u00edmera - El Puco. Taller de ense\u00f1anza de alfareria y cer\u00e1mica art\u00edstica<\/title>\n<meta name=\"robots\" content=\"index, follow, max-snippet:-1, max-image-preview:large, max-video-preview:-1\" \/>\n<link rel=\"canonical\" href=\"https:\/\/www.elpuco.com.ar\/web\/hornalla-efimera\/\" \/>\n<meta property=\"og:locale\" content=\"es_ES\" \/>\n<meta property=\"og:type\" content=\"article\" \/>\n<meta property=\"og:title\" content=\"Hornalla Ef\u00edmera - El Puco. Taller de ense\u00f1anza de alfareria y cer\u00e1mica art\u00edstica\" \/>\n<meta property=\"og:description\" content=\"Hornalla Ef\u00edmera Wichi de le\u00f1a y bosta\" \/>\n<meta property=\"og:url\" content=\"https:\/\/www.elpuco.com.ar\/web\/hornalla-efimera\/\" \/>\n<meta property=\"og:site_name\" content=\"El Puco. Taller de ense\u00f1anza de alfareria y cer\u00e1mica art\u00edstica\" \/>\n<meta property=\"og:image\" content=\"http:\/\/www.elpuco.com.ar\/web\/wp-content\/uploads\/2013\/02\/133.jpg\" \/>\n<meta name=\"twitter:card\" content=\"summary_large_image\" \/>\n<script type=\"application\/ld+json\" class=\"yoast-schema-graph\">{\"@context\":\"https:\/\/schema.org\",\"@graph\":[{\"@type\":\"WebPage\",\"@id\":\"https:\/\/www.elpuco.com.ar\/web\/hornalla-efimera\/\",\"url\":\"https:\/\/www.elpuco.com.ar\/web\/hornalla-efimera\/\",\"name\":\"Hornalla Ef\u00edmera - El Puco. Taller de ense\u00f1anza de alfareria y cer\u00e1mica art\u00edstica\",\"isPartOf\":{\"@id\":\"https:\/\/www.elpuco.com.ar\/web\/#website\"},\"primaryImageOfPage\":{\"@id\":\"https:\/\/www.elpuco.com.ar\/web\/hornalla-efimera\/#primaryimage\"},\"image\":{\"@id\":\"https:\/\/www.elpuco.com.ar\/web\/hornalla-efimera\/#primaryimage\"},\"thumbnailUrl\":\"http:\/\/www.elpuco.com.ar\/web\/wp-content\/uploads\/2013\/02\/133.jpg\",\"datePublished\":\"2013-02-25T21:08:09+00:00\",\"breadcrumb\":{\"@id\":\"https:\/\/www.elpuco.com.ar\/web\/hornalla-efimera\/#breadcrumb\"},\"inLanguage\":\"es\",\"potentialAction\":[{\"@type\":\"ReadAction\",\"target\":[\"https:\/\/www.elpuco.com.ar\/web\/hornalla-efimera\/\"]}]},{\"@type\":\"ImageObject\",\"inLanguage\":\"es\",\"@id\":\"https:\/\/www.elpuco.com.ar\/web\/hornalla-efimera\/#primaryimage\",\"url\":\"http:\/\/www.elpuco.com.ar\/web\/wp-content\/uploads\/2013\/02\/133.jpg\",\"contentUrl\":\"http:\/\/www.elpuco.com.ar\/web\/wp-content\/uploads\/2013\/02\/133.jpg\"},{\"@type\":\"BreadcrumbList\",\"@id\":\"https:\/\/www.elpuco.com.ar\/web\/hornalla-efimera\/#breadcrumb\",\"itemListElement\":[{\"@type\":\"ListItem\",\"position\":1,\"name\":\"Portada\",\"item\":\"https:\/\/www.elpuco.com.ar\/web\/\"},{\"@type\":\"ListItem\",\"position\":2,\"name\":\"Hornalla Ef\u00edmera\"}]},{\"@type\":\"WebSite\",\"@id\":\"https:\/\/www.elpuco.com.ar\/web\/#website\",\"url\":\"https:\/\/www.elpuco.com.ar\/web\/\",\"name\":\"El Puco. Taller de ense\u00f1anza de alfareria y cer\u00e1mica art\u00edstica\",\"description\":\"\",\"potentialAction\":[{\"@type\":\"SearchAction\",\"target\":{\"@type\":\"EntryPoint\",\"urlTemplate\":\"https:\/\/www.elpuco.com.ar\/web\/?s={search_term_string}\"},\"query-input\":{\"@type\":\"PropertyValueSpecification\",\"valueRequired\":true,\"valueName\":\"search_term_string\"}}],\"inLanguage\":\"es\"}]}<\/script>\n<!-- \/ Yoast SEO plugin. -->","yoast_head_json":{"title":"Hornalla Ef\u00edmera - El Puco. Taller de ense\u00f1anza de alfareria y cer\u00e1mica art\u00edstica","robots":{"index":"index","follow":"follow","max-snippet":"max-snippet:-1","max-image-preview":"max-image-preview:large","max-video-preview":"max-video-preview:-1"},"canonical":"https:\/\/www.elpuco.com.ar\/web\/hornalla-efimera\/","og_locale":"es_ES","og_type":"article","og_title":"Hornalla Ef\u00edmera - El Puco. Taller de ense\u00f1anza de alfareria y cer\u00e1mica art\u00edstica","og_description":"Hornalla Ef\u00edmera Wichi de le\u00f1a y bosta","og_url":"https:\/\/www.elpuco.com.ar\/web\/hornalla-efimera\/","og_site_name":"El Puco. Taller de ense\u00f1anza de alfareria y cer\u00e1mica art\u00edstica","og_image":[{"url":"http:\/\/www.elpuco.com.ar\/web\/wp-content\/uploads\/2013\/02\/133.jpg","type":"","width":"","height":""}],"twitter_card":"summary_large_image","schema":{"@context":"https:\/\/schema.org","@graph":[{"@type":"WebPage","@id":"https:\/\/www.elpuco.com.ar\/web\/hornalla-efimera\/","url":"https:\/\/www.elpuco.com.ar\/web\/hornalla-efimera\/","name":"Hornalla Ef\u00edmera - El Puco. Taller de ense\u00f1anza de alfareria y cer\u00e1mica art\u00edstica","isPartOf":{"@id":"https:\/\/www.elpuco.com.ar\/web\/#website"},"primaryImageOfPage":{"@id":"https:\/\/www.elpuco.com.ar\/web\/hornalla-efimera\/#primaryimage"},"image":{"@id":"https:\/\/www.elpuco.com.ar\/web\/hornalla-efimera\/#primaryimage"},"thumbnailUrl":"http:\/\/www.elpuco.com.ar\/web\/wp-content\/uploads\/2013\/02\/133.jpg","datePublished":"2013-02-25T21:08:09+00:00","breadcrumb":{"@id":"https:\/\/www.elpuco.com.ar\/web\/hornalla-efimera\/#breadcrumb"},"inLanguage":"es","potentialAction":[{"@type":"ReadAction","target":["https:\/\/www.elpuco.com.ar\/web\/hornalla-efimera\/"]}]},{"@type":"ImageObject","inLanguage":"es","@id":"https:\/\/www.elpuco.com.ar\/web\/hornalla-efimera\/#primaryimage","url":"http:\/\/www.elpuco.com.ar\/web\/wp-content\/uploads\/2013\/02\/133.jpg","contentUrl":"http:\/\/www.elpuco.com.ar\/web\/wp-content\/uploads\/2013\/02\/133.jpg"},{"@type":"BreadcrumbList","@id":"https:\/\/www.elpuco.com.ar\/web\/hornalla-efimera\/#breadcrumb","itemListElement":[{"@type":"ListItem","position":1,"name":"Portada","item":"https:\/\/www.elpuco.com.ar\/web\/"},{"@type":"ListItem","position":2,"name":"Hornalla Ef\u00edmera"}]},{"@type":"WebSite","@id":"https:\/\/www.elpuco.com.ar\/web\/#website","url":"https:\/\/www.elpuco.com.ar\/web\/","name":"El Puco. Taller de ense\u00f1anza de alfareria y cer\u00e1mica art\u00edstica","description":"","potentialAction":[{"@type":"SearchAction","target":{"@type":"EntryPoint","urlTemplate":"https:\/\/www.elpuco.com.ar\/web\/?s={search_term_string}"},"query-input":{"@type":"PropertyValueSpecification","valueRequired":true,"valueName":"search_term_string"}}],"inLanguage":"es"}]}},"_links":{"self":[{"href":"https:\/\/www.elpuco.com.ar\/web\/wp-json\/wp\/v2\/pages\/209","targetHints":{"allow":["GET"]}}],"collection":[{"href":"https:\/\/www.elpuco.com.ar\/web\/wp-json\/wp\/v2\/pages"}],"about":[{"href":"https:\/\/www.elpuco.com.ar\/web\/wp-json\/wp\/v2\/types\/page"}],"author":[{"embeddable":true,"href":"https:\/\/www.elpuco.com.ar\/web\/wp-json\/wp\/v2\/users\/1"}],"replies":[{"embeddable":true,"href":"https:\/\/www.elpuco.com.ar\/web\/wp-json\/wp\/v2\/comments?post=209"}],"version-history":[{"count":1,"href":"https:\/\/www.elpuco.com.ar\/web\/wp-json\/wp\/v2\/pages\/209\/revisions"}],"predecessor-version":[{"id":224,"href":"https:\/\/www.elpuco.com.ar\/web\/wp-json\/wp\/v2\/pages\/209\/revisions\/224"}],"wp:attachment":[{"href":"https:\/\/www.elpuco.com.ar\/web\/wp-json\/wp\/v2\/media?parent=209"}],"curies":[{"name":"wp","href":"https:\/\/api.w.org\/{rel}","templated":true}]}}