{"id":225,"date":"2013-02-25T21:10:49","date_gmt":"2013-02-25T21:10:49","guid":{"rendered":"http:\/\/www.elpuco.com.ar\/web\/?page_id=225"},"modified":"2013-07-03T20:32:08","modified_gmt":"2013-07-03T20:32:08","slug":"horno-de-pozo-con-bosta-en-la-comunidad-wichi","status":"publish","type":"page","link":"https:\/\/www.elpuco.com.ar\/web\/horno-de-pozo-con-bosta-en-la-comunidad-wichi\/","title":{"rendered":"Horno de Pozo con bosta en la Comunidad Wichi"},"content":{"rendered":"<p>&nbsp;<\/p>\n<p>Fogata Efimera nocturna<\/p>\n<p><a href=\"http:\/\/www.elpuco.com.ar\/web\/wp-content\/uploads\/2013\/02\/parami.jpg\"><img loading=\"lazy\" decoding=\"async\" class=\"alignnone size-full wp-image-226\" alt=\"parami\" src=\"http:\/\/www.elpuco.com.ar\/web\/wp-content\/uploads\/2013\/02\/parami.jpg\" width=\"350\" height=\"553\" srcset=\"https:\/\/www.elpuco.com.ar\/web\/wp-content\/uploads\/2013\/02\/parami.jpg 350w, https:\/\/www.elpuco.com.ar\/web\/wp-content\/uploads\/2013\/02\/parami-189x300.jpg 189w\" sizes=\"auto, (max-width: 350px) 100vw, 350px\" \/><\/a><\/p>\n<p><a href=\"http:\/\/www.elpuco.com.ar\/web\/wp-content\/uploads\/2013\/02\/054.jpg\"><img loading=\"lazy\" decoding=\"async\" class=\"alignnone size-full wp-image-227\" alt=\"05\" src=\"http:\/\/www.elpuco.com.ar\/web\/wp-content\/uploads\/2013\/02\/054.jpg\" width=\"228\" height=\"345\" srcset=\"https:\/\/www.elpuco.com.ar\/web\/wp-content\/uploads\/2013\/02\/054.jpg 228w, https:\/\/www.elpuco.com.ar\/web\/wp-content\/uploads\/2013\/02\/054-198x300.jpg 198w\" sizes=\"auto, (max-width: 228px) 100vw, 228px\" \/><\/a><\/p>\n<p><a href=\"http:\/\/www.elpuco.com.ar\/web\/wp-content\/uploads\/2013\/02\/064.jpg\"><img loading=\"lazy\" decoding=\"async\" class=\"alignnone size-full wp-image-228\" alt=\"06\" src=\"http:\/\/www.elpuco.com.ar\/web\/wp-content\/uploads\/2013\/02\/064.jpg\" width=\"231\" height=\"345\" srcset=\"https:\/\/www.elpuco.com.ar\/web\/wp-content\/uploads\/2013\/02\/064.jpg 231w, https:\/\/www.elpuco.com.ar\/web\/wp-content\/uploads\/2013\/02\/064-200x300.jpg 200w\" sizes=\"auto, (max-width: 231px) 100vw, 231px\" \/><\/a><\/p>\n<p><a href=\"http:\/\/www.elpuco.com.ar\/web\/wp-content\/uploads\/2013\/02\/074.jpg\"><img loading=\"lazy\" decoding=\"async\" class=\"alignnone size-full wp-image-229\" alt=\"07\" src=\"http:\/\/www.elpuco.com.ar\/web\/wp-content\/uploads\/2013\/02\/074.jpg\" width=\"345\" height=\"235\" srcset=\"https:\/\/www.elpuco.com.ar\/web\/wp-content\/uploads\/2013\/02\/074.jpg 345w, https:\/\/www.elpuco.com.ar\/web\/wp-content\/uploads\/2013\/02\/074-300x204.jpg 300w\" sizes=\"auto, (max-width: 345px) 100vw, 345px\" \/><\/a><\/p>\n<p>&nbsp;<\/p>\n<p>&nbsp;<\/p>\n<p>&nbsp;<\/p>\n<p><a href=\"http:\/\/www.elpuco.com.ar\/web\/wp-content\/uploads\/2013\/02\/084.jpg\"><img loading=\"lazy\" decoding=\"async\" class=\"alignnone size-full wp-image-230\" alt=\"08\" src=\"http:\/\/www.elpuco.com.ar\/web\/wp-content\/uploads\/2013\/02\/084.jpg\" width=\"221\" height=\"348\" srcset=\"https:\/\/www.elpuco.com.ar\/web\/wp-content\/uploads\/2013\/02\/084.jpg 221w, https:\/\/www.elpuco.com.ar\/web\/wp-content\/uploads\/2013\/02\/084-190x300.jpg 190w\" sizes=\"auto, (max-width: 221px) 100vw, 221px\" \/><\/a><\/p>\n<p><a href=\"http:\/\/www.elpuco.com.ar\/web\/wp-content\/uploads\/2013\/02\/094.jpg\"><img loading=\"lazy\" decoding=\"async\" class=\"alignnone size-full wp-image-231\" alt=\"09\" src=\"http:\/\/www.elpuco.com.ar\/web\/wp-content\/uploads\/2013\/02\/094.jpg\" width=\"345\" height=\"226\" srcset=\"https:\/\/www.elpuco.com.ar\/web\/wp-content\/uploads\/2013\/02\/094.jpg 345w, https:\/\/www.elpuco.com.ar\/web\/wp-content\/uploads\/2013\/02\/094-300x196.jpg 300w\" sizes=\"auto, (max-width: 345px) 100vw, 345px\" \/><\/a><\/p>\n","protected":false},"excerpt":{"rendered":"<p>&nbsp; Fogata Efimera nocturna &nbsp; &nbsp; &nbsp;<\/p>\n","protected":false},"author":1,"featured_media":0,"parent":0,"menu_order":0,"comment_status":"open","ping_status":"open","template":"","meta":{"ngg_post_thumbnail":0,"footnotes":""},"class_list":{"0":"post-225","1":"page","2":"type-page","3":"status-publish","5":"no-featured-image-padding"},"yoast_head":"<!-- This site is optimized with the Yoast SEO plugin v25.5 - https:\/\/yoast.com\/wordpress\/plugins\/seo\/ -->\n<title>Horno de Pozo con bosta en la Comunidad Wichi - El Puco. Taller de ense\u00f1anza de alfareria y cer\u00e1mica art\u00edstica<\/title>\n<meta name=\"robots\" content=\"index, follow, max-snippet:-1, max-image-preview:large, max-video-preview:-1\" \/>\n<link rel=\"canonical\" href=\"https:\/\/www.elpuco.com.ar\/web\/horno-de-pozo-con-bosta-en-la-comunidad-wichi\/\" \/>\n<meta property=\"og:locale\" content=\"es_ES\" \/>\n<meta property=\"og:type\" content=\"article\" \/>\n<meta property=\"og:title\" content=\"Horno de Pozo con bosta en la Comunidad Wichi - El Puco. Taller de ense\u00f1anza de alfareria y cer\u00e1mica art\u00edstica\" \/>\n<meta property=\"og:description\" content=\"&nbsp; Fogata Efimera nocturna &nbsp; &nbsp; &nbsp;\" \/>\n<meta property=\"og:url\" content=\"https:\/\/www.elpuco.com.ar\/web\/horno-de-pozo-con-bosta-en-la-comunidad-wichi\/\" \/>\n<meta property=\"og:site_name\" content=\"El Puco. Taller de ense\u00f1anza de alfareria y cer\u00e1mica art\u00edstica\" \/>\n<meta property=\"article:modified_time\" content=\"2013-07-03T20:32:08+00:00\" \/>\n<meta property=\"og:image\" content=\"http:\/\/www.elpuco.com.ar\/web\/wp-content\/uploads\/2013\/02\/parami.jpg\" \/>\n<meta name=\"twitter:card\" content=\"summary_large_image\" \/>\n<script type=\"application\/ld+json\" class=\"yoast-schema-graph\">{\"@context\":\"https:\/\/schema.org\",\"@graph\":[{\"@type\":\"WebPage\",\"@id\":\"https:\/\/www.elpuco.com.ar\/web\/horno-de-pozo-con-bosta-en-la-comunidad-wichi\/\",\"url\":\"https:\/\/www.elpuco.com.ar\/web\/horno-de-pozo-con-bosta-en-la-comunidad-wichi\/\",\"name\":\"Horno de Pozo con bosta en la Comunidad Wichi - El Puco. Taller de ense\u00f1anza de alfareria y cer\u00e1mica art\u00edstica\",\"isPartOf\":{\"@id\":\"https:\/\/www.elpuco.com.ar\/web\/#website\"},\"primaryImageOfPage\":{\"@id\":\"https:\/\/www.elpuco.com.ar\/web\/horno-de-pozo-con-bosta-en-la-comunidad-wichi\/#primaryimage\"},\"image\":{\"@id\":\"https:\/\/www.elpuco.com.ar\/web\/horno-de-pozo-con-bosta-en-la-comunidad-wichi\/#primaryimage\"},\"thumbnailUrl\":\"http:\/\/www.elpuco.com.ar\/web\/wp-content\/uploads\/2013\/02\/parami.jpg\",\"datePublished\":\"2013-02-25T21:10:49+00:00\",\"dateModified\":\"2013-07-03T20:32:08+00:00\",\"breadcrumb\":{\"@id\":\"https:\/\/www.elpuco.com.ar\/web\/horno-de-pozo-con-bosta-en-la-comunidad-wichi\/#breadcrumb\"},\"inLanguage\":\"es\",\"potentialAction\":[{\"@type\":\"ReadAction\",\"target\":[\"https:\/\/www.elpuco.com.ar\/web\/horno-de-pozo-con-bosta-en-la-comunidad-wichi\/\"]}]},{\"@type\":\"ImageObject\",\"inLanguage\":\"es\",\"@id\":\"https:\/\/www.elpuco.com.ar\/web\/horno-de-pozo-con-bosta-en-la-comunidad-wichi\/#primaryimage\",\"url\":\"http:\/\/www.elpuco.com.ar\/web\/wp-content\/uploads\/2013\/02\/parami.jpg\",\"contentUrl\":\"http:\/\/www.elpuco.com.ar\/web\/wp-content\/uploads\/2013\/02\/parami.jpg\"},{\"@type\":\"BreadcrumbList\",\"@id\":\"https:\/\/www.elpuco.com.ar\/web\/horno-de-pozo-con-bosta-en-la-comunidad-wichi\/#breadcrumb\",\"itemListElement\":[{\"@type\":\"ListItem\",\"position\":1,\"name\":\"Portada\",\"item\":\"https:\/\/www.elpuco.com.ar\/web\/\"},{\"@type\":\"ListItem\",\"position\":2,\"name\":\"Horno de Pozo con bosta en la Comunidad Wichi\"}]},{\"@type\":\"WebSite\",\"@id\":\"https:\/\/www.elpuco.com.ar\/web\/#website\",\"url\":\"https:\/\/www.elpuco.com.ar\/web\/\",\"name\":\"El Puco. Taller de ense\u00f1anza de alfareria y cer\u00e1mica art\u00edstica\",\"description\":\"\",\"potentialAction\":[{\"@type\":\"SearchAction\",\"target\":{\"@type\":\"EntryPoint\",\"urlTemplate\":\"https:\/\/www.elpuco.com.ar\/web\/?s={search_term_string}\"},\"query-input\":{\"@type\":\"PropertyValueSpecification\",\"valueRequired\":true,\"valueName\":\"search_term_string\"}}],\"inLanguage\":\"es\"}]}<\/script>\n<!-- \/ Yoast SEO plugin. -->","yoast_head_json":{"title":"Horno de Pozo con bosta en la Comunidad Wichi - El Puco. Taller de ense\u00f1anza de alfareria y cer\u00e1mica art\u00edstica","robots":{"index":"index","follow":"follow","max-snippet":"max-snippet:-1","max-image-preview":"max-image-preview:large","max-video-preview":"max-video-preview:-1"},"canonical":"https:\/\/www.elpuco.com.ar\/web\/horno-de-pozo-con-bosta-en-la-comunidad-wichi\/","og_locale":"es_ES","og_type":"article","og_title":"Horno de Pozo con bosta en la Comunidad Wichi - El Puco. Taller de ense\u00f1anza de alfareria y cer\u00e1mica art\u00edstica","og_description":"&nbsp; Fogata Efimera nocturna &nbsp; &nbsp; &nbsp;","og_url":"https:\/\/www.elpuco.com.ar\/web\/horno-de-pozo-con-bosta-en-la-comunidad-wichi\/","og_site_name":"El Puco. Taller de ense\u00f1anza de alfareria y cer\u00e1mica art\u00edstica","article_modified_time":"2013-07-03T20:32:08+00:00","og_image":[{"url":"http:\/\/www.elpuco.com.ar\/web\/wp-content\/uploads\/2013\/02\/parami.jpg","type":"","width":"","height":""}],"twitter_card":"summary_large_image","schema":{"@context":"https:\/\/schema.org","@graph":[{"@type":"WebPage","@id":"https:\/\/www.elpuco.com.ar\/web\/horno-de-pozo-con-bosta-en-la-comunidad-wichi\/","url":"https:\/\/www.elpuco.com.ar\/web\/horno-de-pozo-con-bosta-en-la-comunidad-wichi\/","name":"Horno de Pozo con bosta en la Comunidad Wichi - El Puco. Taller de ense\u00f1anza de alfareria y cer\u00e1mica art\u00edstica","isPartOf":{"@id":"https:\/\/www.elpuco.com.ar\/web\/#website"},"primaryImageOfPage":{"@id":"https:\/\/www.elpuco.com.ar\/web\/horno-de-pozo-con-bosta-en-la-comunidad-wichi\/#primaryimage"},"image":{"@id":"https:\/\/www.elpuco.com.ar\/web\/horno-de-pozo-con-bosta-en-la-comunidad-wichi\/#primaryimage"},"thumbnailUrl":"http:\/\/www.elpuco.com.ar\/web\/wp-content\/uploads\/2013\/02\/parami.jpg","datePublished":"2013-02-25T21:10:49+00:00","dateModified":"2013-07-03T20:32:08+00:00","breadcrumb":{"@id":"https:\/\/www.elpuco.com.ar\/web\/horno-de-pozo-con-bosta-en-la-comunidad-wichi\/#breadcrumb"},"inLanguage":"es","potentialAction":[{"@type":"ReadAction","target":["https:\/\/www.elpuco.com.ar\/web\/horno-de-pozo-con-bosta-en-la-comunidad-wichi\/"]}]},{"@type":"ImageObject","inLanguage":"es","@id":"https:\/\/www.elpuco.com.ar\/web\/horno-de-pozo-con-bosta-en-la-comunidad-wichi\/#primaryimage","url":"http:\/\/www.elpuco.com.ar\/web\/wp-content\/uploads\/2013\/02\/parami.jpg","contentUrl":"http:\/\/www.elpuco.com.ar\/web\/wp-content\/uploads\/2013\/02\/parami.jpg"},{"@type":"BreadcrumbList","@id":"https:\/\/www.elpuco.com.ar\/web\/horno-de-pozo-con-bosta-en-la-comunidad-wichi\/#breadcrumb","itemListElement":[{"@type":"ListItem","position":1,"name":"Portada","item":"https:\/\/www.elpuco.com.ar\/web\/"},{"@type":"ListItem","position":2,"name":"Horno de Pozo con bosta en la Comunidad Wichi"}]},{"@type":"WebSite","@id":"https:\/\/www.elpuco.com.ar\/web\/#website","url":"https:\/\/www.elpuco.com.ar\/web\/","name":"El Puco. Taller de ense\u00f1anza de alfareria y cer\u00e1mica art\u00edstica","description":"","potentialAction":[{"@type":"SearchAction","target":{"@type":"EntryPoint","urlTemplate":"https:\/\/www.elpuco.com.ar\/web\/?s={search_term_string}"},"query-input":{"@type":"PropertyValueSpecification","valueRequired":true,"valueName":"search_term_string"}}],"inLanguage":"es"}]}},"_links":{"self":[{"href":"https:\/\/www.elpuco.com.ar\/web\/wp-json\/wp\/v2\/pages\/225","targetHints":{"allow":["GET"]}}],"collection":[{"href":"https:\/\/www.elpuco.com.ar\/web\/wp-json\/wp\/v2\/pages"}],"about":[{"href":"https:\/\/www.elpuco.com.ar\/web\/wp-json\/wp\/v2\/types\/page"}],"author":[{"embeddable":true,"href":"https:\/\/www.elpuco.com.ar\/web\/wp-json\/wp\/v2\/users\/1"}],"replies":[{"embeddable":true,"href":"https:\/\/www.elpuco.com.ar\/web\/wp-json\/wp\/v2\/comments?post=225"}],"version-history":[{"count":3,"href":"https:\/\/www.elpuco.com.ar\/web\/wp-json\/wp\/v2\/pages\/225\/revisions"}],"predecessor-version":[{"id":905,"href":"https:\/\/www.elpuco.com.ar\/web\/wp-json\/wp\/v2\/pages\/225\/revisions\/905"}],"wp:attachment":[{"href":"https:\/\/www.elpuco.com.ar\/web\/wp-json\/wp\/v2\/media?parent=225"}],"curies":[{"name":"wp","href":"https:\/\/api.w.org\/{rel}","templated":true}]}}