{"id":385,"date":"2013-02-26T22:52:27","date_gmt":"2013-02-26T22:52:27","guid":{"rendered":"http:\/\/www.elpuco.com.ar\/web\/?page_id=385"},"modified":"2013-02-26T22:52:27","modified_gmt":"2013-02-26T22:52:27","slug":"jornadas-de-raku-febrero","status":"publish","type":"page","link":"https:\/\/www.elpuco.com.ar\/web\/jornadas-de-raku-febrero\/","title":{"rendered":"Jornadas de Raku Febrero"},"content":{"rendered":"<p><a href=\"http:\/\/www.elpuco.com.ar\/web\/wp-content\/uploads\/2013\/02\/0_404317_10150644327859925_468270855_n.jpg\"><img loading=\"lazy\" decoding=\"async\" class=\"alignnone size-thumbnail wp-image-401\" alt=\"0_404317_10150644327859925_468270855_n\" src=\"http:\/\/www.elpuco.com.ar\/web\/wp-content\/uploads\/2013\/02\/0_404317_10150644327859925_468270855_n-150x150.jpg\" width=\"150\" height=\"150\" srcset=\"https:\/\/www.elpuco.com.ar\/web\/wp-content\/uploads\/2013\/02\/0_404317_10150644327859925_468270855_n-150x150.jpg 150w, https:\/\/www.elpuco.com.ar\/web\/wp-content\/uploads\/2013\/02\/0_404317_10150644327859925_468270855_n-300x300.jpg 300w, https:\/\/www.elpuco.com.ar\/web\/wp-content\/uploads\/2013\/02\/0_404317_10150644327859925_468270855_n-100x100.jpg 100w\" sizes=\"auto, (max-width: 150px) 100vw, 150px\" \/><\/a> <a href=\"http:\/\/www.elpuco.com.ar\/web\/wp-content\/uploads\/2013\/02\/0_404317_10150644327874925_1427031059_n.jpg\"><img loading=\"lazy\" decoding=\"async\" class=\"alignnone size-thumbnail wp-image-402\" alt=\"0_404317_10150644327874925_1427031059_n\" src=\"http:\/\/www.elpuco.com.ar\/web\/wp-content\/uploads\/2013\/02\/0_404317_10150644327874925_1427031059_n-150x150.jpg\" width=\"150\" height=\"150\" srcset=\"https:\/\/www.elpuco.com.ar\/web\/wp-content\/uploads\/2013\/02\/0_404317_10150644327874925_1427031059_n-150x150.jpg 150w, https:\/\/www.elpuco.com.ar\/web\/wp-content\/uploads\/2013\/02\/0_404317_10150644327874925_1427031059_n-300x300.jpg 300w, https:\/\/www.elpuco.com.ar\/web\/wp-content\/uploads\/2013\/02\/0_404317_10150644327874925_1427031059_n-100x100.jpg 100w\" sizes=\"auto, (max-width: 150px) 100vw, 150px\" \/><\/a> <a href=\"http:\/\/www.elpuco.com.ar\/web\/wp-content\/uploads\/2013\/02\/0_404317_10150644327879925_7351551_n.jpg\"><img loading=\"lazy\" decoding=\"async\" class=\"alignnone size-thumbnail wp-image-403\" alt=\"0_404317_10150644327879925_7351551_n\" src=\"http:\/\/www.elpuco.com.ar\/web\/wp-content\/uploads\/2013\/02\/0_404317_10150644327879925_7351551_n-150x150.jpg\" width=\"150\" height=\"150\" srcset=\"https:\/\/www.elpuco.com.ar\/web\/wp-content\/uploads\/2013\/02\/0_404317_10150644327879925_7351551_n-150x150.jpg 150w, https:\/\/www.elpuco.com.ar\/web\/wp-content\/uploads\/2013\/02\/0_404317_10150644327879925_7351551_n-300x300.jpg 300w, https:\/\/www.elpuco.com.ar\/web\/wp-content\/uploads\/2013\/02\/0_404317_10150644327879925_7351551_n-100x100.jpg 100w\" sizes=\"auto, (max-width: 150px) 100vw, 150px\" \/><\/a> <a href=\"http:\/\/www.elpuco.com.ar\/web\/wp-content\/uploads\/2013\/02\/0_404317_10150644327884925_1208315487_n.jpg\"><img loading=\"lazy\" decoding=\"async\" class=\"alignnone size-thumbnail wp-image-404\" alt=\"0_404317_10150644327884925_1208315487_n\" src=\"http:\/\/www.elpuco.com.ar\/web\/wp-content\/uploads\/2013\/02\/0_404317_10150644327884925_1208315487_n-150x150.jpg\" width=\"150\" height=\"150\" srcset=\"https:\/\/www.elpuco.com.ar\/web\/wp-content\/uploads\/2013\/02\/0_404317_10150644327884925_1208315487_n-150x150.jpg 150w, https:\/\/www.elpuco.com.ar\/web\/wp-content\/uploads\/2013\/02\/0_404317_10150644327884925_1208315487_n-300x300.jpg 300w, https:\/\/www.elpuco.com.ar\/web\/wp-content\/uploads\/2013\/02\/0_404317_10150644327884925_1208315487_n-100x100.jpg 100w\" sizes=\"auto, (max-width: 150px) 100vw, 150px\" \/><\/a> <a href=\"http:\/\/www.elpuco.com.ar\/web\/wp-content\/uploads\/2013\/02\/0_404317_10150644327894925_1171686735_n.jpg\"><img loading=\"lazy\" decoding=\"async\" class=\"alignnone size-thumbnail wp-image-405\" alt=\"0_404317_10150644327894925_1171686735_n\" src=\"http:\/\/www.elpuco.com.ar\/web\/wp-content\/uploads\/2013\/02\/0_404317_10150644327894925_1171686735_n-150x150.jpg\" width=\"150\" height=\"150\" srcset=\"https:\/\/www.elpuco.com.ar\/web\/wp-content\/uploads\/2013\/02\/0_404317_10150644327894925_1171686735_n-150x150.jpg 150w, https:\/\/www.elpuco.com.ar\/web\/wp-content\/uploads\/2013\/02\/0_404317_10150644327894925_1171686735_n-300x300.jpg 300w, https:\/\/www.elpuco.com.ar\/web\/wp-content\/uploads\/2013\/02\/0_404317_10150644327894925_1171686735_n-100x100.jpg 100w\" sizes=\"auto, (max-width: 150px) 100vw, 150px\" \/><\/a> <a href=\"http:\/\/www.elpuco.com.ar\/web\/wp-content\/uploads\/2013\/02\/0_423766_10150644329759925_1430540690_n.jpg\"><img loading=\"lazy\" decoding=\"async\" class=\"alignnone size-thumbnail wp-image-406\" alt=\"0_423766_10150644329759925_1430540690_n\" src=\"http:\/\/www.elpuco.com.ar\/web\/wp-content\/uploads\/2013\/02\/0_423766_10150644329759925_1430540690_n-150x150.jpg\" width=\"150\" height=\"150\" srcset=\"https:\/\/www.elpuco.com.ar\/web\/wp-content\/uploads\/2013\/02\/0_423766_10150644329759925_1430540690_n-150x150.jpg 150w, https:\/\/www.elpuco.com.ar\/web\/wp-content\/uploads\/2013\/02\/0_423766_10150644329759925_1430540690_n-300x300.jpg 300w, https:\/\/www.elpuco.com.ar\/web\/wp-content\/uploads\/2013\/02\/0_423766_10150644329759925_1430540690_n-100x100.jpg 100w\" sizes=\"auto, (max-width: 150px) 100vw, 150px\" \/><\/a> <a href=\"http:\/\/www.elpuco.com.ar\/web\/wp-content\/uploads\/2013\/02\/0_423766_10150644329774925_999006327_n.jpg\"><img loading=\"lazy\" decoding=\"async\" class=\"alignnone size-thumbnail wp-image-407\" alt=\"0_423766_10150644329774925_999006327_n\" src=\"http:\/\/www.elpuco.com.ar\/web\/wp-content\/uploads\/2013\/02\/0_423766_10150644329774925_999006327_n-150x150.jpg\" width=\"150\" height=\"150\" srcset=\"https:\/\/www.elpuco.com.ar\/web\/wp-content\/uploads\/2013\/02\/0_423766_10150644329774925_999006327_n-150x150.jpg 150w, https:\/\/www.elpuco.com.ar\/web\/wp-content\/uploads\/2013\/02\/0_423766_10150644329774925_999006327_n-300x300.jpg 300w, https:\/\/www.elpuco.com.ar\/web\/wp-content\/uploads\/2013\/02\/0_423766_10150644329774925_999006327_n-100x100.jpg 100w\" sizes=\"auto, (max-width: 150px) 100vw, 150px\" \/><\/a> <a href=\"http:\/\/www.elpuco.com.ar\/web\/wp-content\/uploads\/2013\/02\/0_423766_10150644329784925_1601591841_n.jpg\"><img loading=\"lazy\" decoding=\"async\" class=\"alignnone size-thumbnail wp-image-408\" alt=\"0_423766_10150644329784925_1601591841_n\" src=\"http:\/\/www.elpuco.com.ar\/web\/wp-content\/uploads\/2013\/02\/0_423766_10150644329784925_1601591841_n-150x150.jpg\" width=\"150\" height=\"150\" srcset=\"https:\/\/www.elpuco.com.ar\/web\/wp-content\/uploads\/2013\/02\/0_423766_10150644329784925_1601591841_n-150x150.jpg 150w, https:\/\/www.elpuco.com.ar\/web\/wp-content\/uploads\/2013\/02\/0_423766_10150644329784925_1601591841_n-300x300.jpg 300w, https:\/\/www.elpuco.com.ar\/web\/wp-content\/uploads\/2013\/02\/0_423766_10150644329784925_1601591841_n-100x100.jpg 100w\" sizes=\"auto, (max-width: 150px) 100vw, 150px\" \/><\/a> <a href=\"http:\/\/www.elpuco.com.ar\/web\/wp-content\/uploads\/2013\/02\/0_423766_10150644329789925_1192229608_n.jpg\"><img loading=\"lazy\" decoding=\"async\" class=\"alignnone size-thumbnail wp-image-409\" alt=\"0_423766_10150644329789925_1192229608_n\" src=\"http:\/\/www.elpuco.com.ar\/web\/wp-content\/uploads\/2013\/02\/0_423766_10150644329789925_1192229608_n-150x150.jpg\" width=\"150\" height=\"150\" srcset=\"https:\/\/www.elpuco.com.ar\/web\/wp-content\/uploads\/2013\/02\/0_423766_10150644329789925_1192229608_n-150x150.jpg 150w, https:\/\/www.elpuco.com.ar\/web\/wp-content\/uploads\/2013\/02\/0_423766_10150644329789925_1192229608_n-300x300.jpg 300w, https:\/\/www.elpuco.com.ar\/web\/wp-content\/uploads\/2013\/02\/0_423766_10150644329789925_1192229608_n-100x100.jpg 100w\" sizes=\"auto, (max-width: 150px) 100vw, 150px\" \/><\/a><\/p>\n","protected":false},"excerpt":{"rendered":"","protected":false},"author":1,"featured_media":0,"parent":0,"menu_order":0,"comment_status":"open","ping_status":"open","template":"","meta":{"ngg_post_thumbnail":0,"footnotes":""},"class_list":{"0":"post-385","1":"page","2":"type-page","3":"status-publish","5":"no-featured-image-padding"},"yoast_head":"<!-- This site is optimized with the Yoast SEO plugin v25.5 - https:\/\/yoast.com\/wordpress\/plugins\/seo\/ -->\n<title>Jornadas de Raku Febrero - El Puco. Taller de ense\u00f1anza de alfareria y cer\u00e1mica art\u00edstica<\/title>\n<meta name=\"robots\" content=\"index, follow, max-snippet:-1, max-image-preview:large, max-video-preview:-1\" \/>\n<link rel=\"canonical\" href=\"https:\/\/www.elpuco.com.ar\/web\/jornadas-de-raku-febrero\/\" \/>\n<meta property=\"og:locale\" content=\"es_ES\" \/>\n<meta property=\"og:type\" content=\"article\" \/>\n<meta property=\"og:title\" content=\"Jornadas de Raku Febrero - El Puco. Taller de ense\u00f1anza de alfareria y cer\u00e1mica art\u00edstica\" \/>\n<meta property=\"og:url\" content=\"https:\/\/www.elpuco.com.ar\/web\/jornadas-de-raku-febrero\/\" \/>\n<meta property=\"og:site_name\" content=\"El Puco. Taller de ense\u00f1anza de alfareria y cer\u00e1mica art\u00edstica\" \/>\n<meta property=\"og:image\" content=\"http:\/\/www.elpuco.com.ar\/web\/wp-content\/uploads\/2013\/02\/0_404317_10150644327859925_468270855_n-150x150.jpg\" \/>\n<meta name=\"twitter:card\" content=\"summary_large_image\" \/>\n<script type=\"application\/ld+json\" class=\"yoast-schema-graph\">{\"@context\":\"https:\/\/schema.org\",\"@graph\":[{\"@type\":\"WebPage\",\"@id\":\"https:\/\/www.elpuco.com.ar\/web\/jornadas-de-raku-febrero\/\",\"url\":\"https:\/\/www.elpuco.com.ar\/web\/jornadas-de-raku-febrero\/\",\"name\":\"Jornadas de Raku Febrero - El Puco. Taller de ense\u00f1anza de alfareria y cer\u00e1mica art\u00edstica\",\"isPartOf\":{\"@id\":\"https:\/\/www.elpuco.com.ar\/web\/#website\"},\"primaryImageOfPage\":{\"@id\":\"https:\/\/www.elpuco.com.ar\/web\/jornadas-de-raku-febrero\/#primaryimage\"},\"image\":{\"@id\":\"https:\/\/www.elpuco.com.ar\/web\/jornadas-de-raku-febrero\/#primaryimage\"},\"thumbnailUrl\":\"http:\/\/www.elpuco.com.ar\/web\/wp-content\/uploads\/2013\/02\/0_404317_10150644327859925_468270855_n-150x150.jpg\",\"datePublished\":\"2013-02-26T22:52:27+00:00\",\"breadcrumb\":{\"@id\":\"https:\/\/www.elpuco.com.ar\/web\/jornadas-de-raku-febrero\/#breadcrumb\"},\"inLanguage\":\"es\",\"potentialAction\":[{\"@type\":\"ReadAction\",\"target\":[\"https:\/\/www.elpuco.com.ar\/web\/jornadas-de-raku-febrero\/\"]}]},{\"@type\":\"ImageObject\",\"inLanguage\":\"es\",\"@id\":\"https:\/\/www.elpuco.com.ar\/web\/jornadas-de-raku-febrero\/#primaryimage\",\"url\":\"http:\/\/www.elpuco.com.ar\/web\/wp-content\/uploads\/2013\/02\/0_404317_10150644327859925_468270855_n-150x150.jpg\",\"contentUrl\":\"http:\/\/www.elpuco.com.ar\/web\/wp-content\/uploads\/2013\/02\/0_404317_10150644327859925_468270855_n-150x150.jpg\"},{\"@type\":\"BreadcrumbList\",\"@id\":\"https:\/\/www.elpuco.com.ar\/web\/jornadas-de-raku-febrero\/#breadcrumb\",\"itemListElement\":[{\"@type\":\"ListItem\",\"position\":1,\"name\":\"Portada\",\"item\":\"https:\/\/www.elpuco.com.ar\/web\/\"},{\"@type\":\"ListItem\",\"position\":2,\"name\":\"Jornadas de Raku Febrero\"}]},{\"@type\":\"WebSite\",\"@id\":\"https:\/\/www.elpuco.com.ar\/web\/#website\",\"url\":\"https:\/\/www.elpuco.com.ar\/web\/\",\"name\":\"El Puco. Taller de ense\u00f1anza de alfareria y cer\u00e1mica art\u00edstica\",\"description\":\"\",\"potentialAction\":[{\"@type\":\"SearchAction\",\"target\":{\"@type\":\"EntryPoint\",\"urlTemplate\":\"https:\/\/www.elpuco.com.ar\/web\/?s={search_term_string}\"},\"query-input\":{\"@type\":\"PropertyValueSpecification\",\"valueRequired\":true,\"valueName\":\"search_term_string\"}}],\"inLanguage\":\"es\"}]}<\/script>\n<!-- \/ Yoast SEO plugin. -->","yoast_head_json":{"title":"Jornadas de Raku Febrero - El Puco. Taller de ense\u00f1anza de alfareria y cer\u00e1mica art\u00edstica","robots":{"index":"index","follow":"follow","max-snippet":"max-snippet:-1","max-image-preview":"max-image-preview:large","max-video-preview":"max-video-preview:-1"},"canonical":"https:\/\/www.elpuco.com.ar\/web\/jornadas-de-raku-febrero\/","og_locale":"es_ES","og_type":"article","og_title":"Jornadas de Raku Febrero - El Puco. Taller de ense\u00f1anza de alfareria y cer\u00e1mica art\u00edstica","og_url":"https:\/\/www.elpuco.com.ar\/web\/jornadas-de-raku-febrero\/","og_site_name":"El Puco. Taller de ense\u00f1anza de alfareria y cer\u00e1mica art\u00edstica","og_image":[{"url":"http:\/\/www.elpuco.com.ar\/web\/wp-content\/uploads\/2013\/02\/0_404317_10150644327859925_468270855_n-150x150.jpg","type":"","width":"","height":""}],"twitter_card":"summary_large_image","schema":{"@context":"https:\/\/schema.org","@graph":[{"@type":"WebPage","@id":"https:\/\/www.elpuco.com.ar\/web\/jornadas-de-raku-febrero\/","url":"https:\/\/www.elpuco.com.ar\/web\/jornadas-de-raku-febrero\/","name":"Jornadas de Raku Febrero - El Puco. Taller de ense\u00f1anza de alfareria y cer\u00e1mica art\u00edstica","isPartOf":{"@id":"https:\/\/www.elpuco.com.ar\/web\/#website"},"primaryImageOfPage":{"@id":"https:\/\/www.elpuco.com.ar\/web\/jornadas-de-raku-febrero\/#primaryimage"},"image":{"@id":"https:\/\/www.elpuco.com.ar\/web\/jornadas-de-raku-febrero\/#primaryimage"},"thumbnailUrl":"http:\/\/www.elpuco.com.ar\/web\/wp-content\/uploads\/2013\/02\/0_404317_10150644327859925_468270855_n-150x150.jpg","datePublished":"2013-02-26T22:52:27+00:00","breadcrumb":{"@id":"https:\/\/www.elpuco.com.ar\/web\/jornadas-de-raku-febrero\/#breadcrumb"},"inLanguage":"es","potentialAction":[{"@type":"ReadAction","target":["https:\/\/www.elpuco.com.ar\/web\/jornadas-de-raku-febrero\/"]}]},{"@type":"ImageObject","inLanguage":"es","@id":"https:\/\/www.elpuco.com.ar\/web\/jornadas-de-raku-febrero\/#primaryimage","url":"http:\/\/www.elpuco.com.ar\/web\/wp-content\/uploads\/2013\/02\/0_404317_10150644327859925_468270855_n-150x150.jpg","contentUrl":"http:\/\/www.elpuco.com.ar\/web\/wp-content\/uploads\/2013\/02\/0_404317_10150644327859925_468270855_n-150x150.jpg"},{"@type":"BreadcrumbList","@id":"https:\/\/www.elpuco.com.ar\/web\/jornadas-de-raku-febrero\/#breadcrumb","itemListElement":[{"@type":"ListItem","position":1,"name":"Portada","item":"https:\/\/www.elpuco.com.ar\/web\/"},{"@type":"ListItem","position":2,"name":"Jornadas de Raku Febrero"}]},{"@type":"WebSite","@id":"https:\/\/www.elpuco.com.ar\/web\/#website","url":"https:\/\/www.elpuco.com.ar\/web\/","name":"El Puco. Taller de ense\u00f1anza de alfareria y cer\u00e1mica art\u00edstica","description":"","potentialAction":[{"@type":"SearchAction","target":{"@type":"EntryPoint","urlTemplate":"https:\/\/www.elpuco.com.ar\/web\/?s={search_term_string}"},"query-input":{"@type":"PropertyValueSpecification","valueRequired":true,"valueName":"search_term_string"}}],"inLanguage":"es"}]}},"_links":{"self":[{"href":"https:\/\/www.elpuco.com.ar\/web\/wp-json\/wp\/v2\/pages\/385","targetHints":{"allow":["GET"]}}],"collection":[{"href":"https:\/\/www.elpuco.com.ar\/web\/wp-json\/wp\/v2\/pages"}],"about":[{"href":"https:\/\/www.elpuco.com.ar\/web\/wp-json\/wp\/v2\/types\/page"}],"author":[{"embeddable":true,"href":"https:\/\/www.elpuco.com.ar\/web\/wp-json\/wp\/v2\/users\/1"}],"replies":[{"embeddable":true,"href":"https:\/\/www.elpuco.com.ar\/web\/wp-json\/wp\/v2\/comments?post=385"}],"version-history":[{"count":2,"href":"https:\/\/www.elpuco.com.ar\/web\/wp-json\/wp\/v2\/pages\/385\/revisions"}],"predecessor-version":[{"id":438,"href":"https:\/\/www.elpuco.com.ar\/web\/wp-json\/wp\/v2\/pages\/385\/revisions\/438"}],"wp:attachment":[{"href":"https:\/\/www.elpuco.com.ar\/web\/wp-json\/wp\/v2\/media?parent=385"}],"curies":[{"name":"wp","href":"https:\/\/api.w.org\/{rel}","templated":true}]}}