{"id":443,"date":"2013-02-26T22:59:31","date_gmt":"2013-02-26T22:59:31","guid":{"rendered":"http:\/\/www.elpuco.com.ar\/web\/?page_id=443"},"modified":"2013-03-07T05:23:04","modified_gmt":"2013-03-07T05:23:04","slug":"raku-a-domicilio","status":"publish","type":"page","link":"https:\/\/www.elpuco.com.ar\/web\/raku-a-domicilio\/","title":{"rendered":"Raku a domicilio"},"content":{"rendered":"<p>El raku a domicilio es un servicio del taller donde ofrecemos llevar a donde nos convoquen todos los elementos necesarios para que los participantes experimenten esta t\u00e9cnica.<br \/>\nEn las jornadas de raku que hacemos en el taller a cada asistente se les ofrecen dos piezas bizcochadas (horneadas),para que les apliquen los esmaltes(previa explicaci\u00f3n t\u00e9cnica-te\u00f3rica) y se hornean en el momento, as\u00ed que al final de la jornada cada uno se lleva las piezas terminas y listas.<br \/>\nLa pasta con la que estan hechas las piezas es especial para esta t\u00e9cnica, as\u00ed como los esmaltes.<br \/>\nLo que hacemos es trasladar la jornada del taller al domicilio que nos solicite este servicio. Puede ser regalo para amigos, familiares, cumplea\u00f1os, alguna fecha especial.<br \/>\nSeg\u00fan la cantidad de personas que van a participar se hace un presupuesto que incluye los materiales, las piezas, los esmaltes, pinceles ,horno, pinzas, etc.!!!<br \/>\nEs una experiencia maravillosa para compartir.<\/p>\n<p>&nbsp;<\/p>\n<table width=\"449\" border=\"0\" cellspacing=\"0\" cellpadding=\"5\">\n<tbody>\n<tr>\n<td><a href=\"http:\/\/www.elpuco.com.ar\/web\/wp-content\/uploads\/2013\/02\/211.jpg\"><img loading=\"lazy\" decoding=\"async\" class=\"size-thumbnail wp-image-467 alignleft\" alt=\"21\" src=\"http:\/\/www.elpuco.com.ar\/web\/wp-content\/uploads\/2013\/02\/211-150x150.jpg\" width=\"150\" height=\"150\" srcset=\"https:\/\/www.elpuco.com.ar\/web\/wp-content\/uploads\/2013\/02\/211-150x150.jpg 150w, https:\/\/www.elpuco.com.ar\/web\/wp-content\/uploads\/2013\/02\/211-300x300.jpg 300w, https:\/\/www.elpuco.com.ar\/web\/wp-content\/uploads\/2013\/02\/211-100x100.jpg 100w\" sizes=\"auto, (max-width: 150px) 100vw, 150px\" \/><\/a><\/p>\n<p>&nbsp;<\/p>\n<p><a title=\"Familia Gabriel Eckert\" href=\"http:\/\/www.elpuco.com.ar\/web\/familia-gabriel-eckert\/\">FAMILIA GABRIEL ECKERT<\/a><\/td>\n<\/tr>\n<tr>\n<td><a href=\"http:\/\/www.elpuco.com.ar\/web\/wp-content\/uploads\/2013\/02\/241.jpg\"><img loading=\"lazy\" decoding=\"async\" class=\"size-thumbnail wp-image-470 alignleft\" alt=\"24\" src=\"http:\/\/www.elpuco.com.ar\/web\/wp-content\/uploads\/2013\/02\/241-150x150.jpg\" width=\"150\" height=\"150\" srcset=\"https:\/\/www.elpuco.com.ar\/web\/wp-content\/uploads\/2013\/02\/241-150x150.jpg 150w, https:\/\/www.elpuco.com.ar\/web\/wp-content\/uploads\/2013\/02\/241-300x300.jpg 300w, https:\/\/www.elpuco.com.ar\/web\/wp-content\/uploads\/2013\/02\/241-100x100.jpg 100w\" sizes=\"auto, (max-width: 150px) 100vw, 150px\" \/><\/a><\/p>\n<p>&nbsp;<\/p>\n<p><a title=\"Familia Angeles Svanascini\" href=\"http:\/\/www.elpuco.com.ar\/web\/familia-angeles-svanascini\/\">FAMILIA ANGELES SVANASCINI<\/a><\/td>\n<\/tr>\n<\/tbody>\n<\/table>\n","protected":false},"excerpt":{"rendered":"<p>El raku a domicilio es un servicio del taller donde ofrecemos llevar a donde nos convoquen todos los elementos necesarios para que los participantes experimenten esta t\u00e9cnica. En las jornadas de raku que hacemos en el taller a cada asistente se les ofrecen dos piezas bizcochadas (horneadas),para que les apliquen los esmaltes(previa explicaci\u00f3n t\u00e9cnica-te\u00f3rica) y &#8230; <\/p>\n<p class=\"read-more-container\"><a title=\"Raku a domicilio\" class=\"read-more button\" href=\"https:\/\/www.elpuco.com.ar\/web\/raku-a-domicilio\/#more-443\" aria-label=\"Leer m\u00e1s sobre Raku a domicilio\">Continuar<\/a><\/p>\n","protected":false},"author":1,"featured_media":0,"parent":0,"menu_order":0,"comment_status":"open","ping_status":"open","template":"","meta":{"ngg_post_thumbnail":0,"footnotes":""},"class_list":{"0":"post-443","1":"page","2":"type-page","3":"status-publish","5":"no-featured-image-padding"},"yoast_head":"<!-- This site is optimized with the Yoast SEO plugin v25.5 - https:\/\/yoast.com\/wordpress\/plugins\/seo\/ -->\n<title>Raku a domicilio - El Puco. Taller de ense\u00f1anza de alfareria y cer\u00e1mica art\u00edstica<\/title>\n<meta name=\"robots\" content=\"index, follow, max-snippet:-1, max-image-preview:large, max-video-preview:-1\" \/>\n<link rel=\"canonical\" href=\"https:\/\/www.elpuco.com.ar\/web\/raku-a-domicilio\/\" \/>\n<meta property=\"og:locale\" content=\"es_ES\" \/>\n<meta property=\"og:type\" content=\"article\" \/>\n<meta property=\"og:title\" content=\"Raku a domicilio - El Puco. Taller de ense\u00f1anza de alfareria y cer\u00e1mica art\u00edstica\" \/>\n<meta property=\"og:description\" content=\"El raku a domicilio es un servicio del taller donde ofrecemos llevar a donde nos convoquen todos los elementos necesarios para que los participantes experimenten esta t\u00e9cnica. En las jornadas de raku que hacemos en el taller a cada asistente se les ofrecen dos piezas bizcochadas (horneadas),para que les apliquen los esmaltes(previa explicaci\u00f3n t\u00e9cnica-te\u00f3rica) y ... Continuar\" \/>\n<meta property=\"og:url\" content=\"https:\/\/www.elpuco.com.ar\/web\/raku-a-domicilio\/\" \/>\n<meta property=\"og:site_name\" content=\"El Puco. Taller de ense\u00f1anza de alfareria y cer\u00e1mica art\u00edstica\" \/>\n<meta property=\"article:modified_time\" content=\"2013-03-07T05:23:04+00:00\" \/>\n<meta property=\"og:image\" content=\"http:\/\/www.elpuco.com.ar\/web\/wp-content\/uploads\/2013\/02\/211-150x150.jpg\" \/>\n<meta name=\"twitter:card\" content=\"summary_large_image\" \/>\n<meta name=\"twitter:label1\" content=\"Tiempo de lectura\" \/>\n\t<meta name=\"twitter:data1\" content=\"1 minuto\" \/>\n<script type=\"application\/ld+json\" class=\"yoast-schema-graph\">{\"@context\":\"https:\/\/schema.org\",\"@graph\":[{\"@type\":\"WebPage\",\"@id\":\"https:\/\/www.elpuco.com.ar\/web\/raku-a-domicilio\/\",\"url\":\"https:\/\/www.elpuco.com.ar\/web\/raku-a-domicilio\/\",\"name\":\"Raku a domicilio - El Puco. Taller de ense\u00f1anza de alfareria y cer\u00e1mica art\u00edstica\",\"isPartOf\":{\"@id\":\"https:\/\/www.elpuco.com.ar\/web\/#website\"},\"primaryImageOfPage\":{\"@id\":\"https:\/\/www.elpuco.com.ar\/web\/raku-a-domicilio\/#primaryimage\"},\"image\":{\"@id\":\"https:\/\/www.elpuco.com.ar\/web\/raku-a-domicilio\/#primaryimage\"},\"thumbnailUrl\":\"http:\/\/www.elpuco.com.ar\/web\/wp-content\/uploads\/2013\/02\/211-150x150.jpg\",\"datePublished\":\"2013-02-26T22:59:31+00:00\",\"dateModified\":\"2013-03-07T05:23:04+00:00\",\"breadcrumb\":{\"@id\":\"https:\/\/www.elpuco.com.ar\/web\/raku-a-domicilio\/#breadcrumb\"},\"inLanguage\":\"es\",\"potentialAction\":[{\"@type\":\"ReadAction\",\"target\":[\"https:\/\/www.elpuco.com.ar\/web\/raku-a-domicilio\/\"]}]},{\"@type\":\"ImageObject\",\"inLanguage\":\"es\",\"@id\":\"https:\/\/www.elpuco.com.ar\/web\/raku-a-domicilio\/#primaryimage\",\"url\":\"http:\/\/www.elpuco.com.ar\/web\/wp-content\/uploads\/2013\/02\/211-150x150.jpg\",\"contentUrl\":\"http:\/\/www.elpuco.com.ar\/web\/wp-content\/uploads\/2013\/02\/211-150x150.jpg\"},{\"@type\":\"BreadcrumbList\",\"@id\":\"https:\/\/www.elpuco.com.ar\/web\/raku-a-domicilio\/#breadcrumb\",\"itemListElement\":[{\"@type\":\"ListItem\",\"position\":1,\"name\":\"Portada\",\"item\":\"https:\/\/www.elpuco.com.ar\/web\/\"},{\"@type\":\"ListItem\",\"position\":2,\"name\":\"Raku a domicilio\"}]},{\"@type\":\"WebSite\",\"@id\":\"https:\/\/www.elpuco.com.ar\/web\/#website\",\"url\":\"https:\/\/www.elpuco.com.ar\/web\/\",\"name\":\"El Puco. Taller de ense\u00f1anza de alfareria y cer\u00e1mica art\u00edstica\",\"description\":\"\",\"potentialAction\":[{\"@type\":\"SearchAction\",\"target\":{\"@type\":\"EntryPoint\",\"urlTemplate\":\"https:\/\/www.elpuco.com.ar\/web\/?s={search_term_string}\"},\"query-input\":{\"@type\":\"PropertyValueSpecification\",\"valueRequired\":true,\"valueName\":\"search_term_string\"}}],\"inLanguage\":\"es\"}]}<\/script>\n<!-- \/ Yoast SEO plugin. -->","yoast_head_json":{"title":"Raku a domicilio - El Puco. Taller de ense\u00f1anza de alfareria y cer\u00e1mica art\u00edstica","robots":{"index":"index","follow":"follow","max-snippet":"max-snippet:-1","max-image-preview":"max-image-preview:large","max-video-preview":"max-video-preview:-1"},"canonical":"https:\/\/www.elpuco.com.ar\/web\/raku-a-domicilio\/","og_locale":"es_ES","og_type":"article","og_title":"Raku a domicilio - El Puco. Taller de ense\u00f1anza de alfareria y cer\u00e1mica art\u00edstica","og_description":"El raku a domicilio es un servicio del taller donde ofrecemos llevar a donde nos convoquen todos los elementos necesarios para que los participantes experimenten esta t\u00e9cnica. En las jornadas de raku que hacemos en el taller a cada asistente se les ofrecen dos piezas bizcochadas (horneadas),para que les apliquen los esmaltes(previa explicaci\u00f3n t\u00e9cnica-te\u00f3rica) y ... Continuar","og_url":"https:\/\/www.elpuco.com.ar\/web\/raku-a-domicilio\/","og_site_name":"El Puco. Taller de ense\u00f1anza de alfareria y cer\u00e1mica art\u00edstica","article_modified_time":"2013-03-07T05:23:04+00:00","og_image":[{"url":"http:\/\/www.elpuco.com.ar\/web\/wp-content\/uploads\/2013\/02\/211-150x150.jpg","type":"","width":"","height":""}],"twitter_card":"summary_large_image","twitter_misc":{"Tiempo de lectura":"1 minuto"},"schema":{"@context":"https:\/\/schema.org","@graph":[{"@type":"WebPage","@id":"https:\/\/www.elpuco.com.ar\/web\/raku-a-domicilio\/","url":"https:\/\/www.elpuco.com.ar\/web\/raku-a-domicilio\/","name":"Raku a domicilio - El Puco. Taller de ense\u00f1anza de alfareria y cer\u00e1mica art\u00edstica","isPartOf":{"@id":"https:\/\/www.elpuco.com.ar\/web\/#website"},"primaryImageOfPage":{"@id":"https:\/\/www.elpuco.com.ar\/web\/raku-a-domicilio\/#primaryimage"},"image":{"@id":"https:\/\/www.elpuco.com.ar\/web\/raku-a-domicilio\/#primaryimage"},"thumbnailUrl":"http:\/\/www.elpuco.com.ar\/web\/wp-content\/uploads\/2013\/02\/211-150x150.jpg","datePublished":"2013-02-26T22:59:31+00:00","dateModified":"2013-03-07T05:23:04+00:00","breadcrumb":{"@id":"https:\/\/www.elpuco.com.ar\/web\/raku-a-domicilio\/#breadcrumb"},"inLanguage":"es","potentialAction":[{"@type":"ReadAction","target":["https:\/\/www.elpuco.com.ar\/web\/raku-a-domicilio\/"]}]},{"@type":"ImageObject","inLanguage":"es","@id":"https:\/\/www.elpuco.com.ar\/web\/raku-a-domicilio\/#primaryimage","url":"http:\/\/www.elpuco.com.ar\/web\/wp-content\/uploads\/2013\/02\/211-150x150.jpg","contentUrl":"http:\/\/www.elpuco.com.ar\/web\/wp-content\/uploads\/2013\/02\/211-150x150.jpg"},{"@type":"BreadcrumbList","@id":"https:\/\/www.elpuco.com.ar\/web\/raku-a-domicilio\/#breadcrumb","itemListElement":[{"@type":"ListItem","position":1,"name":"Portada","item":"https:\/\/www.elpuco.com.ar\/web\/"},{"@type":"ListItem","position":2,"name":"Raku a domicilio"}]},{"@type":"WebSite","@id":"https:\/\/www.elpuco.com.ar\/web\/#website","url":"https:\/\/www.elpuco.com.ar\/web\/","name":"El Puco. Taller de ense\u00f1anza de alfareria y cer\u00e1mica art\u00edstica","description":"","potentialAction":[{"@type":"SearchAction","target":{"@type":"EntryPoint","urlTemplate":"https:\/\/www.elpuco.com.ar\/web\/?s={search_term_string}"},"query-input":{"@type":"PropertyValueSpecification","valueRequired":true,"valueName":"search_term_string"}}],"inLanguage":"es"}]}},"_links":{"self":[{"href":"https:\/\/www.elpuco.com.ar\/web\/wp-json\/wp\/v2\/pages\/443","targetHints":{"allow":["GET"]}}],"collection":[{"href":"https:\/\/www.elpuco.com.ar\/web\/wp-json\/wp\/v2\/pages"}],"about":[{"href":"https:\/\/www.elpuco.com.ar\/web\/wp-json\/wp\/v2\/types\/page"}],"author":[{"embeddable":true,"href":"https:\/\/www.elpuco.com.ar\/web\/wp-json\/wp\/v2\/users\/1"}],"replies":[{"embeddable":true,"href":"https:\/\/www.elpuco.com.ar\/web\/wp-json\/wp\/v2\/comments?post=443"}],"version-history":[{"count":5,"href":"https:\/\/www.elpuco.com.ar\/web\/wp-json\/wp\/v2\/pages\/443\/revisions"}],"predecessor-version":[{"id":450,"href":"https:\/\/www.elpuco.com.ar\/web\/wp-json\/wp\/v2\/pages\/443\/revisions\/450"}],"wp:attachment":[{"href":"https:\/\/www.elpuco.com.ar\/web\/wp-json\/wp\/v2\/media?parent=443"}],"curies":[{"name":"wp","href":"https:\/\/api.w.org\/{rel}","templated":true}]}}