{"id":446,"date":"2013-02-26T23:06:21","date_gmt":"2013-02-26T23:06:21","guid":{"rendered":"http:\/\/www.elpuco.com.ar\/web\/?page_id=446"},"modified":"2013-02-26T23:08:34","modified_gmt":"2013-02-26T23:08:34","slug":"familia-angeles-svanascini","status":"publish","type":"page","link":"https:\/\/www.elpuco.com.ar\/web\/familia-angeles-svanascini\/","title":{"rendered":"Familia Angeles Svanascini"},"content":{"rendered":"<p><a href=\"http:\/\/www.elpuco.com.ar\/web\/wp-content\/uploads\/2013\/02\/raku200011.jpg\"><img loading=\"lazy\" decoding=\"async\" class=\"alignnone size-thumbnail wp-image-522\" alt=\"raku20001\" src=\"http:\/\/www.elpuco.com.ar\/web\/wp-content\/uploads\/2013\/02\/raku200011-150x150.jpg\" width=\"150\" height=\"150\" srcset=\"https:\/\/www.elpuco.com.ar\/web\/wp-content\/uploads\/2013\/02\/raku200011-150x150.jpg 150w, https:\/\/www.elpuco.com.ar\/web\/wp-content\/uploads\/2013\/02\/raku200011-299x300.jpg 299w, https:\/\/www.elpuco.com.ar\/web\/wp-content\/uploads\/2013\/02\/raku200011-100x100.jpg 100w\" sizes=\"auto, (max-width: 150px) 100vw, 150px\" \/><\/a> <a href=\"http:\/\/www.elpuco.com.ar\/web\/wp-content\/uploads\/2013\/02\/raku200021.jpg\"><img loading=\"lazy\" decoding=\"async\" class=\"alignnone size-thumbnail wp-image-523\" alt=\"raku20002\" src=\"http:\/\/www.elpuco.com.ar\/web\/wp-content\/uploads\/2013\/02\/raku200021-150x150.jpg\" width=\"150\" height=\"150\" srcset=\"https:\/\/www.elpuco.com.ar\/web\/wp-content\/uploads\/2013\/02\/raku200021-150x150.jpg 150w, https:\/\/www.elpuco.com.ar\/web\/wp-content\/uploads\/2013\/02\/raku200021-300x299.jpg 300w, https:\/\/www.elpuco.com.ar\/web\/wp-content\/uploads\/2013\/02\/raku200021-100x100.jpg 100w\" sizes=\"auto, (max-width: 150px) 100vw, 150px\" \/><\/a> <a href=\"http:\/\/www.elpuco.com.ar\/web\/wp-content\/uploads\/2013\/02\/raku200031.jpg\"><img loading=\"lazy\" decoding=\"async\" class=\"alignnone size-thumbnail wp-image-524\" alt=\"raku20003\" src=\"http:\/\/www.elpuco.com.ar\/web\/wp-content\/uploads\/2013\/02\/raku200031-150x150.jpg\" width=\"150\" height=\"150\" srcset=\"https:\/\/www.elpuco.com.ar\/web\/wp-content\/uploads\/2013\/02\/raku200031-150x150.jpg 150w, https:\/\/www.elpuco.com.ar\/web\/wp-content\/uploads\/2013\/02\/raku200031-300x299.jpg 300w, https:\/\/www.elpuco.com.ar\/web\/wp-content\/uploads\/2013\/02\/raku200031-100x100.jpg 100w\" sizes=\"auto, (max-width: 150px) 100vw, 150px\" \/><\/a> <a href=\"http:\/\/www.elpuco.com.ar\/web\/wp-content\/uploads\/2013\/02\/raku200051.jpg\"><img loading=\"lazy\" decoding=\"async\" class=\"alignnone size-thumbnail wp-image-525\" alt=\"raku20005\" src=\"http:\/\/www.elpuco.com.ar\/web\/wp-content\/uploads\/2013\/02\/raku200051-150x150.jpg\" width=\"150\" height=\"150\" srcset=\"https:\/\/www.elpuco.com.ar\/web\/wp-content\/uploads\/2013\/02\/raku200051-150x150.jpg 150w, https:\/\/www.elpuco.com.ar\/web\/wp-content\/uploads\/2013\/02\/raku200051-300x299.jpg 300w, https:\/\/www.elpuco.com.ar\/web\/wp-content\/uploads\/2013\/02\/raku200051-100x100.jpg 100w\" sizes=\"auto, (max-width: 150px) 100vw, 150px\" \/><\/a> <a href=\"http:\/\/www.elpuco.com.ar\/web\/wp-content\/uploads\/2013\/02\/raku200061.jpg\"><img loading=\"lazy\" decoding=\"async\" class=\"alignnone size-thumbnail wp-image-526\" alt=\"raku20006\" src=\"http:\/\/www.elpuco.com.ar\/web\/wp-content\/uploads\/2013\/02\/raku200061-150x150.jpg\" width=\"150\" height=\"150\" srcset=\"https:\/\/www.elpuco.com.ar\/web\/wp-content\/uploads\/2013\/02\/raku200061-150x150.jpg 150w, https:\/\/www.elpuco.com.ar\/web\/wp-content\/uploads\/2013\/02\/raku200061-300x299.jpg 300w, https:\/\/www.elpuco.com.ar\/web\/wp-content\/uploads\/2013\/02\/raku200061-100x100.jpg 100w\" sizes=\"auto, (max-width: 150px) 100vw, 150px\" \/><\/a> <a href=\"http:\/\/www.elpuco.com.ar\/web\/wp-content\/uploads\/2013\/02\/raku200151.jpg\"><img loading=\"lazy\" decoding=\"async\" class=\"alignnone size-thumbnail wp-image-527\" alt=\"raku20015\" src=\"http:\/\/www.elpuco.com.ar\/web\/wp-content\/uploads\/2013\/02\/raku200151-150x150.jpg\" width=\"150\" height=\"150\" srcset=\"https:\/\/www.elpuco.com.ar\/web\/wp-content\/uploads\/2013\/02\/raku200151-150x150.jpg 150w, https:\/\/www.elpuco.com.ar\/web\/wp-content\/uploads\/2013\/02\/raku200151-299x300.jpg 299w, https:\/\/www.elpuco.com.ar\/web\/wp-content\/uploads\/2013\/02\/raku200151-100x100.jpg 100w\" sizes=\"auto, (max-width: 150px) 100vw, 150px\" \/><\/a> <a href=\"http:\/\/www.elpuco.com.ar\/web\/wp-content\/uploads\/2013\/02\/raku200161.jpg\"><img loading=\"lazy\" decoding=\"async\" class=\"alignnone size-thumbnail wp-image-528\" alt=\"raku20016\" src=\"http:\/\/www.elpuco.com.ar\/web\/wp-content\/uploads\/2013\/02\/raku200161-150x150.jpg\" width=\"150\" height=\"150\" srcset=\"https:\/\/www.elpuco.com.ar\/web\/wp-content\/uploads\/2013\/02\/raku200161-150x150.jpg 150w, https:\/\/www.elpuco.com.ar\/web\/wp-content\/uploads\/2013\/02\/raku200161-300x300.jpg 300w, https:\/\/www.elpuco.com.ar\/web\/wp-content\/uploads\/2013\/02\/raku200161-100x100.jpg 100w\" sizes=\"auto, (max-width: 150px) 100vw, 150px\" \/><\/a> <a href=\"http:\/\/www.elpuco.com.ar\/web\/wp-content\/uploads\/2013\/02\/raku200191.jpg\"><img loading=\"lazy\" decoding=\"async\" class=\"alignnone size-thumbnail wp-image-529\" alt=\"raku20019\" src=\"http:\/\/www.elpuco.com.ar\/web\/wp-content\/uploads\/2013\/02\/raku200191-150x150.jpg\" width=\"150\" height=\"150\" srcset=\"https:\/\/www.elpuco.com.ar\/web\/wp-content\/uploads\/2013\/02\/raku200191-150x150.jpg 150w, https:\/\/www.elpuco.com.ar\/web\/wp-content\/uploads\/2013\/02\/raku200191-300x299.jpg 300w, https:\/\/www.elpuco.com.ar\/web\/wp-content\/uploads\/2013\/02\/raku200191-100x100.jpg 100w\" sizes=\"auto, (max-width: 150px) 100vw, 150px\" \/><\/a> <a href=\"http:\/\/www.elpuco.com.ar\/web\/wp-content\/uploads\/2013\/02\/raku200211.jpg\"><img loading=\"lazy\" decoding=\"async\" class=\"alignnone size-thumbnail wp-image-530\" alt=\"raku20021\" src=\"http:\/\/www.elpuco.com.ar\/web\/wp-content\/uploads\/2013\/02\/raku200211-150x150.jpg\" width=\"150\" height=\"150\" srcset=\"https:\/\/www.elpuco.com.ar\/web\/wp-content\/uploads\/2013\/02\/raku200211-150x150.jpg 150w, https:\/\/www.elpuco.com.ar\/web\/wp-content\/uploads\/2013\/02\/raku200211-300x299.jpg 300w, https:\/\/www.elpuco.com.ar\/web\/wp-content\/uploads\/2013\/02\/raku200211-100x100.jpg 100w\" sizes=\"auto, (max-width: 150px) 100vw, 150px\" \/><\/a> <a href=\"http:\/\/www.elpuco.com.ar\/web\/wp-content\/uploads\/2013\/02\/raku200231.jpg\"><img loading=\"lazy\" decoding=\"async\" class=\"alignnone size-thumbnail wp-image-531\" alt=\"raku20023\" src=\"http:\/\/www.elpuco.com.ar\/web\/wp-content\/uploads\/2013\/02\/raku200231-150x150.jpg\" width=\"150\" height=\"150\" srcset=\"https:\/\/www.elpuco.com.ar\/web\/wp-content\/uploads\/2013\/02\/raku200231-150x150.jpg 150w, https:\/\/www.elpuco.com.ar\/web\/wp-content\/uploads\/2013\/02\/raku200231-299x300.jpg 299w, https:\/\/www.elpuco.com.ar\/web\/wp-content\/uploads\/2013\/02\/raku200231-100x100.jpg 100w\" sizes=\"auto, (max-width: 150px) 100vw, 150px\" \/><\/a> <a href=\"http:\/\/www.elpuco.com.ar\/web\/wp-content\/uploads\/2013\/02\/raku200241.jpg\"><img loading=\"lazy\" decoding=\"async\" class=\"alignnone size-thumbnail wp-image-532\" alt=\"raku20024\" src=\"http:\/\/www.elpuco.com.ar\/web\/wp-content\/uploads\/2013\/02\/raku200241-150x150.jpg\" width=\"150\" height=\"150\" srcset=\"https:\/\/www.elpuco.com.ar\/web\/wp-content\/uploads\/2013\/02\/raku200241-150x150.jpg 150w, https:\/\/www.elpuco.com.ar\/web\/wp-content\/uploads\/2013\/02\/raku200241-299x300.jpg 299w, https:\/\/www.elpuco.com.ar\/web\/wp-content\/uploads\/2013\/02\/raku200241-100x100.jpg 100w\" sizes=\"auto, (max-width: 150px) 100vw, 150px\" \/><\/a> <a href=\"http:\/\/www.elpuco.com.ar\/web\/wp-content\/uploads\/2013\/02\/raku200251.jpg\"><img loading=\"lazy\" decoding=\"async\" class=\"alignnone size-thumbnail wp-image-533\" alt=\"raku20025\" src=\"http:\/\/www.elpuco.com.ar\/web\/wp-content\/uploads\/2013\/02\/raku200251-150x150.jpg\" width=\"150\" height=\"150\" srcset=\"https:\/\/www.elpuco.com.ar\/web\/wp-content\/uploads\/2013\/02\/raku200251-150x150.jpg 150w, https:\/\/www.elpuco.com.ar\/web\/wp-content\/uploads\/2013\/02\/raku200251-300x299.jpg 300w, https:\/\/www.elpuco.com.ar\/web\/wp-content\/uploads\/2013\/02\/raku200251-100x100.jpg 100w\" sizes=\"auto, (max-width: 150px) 100vw, 150px\" \/><\/a> <a href=\"http:\/\/www.elpuco.com.ar\/web\/wp-content\/uploads\/2013\/02\/raku200261.jpg\"><img loading=\"lazy\" decoding=\"async\" class=\"alignnone size-thumbnail wp-image-534\" alt=\"raku20026\" src=\"http:\/\/www.elpuco.com.ar\/web\/wp-content\/uploads\/2013\/02\/raku200261-150x150.jpg\" width=\"150\" height=\"150\" srcset=\"https:\/\/www.elpuco.com.ar\/web\/wp-content\/uploads\/2013\/02\/raku200261-150x150.jpg 150w, https:\/\/www.elpuco.com.ar\/web\/wp-content\/uploads\/2013\/02\/raku200261-299x300.jpg 299w, https:\/\/www.elpuco.com.ar\/web\/wp-content\/uploads\/2013\/02\/raku200261-100x100.jpg 100w\" sizes=\"auto, (max-width: 150px) 100vw, 150px\" \/><\/a> <a href=\"http:\/\/www.elpuco.com.ar\/web\/wp-content\/uploads\/2013\/02\/raku20027.jpg\"><img loading=\"lazy\" decoding=\"async\" class=\"alignnone size-thumbnail wp-image-535\" alt=\"raku20027\" src=\"http:\/\/www.elpuco.com.ar\/web\/wp-content\/uploads\/2013\/02\/raku20027-150x150.jpg\" width=\"150\" height=\"150\" srcset=\"https:\/\/www.elpuco.com.ar\/web\/wp-content\/uploads\/2013\/02\/raku20027-150x150.jpg 150w, https:\/\/www.elpuco.com.ar\/web\/wp-content\/uploads\/2013\/02\/raku20027-300x299.jpg 300w, https:\/\/www.elpuco.com.ar\/web\/wp-content\/uploads\/2013\/02\/raku20027-100x100.jpg 100w\" sizes=\"auto, (max-width: 150px) 100vw, 150px\" \/><\/a> <a href=\"http:\/\/www.elpuco.com.ar\/web\/wp-content\/uploads\/2013\/02\/raku200291.jpg\"><img loading=\"lazy\" decoding=\"async\" class=\"alignnone size-thumbnail wp-image-536\" alt=\"raku20029\" src=\"http:\/\/www.elpuco.com.ar\/web\/wp-content\/uploads\/2013\/02\/raku200291-150x150.jpg\" width=\"150\" height=\"150\" srcset=\"https:\/\/www.elpuco.com.ar\/web\/wp-content\/uploads\/2013\/02\/raku200291-150x150.jpg 150w, https:\/\/www.elpuco.com.ar\/web\/wp-content\/uploads\/2013\/02\/raku200291-300x299.jpg 300w, https:\/\/www.elpuco.com.ar\/web\/wp-content\/uploads\/2013\/02\/raku200291-100x100.jpg 100w\" sizes=\"auto, (max-width: 150px) 100vw, 150px\" \/><\/a> <a href=\"http:\/\/www.elpuco.com.ar\/web\/wp-content\/uploads\/2013\/02\/raku200321.jpg\"><img loading=\"lazy\" decoding=\"async\" class=\"alignnone size-thumbnail wp-image-537\" alt=\"raku20032\" src=\"http:\/\/www.elpuco.com.ar\/web\/wp-content\/uploads\/2013\/02\/raku200321-150x150.jpg\" width=\"150\" height=\"150\" srcset=\"https:\/\/www.elpuco.com.ar\/web\/wp-content\/uploads\/2013\/02\/raku200321-150x150.jpg 150w, https:\/\/www.elpuco.com.ar\/web\/wp-content\/uploads\/2013\/02\/raku200321-300x299.jpg 300w, https:\/\/www.elpuco.com.ar\/web\/wp-content\/uploads\/2013\/02\/raku200321-100x100.jpg 100w\" sizes=\"auto, (max-width: 150px) 100vw, 150px\" \/><\/a> <a href=\"http:\/\/www.elpuco.com.ar\/web\/wp-content\/uploads\/2013\/02\/raku20033.jpg\"><img loading=\"lazy\" decoding=\"async\" class=\"alignnone size-thumbnail wp-image-538\" alt=\"raku20033\" src=\"http:\/\/www.elpuco.com.ar\/web\/wp-content\/uploads\/2013\/02\/raku20033-150x150.jpg\" width=\"150\" height=\"150\" srcset=\"https:\/\/www.elpuco.com.ar\/web\/wp-content\/uploads\/2013\/02\/raku20033-150x150.jpg 150w, https:\/\/www.elpuco.com.ar\/web\/wp-content\/uploads\/2013\/02\/raku20033-300x299.jpg 300w, https:\/\/www.elpuco.com.ar\/web\/wp-content\/uploads\/2013\/02\/raku20033-100x100.jpg 100w\" sizes=\"auto, (max-width: 150px) 100vw, 150px\" \/><\/a> <a href=\"http:\/\/www.elpuco.com.ar\/web\/wp-content\/uploads\/2013\/02\/raku20034.jpg\"><img loading=\"lazy\" decoding=\"async\" class=\"alignnone size-thumbnail wp-image-539\" alt=\"raku20034\" src=\"http:\/\/www.elpuco.com.ar\/web\/wp-content\/uploads\/2013\/02\/raku20034-150x150.jpg\" width=\"150\" height=\"150\" srcset=\"https:\/\/www.elpuco.com.ar\/web\/wp-content\/uploads\/2013\/02\/raku20034-150x150.jpg 150w, https:\/\/www.elpuco.com.ar\/web\/wp-content\/uploads\/2013\/02\/raku20034-300x299.jpg 300w, https:\/\/www.elpuco.com.ar\/web\/wp-content\/uploads\/2013\/02\/raku20034-100x100.jpg 100w\" sizes=\"auto, (max-width: 150px) 100vw, 150px\" \/><\/a> <a href=\"http:\/\/www.elpuco.com.ar\/web\/wp-content\/uploads\/2013\/02\/raku20036.jpg\"><img loading=\"lazy\" decoding=\"async\" class=\"alignnone size-thumbnail wp-image-540\" alt=\"raku20036\" src=\"http:\/\/www.elpuco.com.ar\/web\/wp-content\/uploads\/2013\/02\/raku20036-150x150.jpg\" width=\"150\" height=\"150\" srcset=\"https:\/\/www.elpuco.com.ar\/web\/wp-content\/uploads\/2013\/02\/raku20036-150x150.jpg 150w, https:\/\/www.elpuco.com.ar\/web\/wp-content\/uploads\/2013\/02\/raku20036-299x300.jpg 299w, https:\/\/www.elpuco.com.ar\/web\/wp-content\/uploads\/2013\/02\/raku20036-100x100.jpg 100w\" sizes=\"auto, (max-width: 150px) 100vw, 150px\" \/><\/a> <a href=\"http:\/\/www.elpuco.com.ar\/web\/wp-content\/uploads\/2013\/02\/raku20037.jpg\"><img loading=\"lazy\" decoding=\"async\" class=\"alignnone size-thumbnail wp-image-541\" alt=\"raku20037\" src=\"http:\/\/www.elpuco.com.ar\/web\/wp-content\/uploads\/2013\/02\/raku20037-150x150.jpg\" width=\"150\" height=\"150\" srcset=\"https:\/\/www.elpuco.com.ar\/web\/wp-content\/uploads\/2013\/02\/raku20037-150x150.jpg 150w, https:\/\/www.elpuco.com.ar\/web\/wp-content\/uploads\/2013\/02\/raku20037-299x300.jpg 299w, https:\/\/www.elpuco.com.ar\/web\/wp-content\/uploads\/2013\/02\/raku20037-100x100.jpg 100w\" sizes=\"auto, (max-width: 150px) 100vw, 150px\" \/><\/a> <a href=\"http:\/\/www.elpuco.com.ar\/web\/wp-content\/uploads\/2013\/02\/raku20038.jpg\"><img loading=\"lazy\" decoding=\"async\" class=\"alignnone size-thumbnail wp-image-542\" alt=\"raku20038\" src=\"http:\/\/www.elpuco.com.ar\/web\/wp-content\/uploads\/2013\/02\/raku20038-150x150.jpg\" width=\"150\" height=\"150\" srcset=\"https:\/\/www.elpuco.com.ar\/web\/wp-content\/uploads\/2013\/02\/raku20038-150x150.jpg 150w, https:\/\/www.elpuco.com.ar\/web\/wp-content\/uploads\/2013\/02\/raku20038-300x299.jpg 300w, https:\/\/www.elpuco.com.ar\/web\/wp-content\/uploads\/2013\/02\/raku20038-100x100.jpg 100w\" sizes=\"auto, (max-width: 150px) 100vw, 150px\" \/><\/a> <a href=\"http:\/\/www.elpuco.com.ar\/web\/wp-content\/uploads\/2013\/02\/raku20039.jpg\"><img loading=\"lazy\" decoding=\"async\" class=\"alignnone size-thumbnail wp-image-543\" alt=\"raku20039\" src=\"http:\/\/www.elpuco.com.ar\/web\/wp-content\/uploads\/2013\/02\/raku20039-150x150.jpg\" width=\"150\" height=\"150\" srcset=\"https:\/\/www.elpuco.com.ar\/web\/wp-content\/uploads\/2013\/02\/raku20039-150x150.jpg 150w, https:\/\/www.elpuco.com.ar\/web\/wp-content\/uploads\/2013\/02\/raku20039-300x299.jpg 300w, https:\/\/www.elpuco.com.ar\/web\/wp-content\/uploads\/2013\/02\/raku20039-100x100.jpg 100w\" sizes=\"auto, (max-width: 150px) 100vw, 150px\" \/><\/a> <a href=\"http:\/\/www.elpuco.com.ar\/web\/wp-content\/uploads\/2013\/02\/raku20051.jpg\"><img loading=\"lazy\" decoding=\"async\" class=\"alignnone size-thumbnail wp-image-544\" alt=\"raku20051\" src=\"http:\/\/www.elpuco.com.ar\/web\/wp-content\/uploads\/2013\/02\/raku20051-150x150.jpg\" width=\"150\" height=\"150\" srcset=\"https:\/\/www.elpuco.com.ar\/web\/wp-content\/uploads\/2013\/02\/raku20051-150x150.jpg 150w, https:\/\/www.elpuco.com.ar\/web\/wp-content\/uploads\/2013\/02\/raku20051-300x300.jpg 300w, https:\/\/www.elpuco.com.ar\/web\/wp-content\/uploads\/2013\/02\/raku20051-100x100.jpg 100w\" sizes=\"auto, (max-width: 150px) 100vw, 150px\" \/><\/a> <a href=\"http:\/\/www.elpuco.com.ar\/web\/wp-content\/uploads\/2013\/02\/raku20052.jpg\"><img loading=\"lazy\" decoding=\"async\" class=\"alignnone size-thumbnail wp-image-545\" alt=\"raku20052\" src=\"http:\/\/www.elpuco.com.ar\/web\/wp-content\/uploads\/2013\/02\/raku20052-150x150.jpg\" width=\"150\" height=\"150\" srcset=\"https:\/\/www.elpuco.com.ar\/web\/wp-content\/uploads\/2013\/02\/raku20052-150x150.jpg 150w, https:\/\/www.elpuco.com.ar\/web\/wp-content\/uploads\/2013\/02\/raku20052-300x300.jpg 300w, https:\/\/www.elpuco.com.ar\/web\/wp-content\/uploads\/2013\/02\/raku20052-100x100.jpg 100w\" sizes=\"auto, (max-width: 150px) 100vw, 150px\" \/><\/a> <a href=\"http:\/\/www.elpuco.com.ar\/web\/wp-content\/uploads\/2013\/02\/raku20054.jpg\"><img loading=\"lazy\" decoding=\"async\" class=\"alignnone size-thumbnail wp-image-546\" alt=\"raku20054\" src=\"http:\/\/www.elpuco.com.ar\/web\/wp-content\/uploads\/2013\/02\/raku20054-150x150.jpg\" width=\"150\" height=\"150\" srcset=\"https:\/\/www.elpuco.com.ar\/web\/wp-content\/uploads\/2013\/02\/raku20054-150x150.jpg 150w, https:\/\/www.elpuco.com.ar\/web\/wp-content\/uploads\/2013\/02\/raku20054-300x300.jpg 300w, https:\/\/www.elpuco.com.ar\/web\/wp-content\/uploads\/2013\/02\/raku20054-100x100.jpg 100w\" sizes=\"auto, (max-width: 150px) 100vw, 150px\" \/><\/a><\/p>\n","protected":false},"excerpt":{"rendered":"","protected":false},"author":1,"featured_media":0,"parent":0,"menu_order":0,"comment_status":"open","ping_status":"open","template":"","meta":{"ngg_post_thumbnail":0,"footnotes":""},"class_list":{"0":"post-446","1":"page","2":"type-page","3":"status-publish","5":"no-featured-image-padding"},"yoast_head":"<!-- This site is optimized with the Yoast SEO plugin v25.5 - https:\/\/yoast.com\/wordpress\/plugins\/seo\/ -->\n<title>Familia Angeles Svanascini - El Puco. Taller de ense\u00f1anza de alfareria y cer\u00e1mica art\u00edstica<\/title>\n<meta name=\"robots\" content=\"index, follow, max-snippet:-1, max-image-preview:large, max-video-preview:-1\" \/>\n<link rel=\"canonical\" href=\"https:\/\/www.elpuco.com.ar\/web\/familia-angeles-svanascini\/\" \/>\n<meta property=\"og:locale\" content=\"es_ES\" \/>\n<meta property=\"og:type\" content=\"article\" \/>\n<meta property=\"og:title\" content=\"Familia Angeles Svanascini - El Puco. Taller de ense\u00f1anza de alfareria y cer\u00e1mica art\u00edstica\" \/>\n<meta property=\"og:url\" content=\"https:\/\/www.elpuco.com.ar\/web\/familia-angeles-svanascini\/\" \/>\n<meta property=\"og:site_name\" content=\"El Puco. Taller de ense\u00f1anza de alfareria y cer\u00e1mica art\u00edstica\" \/>\n<meta property=\"article:modified_time\" content=\"2013-02-26T23:08:34+00:00\" \/>\n<meta property=\"og:image\" content=\"http:\/\/www.elpuco.com.ar\/web\/wp-content\/uploads\/2013\/02\/raku200011-150x150.jpg\" \/>\n<meta name=\"twitter:card\" content=\"summary_large_image\" \/>\n<script type=\"application\/ld+json\" class=\"yoast-schema-graph\">{\"@context\":\"https:\/\/schema.org\",\"@graph\":[{\"@type\":\"WebPage\",\"@id\":\"https:\/\/www.elpuco.com.ar\/web\/familia-angeles-svanascini\/\",\"url\":\"https:\/\/www.elpuco.com.ar\/web\/familia-angeles-svanascini\/\",\"name\":\"Familia Angeles Svanascini - El Puco. Taller de ense\u00f1anza de alfareria y cer\u00e1mica art\u00edstica\",\"isPartOf\":{\"@id\":\"https:\/\/www.elpuco.com.ar\/web\/#website\"},\"primaryImageOfPage\":{\"@id\":\"https:\/\/www.elpuco.com.ar\/web\/familia-angeles-svanascini\/#primaryimage\"},\"image\":{\"@id\":\"https:\/\/www.elpuco.com.ar\/web\/familia-angeles-svanascini\/#primaryimage\"},\"thumbnailUrl\":\"http:\/\/www.elpuco.com.ar\/web\/wp-content\/uploads\/2013\/02\/raku200011-150x150.jpg\",\"datePublished\":\"2013-02-26T23:06:21+00:00\",\"dateModified\":\"2013-02-26T23:08:34+00:00\",\"breadcrumb\":{\"@id\":\"https:\/\/www.elpuco.com.ar\/web\/familia-angeles-svanascini\/#breadcrumb\"},\"inLanguage\":\"es\",\"potentialAction\":[{\"@type\":\"ReadAction\",\"target\":[\"https:\/\/www.elpuco.com.ar\/web\/familia-angeles-svanascini\/\"]}]},{\"@type\":\"ImageObject\",\"inLanguage\":\"es\",\"@id\":\"https:\/\/www.elpuco.com.ar\/web\/familia-angeles-svanascini\/#primaryimage\",\"url\":\"http:\/\/www.elpuco.com.ar\/web\/wp-content\/uploads\/2013\/02\/raku200011-150x150.jpg\",\"contentUrl\":\"http:\/\/www.elpuco.com.ar\/web\/wp-content\/uploads\/2013\/02\/raku200011-150x150.jpg\"},{\"@type\":\"BreadcrumbList\",\"@id\":\"https:\/\/www.elpuco.com.ar\/web\/familia-angeles-svanascini\/#breadcrumb\",\"itemListElement\":[{\"@type\":\"ListItem\",\"position\":1,\"name\":\"Portada\",\"item\":\"https:\/\/www.elpuco.com.ar\/web\/\"},{\"@type\":\"ListItem\",\"position\":2,\"name\":\"Familia Angeles Svanascini\"}]},{\"@type\":\"WebSite\",\"@id\":\"https:\/\/www.elpuco.com.ar\/web\/#website\",\"url\":\"https:\/\/www.elpuco.com.ar\/web\/\",\"name\":\"El Puco. Taller de ense\u00f1anza de alfareria y cer\u00e1mica art\u00edstica\",\"description\":\"\",\"potentialAction\":[{\"@type\":\"SearchAction\",\"target\":{\"@type\":\"EntryPoint\",\"urlTemplate\":\"https:\/\/www.elpuco.com.ar\/web\/?s={search_term_string}\"},\"query-input\":{\"@type\":\"PropertyValueSpecification\",\"valueRequired\":true,\"valueName\":\"search_term_string\"}}],\"inLanguage\":\"es\"}]}<\/script>\n<!-- \/ Yoast SEO plugin. -->","yoast_head_json":{"title":"Familia Angeles Svanascini - El Puco. Taller de ense\u00f1anza de alfareria y cer\u00e1mica art\u00edstica","robots":{"index":"index","follow":"follow","max-snippet":"max-snippet:-1","max-image-preview":"max-image-preview:large","max-video-preview":"max-video-preview:-1"},"canonical":"https:\/\/www.elpuco.com.ar\/web\/familia-angeles-svanascini\/","og_locale":"es_ES","og_type":"article","og_title":"Familia Angeles Svanascini - El Puco. Taller de ense\u00f1anza de alfareria y cer\u00e1mica art\u00edstica","og_url":"https:\/\/www.elpuco.com.ar\/web\/familia-angeles-svanascini\/","og_site_name":"El Puco. Taller de ense\u00f1anza de alfareria y cer\u00e1mica art\u00edstica","article_modified_time":"2013-02-26T23:08:34+00:00","og_image":[{"url":"http:\/\/www.elpuco.com.ar\/web\/wp-content\/uploads\/2013\/02\/raku200011-150x150.jpg","type":"","width":"","height":""}],"twitter_card":"summary_large_image","schema":{"@context":"https:\/\/schema.org","@graph":[{"@type":"WebPage","@id":"https:\/\/www.elpuco.com.ar\/web\/familia-angeles-svanascini\/","url":"https:\/\/www.elpuco.com.ar\/web\/familia-angeles-svanascini\/","name":"Familia Angeles Svanascini - El Puco. Taller de ense\u00f1anza de alfareria y cer\u00e1mica art\u00edstica","isPartOf":{"@id":"https:\/\/www.elpuco.com.ar\/web\/#website"},"primaryImageOfPage":{"@id":"https:\/\/www.elpuco.com.ar\/web\/familia-angeles-svanascini\/#primaryimage"},"image":{"@id":"https:\/\/www.elpuco.com.ar\/web\/familia-angeles-svanascini\/#primaryimage"},"thumbnailUrl":"http:\/\/www.elpuco.com.ar\/web\/wp-content\/uploads\/2013\/02\/raku200011-150x150.jpg","datePublished":"2013-02-26T23:06:21+00:00","dateModified":"2013-02-26T23:08:34+00:00","breadcrumb":{"@id":"https:\/\/www.elpuco.com.ar\/web\/familia-angeles-svanascini\/#breadcrumb"},"inLanguage":"es","potentialAction":[{"@type":"ReadAction","target":["https:\/\/www.elpuco.com.ar\/web\/familia-angeles-svanascini\/"]}]},{"@type":"ImageObject","inLanguage":"es","@id":"https:\/\/www.elpuco.com.ar\/web\/familia-angeles-svanascini\/#primaryimage","url":"http:\/\/www.elpuco.com.ar\/web\/wp-content\/uploads\/2013\/02\/raku200011-150x150.jpg","contentUrl":"http:\/\/www.elpuco.com.ar\/web\/wp-content\/uploads\/2013\/02\/raku200011-150x150.jpg"},{"@type":"BreadcrumbList","@id":"https:\/\/www.elpuco.com.ar\/web\/familia-angeles-svanascini\/#breadcrumb","itemListElement":[{"@type":"ListItem","position":1,"name":"Portada","item":"https:\/\/www.elpuco.com.ar\/web\/"},{"@type":"ListItem","position":2,"name":"Familia Angeles Svanascini"}]},{"@type":"WebSite","@id":"https:\/\/www.elpuco.com.ar\/web\/#website","url":"https:\/\/www.elpuco.com.ar\/web\/","name":"El Puco. Taller de ense\u00f1anza de alfareria y cer\u00e1mica art\u00edstica","description":"","potentialAction":[{"@type":"SearchAction","target":{"@type":"EntryPoint","urlTemplate":"https:\/\/www.elpuco.com.ar\/web\/?s={search_term_string}"},"query-input":{"@type":"PropertyValueSpecification","valueRequired":true,"valueName":"search_term_string"}}],"inLanguage":"es"}]}},"_links":{"self":[{"href":"https:\/\/www.elpuco.com.ar\/web\/wp-json\/wp\/v2\/pages\/446","targetHints":{"allow":["GET"]}}],"collection":[{"href":"https:\/\/www.elpuco.com.ar\/web\/wp-json\/wp\/v2\/pages"}],"about":[{"href":"https:\/\/www.elpuco.com.ar\/web\/wp-json\/wp\/v2\/types\/page"}],"author":[{"embeddable":true,"href":"https:\/\/www.elpuco.com.ar\/web\/wp-json\/wp\/v2\/users\/1"}],"replies":[{"embeddable":true,"href":"https:\/\/www.elpuco.com.ar\/web\/wp-json\/wp\/v2\/comments?post=446"}],"version-history":[{"count":2,"href":"https:\/\/www.elpuco.com.ar\/web\/wp-json\/wp\/v2\/pages\/446\/revisions"}],"predecessor-version":[{"id":548,"href":"https:\/\/www.elpuco.com.ar\/web\/wp-json\/wp\/v2\/pages\/446\/revisions\/548"}],"wp:attachment":[{"href":"https:\/\/www.elpuco.com.ar\/web\/wp-json\/wp\/v2\/media?parent=446"}],"curies":[{"name":"wp","href":"https:\/\/api.w.org\/{rel}","templated":true}]}}