{"id":552,"date":"2013-02-26T23:16:56","date_gmt":"2013-02-26T23:16:56","guid":{"rendered":"http:\/\/www.elpuco.com.ar\/web\/?page_id=552"},"modified":"2013-02-26T23:16:56","modified_gmt":"2013-02-26T23:16:56","slug":"producciones-el-puco","status":"publish","type":"page","link":"https:\/\/www.elpuco.com.ar\/web\/producciones-el-puco\/","title":{"rendered":"Producciones El Puco"},"content":{"rendered":"<p>Servicios otorgados fuera del taller y venta de productos cer\u00e1micos.<\/p>\n<p><a href=\"http:\/\/www.elpuco.com.ar\/web\/wp-content\/uploads\/2013\/02\/110.jpg\"><img loading=\"lazy\" decoding=\"async\" class=\"alignnone size-medium wp-image-553\" alt=\"1\" src=\"http:\/\/www.elpuco.com.ar\/web\/wp-content\/uploads\/2013\/02\/110-300x225.jpg\" width=\"300\" height=\"225\" srcset=\"https:\/\/www.elpuco.com.ar\/web\/wp-content\/uploads\/2013\/02\/110-300x225.jpg 300w, https:\/\/www.elpuco.com.ar\/web\/wp-content\/uploads\/2013\/02\/110.jpg 400w\" sizes=\"auto, (max-width: 300px) 100vw, 300px\" \/><\/a> <a href=\"http:\/\/www.elpuco.com.ar\/web\/wp-content\/uploads\/2013\/02\/210.jpg\"><img loading=\"lazy\" decoding=\"async\" class=\"alignnone size-thumbnail wp-image-554\" alt=\"2\" src=\"http:\/\/www.elpuco.com.ar\/web\/wp-content\/uploads\/2013\/02\/210-150x150.jpg\" width=\"150\" height=\"150\" srcset=\"https:\/\/www.elpuco.com.ar\/web\/wp-content\/uploads\/2013\/02\/210-150x150.jpg 150w, https:\/\/www.elpuco.com.ar\/web\/wp-content\/uploads\/2013\/02\/210-300x300.jpg 300w, https:\/\/www.elpuco.com.ar\/web\/wp-content\/uploads\/2013\/02\/210-100x100.jpg 100w\" sizes=\"auto, (max-width: 150px) 100vw, 150px\" \/><\/a> <a href=\"http:\/\/www.elpuco.com.ar\/web\/wp-content\/uploads\/2013\/02\/35.jpg\"><img loading=\"lazy\" decoding=\"async\" class=\"alignnone size-thumbnail wp-image-555\" alt=\"3\" src=\"http:\/\/www.elpuco.com.ar\/web\/wp-content\/uploads\/2013\/02\/35-150x150.jpg\" width=\"150\" height=\"150\" srcset=\"https:\/\/www.elpuco.com.ar\/web\/wp-content\/uploads\/2013\/02\/35-150x150.jpg 150w, https:\/\/www.elpuco.com.ar\/web\/wp-content\/uploads\/2013\/02\/35-300x300.jpg 300w, https:\/\/www.elpuco.com.ar\/web\/wp-content\/uploads\/2013\/02\/35-100x100.jpg 100w\" sizes=\"auto, (max-width: 150px) 100vw, 150px\" \/><\/a> <a href=\"http:\/\/www.elpuco.com.ar\/web\/wp-content\/uploads\/2013\/02\/41.jpg\"><img loading=\"lazy\" decoding=\"async\" class=\"alignnone size-thumbnail wp-image-556\" alt=\"4\" src=\"http:\/\/www.elpuco.com.ar\/web\/wp-content\/uploads\/2013\/02\/41-150x150.jpg\" width=\"150\" height=\"150\" srcset=\"https:\/\/www.elpuco.com.ar\/web\/wp-content\/uploads\/2013\/02\/41-150x150.jpg 150w, https:\/\/www.elpuco.com.ar\/web\/wp-content\/uploads\/2013\/02\/41-300x300.jpg 300w, https:\/\/www.elpuco.com.ar\/web\/wp-content\/uploads\/2013\/02\/41-100x100.jpg 100w\" sizes=\"auto, (max-width: 150px) 100vw, 150px\" \/><\/a> <a href=\"http:\/\/www.elpuco.com.ar\/web\/wp-content\/uploads\/2013\/02\/51.jpg\"><img loading=\"lazy\" decoding=\"async\" class=\"alignnone size-thumbnail wp-image-557\" alt=\"5\" src=\"http:\/\/www.elpuco.com.ar\/web\/wp-content\/uploads\/2013\/02\/51-150x150.jpg\" width=\"150\" height=\"150\" srcset=\"https:\/\/www.elpuco.com.ar\/web\/wp-content\/uploads\/2013\/02\/51-150x150.jpg 150w, https:\/\/www.elpuco.com.ar\/web\/wp-content\/uploads\/2013\/02\/51-300x300.jpg 300w, https:\/\/www.elpuco.com.ar\/web\/wp-content\/uploads\/2013\/02\/51-100x100.jpg 100w\" sizes=\"auto, (max-width: 150px) 100vw, 150px\" \/><\/a> <a href=\"http:\/\/www.elpuco.com.ar\/web\/wp-content\/uploads\/2013\/02\/61.jpg\"><img loading=\"lazy\" decoding=\"async\" class=\"alignnone size-thumbnail wp-image-558\" alt=\"6\" src=\"http:\/\/www.elpuco.com.ar\/web\/wp-content\/uploads\/2013\/02\/61-150x150.jpg\" width=\"150\" height=\"150\" srcset=\"https:\/\/www.elpuco.com.ar\/web\/wp-content\/uploads\/2013\/02\/61-150x150.jpg 150w, https:\/\/www.elpuco.com.ar\/web\/wp-content\/uploads\/2013\/02\/61-300x300.jpg 300w, https:\/\/www.elpuco.com.ar\/web\/wp-content\/uploads\/2013\/02\/61-100x100.jpg 100w\" sizes=\"auto, (max-width: 150px) 100vw, 150px\" \/><\/a> <a href=\"http:\/\/www.elpuco.com.ar\/web\/wp-content\/uploads\/2013\/02\/71.jpg\"><img loading=\"lazy\" decoding=\"async\" class=\"alignnone size-thumbnail wp-image-559\" alt=\"7\" src=\"http:\/\/www.elpuco.com.ar\/web\/wp-content\/uploads\/2013\/02\/71-150x150.jpg\" width=\"150\" height=\"150\" srcset=\"https:\/\/www.elpuco.com.ar\/web\/wp-content\/uploads\/2013\/02\/71-150x150.jpg 150w, https:\/\/www.elpuco.com.ar\/web\/wp-content\/uploads\/2013\/02\/71-300x300.jpg 300w, https:\/\/www.elpuco.com.ar\/web\/wp-content\/uploads\/2013\/02\/71-100x100.jpg 100w\" sizes=\"auto, (max-width: 150px) 100vw, 150px\" \/><\/a> <a href=\"http:\/\/www.elpuco.com.ar\/web\/wp-content\/uploads\/2013\/02\/8.jpg\"><img loading=\"lazy\" decoding=\"async\" class=\"alignnone size-thumbnail wp-image-560\" alt=\"8\" src=\"http:\/\/www.elpuco.com.ar\/web\/wp-content\/uploads\/2013\/02\/8-150x150.jpg\" width=\"150\" height=\"150\" srcset=\"https:\/\/www.elpuco.com.ar\/web\/wp-content\/uploads\/2013\/02\/8-150x150.jpg 150w, https:\/\/www.elpuco.com.ar\/web\/wp-content\/uploads\/2013\/02\/8-300x300.jpg 300w, https:\/\/www.elpuco.com.ar\/web\/wp-content\/uploads\/2013\/02\/8-100x100.jpg 100w\" sizes=\"auto, (max-width: 150px) 100vw, 150px\" \/><\/a> <a href=\"http:\/\/www.elpuco.com.ar\/web\/wp-content\/uploads\/2013\/02\/107.jpg\"><img loading=\"lazy\" decoding=\"async\" class=\"alignnone size-thumbnail wp-image-561\" alt=\"10\" src=\"http:\/\/www.elpuco.com.ar\/web\/wp-content\/uploads\/2013\/02\/107-150x150.jpg\" width=\"150\" height=\"150\" srcset=\"https:\/\/www.elpuco.com.ar\/web\/wp-content\/uploads\/2013\/02\/107-150x150.jpg 150w, https:\/\/www.elpuco.com.ar\/web\/wp-content\/uploads\/2013\/02\/107-300x300.jpg 300w, https:\/\/www.elpuco.com.ar\/web\/wp-content\/uploads\/2013\/02\/107-100x100.jpg 100w\" sizes=\"auto, (max-width: 150px) 100vw, 150px\" \/><\/a> <a href=\"http:\/\/www.elpuco.com.ar\/web\/wp-content\/uploads\/2013\/02\/117.jpg\"><img loading=\"lazy\" decoding=\"async\" class=\"alignnone size-thumbnail wp-image-562\" alt=\"11\" src=\"http:\/\/www.elpuco.com.ar\/web\/wp-content\/uploads\/2013\/02\/117-150x150.jpg\" width=\"150\" height=\"150\" srcset=\"https:\/\/www.elpuco.com.ar\/web\/wp-content\/uploads\/2013\/02\/117-150x150.jpg 150w, https:\/\/www.elpuco.com.ar\/web\/wp-content\/uploads\/2013\/02\/117-300x300.jpg 300w, https:\/\/www.elpuco.com.ar\/web\/wp-content\/uploads\/2013\/02\/117-100x100.jpg 100w\" sizes=\"auto, (max-width: 150px) 100vw, 150px\" \/><\/a> <a href=\"http:\/\/www.elpuco.com.ar\/web\/wp-content\/uploads\/2013\/02\/124.jpg\"><img loading=\"lazy\" decoding=\"async\" class=\"alignnone size-thumbnail wp-image-563\" alt=\"12\" src=\"http:\/\/www.elpuco.com.ar\/web\/wp-content\/uploads\/2013\/02\/124-150x150.jpg\" width=\"150\" height=\"150\" srcset=\"https:\/\/www.elpuco.com.ar\/web\/wp-content\/uploads\/2013\/02\/124-150x150.jpg 150w, https:\/\/www.elpuco.com.ar\/web\/wp-content\/uploads\/2013\/02\/124-300x300.jpg 300w, https:\/\/www.elpuco.com.ar\/web\/wp-content\/uploads\/2013\/02\/124-100x100.jpg 100w\" sizes=\"auto, (max-width: 150px) 100vw, 150px\" \/><\/a> <a href=\"http:\/\/www.elpuco.com.ar\/web\/wp-content\/uploads\/2013\/02\/135.jpg\"><img loading=\"lazy\" decoding=\"async\" class=\"alignnone size-thumbnail wp-image-564\" alt=\"13\" src=\"http:\/\/www.elpuco.com.ar\/web\/wp-content\/uploads\/2013\/02\/135-150x150.jpg\" width=\"150\" height=\"150\" srcset=\"https:\/\/www.elpuco.com.ar\/web\/wp-content\/uploads\/2013\/02\/135-150x150.jpg 150w, https:\/\/www.elpuco.com.ar\/web\/wp-content\/uploads\/2013\/02\/135-300x300.jpg 300w, https:\/\/www.elpuco.com.ar\/web\/wp-content\/uploads\/2013\/02\/135-100x100.jpg 100w\" sizes=\"auto, (max-width: 150px) 100vw, 150px\" \/><\/a> <a href=\"http:\/\/www.elpuco.com.ar\/web\/wp-content\/uploads\/2013\/02\/144.jpg\"><img loading=\"lazy\" decoding=\"async\" class=\"alignnone size-thumbnail wp-image-565\" alt=\"14\" src=\"http:\/\/www.elpuco.com.ar\/web\/wp-content\/uploads\/2013\/02\/144-150x150.jpg\" width=\"150\" height=\"150\" srcset=\"https:\/\/www.elpuco.com.ar\/web\/wp-content\/uploads\/2013\/02\/144-150x150.jpg 150w, https:\/\/www.elpuco.com.ar\/web\/wp-content\/uploads\/2013\/02\/144-300x300.jpg 300w, https:\/\/www.elpuco.com.ar\/web\/wp-content\/uploads\/2013\/02\/144-100x100.jpg 100w\" sizes=\"auto, (max-width: 150px) 100vw, 150px\" \/><\/a> <a href=\"http:\/\/www.elpuco.com.ar\/web\/wp-content\/uploads\/2013\/02\/163.jpg\"><img loading=\"lazy\" decoding=\"async\" class=\"alignnone size-thumbnail wp-image-566\" alt=\"16\" src=\"http:\/\/www.elpuco.com.ar\/web\/wp-content\/uploads\/2013\/02\/163-150x150.jpg\" width=\"150\" height=\"150\" srcset=\"https:\/\/www.elpuco.com.ar\/web\/wp-content\/uploads\/2013\/02\/163-150x150.jpg 150w, https:\/\/www.elpuco.com.ar\/web\/wp-content\/uploads\/2013\/02\/163-300x300.jpg 300w, https:\/\/www.elpuco.com.ar\/web\/wp-content\/uploads\/2013\/02\/163-100x100.jpg 100w\" sizes=\"auto, (max-width: 150px) 100vw, 150px\" \/><\/a> <a href=\"http:\/\/www.elpuco.com.ar\/web\/wp-content\/uploads\/2013\/02\/175.jpg\"><img loading=\"lazy\" decoding=\"async\" class=\"alignnone size-thumbnail wp-image-567\" alt=\"17\" src=\"http:\/\/www.elpuco.com.ar\/web\/wp-content\/uploads\/2013\/02\/175-150x150.jpg\" width=\"150\" height=\"150\" srcset=\"https:\/\/www.elpuco.com.ar\/web\/wp-content\/uploads\/2013\/02\/175-150x150.jpg 150w, https:\/\/www.elpuco.com.ar\/web\/wp-content\/uploads\/2013\/02\/175-300x300.jpg 300w, https:\/\/www.elpuco.com.ar\/web\/wp-content\/uploads\/2013\/02\/175-100x100.jpg 100w\" sizes=\"auto, (max-width: 150px) 100vw, 150px\" \/><\/a> <a href=\"http:\/\/www.elpuco.com.ar\/web\/wp-content\/uploads\/2013\/02\/183.jpg\"><img loading=\"lazy\" decoding=\"async\" class=\"alignnone size-thumbnail wp-image-568\" alt=\"18\" src=\"http:\/\/www.elpuco.com.ar\/web\/wp-content\/uploads\/2013\/02\/183-150x150.jpg\" width=\"150\" height=\"150\" srcset=\"https:\/\/www.elpuco.com.ar\/web\/wp-content\/uploads\/2013\/02\/183-150x150.jpg 150w, https:\/\/www.elpuco.com.ar\/web\/wp-content\/uploads\/2013\/02\/183-300x300.jpg 300w, https:\/\/www.elpuco.com.ar\/web\/wp-content\/uploads\/2013\/02\/183-100x100.jpg 100w\" sizes=\"auto, (max-width: 150px) 100vw, 150px\" \/><\/a> <a href=\"http:\/\/www.elpuco.com.ar\/web\/wp-content\/uploads\/2013\/02\/193.jpg\"><img loading=\"lazy\" decoding=\"async\" class=\"alignnone size-thumbnail wp-image-569\" alt=\"19\" src=\"http:\/\/www.elpuco.com.ar\/web\/wp-content\/uploads\/2013\/02\/193-150x150.jpg\" width=\"150\" height=\"150\" srcset=\"https:\/\/www.elpuco.com.ar\/web\/wp-content\/uploads\/2013\/02\/193-150x150.jpg 150w, https:\/\/www.elpuco.com.ar\/web\/wp-content\/uploads\/2013\/02\/193-300x300.jpg 300w, https:\/\/www.elpuco.com.ar\/web\/wp-content\/uploads\/2013\/02\/193-100x100.jpg 100w\" sizes=\"auto, (max-width: 150px) 100vw, 150px\" \/><\/a> <a href=\"http:\/\/www.elpuco.com.ar\/web\/wp-content\/uploads\/2013\/02\/202.jpg\"><img loading=\"lazy\" decoding=\"async\" class=\"alignnone size-thumbnail wp-image-570\" alt=\"20\" src=\"http:\/\/www.elpuco.com.ar\/web\/wp-content\/uploads\/2013\/02\/202-150x150.jpg\" width=\"150\" height=\"150\" srcset=\"https:\/\/www.elpuco.com.ar\/web\/wp-content\/uploads\/2013\/02\/202-150x150.jpg 150w, https:\/\/www.elpuco.com.ar\/web\/wp-content\/uploads\/2013\/02\/202-300x300.jpg 300w, https:\/\/www.elpuco.com.ar\/web\/wp-content\/uploads\/2013\/02\/202-100x100.jpg 100w\" sizes=\"auto, (max-width: 150px) 100vw, 150px\" \/><\/a> <a href=\"http:\/\/www.elpuco.com.ar\/web\/wp-content\/uploads\/2013\/02\/212.jpg\"><img loading=\"lazy\" decoding=\"async\" class=\"alignnone size-thumbnail wp-image-571\" alt=\"21\" src=\"http:\/\/www.elpuco.com.ar\/web\/wp-content\/uploads\/2013\/02\/212-150x150.jpg\" width=\"150\" height=\"150\" srcset=\"https:\/\/www.elpuco.com.ar\/web\/wp-content\/uploads\/2013\/02\/212-150x150.jpg 150w, https:\/\/www.elpuco.com.ar\/web\/wp-content\/uploads\/2013\/02\/212-300x300.jpg 300w, https:\/\/www.elpuco.com.ar\/web\/wp-content\/uploads\/2013\/02\/212-100x100.jpg 100w\" sizes=\"auto, (max-width: 150px) 100vw, 150px\" \/><\/a> <a href=\"http:\/\/www.elpuco.com.ar\/web\/wp-content\/uploads\/2013\/02\/222.jpg\"><img loading=\"lazy\" decoding=\"async\" class=\"alignnone size-thumbnail wp-image-572\" alt=\"22\" src=\"http:\/\/www.elpuco.com.ar\/web\/wp-content\/uploads\/2013\/02\/222-150x150.jpg\" width=\"150\" height=\"150\" srcset=\"https:\/\/www.elpuco.com.ar\/web\/wp-content\/uploads\/2013\/02\/222-150x150.jpg 150w, https:\/\/www.elpuco.com.ar\/web\/wp-content\/uploads\/2013\/02\/222-300x300.jpg 300w, https:\/\/www.elpuco.com.ar\/web\/wp-content\/uploads\/2013\/02\/222-100x100.jpg 100w\" sizes=\"auto, (max-width: 150px) 100vw, 150px\" \/><\/a> <a href=\"http:\/\/www.elpuco.com.ar\/web\/wp-content\/uploads\/2013\/02\/251.jpg\"><img loading=\"lazy\" decoding=\"async\" class=\"alignnone size-thumbnail wp-image-573\" alt=\"25\" src=\"http:\/\/www.elpuco.com.ar\/web\/wp-content\/uploads\/2013\/02\/251-150x150.jpg\" width=\"150\" height=\"150\" srcset=\"https:\/\/www.elpuco.com.ar\/web\/wp-content\/uploads\/2013\/02\/251-150x150.jpg 150w, https:\/\/www.elpuco.com.ar\/web\/wp-content\/uploads\/2013\/02\/251-300x300.jpg 300w, https:\/\/www.elpuco.com.ar\/web\/wp-content\/uploads\/2013\/02\/251-100x100.jpg 100w\" sizes=\"auto, (max-width: 150px) 100vw, 150px\" \/><\/a> <a href=\"http:\/\/www.elpuco.com.ar\/web\/wp-content\/uploads\/2013\/02\/261.jpg\"><img loading=\"lazy\" decoding=\"async\" class=\"alignnone size-thumbnail wp-image-574\" alt=\"26\" src=\"http:\/\/www.elpuco.com.ar\/web\/wp-content\/uploads\/2013\/02\/261-150x150.jpg\" width=\"150\" height=\"150\" srcset=\"https:\/\/www.elpuco.com.ar\/web\/wp-content\/uploads\/2013\/02\/261-150x150.jpg 150w, https:\/\/www.elpuco.com.ar\/web\/wp-content\/uploads\/2013\/02\/261-300x300.jpg 300w, https:\/\/www.elpuco.com.ar\/web\/wp-content\/uploads\/2013\/02\/261-100x100.jpg 100w\" sizes=\"auto, (max-width: 150px) 100vw, 150px\" \/><\/a> <a href=\"http:\/\/www.elpuco.com.ar\/web\/wp-content\/uploads\/2013\/02\/271.jpg\"><img loading=\"lazy\" decoding=\"async\" class=\"alignnone size-thumbnail wp-image-575\" alt=\"27\" src=\"http:\/\/www.elpuco.com.ar\/web\/wp-content\/uploads\/2013\/02\/271-150x150.jpg\" width=\"150\" height=\"150\" srcset=\"https:\/\/www.elpuco.com.ar\/web\/wp-content\/uploads\/2013\/02\/271-150x150.jpg 150w, https:\/\/www.elpuco.com.ar\/web\/wp-content\/uploads\/2013\/02\/271-300x300.jpg 300w, https:\/\/www.elpuco.com.ar\/web\/wp-content\/uploads\/2013\/02\/271-100x100.jpg 100w\" sizes=\"auto, (max-width: 150px) 100vw, 150px\" \/><\/a> <a href=\"http:\/\/www.elpuco.com.ar\/web\/wp-content\/uploads\/2013\/02\/281.jpg\"><img loading=\"lazy\" decoding=\"async\" class=\"alignnone size-thumbnail wp-image-576\" alt=\"28\" src=\"http:\/\/www.elpuco.com.ar\/web\/wp-content\/uploads\/2013\/02\/281-150x150.jpg\" width=\"150\" height=\"150\" srcset=\"https:\/\/www.elpuco.com.ar\/web\/wp-content\/uploads\/2013\/02\/281-150x150.jpg 150w, https:\/\/www.elpuco.com.ar\/web\/wp-content\/uploads\/2013\/02\/281-300x300.jpg 300w, https:\/\/www.elpuco.com.ar\/web\/wp-content\/uploads\/2013\/02\/281-100x100.jpg 100w\" sizes=\"auto, (max-width: 150px) 100vw, 150px\" \/><\/a><\/p>\n","protected":false},"excerpt":{"rendered":"<p>Servicios otorgados fuera del taller y venta de productos cer\u00e1micos.<\/p>\n","protected":false},"author":1,"featured_media":0,"parent":0,"menu_order":0,"comment_status":"open","ping_status":"open","template":"","meta":{"ngg_post_thumbnail":0,"footnotes":""},"class_list":{"0":"post-552","1":"page","2":"type-page","3":"status-publish","5":"no-featured-image-padding"},"yoast_head":"<!-- This site is optimized with the Yoast SEO plugin v25.5 - https:\/\/yoast.com\/wordpress\/plugins\/seo\/ -->\n<title>Producciones El Puco - El Puco. Taller de ense\u00f1anza de alfareria y cer\u00e1mica art\u00edstica<\/title>\n<meta name=\"robots\" content=\"index, follow, max-snippet:-1, max-image-preview:large, max-video-preview:-1\" \/>\n<link rel=\"canonical\" href=\"https:\/\/www.elpuco.com.ar\/web\/producciones-el-puco\/\" \/>\n<meta property=\"og:locale\" content=\"es_ES\" \/>\n<meta property=\"og:type\" content=\"article\" \/>\n<meta property=\"og:title\" content=\"Producciones El Puco - El Puco. Taller de ense\u00f1anza de alfareria y cer\u00e1mica art\u00edstica\" \/>\n<meta property=\"og:description\" content=\"Servicios otorgados fuera del taller y venta de productos cer\u00e1micos.\" \/>\n<meta property=\"og:url\" content=\"https:\/\/www.elpuco.com.ar\/web\/producciones-el-puco\/\" \/>\n<meta property=\"og:site_name\" content=\"El Puco. Taller de ense\u00f1anza de alfareria y cer\u00e1mica art\u00edstica\" \/>\n<meta property=\"og:image\" content=\"http:\/\/www.elpuco.com.ar\/web\/wp-content\/uploads\/2013\/02\/110-300x225.jpg\" \/>\n<meta name=\"twitter:card\" content=\"summary_large_image\" \/>\n<script type=\"application\/ld+json\" class=\"yoast-schema-graph\">{\"@context\":\"https:\/\/schema.org\",\"@graph\":[{\"@type\":\"WebPage\",\"@id\":\"https:\/\/www.elpuco.com.ar\/web\/producciones-el-puco\/\",\"url\":\"https:\/\/www.elpuco.com.ar\/web\/producciones-el-puco\/\",\"name\":\"Producciones El Puco - El Puco. Taller de ense\u00f1anza de alfareria y cer\u00e1mica art\u00edstica\",\"isPartOf\":{\"@id\":\"https:\/\/www.elpuco.com.ar\/web\/#website\"},\"primaryImageOfPage\":{\"@id\":\"https:\/\/www.elpuco.com.ar\/web\/producciones-el-puco\/#primaryimage\"},\"image\":{\"@id\":\"https:\/\/www.elpuco.com.ar\/web\/producciones-el-puco\/#primaryimage\"},\"thumbnailUrl\":\"http:\/\/www.elpuco.com.ar\/web\/wp-content\/uploads\/2013\/02\/110-300x225.jpg\",\"datePublished\":\"2013-02-26T23:16:56+00:00\",\"breadcrumb\":{\"@id\":\"https:\/\/www.elpuco.com.ar\/web\/producciones-el-puco\/#breadcrumb\"},\"inLanguage\":\"es\",\"potentialAction\":[{\"@type\":\"ReadAction\",\"target\":[\"https:\/\/www.elpuco.com.ar\/web\/producciones-el-puco\/\"]}]},{\"@type\":\"ImageObject\",\"inLanguage\":\"es\",\"@id\":\"https:\/\/www.elpuco.com.ar\/web\/producciones-el-puco\/#primaryimage\",\"url\":\"http:\/\/www.elpuco.com.ar\/web\/wp-content\/uploads\/2013\/02\/110-300x225.jpg\",\"contentUrl\":\"http:\/\/www.elpuco.com.ar\/web\/wp-content\/uploads\/2013\/02\/110-300x225.jpg\"},{\"@type\":\"BreadcrumbList\",\"@id\":\"https:\/\/www.elpuco.com.ar\/web\/producciones-el-puco\/#breadcrumb\",\"itemListElement\":[{\"@type\":\"ListItem\",\"position\":1,\"name\":\"Portada\",\"item\":\"https:\/\/www.elpuco.com.ar\/web\/\"},{\"@type\":\"ListItem\",\"position\":2,\"name\":\"Producciones El Puco\"}]},{\"@type\":\"WebSite\",\"@id\":\"https:\/\/www.elpuco.com.ar\/web\/#website\",\"url\":\"https:\/\/www.elpuco.com.ar\/web\/\",\"name\":\"El Puco. Taller de ense\u00f1anza de alfareria y cer\u00e1mica art\u00edstica\",\"description\":\"\",\"potentialAction\":[{\"@type\":\"SearchAction\",\"target\":{\"@type\":\"EntryPoint\",\"urlTemplate\":\"https:\/\/www.elpuco.com.ar\/web\/?s={search_term_string}\"},\"query-input\":{\"@type\":\"PropertyValueSpecification\",\"valueRequired\":true,\"valueName\":\"search_term_string\"}}],\"inLanguage\":\"es\"}]}<\/script>\n<!-- \/ Yoast SEO plugin. -->","yoast_head_json":{"title":"Producciones El Puco - El Puco. Taller de ense\u00f1anza de alfareria y cer\u00e1mica art\u00edstica","robots":{"index":"index","follow":"follow","max-snippet":"max-snippet:-1","max-image-preview":"max-image-preview:large","max-video-preview":"max-video-preview:-1"},"canonical":"https:\/\/www.elpuco.com.ar\/web\/producciones-el-puco\/","og_locale":"es_ES","og_type":"article","og_title":"Producciones El Puco - El Puco. Taller de ense\u00f1anza de alfareria y cer\u00e1mica art\u00edstica","og_description":"Servicios otorgados fuera del taller y venta de productos cer\u00e1micos.","og_url":"https:\/\/www.elpuco.com.ar\/web\/producciones-el-puco\/","og_site_name":"El Puco. Taller de ense\u00f1anza de alfareria y cer\u00e1mica art\u00edstica","og_image":[{"url":"http:\/\/www.elpuco.com.ar\/web\/wp-content\/uploads\/2013\/02\/110-300x225.jpg","type":"","width":"","height":""}],"twitter_card":"summary_large_image","schema":{"@context":"https:\/\/schema.org","@graph":[{"@type":"WebPage","@id":"https:\/\/www.elpuco.com.ar\/web\/producciones-el-puco\/","url":"https:\/\/www.elpuco.com.ar\/web\/producciones-el-puco\/","name":"Producciones El Puco - El Puco. Taller de ense\u00f1anza de alfareria y cer\u00e1mica art\u00edstica","isPartOf":{"@id":"https:\/\/www.elpuco.com.ar\/web\/#website"},"primaryImageOfPage":{"@id":"https:\/\/www.elpuco.com.ar\/web\/producciones-el-puco\/#primaryimage"},"image":{"@id":"https:\/\/www.elpuco.com.ar\/web\/producciones-el-puco\/#primaryimage"},"thumbnailUrl":"http:\/\/www.elpuco.com.ar\/web\/wp-content\/uploads\/2013\/02\/110-300x225.jpg","datePublished":"2013-02-26T23:16:56+00:00","breadcrumb":{"@id":"https:\/\/www.elpuco.com.ar\/web\/producciones-el-puco\/#breadcrumb"},"inLanguage":"es","potentialAction":[{"@type":"ReadAction","target":["https:\/\/www.elpuco.com.ar\/web\/producciones-el-puco\/"]}]},{"@type":"ImageObject","inLanguage":"es","@id":"https:\/\/www.elpuco.com.ar\/web\/producciones-el-puco\/#primaryimage","url":"http:\/\/www.elpuco.com.ar\/web\/wp-content\/uploads\/2013\/02\/110-300x225.jpg","contentUrl":"http:\/\/www.elpuco.com.ar\/web\/wp-content\/uploads\/2013\/02\/110-300x225.jpg"},{"@type":"BreadcrumbList","@id":"https:\/\/www.elpuco.com.ar\/web\/producciones-el-puco\/#breadcrumb","itemListElement":[{"@type":"ListItem","position":1,"name":"Portada","item":"https:\/\/www.elpuco.com.ar\/web\/"},{"@type":"ListItem","position":2,"name":"Producciones El Puco"}]},{"@type":"WebSite","@id":"https:\/\/www.elpuco.com.ar\/web\/#website","url":"https:\/\/www.elpuco.com.ar\/web\/","name":"El Puco. Taller de ense\u00f1anza de alfareria y cer\u00e1mica art\u00edstica","description":"","potentialAction":[{"@type":"SearchAction","target":{"@type":"EntryPoint","urlTemplate":"https:\/\/www.elpuco.com.ar\/web\/?s={search_term_string}"},"query-input":{"@type":"PropertyValueSpecification","valueRequired":true,"valueName":"search_term_string"}}],"inLanguage":"es"}]}},"_links":{"self":[{"href":"https:\/\/www.elpuco.com.ar\/web\/wp-json\/wp\/v2\/pages\/552","targetHints":{"allow":["GET"]}}],"collection":[{"href":"https:\/\/www.elpuco.com.ar\/web\/wp-json\/wp\/v2\/pages"}],"about":[{"href":"https:\/\/www.elpuco.com.ar\/web\/wp-json\/wp\/v2\/types\/page"}],"author":[{"embeddable":true,"href":"https:\/\/www.elpuco.com.ar\/web\/wp-json\/wp\/v2\/users\/1"}],"replies":[{"embeddable":true,"href":"https:\/\/www.elpuco.com.ar\/web\/wp-json\/wp\/v2\/comments?post=552"}],"version-history":[{"count":1,"href":"https:\/\/www.elpuco.com.ar\/web\/wp-json\/wp\/v2\/pages\/552\/revisions"}],"predecessor-version":[{"id":577,"href":"https:\/\/www.elpuco.com.ar\/web\/wp-json\/wp\/v2\/pages\/552\/revisions\/577"}],"wp:attachment":[{"href":"https:\/\/www.elpuco.com.ar\/web\/wp-json\/wp\/v2\/media?parent=552"}],"curies":[{"name":"wp","href":"https:\/\/api.w.org\/{rel}","templated":true}]}}