{"id":6,"date":"2013-02-19T22:12:16","date_gmt":"2013-02-19T22:12:16","guid":{"rendered":"http:\/\/www.elpuco.com.ar\/web\/?page_id=6"},"modified":"2014-08-19T22:07:52","modified_gmt":"2014-08-19T22:07:52","slug":"curriculum","status":"publish","type":"page","link":"https:\/\/www.elpuco.com.ar\/web\/curriculum\/","title":{"rendered":"Curriculum"},"content":{"rendered":"<p>&nbsp;<\/p>\n<table border=\"0\" width=\"92%\" align=\"center\">\n<tbody>\n<tr>\n<td colspan=\"2\"><i>Datos personales:<\/i><\/td>\n<td rowspan=\"18\"><a href=\"http:\/\/www.elpuco.com.ar\/web\/wp-content\/uploads\/2013\/02\/Ale2010p1.jpg\"><img loading=\"lazy\" decoding=\"async\" class=\"alignnone size-full wp-image-54\" src=\"http:\/\/www.elpuco.com.ar\/web\/wp-content\/uploads\/2013\/02\/Ale2010p1.jpg\" alt=\"Ale2010p\" width=\"360\" height=\"480\" srcset=\"https:\/\/www.elpuco.com.ar\/web\/wp-content\/uploads\/2013\/02\/Ale2010p1.jpg 360w, https:\/\/www.elpuco.com.ar\/web\/wp-content\/uploads\/2013\/02\/Ale2010p1-225x300.jpg 225w\" sizes=\"auto, (max-width: 360px) 100vw, 360px\" \/><\/a><\/td>\n<\/tr>\n<tr>\n<td width=\"11%\" height=\"12\"><\/td>\n<td width=\"45%\" height=\"12\"><\/td>\n<\/tr>\n<tr>\n<td width=\"11%\">Nombre y Apellido:<\/td>\n<td width=\"45%\">Alessandro Jara Benaducci<\/td>\n<\/tr>\n<tr>\n<td width=\"11%\">Nacionalidad:<\/td>\n<td width=\"45%\">Argentino (naturalizado)<\/td>\n<\/tr>\n<tr>\n<td width=\"11%\">Fecha y lugar de nacimiento:<\/td>\n<td width=\"45%\">16 de Septiembre &#8211; Lima, Per\u00fa<\/td>\n<\/tr>\n<tr>\n<td width=\"11%\">Domicilio:<\/td>\n<td width=\"45%\">Capital Federal<\/td>\n<\/tr>\n<tr>\n<td width=\"11%\" height=\"26\">Tel\u00e9fono:<\/td>\n<td width=\"45%\" height=\"26\">15-5895-9530<\/td>\n<\/tr>\n<tr>\n<td width=\"11%\">E-mail:<\/td>\n<td width=\"45%\">tallerelpuco@yahoo.com.ar<\/td>\n<\/tr>\n<tr>\n<td width=\"11%\"><\/td>\n<td width=\"45%\"><\/td>\n<\/tr>\n<tr>\n<td width=\"11%\"><\/td>\n<td width=\"45%\"><\/td>\n<\/tr>\n<tr>\n<td width=\"11%\"><\/td>\n<td width=\"45%\"><\/td>\n<\/tr>\n<tr>\n<td width=\"11%\" height=\"26\"><\/td>\n<td width=\"45%\" height=\"26\"><\/td>\n<\/tr>\n<tr>\n<td colspan=\"2\"><i>Estudios Cursados:<\/i><\/td>\n<\/tr>\n<tr>\n<td colspan=\"2\"><\/td>\n<\/tr>\n<tr>\n<td colspan=\"2\">&#8211; T\u00e9cnico en Cer\u00e1mica Art\u00edstica (nivel medio).<br \/>\nEscuela Municipal de Cer\u00e1mica N\u00ba1<\/td>\n<\/tr>\n<tr>\n<td colspan=\"2\"><\/td>\n<\/tr>\n<tr>\n<td colspan=\"2\" height=\"34\">&#8211; Profesor en Cer\u00e1mica Art\u00edstica (terciario).<br \/>\nInstituto Nacional Superior de Cer\u00e1mica (I.U.N.A.).<br \/>\nBulnes 45 &#8211; Cap. Fed.<\/td>\n<\/tr>\n<tr>\n<td colspan=\"2\" height=\"2\"><\/td>\n<\/tr>\n<tr>\n<td colspan=\"2\"><i>Cursos y seminarios:<\/i><\/td>\n<td width=\"44%\" height=\"38\">\n<div align=\"center\">Profesor Alessandro Jara<\/div>\n<\/td>\n<\/tr>\n<tr>\n<td colspan=\"3\"><\/td>\n<\/tr>\n<tr>\n<td colspan=\"3\" height=\"47\">&#8211; Curso de Cer\u00e1mica Arqueol\u00f3gica Argentina. Culturolog\u00eda. Est\u00e9tica.<br \/>\nFundaci\u00f3n Condorhuasi. Instituto de Ceramolog\u00eda.<br \/>\nJunio 1999<\/td>\n<\/tr>\n<tr>\n<td colspan=\"2\"><\/td>\n<td width=\"44%\"><\/td>\n<\/tr>\n<tr>\n<td colspan=\"2\">&#8211; Curso de Dise\u00f1o y Desarrollo de Productos dictado por el Arquitecto Ricardo Blanco.<br \/>\nInstituto Nacional Superior de Cer\u00e1mica.<br \/>\nJunio 1999<\/td>\n<td width=\"44%\"><\/td>\n<\/tr>\n<tr>\n<td colspan=\"2\"><\/td>\n<td width=\"44%\"><\/td>\n<\/tr>\n<tr>\n<td colspan=\"3\">&#8211; Segundo Seminario Docente hacia el Tercer Milenio. Dictado por el Departamento de Educadores de la Sokka Gakkai<br \/>\nInternacional de la Argentina.<br \/>\nSeptiembre 1998<\/td>\n<\/tr>\n<tr>\n<td colspan=\"3\"><\/td>\n<\/tr>\n<tr>\n<td colspan=\"3\">&#8211; Curso de Antiguas Culturas y T\u00e9cnicas Alfareras Ind\u00edgenas.<br \/>\nAna Barcaks, Tai\u00f1llitu (Asociaci\u00f3n Civil).<br \/>\nA\u00f1o 1998<\/td>\n<\/tr>\n<tr>\n<td colspan=\"3\"><\/td>\n<\/tr>\n<tr>\n<td colspan=\"3\">&#8211; Curso T\u00e9cnico de Esmaltes Cer\u00e1micos.<br \/>\nFundaci\u00f3n Condorhuasi. Instituto de Ceramolog\u00eda.<br \/>\nA\u00f1o 1995<\/td>\n<\/tr>\n<tr>\n<td width=\"11%\"><\/td>\n<td colspan=\"2\"><\/td>\n<\/tr>\n<tr>\n<td colspan=\"3\" height=\"15\">&#8211; Curso de Actualizaci\u00f3n sobre Materiales Cer\u00e1micos.<br \/>\nAsociaci\u00f3n T\u00e9cnica Argentina de Cer\u00e1mica. (Beca)<br \/>\nSeptiembre 1993<\/td>\n<\/tr>\n<tr>\n<td width=\"11%\"><\/td>\n<td colspan=\"2\"><\/td>\n<\/tr>\n<tr>\n<td colspan=\"3\"><i>Experiencia Laboral Actual:<\/i><\/td>\n<\/tr>\n<tr>\n<td colspan=\"3\"><\/td>\n<\/tr>\n<tr>\n<td colspan=\"3\">&#8211; Profesor de Alfarer\u00eda: Instituto Nacional Superior de Cer\u00e1mica (I.U.N.A.).<br \/>\nDesde 1998. Sanchez de Loria 443 &#8211; Cap. Fed.<\/td>\n<\/tr>\n<tr>\n<td colspan=\"3\"><\/td>\n<\/tr>\n<tr>\n<td colspan=\"3\">&#8211; Profesor de Alfarer\u00eda en: \u00abTaller del Patio\u00bb.<br \/>\nDesde 1994. Monta\u00f1eses 2282 &#8211; Cap. Fed.<\/td>\n<\/tr>\n<tr>\n<td colspan=\"3\"><\/td>\n<\/tr>\n<tr>\n<td colspan=\"3\">&#8211; Profesor y Coordinador General del Taller de Ense\u00f1anza de Cer\u00e1mica Art\u00edstica El Puco (proyecto personal).<br \/>\nDesde 1995. Conesa 3331 &#8211; Cap. Fed.<\/td>\n<\/tr>\n<tr>\n<td colspan=\"3\"><\/td>\n<\/tr>\n<tr>\n<td colspan=\"3\"><i>Actividades relacionadas con la Antropolog\u00eda &#8211; Etnocer\u00e1mica:<\/i><\/td>\n<\/tr>\n<tr>\n<td colspan=\"3\"><\/td>\n<\/tr>\n<tr>\n<td colspan=\"3\">&#8211; Investigaci\u00f3n de Campo de Cuatro Comunidades Alfarero-Ceramistas del Per\u00fa.<br \/>\nEnero 2001<\/td>\n<\/tr>\n<tr>\n<td width=\"11%\"><\/td>\n<td width=\"45%\">Quinua <span style=\"color: #cccc99;\">&#8230;&#8230;&#8230;&#8230;<\/span>&#8211; Ayacucho<\/td>\n<td width=\"44%\"><\/td>\n<\/tr>\n<tr>\n<td width=\"11%\"><\/td>\n<td width=\"45%\">Simbil\u00e1 <span style=\"color: #cccc99;\">&#8230;&#8230;&#8230;&#8230;<\/span>&#8211; Piura<\/td>\n<td width=\"44%\"><\/td>\n<\/tr>\n<tr>\n<td width=\"11%\"><\/td>\n<td width=\"45%\">Chulucanas <span style=\"color: #cccc99;\">&#8230;..<\/span>&#8211; Piura<\/td>\n<td width=\"44%\"><\/td>\n<\/tr>\n<tr>\n<td width=\"11%\"><\/td>\n<td width=\"45%\">La Encantada <span style=\"color: #cccc99;\">.<\/span>&#8211; Piura<\/td>\n<td width=\"44%\"><\/td>\n<\/tr>\n<tr>\n<td colspan=\"3\"><\/td>\n<\/tr>\n<tr>\n<td colspan=\"3\" height=\"40\">&#8211; Convivencia con la Comunidad Ind\u00edgena Wichi &#8211; Prov. de Salta &#8211; Argentina. Misi\u00f3n Chaque\u00f1a El Algarrobal.<br \/>\nJulio 2000<\/td>\n<\/tr>\n<tr>\n<td colspan=\"3\"><\/td>\n<\/tr>\n<tr>\n<td colspan=\"3\">&#8211; Visita a la Comunidad Ind\u00edgena Toba &#8211; Derqui, Prov. de Buenos Aires &#8211; Argentina.<br \/>\nOctubre 1999<\/td>\n<\/tr>\n<tr>\n<td colspan=\"3\"><\/td>\n<\/tr>\n<tr>\n<td colspan=\"3\">&#8211; Participaci\u00f3n en la Reactivaci\u00f3n de la Memoria Alfarera de la Etnia Chorote.<br \/>\nChaco-Salte\u00f1o. Argentina<br \/>\nOctubre 1999<\/td>\n<\/tr>\n<tr>\n<td colspan=\"3\"><\/td>\n<\/tr>\n<tr>\n<td colspan=\"3\"><i>Cursos dictados en el Taller El Puco:<\/i><\/td>\n<\/tr>\n<tr>\n<td width=\"11%\"><\/td>\n<td colspan=\"2\"><\/td>\n<\/tr>\n<tr>\n<td width=\"11%\">Enero 2002<\/td>\n<td colspan=\"2\">&#8211; Enlace Interior. Preparado de arcilla y amasado con los pies. Ba\u00f1o Inici\u00e1tico.<\/td>\n<\/tr>\n<tr>\n<td width=\"11%\"><\/td>\n<td colspan=\"2\"><\/td>\n<\/tr>\n<tr>\n<td width=\"11%\">Noviembre 2001<\/td>\n<td colspan=\"2\">&#8211; Curso de Introducci\u00f3n al Gres. Pastas de Gres. Esmaltes de Cenizas.<\/td>\n<\/tr>\n<tr>\n<td width=\"11%\"><\/td>\n<td colspan=\"2\"><\/td>\n<\/tr>\n<tr>\n<td width=\"11%\">Septiembre 2001<\/td>\n<td colspan=\"2\">&#8211; Construcci\u00f3n de Horno Ef\u00edmero de Papel y Barro, con Volatilizaciones de Sulfatos.<\/td>\n<\/tr>\n<tr>\n<td width=\"11%\"><\/td>\n<td colspan=\"2\"><\/td>\n<\/tr>\n<tr>\n<td width=\"11%\">Septiembre 2001<\/td>\n<td colspan=\"2\">&#8211; Jornadas de Raku<\/td>\n<\/tr>\n<tr>\n<td width=\"11%\"><\/td>\n<td colspan=\"2\"><\/td>\n<\/tr>\n<tr>\n<td width=\"11%\">Agosto 2001<\/td>\n<td colspan=\"2\">&#8211; Introducci\u00f3n a la Cer\u00e1mica Ind\u00edgena Argentina. Con fotos, videos y diapositivas.<\/td>\n<\/tr>\n<tr>\n<td width=\"11%\"><\/td>\n<td colspan=\"2\"><\/td>\n<\/tr>\n<tr>\n<td width=\"11%\">Junio 2001<\/td>\n<td colspan=\"2\">&#8211; Cer\u00e1mica Tradicional del Per\u00fa. Cuatro Comunidades de Alfareros &#8211; Ceramistas con fotos, videos y cer\u00e1micas.<\/td>\n<\/tr>\n<tr>\n<td width=\"11%\"><\/td>\n<td colspan=\"2\"><\/td>\n<\/tr>\n<tr>\n<td width=\"11%\">Abril 2001<\/td>\n<td colspan=\"2\">&#8211; Jornadas de Raku<\/td>\n<\/tr>\n<tr>\n<td width=\"11%\"><\/td>\n<td colspan=\"2\"><\/td>\n<\/tr>\n<tr>\n<td width=\"11%\">Marzo 2001<\/td>\n<td colspan=\"2\">&#8211; Curso Pr\u00e1ctico de Volatilizaciones de Sulfatos. T\u00e9cnica de decoraci\u00f3n de car\u00e1cter procesal.<\/td>\n<\/tr>\n<tr>\n<td width=\"11%\"><\/td>\n<td colspan=\"2\"><\/td>\n<\/tr>\n<tr>\n<td width=\"11%\">Febrero 2001<\/td>\n<td colspan=\"2\">&#8211; Cer\u00e1mica Tradicional del Per\u00fa. Cuatro comunidades de Alfareros &#8211; Ceramistas con fotos, videos y cer\u00e1micas.<\/td>\n<\/tr>\n<tr>\n<td width=\"11%\"><\/td>\n<td colspan=\"2\"><\/td>\n<\/tr>\n<tr>\n<td width=\"11%\">Febrero 2001<\/td>\n<td colspan=\"2\">&#8211; Enlace con la Tierra &#8211; Actividad de preparado y amasado con los pies de pasta arcillosa, seg\u00fan t\u00e9cnicas ancestrales.<\/td>\n<\/tr>\n<tr>\n<td width=\"11%\"><\/td>\n<td colspan=\"2\"><\/td>\n<\/tr>\n<tr>\n<td width=\"11%\">Octubre 2000<\/td>\n<td colspan=\"2\">&#8211; Curso de introducci\u00f3n a la est\u00e9tica, filosof\u00eda y producci\u00f3n de Cer\u00e1mica Raku.<\/td>\n<\/tr>\n<tr>\n<td width=\"11%\"><\/td>\n<td colspan=\"2\"><\/td>\n<\/tr>\n<tr>\n<td width=\"11%\">Agosto- Septiembre 2000<\/td>\n<td colspan=\"2\">&#8211; Introducci\u00f3n a la Cer\u00e1mica Ind\u00edgena Argentina. Con fotos, videos y diapositivas.<\/td>\n<\/tr>\n<tr>\n<td width=\"11%\"><\/td>\n<td colspan=\"2\"><\/td>\n<\/tr>\n<tr>\n<td width=\"11%\">Mayo 2000<\/td>\n<td colspan=\"2\">&#8211; Curso de Introducci\u00f3n a la Molder\u00eda Cer\u00e1mica.<\/td>\n<\/tr>\n<tr>\n<td width=\"11%\"><\/td>\n<td colspan=\"2\"><\/td>\n<\/tr>\n<tr>\n<td width=\"11%\">Enero 2000<\/td>\n<td colspan=\"2\">&#8211; Enlace con la Tierra &#8211; Actividad de preparado y amasado con los pies de pasta arcillosa, seg\u00fan t\u00e9cnicas ancestrales.<\/td>\n<\/tr>\n<tr>\n<td width=\"11%\"><\/td>\n<td colspan=\"2\"><\/td>\n<\/tr>\n<tr>\n<td width=\"11%\">Enero 2000<\/td>\n<td colspan=\"2\">&#8211; Construcci\u00f3n de Hornito para porcelana.<\/td>\n<\/tr>\n<tr>\n<td width=\"11%\"><\/td>\n<td colspan=\"2\"><\/td>\n<\/tr>\n<tr>\n<td width=\"11%\">Noviembre 1999<\/td>\n<td colspan=\"2\">&#8211; Introducci\u00f3n a la Cer\u00e1mica Ind\u00edgena Argentina.<\/td>\n<\/tr>\n<tr>\n<td width=\"11%\"><\/td>\n<td colspan=\"2\"><\/td>\n<\/tr>\n<tr>\n<td width=\"11%\">Octubre 1999<\/td>\n<td colspan=\"2\">&#8211; Construcci\u00f3n de Horno, a le\u00f1a o gas para alta temperatura.<\/td>\n<\/tr>\n<tr>\n<td width=\"11%\"><\/td>\n<td colspan=\"2\"><\/td>\n<\/tr>\n<tr>\n<td colspan=\"3\"><i>Jornadas, encuentros y cursos dictados:<\/i><\/td>\n<\/tr>\n<tr>\n<td colspan=\"3\"><\/td>\n<\/tr>\n<tr>\n<td colspan=\"3\">&#8211; Construcci\u00f3n y Cocci\u00f3n de Horno Ef\u00edmero de Papel y Barro con Volatilizaciones de Sulfatos.<br \/>\nPunta del Diablo &#8211; Uruguay<br \/>\nEnero 2002<\/td>\n<\/tr>\n<tr>\n<td colspan=\"3\"><\/td>\n<\/tr>\n<tr>\n<td colspan=\"3\">&#8211; Jornada de Raku<br \/>\nTaller del Patio<br \/>\nMonta\u00f1eses 2282 &#8211; Belgrano, Cap. Fed.<br \/>\nDiciembre 2001<\/td>\n<\/tr>\n<tr>\n<td colspan=\"3\"><\/td>\n<\/tr>\n<tr>\n<td colspan=\"3\">&#8211; Taller de construcci\u00f3n de hornito porcelanero.<br \/>\nIII Seminario Bienal de Cer\u00e1mica.<br \/>\nDirecci\u00f3n de Cultura. Municipalidad de Villa Gesell<br \/>\nOctubre 1999<\/td>\n<\/tr>\n<tr>\n<td colspan=\"3\"><\/td>\n<\/tr>\n<tr>\n<td colspan=\"3\">&#8211; Profesor de molder\u00eda. Carrera de Alfarer\u00eda y Cer\u00e1mica Art\u00edstica e Industrial.<br \/>\nIsntituto Argentino Hol\u00edstico. Lezica 4456 Cap. Fed.<br \/>\nA\u00f1o 1999<\/td>\n<\/tr>\n<tr>\n<td colspan=\"2\"><\/td>\n<td rowspan=\"12\" width=\"44%\">\n<div align=\"center\"><a href=\"http:\/\/www.elpuco.com.ar\/web\/wp-content\/uploads\/2014\/08\/image001.jpg\"><img loading=\"lazy\" decoding=\"async\" class=\"alignnone size-medium wp-image-943\" src=\"http:\/\/www.elpuco.com.ar\/web\/wp-content\/uploads\/2014\/08\/image001-300x300.jpg\" alt=\"image001\" width=\"300\" height=\"300\" srcset=\"https:\/\/www.elpuco.com.ar\/web\/wp-content\/uploads\/2014\/08\/image001-300x300.jpg 300w, https:\/\/www.elpuco.com.ar\/web\/wp-content\/uploads\/2014\/08\/image001-100x100.jpg 100w, https:\/\/www.elpuco.com.ar\/web\/wp-content\/uploads\/2014\/08\/image001-600x600.jpg 600w, https:\/\/www.elpuco.com.ar\/web\/wp-content\/uploads\/2014\/08\/image001-150x150.jpg 150w, https:\/\/www.elpuco.com.ar\/web\/wp-content\/uploads\/2014\/08\/image001.jpg 638w\" sizes=\"auto, (max-width: 300px) 100vw, 300px\" \/><\/a><\/div>\n<\/td>\n<\/tr>\n<tr>\n<td colspan=\"2\">&#8211; Curso te\u00f3rico pr\u00e1ctico de construcci\u00f3n de:<br \/>\nHorno a gas para gres y porcelana.<br \/>\nHorno a le\u00f1a para loza y terracota.<br \/>\nEscuela de Cer\u00e1mica de Chascom\u00fas.<br \/>\nA\u00f1o 1997<\/td>\n<\/tr>\n<tr>\n<td colspan=\"2\"><\/td>\n<\/tr>\n<tr>\n<td colspan=\"2\">&#8211; Taller de esmaltes de alta temperatura.<br \/>\n2\u00ba Encuentro de Cer\u00e1mica.<br \/>\nDirecci\u00f3n de Cultura. Municipalidad de Villa Gesell.<br \/>\nOctubre 1997<\/td>\n<\/tr>\n<tr>\n<td colspan=\"2\"><\/td>\n<\/tr>\n<tr>\n<td colspan=\"2\">&#8211; Curso te\u00f3rico pr\u00e1ctico de pastas y esmaltes de alta temperatura.<br \/>\nEscuela de Cer\u00e1mica de Chascom\u00fas.<br \/>\nOctubre 1997<\/td>\n<\/tr>\n<tr>\n<td colspan=\"2\"><\/td>\n<\/tr>\n<tr>\n<td colspan=\"2\">&#8211; Taller de Alfarer\u00eda y Seminarios de esmaltes de ceniza de alta temperatura.<br \/>\nPrimer encuentro Nacional de Cer\u00e1mica y Artes de Fuego.<br \/>\nItuzaing\u00f3. Pcia. de Buenos Aires.<br \/>\nJulio 1997<\/td>\n<\/tr>\n<tr>\n<td colspan=\"2\"><\/td>\n<\/tr>\n<tr>\n<td colspan=\"2\">&#8211; Ayudante <i>ad-honorem<\/i> en el Instituto Nacional Superior de Cer\u00e1mica.<br \/>\nAlfarer\u00eda 2\u00ba A\u00f1o. Turno ma\u00f1ana. (C\u00e1tedra Alfarer\u00eda).<br \/>\nA\u00f1o 1997<\/td>\n<\/tr>\n<tr>\n<td colspan=\"2\"><\/td>\n<\/tr>\n<tr>\n<td colspan=\"2\">&#8211; Taller de Alfarer\u00eda 1er. Nivel.<br \/>\n1ras. Jornadas de Cer\u00e1mica.S<br \/>\nMunicipalidad de Ituzaing\u00f3. Cooperativa del Barrio Aeron\u00e1utico.<br \/>\nJulio 1996<\/td>\n<\/tr>\n<\/tbody>\n<\/table>\n","protected":false},"excerpt":{"rendered":"<p>&nbsp; Datos personales: Nombre y Apellido: Alessandro Jara Benaducci Nacionalidad: Argentino (naturalizado) Fecha y lugar de nacimiento: 16 de Septiembre &#8211; Lima, Per\u00fa Domicilio: Capital Federal Tel\u00e9fono: 15-5895-9530 E-mail: tallerelpuco@yahoo.com.ar Estudios Cursados: &#8211; T\u00e9cnico en Cer\u00e1mica Art\u00edstica (nivel medio). Escuela Municipal de Cer\u00e1mica N\u00ba1 &#8211; Profesor en Cer\u00e1mica Art\u00edstica (terciario). Instituto Nacional Superior de Cer\u00e1mica &#8230; <\/p>\n<p class=\"read-more-container\"><a title=\"Curriculum\" class=\"read-more button\" href=\"https:\/\/www.elpuco.com.ar\/web\/curriculum\/#more-6\" aria-label=\"Leer m\u00e1s sobre Curriculum\">Continuar<\/a><\/p>\n","protected":false},"author":1,"featured_media":0,"parent":0,"menu_order":0,"comment_status":"open","ping_status":"open","template":"","meta":{"ngg_post_thumbnail":0,"footnotes":""},"class_list":{"0":"post-6","1":"page","2":"type-page","3":"status-publish","5":"no-featured-image-padding"},"yoast_head":"<!-- This site is optimized with the Yoast SEO plugin v25.5 - https:\/\/yoast.com\/wordpress\/plugins\/seo\/ -->\n<title>Curriculum - El Puco. Taller de ense\u00f1anza de alfareria y cer\u00e1mica art\u00edstica<\/title>\n<meta name=\"robots\" content=\"index, follow, max-snippet:-1, max-image-preview:large, max-video-preview:-1\" \/>\n<link rel=\"canonical\" href=\"https:\/\/www.elpuco.com.ar\/web\/curriculum\/\" \/>\n<meta property=\"og:locale\" content=\"es_ES\" \/>\n<meta property=\"og:type\" content=\"article\" \/>\n<meta property=\"og:title\" content=\"Curriculum - El Puco. Taller de ense\u00f1anza de alfareria y cer\u00e1mica art\u00edstica\" \/>\n<meta property=\"og:description\" content=\"&nbsp; Datos personales: Nombre y Apellido: Alessandro Jara Benaducci Nacionalidad: Argentino (naturalizado) Fecha y lugar de nacimiento: 16 de Septiembre &#8211; Lima, Per\u00fa Domicilio: Capital Federal Tel\u00e9fono: 15-5895-9530 E-mail: tallerelpuco@yahoo.com.ar Estudios Cursados: &#8211; T\u00e9cnico en Cer\u00e1mica Art\u00edstica (nivel medio). Escuela Municipal de Cer\u00e1mica N\u00ba1 &#8211; Profesor en Cer\u00e1mica Art\u00edstica (terciario). Instituto Nacional Superior de Cer\u00e1mica ... Continuar\" \/>\n<meta property=\"og:url\" content=\"https:\/\/www.elpuco.com.ar\/web\/curriculum\/\" \/>\n<meta property=\"og:site_name\" content=\"El Puco. Taller de ense\u00f1anza de alfareria y cer\u00e1mica art\u00edstica\" \/>\n<meta property=\"article:modified_time\" content=\"2014-08-19T22:07:52+00:00\" \/>\n<meta property=\"og:image\" content=\"http:\/\/www.elpuco.com.ar\/web\/wp-content\/uploads\/2013\/02\/Ale2010p1.jpg\" \/>\n<meta name=\"twitter:card\" content=\"summary_large_image\" \/>\n<meta name=\"twitter:label1\" content=\"Tiempo de lectura\" \/>\n\t<meta name=\"twitter:data1\" content=\"4 minutos\" \/>\n<script type=\"application\/ld+json\" class=\"yoast-schema-graph\">{\"@context\":\"https:\/\/schema.org\",\"@graph\":[{\"@type\":\"WebPage\",\"@id\":\"https:\/\/www.elpuco.com.ar\/web\/curriculum\/\",\"url\":\"https:\/\/www.elpuco.com.ar\/web\/curriculum\/\",\"name\":\"Curriculum - El Puco. Taller de ense\u00f1anza de alfareria y cer\u00e1mica art\u00edstica\",\"isPartOf\":{\"@id\":\"https:\/\/www.elpuco.com.ar\/web\/#website\"},\"primaryImageOfPage\":{\"@id\":\"https:\/\/www.elpuco.com.ar\/web\/curriculum\/#primaryimage\"},\"image\":{\"@id\":\"https:\/\/www.elpuco.com.ar\/web\/curriculum\/#primaryimage\"},\"thumbnailUrl\":\"http:\/\/www.elpuco.com.ar\/web\/wp-content\/uploads\/2013\/02\/Ale2010p1.jpg\",\"datePublished\":\"2013-02-19T22:12:16+00:00\",\"dateModified\":\"2014-08-19T22:07:52+00:00\",\"breadcrumb\":{\"@id\":\"https:\/\/www.elpuco.com.ar\/web\/curriculum\/#breadcrumb\"},\"inLanguage\":\"es\",\"potentialAction\":[{\"@type\":\"ReadAction\",\"target\":[\"https:\/\/www.elpuco.com.ar\/web\/curriculum\/\"]}]},{\"@type\":\"ImageObject\",\"inLanguage\":\"es\",\"@id\":\"https:\/\/www.elpuco.com.ar\/web\/curriculum\/#primaryimage\",\"url\":\"http:\/\/www.elpuco.com.ar\/web\/wp-content\/uploads\/2013\/02\/Ale2010p1.jpg\",\"contentUrl\":\"http:\/\/www.elpuco.com.ar\/web\/wp-content\/uploads\/2013\/02\/Ale2010p1.jpg\"},{\"@type\":\"BreadcrumbList\",\"@id\":\"https:\/\/www.elpuco.com.ar\/web\/curriculum\/#breadcrumb\",\"itemListElement\":[{\"@type\":\"ListItem\",\"position\":1,\"name\":\"Portada\",\"item\":\"https:\/\/www.elpuco.com.ar\/web\/\"},{\"@type\":\"ListItem\",\"position\":2,\"name\":\"Curriculum\"}]},{\"@type\":\"WebSite\",\"@id\":\"https:\/\/www.elpuco.com.ar\/web\/#website\",\"url\":\"https:\/\/www.elpuco.com.ar\/web\/\",\"name\":\"El Puco. Taller de ense\u00f1anza de alfareria y cer\u00e1mica art\u00edstica\",\"description\":\"\",\"potentialAction\":[{\"@type\":\"SearchAction\",\"target\":{\"@type\":\"EntryPoint\",\"urlTemplate\":\"https:\/\/www.elpuco.com.ar\/web\/?s={search_term_string}\"},\"query-input\":{\"@type\":\"PropertyValueSpecification\",\"valueRequired\":true,\"valueName\":\"search_term_string\"}}],\"inLanguage\":\"es\"}]}<\/script>\n<!-- \/ Yoast SEO plugin. -->","yoast_head_json":{"title":"Curriculum - El Puco. Taller de ense\u00f1anza de alfareria y cer\u00e1mica art\u00edstica","robots":{"index":"index","follow":"follow","max-snippet":"max-snippet:-1","max-image-preview":"max-image-preview:large","max-video-preview":"max-video-preview:-1"},"canonical":"https:\/\/www.elpuco.com.ar\/web\/curriculum\/","og_locale":"es_ES","og_type":"article","og_title":"Curriculum - El Puco. Taller de ense\u00f1anza de alfareria y cer\u00e1mica art\u00edstica","og_description":"&nbsp; Datos personales: Nombre y Apellido: Alessandro Jara Benaducci Nacionalidad: Argentino (naturalizado) Fecha y lugar de nacimiento: 16 de Septiembre &#8211; Lima, Per\u00fa Domicilio: Capital Federal Tel\u00e9fono: 15-5895-9530 E-mail: tallerelpuco@yahoo.com.ar Estudios Cursados: &#8211; T\u00e9cnico en Cer\u00e1mica Art\u00edstica (nivel medio). Escuela Municipal de Cer\u00e1mica N\u00ba1 &#8211; Profesor en Cer\u00e1mica Art\u00edstica (terciario). Instituto Nacional Superior de Cer\u00e1mica ... Continuar","og_url":"https:\/\/www.elpuco.com.ar\/web\/curriculum\/","og_site_name":"El Puco. Taller de ense\u00f1anza de alfareria y cer\u00e1mica art\u00edstica","article_modified_time":"2014-08-19T22:07:52+00:00","og_image":[{"url":"http:\/\/www.elpuco.com.ar\/web\/wp-content\/uploads\/2013\/02\/Ale2010p1.jpg","type":"","width":"","height":""}],"twitter_card":"summary_large_image","twitter_misc":{"Tiempo de lectura":"4 minutos"},"schema":{"@context":"https:\/\/schema.org","@graph":[{"@type":"WebPage","@id":"https:\/\/www.elpuco.com.ar\/web\/curriculum\/","url":"https:\/\/www.elpuco.com.ar\/web\/curriculum\/","name":"Curriculum - El Puco. Taller de ense\u00f1anza de alfareria y cer\u00e1mica art\u00edstica","isPartOf":{"@id":"https:\/\/www.elpuco.com.ar\/web\/#website"},"primaryImageOfPage":{"@id":"https:\/\/www.elpuco.com.ar\/web\/curriculum\/#primaryimage"},"image":{"@id":"https:\/\/www.elpuco.com.ar\/web\/curriculum\/#primaryimage"},"thumbnailUrl":"http:\/\/www.elpuco.com.ar\/web\/wp-content\/uploads\/2013\/02\/Ale2010p1.jpg","datePublished":"2013-02-19T22:12:16+00:00","dateModified":"2014-08-19T22:07:52+00:00","breadcrumb":{"@id":"https:\/\/www.elpuco.com.ar\/web\/curriculum\/#breadcrumb"},"inLanguage":"es","potentialAction":[{"@type":"ReadAction","target":["https:\/\/www.elpuco.com.ar\/web\/curriculum\/"]}]},{"@type":"ImageObject","inLanguage":"es","@id":"https:\/\/www.elpuco.com.ar\/web\/curriculum\/#primaryimage","url":"http:\/\/www.elpuco.com.ar\/web\/wp-content\/uploads\/2013\/02\/Ale2010p1.jpg","contentUrl":"http:\/\/www.elpuco.com.ar\/web\/wp-content\/uploads\/2013\/02\/Ale2010p1.jpg"},{"@type":"BreadcrumbList","@id":"https:\/\/www.elpuco.com.ar\/web\/curriculum\/#breadcrumb","itemListElement":[{"@type":"ListItem","position":1,"name":"Portada","item":"https:\/\/www.elpuco.com.ar\/web\/"},{"@type":"ListItem","position":2,"name":"Curriculum"}]},{"@type":"WebSite","@id":"https:\/\/www.elpuco.com.ar\/web\/#website","url":"https:\/\/www.elpuco.com.ar\/web\/","name":"El Puco. Taller de ense\u00f1anza de alfareria y cer\u00e1mica art\u00edstica","description":"","potentialAction":[{"@type":"SearchAction","target":{"@type":"EntryPoint","urlTemplate":"https:\/\/www.elpuco.com.ar\/web\/?s={search_term_string}"},"query-input":{"@type":"PropertyValueSpecification","valueRequired":true,"valueName":"search_term_string"}}],"inLanguage":"es"}]}},"_links":{"self":[{"href":"https:\/\/www.elpuco.com.ar\/web\/wp-json\/wp\/v2\/pages\/6","targetHints":{"allow":["GET"]}}],"collection":[{"href":"https:\/\/www.elpuco.com.ar\/web\/wp-json\/wp\/v2\/pages"}],"about":[{"href":"https:\/\/www.elpuco.com.ar\/web\/wp-json\/wp\/v2\/types\/page"}],"author":[{"embeddable":true,"href":"https:\/\/www.elpuco.com.ar\/web\/wp-json\/wp\/v2\/users\/1"}],"replies":[{"embeddable":true,"href":"https:\/\/www.elpuco.com.ar\/web\/wp-json\/wp\/v2\/comments?post=6"}],"version-history":[{"count":5,"href":"https:\/\/www.elpuco.com.ar\/web\/wp-json\/wp\/v2\/pages\/6\/revisions"}],"predecessor-version":[{"id":947,"href":"https:\/\/www.elpuco.com.ar\/web\/wp-json\/wp\/v2\/pages\/6\/revisions\/947"}],"wp:attachment":[{"href":"https:\/\/www.elpuco.com.ar\/web\/wp-json\/wp\/v2\/media?parent=6"}],"curies":[{"name":"wp","href":"https:\/\/api.w.org\/{rel}","templated":true}]}}