{"id":68,"date":"2013-02-20T00:01:30","date_gmt":"2013-02-20T00:01:30","guid":{"rendered":"http:\/\/www.elpuco.com.ar\/web\/?page_id=68"},"modified":"2017-02-21T17:57:17","modified_gmt":"2017-02-21T17:57:17","slug":"bano-iniciatico","status":"publish","type":"page","link":"https:\/\/www.elpuco.com.ar\/web\/bano-iniciatico\/","title":{"rendered":"Ba&ntilde;o Inici\u00e1tico"},"content":{"rendered":"<p>Ya desde el antiguo Egipto se practicaban los bautizos en arcilla.<br \/>\nExiste la lutoterapia y la argiloterapia. La primera se refiere al uso externo del barro o arcilla, ya sea en aplicaciones sobre la piel, heridas, hematomas, infecciones, etc. La segunda es de uso interno, para lo cual se prescribe la ingesti\u00f3n de peque\u00f1as cantidades de caol\u00edn como remedio para trastornos estomacales, \u00falceras, etc.<\/p>\n<p>El barro o lodo (lutum) posee sulfatos, fl\u00faor, sales solubles de hierro, sulfato de calcio, etc. El ba\u00f1o de arcilla restablece la armon\u00eda ps\u00edquica alterada por el ritmo de la vida insana que carga al ser humano de preocupaciones, estr\u00e9s, exceso o falta de trabajo, etc. Es una experiencia cat\u00e1rtica, que nos lleva a tomar conciencia de nuestra energ\u00eda vital. El ba\u00f1o inici\u00e1tico es arte corporal.<\/p>\n<p>Ver FOTOS:<\/p>\n<p><a title=\"Ba\u00f1o 2013\" href=\"http:\/\/www.elpuco.com.ar\/web\/bano-2013\/\">BA\u00d1O 2013<\/a><\/p>\n<p>&nbsp;<\/p>\n<p><a href=\"http:\/\/www.elpuco.com.ar\/web\/wp-content\/uploads\/2013\/02\/meditacion-grupal.jpg\"><img loading=\"lazy\" decoding=\"async\" class=\"alignnone size-full wp-image-119\" src=\"http:\/\/www.elpuco.com.ar\/web\/wp-content\/uploads\/2013\/02\/meditacion-grupal.jpg\" alt=\"meditacion grupal\" width=\"340\" height=\"226\" srcset=\"https:\/\/www.elpuco.com.ar\/web\/wp-content\/uploads\/2013\/02\/meditacion-grupal.jpg 340w, https:\/\/www.elpuco.com.ar\/web\/wp-content\/uploads\/2013\/02\/meditacion-grupal-300x199.jpg 300w\" sizes=\"auto, (max-width: 340px) 100vw, 340px\" \/><\/a><\/p>\n<p><a href=\"http:\/\/www.elpuco.com.ar\/web\/wp-content\/uploads\/2013\/02\/04-isabel.jpg\"><img loading=\"lazy\" decoding=\"async\" class=\"alignnone size-full wp-image-120\" src=\"http:\/\/www.elpuco.com.ar\/web\/wp-content\/uploads\/2013\/02\/04-isabel.jpg\" alt=\"04-isabel\" width=\"234\" height=\"340\" srcset=\"https:\/\/www.elpuco.com.ar\/web\/wp-content\/uploads\/2013\/02\/04-isabel.jpg 234w, https:\/\/www.elpuco.com.ar\/web\/wp-content\/uploads\/2013\/02\/04-isabel-206x300.jpg 206w\" sizes=\"auto, (max-width: 234px) 100vw, 234px\" \/><\/a><\/p>\n<p><a href=\"http:\/\/www.elpuco.com.ar\/web\/wp-content\/uploads\/2013\/02\/172369_10150108420869925_4373732_o.jpg\"><img loading=\"lazy\" decoding=\"async\" class=\"alignnone size-full wp-image-122\" src=\"http:\/\/www.elpuco.com.ar\/web\/wp-content\/uploads\/2013\/02\/172369_10150108420869925_4373732_o.jpg\" alt=\"172369_10150108420869925_4373732_o\" width=\"585\" height=\"778\" \/><\/a><\/p>\n<p><a href=\"http:\/\/www.elpuco.com.ar\/web\/wp-content\/uploads\/2013\/02\/172369_10150108420874925_2954403_o.jpg\"><img loading=\"lazy\" decoding=\"async\" class=\"alignnone size-full wp-image-123\" src=\"http:\/\/www.elpuco.com.ar\/web\/wp-content\/uploads\/2013\/02\/172369_10150108420874925_2954403_o.jpg\" alt=\"172369_10150108420874925_2954403_o\" width=\"1001\" height=\"750\" srcset=\"https:\/\/www.elpuco.com.ar\/web\/wp-content\/uploads\/2013\/02\/172369_10150108420874925_2954403_o.jpg 2048w, https:\/\/www.elpuco.com.ar\/web\/wp-content\/uploads\/2013\/02\/172369_10150108420874925_2954403_o-600x450.jpg 600w, https:\/\/www.elpuco.com.ar\/web\/wp-content\/uploads\/2013\/02\/172369_10150108420874925_2954403_o-300x225.jpg 300w, https:\/\/www.elpuco.com.ar\/web\/wp-content\/uploads\/2013\/02\/172369_10150108420874925_2954403_o-1024x768.jpg 1024w\" sizes=\"auto, (max-width: 1001px) 100vw, 1001px\" \/><\/a><\/p>\n<p><a href=\"http:\/\/www.elpuco.com.ar\/web\/wp-content\/uploads\/2013\/02\/175308_10150108396254925_2140739_o.jpg\"><img loading=\"lazy\" decoding=\"async\" class=\"alignnone size-full wp-image-124\" src=\"http:\/\/www.elpuco.com.ar\/web\/wp-content\/uploads\/2013\/02\/175308_10150108396254925_2140739_o.jpg\" alt=\"175308_10150108396254925_2140739_o\" width=\"1000\" height=\"1333\" srcset=\"https:\/\/www.elpuco.com.ar\/web\/wp-content\/uploads\/2013\/02\/175308_10150108396254925_2140739_o.jpg 1536w, https:\/\/www.elpuco.com.ar\/web\/wp-content\/uploads\/2013\/02\/175308_10150108396254925_2140739_o-600x800.jpg 600w, https:\/\/www.elpuco.com.ar\/web\/wp-content\/uploads\/2013\/02\/175308_10150108396254925_2140739_o-225x300.jpg 225w, https:\/\/www.elpuco.com.ar\/web\/wp-content\/uploads\/2013\/02\/175308_10150108396254925_2140739_o-768x1024.jpg 768w\" sizes=\"auto, (max-width: 1000px) 100vw, 1000px\" \/><\/a><\/p>\n<p><a href=\"http:\/\/www.elpuco.com.ar\/web\/wp-content\/uploads\/2013\/02\/bn00009.jpg\"><img loading=\"lazy\" decoding=\"async\" class=\"alignnone size-full wp-image-125\" src=\"http:\/\/www.elpuco.com.ar\/web\/wp-content\/uploads\/2013\/02\/bn00009.jpg\" alt=\"bn00009\" width=\"381\" height=\"582\" srcset=\"https:\/\/www.elpuco.com.ar\/web\/wp-content\/uploads\/2013\/02\/bn00009.jpg 381w, https:\/\/www.elpuco.com.ar\/web\/wp-content\/uploads\/2013\/02\/bn00009-196x300.jpg 196w\" sizes=\"auto, (max-width: 381px) 100vw, 381px\" \/><\/a><\/p>\n<p><a href=\"http:\/\/www.elpuco.com.ar\/web\/wp-content\/uploads\/2013\/02\/enlace-y-ba\u00f1o-017.jpg\"><img loading=\"lazy\" decoding=\"async\" class=\"alignnone size-full wp-image-126\" src=\"http:\/\/www.elpuco.com.ar\/web\/wp-content\/uploads\/2013\/02\/enlace-y-ba\u00f1o-017.jpg\" alt=\"enlace y ba\u00f1o 017\" width=\"640\" height=\"480\" srcset=\"https:\/\/www.elpuco.com.ar\/web\/wp-content\/uploads\/2013\/02\/enlace-y-ba\u00f1o-017.jpg 640w, https:\/\/www.elpuco.com.ar\/web\/wp-content\/uploads\/2013\/02\/enlace-y-ba\u00f1o-017-600x450.jpg 600w, https:\/\/www.elpuco.com.ar\/web\/wp-content\/uploads\/2013\/02\/enlace-y-ba\u00f1o-017-300x225.jpg 300w\" sizes=\"auto, (max-width: 640px) 100vw, 640px\" \/><\/a><\/p>\n<p><a href=\"http:\/\/www.elpuco.com.ar\/web\/wp-content\/uploads\/2013\/02\/enlace-y-ba\u00f1o-036.jpg\"><img loading=\"lazy\" decoding=\"async\" class=\"alignnone size-full wp-image-127\" src=\"http:\/\/www.elpuco.com.ar\/web\/wp-content\/uploads\/2013\/02\/enlace-y-ba\u00f1o-036.jpg\" alt=\"enlace y ba\u00f1o 036\" width=\"480\" height=\"640\" srcset=\"https:\/\/www.elpuco.com.ar\/web\/wp-content\/uploads\/2013\/02\/enlace-y-ba\u00f1o-036.jpg 480w, https:\/\/www.elpuco.com.ar\/web\/wp-content\/uploads\/2013\/02\/enlace-y-ba\u00f1o-036-225x300.jpg 225w\" sizes=\"auto, (max-width: 480px) 100vw, 480px\" \/><\/a><\/p>\n<p><a href=\"http:\/\/www.elpuco.com.ar\/web\/wp-content\/uploads\/2013\/02\/enlace-y-ba\u00f1o-038.jpg\"><img loading=\"lazy\" decoding=\"async\" class=\"alignnone size-full wp-image-128\" src=\"http:\/\/www.elpuco.com.ar\/web\/wp-content\/uploads\/2013\/02\/enlace-y-ba\u00f1o-038.jpg\" alt=\"enlace y ba\u00f1o 038\" width=\"480\" height=\"640\" srcset=\"https:\/\/www.elpuco.com.ar\/web\/wp-content\/uploads\/2013\/02\/enlace-y-ba\u00f1o-038.jpg 480w, https:\/\/www.elpuco.com.ar\/web\/wp-content\/uploads\/2013\/02\/enlace-y-ba\u00f1o-038-225x300.jpg 225w\" sizes=\"auto, (max-width: 480px) 100vw, 480px\" \/><\/a><\/p>\n<p><a href=\"http:\/\/www.elpuco.com.ar\/web\/wp-content\/uploads\/2013\/02\/enriqueII.jpg\"><img loading=\"lazy\" decoding=\"async\" class=\"alignnone size-full wp-image-129\" src=\"http:\/\/www.elpuco.com.ar\/web\/wp-content\/uploads\/2013\/02\/enriqueII.jpg\" alt=\"enriqueII\" width=\"274\" height=\"340\" srcset=\"https:\/\/www.elpuco.com.ar\/web\/wp-content\/uploads\/2013\/02\/enriqueII.jpg 274w, https:\/\/www.elpuco.com.ar\/web\/wp-content\/uploads\/2013\/02\/enriqueII-241x300.jpg 241w\" sizes=\"auto, (max-width: 274px) 100vw, 274px\" \/><\/a><\/p>\n","protected":false},"excerpt":{"rendered":"<p>Ya desde el antiguo Egipto se practicaban los bautizos en arcilla. Existe la lutoterapia y la argiloterapia. La primera se refiere al uso externo del barro o arcilla, ya sea en aplicaciones sobre la piel, heridas, hematomas, infecciones, etc. La segunda es de uso interno, para lo cual se prescribe la ingesti\u00f3n de peque\u00f1as cantidades &#8230; <\/p>\n<p class=\"read-more-container\"><a title=\"Ba&ntilde;o Inici\u00e1tico\" class=\"read-more button\" href=\"https:\/\/www.elpuco.com.ar\/web\/bano-iniciatico\/#more-68\" aria-label=\"Leer m\u00e1s sobre Ba&ntilde;o Inici\u00e1tico\">Continuar<\/a><\/p>\n","protected":false},"author":1,"featured_media":0,"parent":0,"menu_order":0,"comment_status":"open","ping_status":"open","template":"","meta":{"ngg_post_thumbnail":0,"footnotes":""},"class_list":{"0":"post-68","1":"page","2":"type-page","3":"status-publish","5":"no-featured-image-padding"},"yoast_head":"<!-- This site is optimized with the Yoast SEO plugin v25.5 - https:\/\/yoast.com\/wordpress\/plugins\/seo\/ -->\n<title>Ba&ntilde;o Inici\u00e1tico - El Puco. Taller de ense\u00f1anza de alfareria y cer\u00e1mica art\u00edstica<\/title>\n<meta name=\"robots\" content=\"index, follow, max-snippet:-1, max-image-preview:large, max-video-preview:-1\" \/>\n<link rel=\"canonical\" href=\"https:\/\/www.elpuco.com.ar\/web\/bano-iniciatico\/\" \/>\n<meta property=\"og:locale\" content=\"es_ES\" \/>\n<meta property=\"og:type\" content=\"article\" \/>\n<meta property=\"og:title\" content=\"Ba&ntilde;o Inici\u00e1tico - El Puco. Taller de ense\u00f1anza de alfareria y cer\u00e1mica art\u00edstica\" \/>\n<meta property=\"og:description\" content=\"Ya desde el antiguo Egipto se practicaban los bautizos en arcilla. Existe la lutoterapia y la argiloterapia. La primera se refiere al uso externo del barro o arcilla, ya sea en aplicaciones sobre la piel, heridas, hematomas, infecciones, etc. La segunda es de uso interno, para lo cual se prescribe la ingesti\u00f3n de peque\u00f1as cantidades ... Continuar\" \/>\n<meta property=\"og:url\" content=\"https:\/\/www.elpuco.com.ar\/web\/bano-iniciatico\/\" \/>\n<meta property=\"og:site_name\" content=\"El Puco. Taller de ense\u00f1anza de alfareria y cer\u00e1mica art\u00edstica\" \/>\n<meta property=\"article:modified_time\" content=\"2017-02-21T17:57:17+00:00\" \/>\n<meta property=\"og:image\" content=\"http:\/\/www.elpuco.com.ar\/web\/wp-content\/uploads\/2013\/02\/meditacion-grupal.jpg\" \/>\n<meta name=\"twitter:card\" content=\"summary_large_image\" \/>\n<meta name=\"twitter:label1\" content=\"Tiempo de lectura\" \/>\n\t<meta name=\"twitter:data1\" content=\"1 minuto\" \/>\n<script type=\"application\/ld+json\" class=\"yoast-schema-graph\">{\"@context\":\"https:\/\/schema.org\",\"@graph\":[{\"@type\":\"WebPage\",\"@id\":\"https:\/\/www.elpuco.com.ar\/web\/bano-iniciatico\/\",\"url\":\"https:\/\/www.elpuco.com.ar\/web\/bano-iniciatico\/\",\"name\":\"Ba&ntilde;o Inici\u00e1tico - El Puco. Taller de ense\u00f1anza de alfareria y cer\u00e1mica art\u00edstica\",\"isPartOf\":{\"@id\":\"https:\/\/www.elpuco.com.ar\/web\/#website\"},\"primaryImageOfPage\":{\"@id\":\"https:\/\/www.elpuco.com.ar\/web\/bano-iniciatico\/#primaryimage\"},\"image\":{\"@id\":\"https:\/\/www.elpuco.com.ar\/web\/bano-iniciatico\/#primaryimage\"},\"thumbnailUrl\":\"http:\/\/www.elpuco.com.ar\/web\/wp-content\/uploads\/2013\/02\/meditacion-grupal.jpg\",\"datePublished\":\"2013-02-20T00:01:30+00:00\",\"dateModified\":\"2017-02-21T17:57:17+00:00\",\"breadcrumb\":{\"@id\":\"https:\/\/www.elpuco.com.ar\/web\/bano-iniciatico\/#breadcrumb\"},\"inLanguage\":\"es\",\"potentialAction\":[{\"@type\":\"ReadAction\",\"target\":[\"https:\/\/www.elpuco.com.ar\/web\/bano-iniciatico\/\"]}]},{\"@type\":\"ImageObject\",\"inLanguage\":\"es\",\"@id\":\"https:\/\/www.elpuco.com.ar\/web\/bano-iniciatico\/#primaryimage\",\"url\":\"http:\/\/www.elpuco.com.ar\/web\/wp-content\/uploads\/2013\/02\/meditacion-grupal.jpg\",\"contentUrl\":\"http:\/\/www.elpuco.com.ar\/web\/wp-content\/uploads\/2013\/02\/meditacion-grupal.jpg\"},{\"@type\":\"BreadcrumbList\",\"@id\":\"https:\/\/www.elpuco.com.ar\/web\/bano-iniciatico\/#breadcrumb\",\"itemListElement\":[{\"@type\":\"ListItem\",\"position\":1,\"name\":\"Portada\",\"item\":\"https:\/\/www.elpuco.com.ar\/web\/\"},{\"@type\":\"ListItem\",\"position\":2,\"name\":\"Ba&ntilde;o Inici\u00e1tico\"}]},{\"@type\":\"WebSite\",\"@id\":\"https:\/\/www.elpuco.com.ar\/web\/#website\",\"url\":\"https:\/\/www.elpuco.com.ar\/web\/\",\"name\":\"El Puco. Taller de ense\u00f1anza de alfareria y cer\u00e1mica art\u00edstica\",\"description\":\"\",\"potentialAction\":[{\"@type\":\"SearchAction\",\"target\":{\"@type\":\"EntryPoint\",\"urlTemplate\":\"https:\/\/www.elpuco.com.ar\/web\/?s={search_term_string}\"},\"query-input\":{\"@type\":\"PropertyValueSpecification\",\"valueRequired\":true,\"valueName\":\"search_term_string\"}}],\"inLanguage\":\"es\"}]}<\/script>\n<!-- \/ Yoast SEO plugin. -->","yoast_head_json":{"title":"Ba&ntilde;o Inici\u00e1tico - El Puco. Taller de ense\u00f1anza de alfareria y cer\u00e1mica art\u00edstica","robots":{"index":"index","follow":"follow","max-snippet":"max-snippet:-1","max-image-preview":"max-image-preview:large","max-video-preview":"max-video-preview:-1"},"canonical":"https:\/\/www.elpuco.com.ar\/web\/bano-iniciatico\/","og_locale":"es_ES","og_type":"article","og_title":"Ba&ntilde;o Inici\u00e1tico - El Puco. Taller de ense\u00f1anza de alfareria y cer\u00e1mica art\u00edstica","og_description":"Ya desde el antiguo Egipto se practicaban los bautizos en arcilla. Existe la lutoterapia y la argiloterapia. La primera se refiere al uso externo del barro o arcilla, ya sea en aplicaciones sobre la piel, heridas, hematomas, infecciones, etc. La segunda es de uso interno, para lo cual se prescribe la ingesti\u00f3n de peque\u00f1as cantidades ... Continuar","og_url":"https:\/\/www.elpuco.com.ar\/web\/bano-iniciatico\/","og_site_name":"El Puco. Taller de ense\u00f1anza de alfareria y cer\u00e1mica art\u00edstica","article_modified_time":"2017-02-21T17:57:17+00:00","og_image":[{"url":"http:\/\/www.elpuco.com.ar\/web\/wp-content\/uploads\/2013\/02\/meditacion-grupal.jpg","type":"","width":"","height":""}],"twitter_card":"summary_large_image","twitter_misc":{"Tiempo de lectura":"1 minuto"},"schema":{"@context":"https:\/\/schema.org","@graph":[{"@type":"WebPage","@id":"https:\/\/www.elpuco.com.ar\/web\/bano-iniciatico\/","url":"https:\/\/www.elpuco.com.ar\/web\/bano-iniciatico\/","name":"Ba&ntilde;o Inici\u00e1tico - El Puco. Taller de ense\u00f1anza de alfareria y cer\u00e1mica art\u00edstica","isPartOf":{"@id":"https:\/\/www.elpuco.com.ar\/web\/#website"},"primaryImageOfPage":{"@id":"https:\/\/www.elpuco.com.ar\/web\/bano-iniciatico\/#primaryimage"},"image":{"@id":"https:\/\/www.elpuco.com.ar\/web\/bano-iniciatico\/#primaryimage"},"thumbnailUrl":"http:\/\/www.elpuco.com.ar\/web\/wp-content\/uploads\/2013\/02\/meditacion-grupal.jpg","datePublished":"2013-02-20T00:01:30+00:00","dateModified":"2017-02-21T17:57:17+00:00","breadcrumb":{"@id":"https:\/\/www.elpuco.com.ar\/web\/bano-iniciatico\/#breadcrumb"},"inLanguage":"es","potentialAction":[{"@type":"ReadAction","target":["https:\/\/www.elpuco.com.ar\/web\/bano-iniciatico\/"]}]},{"@type":"ImageObject","inLanguage":"es","@id":"https:\/\/www.elpuco.com.ar\/web\/bano-iniciatico\/#primaryimage","url":"http:\/\/www.elpuco.com.ar\/web\/wp-content\/uploads\/2013\/02\/meditacion-grupal.jpg","contentUrl":"http:\/\/www.elpuco.com.ar\/web\/wp-content\/uploads\/2013\/02\/meditacion-grupal.jpg"},{"@type":"BreadcrumbList","@id":"https:\/\/www.elpuco.com.ar\/web\/bano-iniciatico\/#breadcrumb","itemListElement":[{"@type":"ListItem","position":1,"name":"Portada","item":"https:\/\/www.elpuco.com.ar\/web\/"},{"@type":"ListItem","position":2,"name":"Ba&ntilde;o Inici\u00e1tico"}]},{"@type":"WebSite","@id":"https:\/\/www.elpuco.com.ar\/web\/#website","url":"https:\/\/www.elpuco.com.ar\/web\/","name":"El Puco. Taller de ense\u00f1anza de alfareria y cer\u00e1mica art\u00edstica","description":"","potentialAction":[{"@type":"SearchAction","target":{"@type":"EntryPoint","urlTemplate":"https:\/\/www.elpuco.com.ar\/web\/?s={search_term_string}"},"query-input":{"@type":"PropertyValueSpecification","valueRequired":true,"valueName":"search_term_string"}}],"inLanguage":"es"}]}},"_links":{"self":[{"href":"https:\/\/www.elpuco.com.ar\/web\/wp-json\/wp\/v2\/pages\/68","targetHints":{"allow":["GET"]}}],"collection":[{"href":"https:\/\/www.elpuco.com.ar\/web\/wp-json\/wp\/v2\/pages"}],"about":[{"href":"https:\/\/www.elpuco.com.ar\/web\/wp-json\/wp\/v2\/types\/page"}],"author":[{"embeddable":true,"href":"https:\/\/www.elpuco.com.ar\/web\/wp-json\/wp\/v2\/users\/1"}],"replies":[{"embeddable":true,"href":"https:\/\/www.elpuco.com.ar\/web\/wp-json\/wp\/v2\/comments?post=68"}],"version-history":[{"count":14,"href":"https:\/\/www.elpuco.com.ar\/web\/wp-json\/wp\/v2\/pages\/68\/revisions"}],"predecessor-version":[{"id":1072,"href":"https:\/\/www.elpuco.com.ar\/web\/wp-json\/wp\/v2\/pages\/68\/revisions\/1072"}],"wp:attachment":[{"href":"https:\/\/www.elpuco.com.ar\/web\/wp-json\/wp\/v2\/media?parent=68"}],"curies":[{"name":"wp","href":"https:\/\/api.w.org\/{rel}","templated":true}]}}