{"id":7,"date":"2013-02-19T22:12:34","date_gmt":"2013-02-19T22:12:34","guid":{"rendered":"http:\/\/www.elpuco.com.ar\/web\/?page_id=7"},"modified":"2013-02-20T00:21:54","modified_gmt":"2013-02-20T00:21:54","slug":"consultas","status":"publish","type":"page","link":"https:\/\/www.elpuco.com.ar\/web\/consultas\/","title":{"rendered":"Consultas"},"content":{"rendered":"<div style=\"width: 50px; float: left;\"><img decoding=\"async\" class=\"middle\" alt=\"\" src=\"\/web\/wp-content\/uploads\/2013\/02\/icon_home.png\" \/><\/div>\n<div style=\"width: 350px; float: left;\">Env\u00edenos su consulta por mail y le responderemos a la brevedad<\/div>\n<p><br class=\"clear\"\/><\/p>\n<div style=\"width: 50px; float: left;\"><img decoding=\"async\" class=\"middle\" alt=\"\" src=\"\/web\/wp-content\/uploads\/2013\/02\/icon_mail.png\" \/><\/div>\n<div style=\"width: 350px; float: left;\">Puede escribirnos a <a href=\"mailto:tallerelpuco@yahoo.com.ar\">tallerelpuco@yahoo.com.ar<\/a><\/div>\n<p><br class=\"clear\"\/><\/p>\n<div style=\"width: 50px; float: left;\"><img decoding=\"async\" class=\"middle\" alt=\"\" src=\"\/web\/wp-content\/uploads\/2013\/02\/icon_phone.png\" \/><\/div>\n<div style=\"width: 350px; float: left;\">o comun\u00edquese telef\u00f3nicamente al (0054) (911) 5895-9530<\/div>\n<p>&nbsp;<\/p>\n","protected":false},"excerpt":{"rendered":"<p>Env\u00edenos su consulta por mail y le responderemos a la brevedad Puede escribirnos a tallerelpuco@yahoo.com.ar o comun\u00edquese telef\u00f3nicamente al (0054) (911) 5895-9530 &nbsp;<\/p>\n","protected":false},"author":1,"featured_media":0,"parent":0,"menu_order":0,"comment_status":"open","ping_status":"closed","template":"","meta":{"ngg_post_thumbnail":0,"footnotes":""},"class_list":{"0":"post-7","1":"page","2":"type-page","3":"status-publish","5":"no-featured-image-padding"},"yoast_head":"<!-- This site is optimized with the Yoast SEO plugin v25.5 - https:\/\/yoast.com\/wordpress\/plugins\/seo\/ -->\n<title>Consultas - El Puco. Taller de ense\u00f1anza de alfareria y cer\u00e1mica art\u00edstica<\/title>\n<meta name=\"robots\" content=\"index, follow, max-snippet:-1, max-image-preview:large, max-video-preview:-1\" \/>\n<link rel=\"canonical\" href=\"https:\/\/www.elpuco.com.ar\/web\/consultas\/\" \/>\n<meta property=\"og:locale\" content=\"es_ES\" \/>\n<meta property=\"og:type\" content=\"article\" \/>\n<meta property=\"og:title\" content=\"Consultas - El Puco. Taller de ense\u00f1anza de alfareria y cer\u00e1mica art\u00edstica\" \/>\n<meta property=\"og:description\" content=\"Env\u00edenos su consulta por mail y le responderemos a la brevedad Puede escribirnos a tallerelpuco@yahoo.com.ar o comun\u00edquese telef\u00f3nicamente al (0054) (911) 5895-9530 &nbsp;\" \/>\n<meta property=\"og:url\" content=\"https:\/\/www.elpuco.com.ar\/web\/consultas\/\" \/>\n<meta property=\"og:site_name\" content=\"El Puco. Taller de ense\u00f1anza de alfareria y cer\u00e1mica art\u00edstica\" \/>\n<meta property=\"article:modified_time\" content=\"2013-02-20T00:21:54+00:00\" \/>\n<meta name=\"twitter:card\" content=\"summary_large_image\" \/>\n<script type=\"application\/ld+json\" class=\"yoast-schema-graph\">{\"@context\":\"https:\/\/schema.org\",\"@graph\":[{\"@type\":\"WebPage\",\"@id\":\"https:\/\/www.elpuco.com.ar\/web\/consultas\/\",\"url\":\"https:\/\/www.elpuco.com.ar\/web\/consultas\/\",\"name\":\"Consultas - El Puco. Taller de ense\u00f1anza de alfareria y cer\u00e1mica art\u00edstica\",\"isPartOf\":{\"@id\":\"https:\/\/www.elpuco.com.ar\/web\/#website\"},\"datePublished\":\"2013-02-19T22:12:34+00:00\",\"dateModified\":\"2013-02-20T00:21:54+00:00\",\"breadcrumb\":{\"@id\":\"https:\/\/www.elpuco.com.ar\/web\/consultas\/#breadcrumb\"},\"inLanguage\":\"es\",\"potentialAction\":[{\"@type\":\"ReadAction\",\"target\":[\"https:\/\/www.elpuco.com.ar\/web\/consultas\/\"]}]},{\"@type\":\"BreadcrumbList\",\"@id\":\"https:\/\/www.elpuco.com.ar\/web\/consultas\/#breadcrumb\",\"itemListElement\":[{\"@type\":\"ListItem\",\"position\":1,\"name\":\"Portada\",\"item\":\"https:\/\/www.elpuco.com.ar\/web\/\"},{\"@type\":\"ListItem\",\"position\":2,\"name\":\"Consultas\"}]},{\"@type\":\"WebSite\",\"@id\":\"https:\/\/www.elpuco.com.ar\/web\/#website\",\"url\":\"https:\/\/www.elpuco.com.ar\/web\/\",\"name\":\"El Puco. Taller de ense\u00f1anza de alfareria y cer\u00e1mica art\u00edstica\",\"description\":\"\",\"potentialAction\":[{\"@type\":\"SearchAction\",\"target\":{\"@type\":\"EntryPoint\",\"urlTemplate\":\"https:\/\/www.elpuco.com.ar\/web\/?s={search_term_string}\"},\"query-input\":{\"@type\":\"PropertyValueSpecification\",\"valueRequired\":true,\"valueName\":\"search_term_string\"}}],\"inLanguage\":\"es\"}]}<\/script>\n<!-- \/ Yoast SEO plugin. -->","yoast_head_json":{"title":"Consultas - El Puco. Taller de ense\u00f1anza de alfareria y cer\u00e1mica art\u00edstica","robots":{"index":"index","follow":"follow","max-snippet":"max-snippet:-1","max-image-preview":"max-image-preview:large","max-video-preview":"max-video-preview:-1"},"canonical":"https:\/\/www.elpuco.com.ar\/web\/consultas\/","og_locale":"es_ES","og_type":"article","og_title":"Consultas - El Puco. Taller de ense\u00f1anza de alfareria y cer\u00e1mica art\u00edstica","og_description":"Env\u00edenos su consulta por mail y le responderemos a la brevedad Puede escribirnos a tallerelpuco@yahoo.com.ar o comun\u00edquese telef\u00f3nicamente al (0054) (911) 5895-9530 &nbsp;","og_url":"https:\/\/www.elpuco.com.ar\/web\/consultas\/","og_site_name":"El Puco. Taller de ense\u00f1anza de alfareria y cer\u00e1mica art\u00edstica","article_modified_time":"2013-02-20T00:21:54+00:00","twitter_card":"summary_large_image","schema":{"@context":"https:\/\/schema.org","@graph":[{"@type":"WebPage","@id":"https:\/\/www.elpuco.com.ar\/web\/consultas\/","url":"https:\/\/www.elpuco.com.ar\/web\/consultas\/","name":"Consultas - El Puco. Taller de ense\u00f1anza de alfareria y cer\u00e1mica art\u00edstica","isPartOf":{"@id":"https:\/\/www.elpuco.com.ar\/web\/#website"},"datePublished":"2013-02-19T22:12:34+00:00","dateModified":"2013-02-20T00:21:54+00:00","breadcrumb":{"@id":"https:\/\/www.elpuco.com.ar\/web\/consultas\/#breadcrumb"},"inLanguage":"es","potentialAction":[{"@type":"ReadAction","target":["https:\/\/www.elpuco.com.ar\/web\/consultas\/"]}]},{"@type":"BreadcrumbList","@id":"https:\/\/www.elpuco.com.ar\/web\/consultas\/#breadcrumb","itemListElement":[{"@type":"ListItem","position":1,"name":"Portada","item":"https:\/\/www.elpuco.com.ar\/web\/"},{"@type":"ListItem","position":2,"name":"Consultas"}]},{"@type":"WebSite","@id":"https:\/\/www.elpuco.com.ar\/web\/#website","url":"https:\/\/www.elpuco.com.ar\/web\/","name":"El Puco. Taller de ense\u00f1anza de alfareria y cer\u00e1mica art\u00edstica","description":"","potentialAction":[{"@type":"SearchAction","target":{"@type":"EntryPoint","urlTemplate":"https:\/\/www.elpuco.com.ar\/web\/?s={search_term_string}"},"query-input":{"@type":"PropertyValueSpecification","valueRequired":true,"valueName":"search_term_string"}}],"inLanguage":"es"}]}},"_links":{"self":[{"href":"https:\/\/www.elpuco.com.ar\/web\/wp-json\/wp\/v2\/pages\/7","targetHints":{"allow":["GET"]}}],"collection":[{"href":"https:\/\/www.elpuco.com.ar\/web\/wp-json\/wp\/v2\/pages"}],"about":[{"href":"https:\/\/www.elpuco.com.ar\/web\/wp-json\/wp\/v2\/types\/page"}],"author":[{"embeddable":true,"href":"https:\/\/www.elpuco.com.ar\/web\/wp-json\/wp\/v2\/users\/1"}],"replies":[{"embeddable":true,"href":"https:\/\/www.elpuco.com.ar\/web\/wp-json\/wp\/v2\/comments?post=7"}],"version-history":[{"count":10,"href":"https:\/\/www.elpuco.com.ar\/web\/wp-json\/wp\/v2\/pages\/7\/revisions"}],"predecessor-version":[{"id":92,"href":"https:\/\/www.elpuco.com.ar\/web\/wp-json\/wp\/v2\/pages\/7\/revisions\/92"}],"wp:attachment":[{"href":"https:\/\/www.elpuco.com.ar\/web\/wp-json\/wp\/v2\/media?parent=7"}],"curies":[{"name":"wp","href":"https:\/\/api.w.org\/{rel}","templated":true}]}}