{"id":70,"date":"2013-02-20T00:03:30","date_gmt":"2013-02-20T00:03:30","guid":{"rendered":"http:\/\/www.elpuco.com.ar\/web\/?page_id=70"},"modified":"2013-02-25T21:28:11","modified_gmt":"2013-02-25T21:28:11","slug":"esmaltado-de-pieza","status":"publish","type":"page","link":"https:\/\/www.elpuco.com.ar\/web\/esmaltado-de-pieza\/","title":{"rendered":"Esmaltado de Pieza"},"content":{"rendered":"<p>El esmalte es una cubierta que se aplica sobre las piezas y luego se funden a altas temperaturas (1000\u00ba &#8211; 1300\u00ba C) por motivos decorativos o funcionales. Puede ser mate o brillante, transparente u opaco, coloreado o con texturas. Adem\u00e1s de ser un m\u00e9todo decorativo, tambi\u00e9n ofrece una superfice impermeable, duradera y resistente a \u00e1cidos y bacterias.Los esmaltes que se muestran a continuaci\u00f3n funden a 1040 grados.<\/p>\n<p>Esmaltado por ba\u00f1o con cuchar\u00f3n por el Prof. Alessandro Jara<\/p>\n<p><a href=\"http:\/\/www.elpuco.com.ar\/web\/wp-content\/uploads\/2013\/02\/es0001.jpg\"><img loading=\"lazy\" decoding=\"async\" class=\"alignnone size-full wp-image-303\" alt=\"es0001\" src=\"http:\/\/www.elpuco.com.ar\/web\/wp-content\/uploads\/2013\/02\/es0001.jpg\" width=\"335\" height=\"237\" srcset=\"https:\/\/www.elpuco.com.ar\/web\/wp-content\/uploads\/2013\/02\/es0001.jpg 335w, https:\/\/www.elpuco.com.ar\/web\/wp-content\/uploads\/2013\/02\/es0001-300x212.jpg 300w\" sizes=\"auto, (max-width: 335px) 100vw, 335px\" \/><\/a> <a href=\"http:\/\/www.elpuco.com.ar\/web\/wp-content\/uploads\/2013\/02\/es0002.jpg\"><img loading=\"lazy\" decoding=\"async\" class=\"alignnone size-full wp-image-304\" alt=\"es0002\" src=\"http:\/\/www.elpuco.com.ar\/web\/wp-content\/uploads\/2013\/02\/es0002.jpg\" width=\"335\" height=\"226\" srcset=\"https:\/\/www.elpuco.com.ar\/web\/wp-content\/uploads\/2013\/02\/es0002.jpg 335w, https:\/\/www.elpuco.com.ar\/web\/wp-content\/uploads\/2013\/02\/es0002-300x202.jpg 300w\" sizes=\"auto, (max-width: 335px) 100vw, 335px\" \/><\/a> <a href=\"http:\/\/www.elpuco.com.ar\/web\/wp-content\/uploads\/2013\/02\/es0003.jpg\"><img loading=\"lazy\" decoding=\"async\" class=\"alignnone size-full wp-image-305\" alt=\"es0003\" src=\"http:\/\/www.elpuco.com.ar\/web\/wp-content\/uploads\/2013\/02\/es0003.jpg\" width=\"330\" height=\"226\" srcset=\"https:\/\/www.elpuco.com.ar\/web\/wp-content\/uploads\/2013\/02\/es0003.jpg 330w, https:\/\/www.elpuco.com.ar\/web\/wp-content\/uploads\/2013\/02\/es0003-300x205.jpg 300w\" sizes=\"auto, (max-width: 330px) 100vw, 330px\" \/><\/a> <a href=\"http:\/\/www.elpuco.com.ar\/web\/wp-content\/uploads\/2013\/02\/es0004.jpg\"><img loading=\"lazy\" decoding=\"async\" class=\"alignnone size-full wp-image-306\" alt=\"es0004\" src=\"http:\/\/www.elpuco.com.ar\/web\/wp-content\/uploads\/2013\/02\/es0004.jpg\" width=\"329\" height=\"222\" srcset=\"https:\/\/www.elpuco.com.ar\/web\/wp-content\/uploads\/2013\/02\/es0004.jpg 329w, https:\/\/www.elpuco.com.ar\/web\/wp-content\/uploads\/2013\/02\/es0004-300x202.jpg 300w\" sizes=\"auto, (max-width: 329px) 100vw, 329px\" \/><\/a> <a href=\"http:\/\/www.elpuco.com.ar\/web\/wp-content\/uploads\/2013\/02\/es0005.jpg\"><img loading=\"lazy\" decoding=\"async\" class=\"alignnone size-full wp-image-307\" alt=\"es0005\" src=\"http:\/\/www.elpuco.com.ar\/web\/wp-content\/uploads\/2013\/02\/es0005.jpg\" width=\"344\" height=\"223\" srcset=\"https:\/\/www.elpuco.com.ar\/web\/wp-content\/uploads\/2013\/02\/es0005.jpg 344w, https:\/\/www.elpuco.com.ar\/web\/wp-content\/uploads\/2013\/02\/es0005-300x194.jpg 300w\" sizes=\"auto, (max-width: 344px) 100vw, 344px\" \/><\/a> <a href=\"http:\/\/www.elpuco.com.ar\/web\/wp-content\/uploads\/2013\/02\/es0006.jpg\"><img loading=\"lazy\" decoding=\"async\" class=\"alignnone size-full wp-image-308\" alt=\"es0006\" src=\"http:\/\/www.elpuco.com.ar\/web\/wp-content\/uploads\/2013\/02\/es0006.jpg\" width=\"341\" height=\"223\" srcset=\"https:\/\/www.elpuco.com.ar\/web\/wp-content\/uploads\/2013\/02\/es0006.jpg 341w, https:\/\/www.elpuco.com.ar\/web\/wp-content\/uploads\/2013\/02\/es0006-300x196.jpg 300w\" sizes=\"auto, (max-width: 341px) 100vw, 341px\" \/><\/a> <a href=\"http:\/\/www.elpuco.com.ar\/web\/wp-content\/uploads\/2013\/02\/es0007.jpg\"><img loading=\"lazy\" decoding=\"async\" class=\"alignnone size-full wp-image-309\" alt=\"es0007\" src=\"http:\/\/www.elpuco.com.ar\/web\/wp-content\/uploads\/2013\/02\/es0007.jpg\" width=\"335\" height=\"223\" srcset=\"https:\/\/www.elpuco.com.ar\/web\/wp-content\/uploads\/2013\/02\/es0007.jpg 335w, https:\/\/www.elpuco.com.ar\/web\/wp-content\/uploads\/2013\/02\/es0007-300x199.jpg 300w\" sizes=\"auto, (max-width: 335px) 100vw, 335px\" \/><\/a> <a href=\"http:\/\/www.elpuco.com.ar\/web\/wp-content\/uploads\/2013\/02\/EsmalteFlorPanuccio1.jpg\"><img loading=\"lazy\" decoding=\"async\" class=\"alignnone size-full wp-image-310\" alt=\"EsmalteFlorPanuccio1\" src=\"http:\/\/www.elpuco.com.ar\/web\/wp-content\/uploads\/2013\/02\/EsmalteFlorPanuccio1.jpg\" width=\"229\" height=\"340\" srcset=\"https:\/\/www.elpuco.com.ar\/web\/wp-content\/uploads\/2013\/02\/EsmalteFlorPanuccio1.jpg 229w, https:\/\/www.elpuco.com.ar\/web\/wp-content\/uploads\/2013\/02\/EsmalteFlorPanuccio1-202x300.jpg 202w\" sizes=\"auto, (max-width: 229px) 100vw, 229px\" \/><\/a> <a href=\"http:\/\/www.elpuco.com.ar\/web\/wp-content\/uploads\/2013\/02\/EsmalteFlorPanuccio2.jpg\"><img loading=\"lazy\" decoding=\"async\" class=\"alignnone size-full wp-image-311\" alt=\"EsmalteFlorPanuccio2\" src=\"http:\/\/www.elpuco.com.ar\/web\/wp-content\/uploads\/2013\/02\/EsmalteFlorPanuccio2.jpg\" width=\"229\" height=\"340\" srcset=\"https:\/\/www.elpuco.com.ar\/web\/wp-content\/uploads\/2013\/02\/EsmalteFlorPanuccio2.jpg 229w, https:\/\/www.elpuco.com.ar\/web\/wp-content\/uploads\/2013\/02\/EsmalteFlorPanuccio2-202x300.jpg 202w\" sizes=\"auto, (max-width: 229px) 100vw, 229px\" \/><\/a> <a href=\"http:\/\/www.elpuco.com.ar\/web\/wp-content\/uploads\/2013\/02\/EsmalteFlorPanuccio3.jpg\"><img loading=\"lazy\" decoding=\"async\" class=\"alignnone size-full wp-image-312\" alt=\"EsmalteFlorPanuccio3\" src=\"http:\/\/www.elpuco.com.ar\/web\/wp-content\/uploads\/2013\/02\/EsmalteFlorPanuccio3.jpg\" width=\"225\" height=\"340\" srcset=\"https:\/\/www.elpuco.com.ar\/web\/wp-content\/uploads\/2013\/02\/EsmalteFlorPanuccio3.jpg 225w, https:\/\/www.elpuco.com.ar\/web\/wp-content\/uploads\/2013\/02\/EsmalteFlorPanuccio3-198x300.jpg 198w\" sizes=\"auto, (max-width: 225px) 100vw, 225px\" \/><\/a><\/p>\n<p>&nbsp;<\/p>\n<p>Chorreado de esmaltes por la alumna Florencia Panuccio.<\/p>\n<p><a href=\"http:\/\/www.elpuco.com.ar\/web\/wp-content\/uploads\/2013\/02\/EsmalteFlorPanucciosub2.jpg\"><img loading=\"lazy\" decoding=\"async\" class=\"alignnone size-full wp-image-315\" alt=\"EsmalteFlorPanucciosub2\" src=\"http:\/\/www.elpuco.com.ar\/web\/wp-content\/uploads\/2013\/02\/EsmalteFlorPanucciosub2.jpg\" width=\"223\" height=\"340\" srcset=\"https:\/\/www.elpuco.com.ar\/web\/wp-content\/uploads\/2013\/02\/EsmalteFlorPanucciosub2.jpg 223w, https:\/\/www.elpuco.com.ar\/web\/wp-content\/uploads\/2013\/02\/EsmalteFlorPanucciosub2-196x300.jpg 196w\" sizes=\"auto, (max-width: 223px) 100vw, 223px\" \/><\/a> <a href=\"http:\/\/www.elpuco.com.ar\/web\/wp-content\/uploads\/2013\/02\/EsmalteFlorPanucciosub3.jpg\"><img loading=\"lazy\" decoding=\"async\" class=\"alignnone size-full wp-image-316\" alt=\"EsmalteFlorPanucciosub3\" src=\"http:\/\/www.elpuco.com.ar\/web\/wp-content\/uploads\/2013\/02\/EsmalteFlorPanucciosub3.jpg\" width=\"244\" height=\"340\" srcset=\"https:\/\/www.elpuco.com.ar\/web\/wp-content\/uploads\/2013\/02\/EsmalteFlorPanucciosub3.jpg 244w, https:\/\/www.elpuco.com.ar\/web\/wp-content\/uploads\/2013\/02\/EsmalteFlorPanucciosub3-215x300.jpg 215w\" sizes=\"auto, (max-width: 244px) 100vw, 244px\" \/><\/a> <a href=\"http:\/\/www.elpuco.com.ar\/web\/wp-content\/uploads\/2013\/02\/EsmalteFlorPanucciosub4.jpg\"><img loading=\"lazy\" decoding=\"async\" class=\"alignnone size-full wp-image-317\" alt=\"EsmalteFlorPanucciosub4\" src=\"http:\/\/www.elpuco.com.ar\/web\/wp-content\/uploads\/2013\/02\/EsmalteFlorPanucciosub4.jpg\" width=\"242\" height=\"340\" srcset=\"https:\/\/www.elpuco.com.ar\/web\/wp-content\/uploads\/2013\/02\/EsmalteFlorPanucciosub4.jpg 242w, https:\/\/www.elpuco.com.ar\/web\/wp-content\/uploads\/2013\/02\/EsmalteFlorPanucciosub4-213x300.jpg 213w\" sizes=\"auto, (max-width: 242px) 100vw, 242px\" \/><\/a> <a href=\"http:\/\/www.elpuco.com.ar\/web\/wp-content\/uploads\/2013\/02\/horno.jpg\"><img loading=\"lazy\" decoding=\"async\" class=\"alignnone size-full wp-image-318\" alt=\"horno\" src=\"http:\/\/www.elpuco.com.ar\/web\/wp-content\/uploads\/2013\/02\/horno.jpg\" width=\"341\" height=\"229\" srcset=\"https:\/\/www.elpuco.com.ar\/web\/wp-content\/uploads\/2013\/02\/horno.jpg 341w, https:\/\/www.elpuco.com.ar\/web\/wp-content\/uploads\/2013\/02\/horno-300x201.jpg 300w\" sizes=\"auto, (max-width: 341px) 100vw, 341px\" \/><\/a> <a href=\"http:\/\/www.elpuco.com.ar\/web\/wp-content\/uploads\/2013\/02\/seamable.jpg\"><img loading=\"lazy\" decoding=\"async\" class=\"alignnone size-full wp-image-319\" alt=\"seamable\" src=\"http:\/\/www.elpuco.com.ar\/web\/wp-content\/uploads\/2013\/02\/seamable.jpg\" width=\"220\" height=\"340\" srcset=\"https:\/\/www.elpuco.com.ar\/web\/wp-content\/uploads\/2013\/02\/seamable.jpg 220w, https:\/\/www.elpuco.com.ar\/web\/wp-content\/uploads\/2013\/02\/seamable-194x300.jpg 194w\" sizes=\"auto, (max-width: 220px) 100vw, 220px\" \/><\/a><\/p>\n","protected":false},"excerpt":{"rendered":"<p>El esmalte es una cubierta que se aplica sobre las piezas y luego se funden a altas temperaturas (1000\u00ba &#8211; 1300\u00ba C) por motivos decorativos o funcionales. Puede ser mate o brillante, transparente u opaco, coloreado o con texturas. Adem\u00e1s de ser un m\u00e9todo decorativo, tambi\u00e9n ofrece una superfice impermeable, duradera y resistente a \u00e1cidos &#8230; <\/p>\n<p class=\"read-more-container\"><a title=\"Esmaltado de Pieza\" class=\"read-more button\" href=\"https:\/\/www.elpuco.com.ar\/web\/esmaltado-de-pieza\/#more-70\" aria-label=\"Leer m\u00e1s sobre Esmaltado de Pieza\">Continuar<\/a><\/p>\n","protected":false},"author":1,"featured_media":0,"parent":0,"menu_order":0,"comment_status":"open","ping_status":"open","template":"","meta":{"ngg_post_thumbnail":0,"footnotes":""},"class_list":{"0":"post-70","1":"page","2":"type-page","3":"status-publish","5":"no-featured-image-padding"},"yoast_head":"<!-- This site is optimized with the Yoast SEO plugin v25.5 - https:\/\/yoast.com\/wordpress\/plugins\/seo\/ -->\n<title>Esmaltado de Pieza - El Puco. Taller de ense\u00f1anza de alfareria y cer\u00e1mica art\u00edstica<\/title>\n<meta name=\"robots\" content=\"index, follow, max-snippet:-1, max-image-preview:large, max-video-preview:-1\" \/>\n<link rel=\"canonical\" href=\"https:\/\/www.elpuco.com.ar\/web\/esmaltado-de-pieza\/\" \/>\n<meta property=\"og:locale\" content=\"es_ES\" \/>\n<meta property=\"og:type\" content=\"article\" \/>\n<meta property=\"og:title\" content=\"Esmaltado de Pieza - El Puco. Taller de ense\u00f1anza de alfareria y cer\u00e1mica art\u00edstica\" \/>\n<meta property=\"og:description\" content=\"El esmalte es una cubierta que se aplica sobre las piezas y luego se funden a altas temperaturas (1000\u00ba &#8211; 1300\u00ba C) por motivos decorativos o funcionales. Puede ser mate o brillante, transparente u opaco, coloreado o con texturas. Adem\u00e1s de ser un m\u00e9todo decorativo, tambi\u00e9n ofrece una superfice impermeable, duradera y resistente a \u00e1cidos ... Continuar\" \/>\n<meta property=\"og:url\" content=\"https:\/\/www.elpuco.com.ar\/web\/esmaltado-de-pieza\/\" \/>\n<meta property=\"og:site_name\" content=\"El Puco. Taller de ense\u00f1anza de alfareria y cer\u00e1mica art\u00edstica\" \/>\n<meta property=\"article:modified_time\" content=\"2013-02-25T21:28:11+00:00\" \/>\n<meta property=\"og:image\" content=\"http:\/\/www.elpuco.com.ar\/web\/wp-content\/uploads\/2013\/02\/es0001.jpg\" \/>\n<meta name=\"twitter:card\" content=\"summary_large_image\" \/>\n<script type=\"application\/ld+json\" class=\"yoast-schema-graph\">{\"@context\":\"https:\/\/schema.org\",\"@graph\":[{\"@type\":\"WebPage\",\"@id\":\"https:\/\/www.elpuco.com.ar\/web\/esmaltado-de-pieza\/\",\"url\":\"https:\/\/www.elpuco.com.ar\/web\/esmaltado-de-pieza\/\",\"name\":\"Esmaltado de Pieza - El Puco. Taller de ense\u00f1anza de alfareria y cer\u00e1mica art\u00edstica\",\"isPartOf\":{\"@id\":\"https:\/\/www.elpuco.com.ar\/web\/#website\"},\"primaryImageOfPage\":{\"@id\":\"https:\/\/www.elpuco.com.ar\/web\/esmaltado-de-pieza\/#primaryimage\"},\"image\":{\"@id\":\"https:\/\/www.elpuco.com.ar\/web\/esmaltado-de-pieza\/#primaryimage\"},\"thumbnailUrl\":\"http:\/\/www.elpuco.com.ar\/web\/wp-content\/uploads\/2013\/02\/es0001.jpg\",\"datePublished\":\"2013-02-20T00:03:30+00:00\",\"dateModified\":\"2013-02-25T21:28:11+00:00\",\"breadcrumb\":{\"@id\":\"https:\/\/www.elpuco.com.ar\/web\/esmaltado-de-pieza\/#breadcrumb\"},\"inLanguage\":\"es\",\"potentialAction\":[{\"@type\":\"ReadAction\",\"target\":[\"https:\/\/www.elpuco.com.ar\/web\/esmaltado-de-pieza\/\"]}]},{\"@type\":\"ImageObject\",\"inLanguage\":\"es\",\"@id\":\"https:\/\/www.elpuco.com.ar\/web\/esmaltado-de-pieza\/#primaryimage\",\"url\":\"http:\/\/www.elpuco.com.ar\/web\/wp-content\/uploads\/2013\/02\/es0001.jpg\",\"contentUrl\":\"http:\/\/www.elpuco.com.ar\/web\/wp-content\/uploads\/2013\/02\/es0001.jpg\"},{\"@type\":\"BreadcrumbList\",\"@id\":\"https:\/\/www.elpuco.com.ar\/web\/esmaltado-de-pieza\/#breadcrumb\",\"itemListElement\":[{\"@type\":\"ListItem\",\"position\":1,\"name\":\"Portada\",\"item\":\"https:\/\/www.elpuco.com.ar\/web\/\"},{\"@type\":\"ListItem\",\"position\":2,\"name\":\"Esmaltado de Pieza\"}]},{\"@type\":\"WebSite\",\"@id\":\"https:\/\/www.elpuco.com.ar\/web\/#website\",\"url\":\"https:\/\/www.elpuco.com.ar\/web\/\",\"name\":\"El Puco. Taller de ense\u00f1anza de alfareria y cer\u00e1mica art\u00edstica\",\"description\":\"\",\"potentialAction\":[{\"@type\":\"SearchAction\",\"target\":{\"@type\":\"EntryPoint\",\"urlTemplate\":\"https:\/\/www.elpuco.com.ar\/web\/?s={search_term_string}\"},\"query-input\":{\"@type\":\"PropertyValueSpecification\",\"valueRequired\":true,\"valueName\":\"search_term_string\"}}],\"inLanguage\":\"es\"}]}<\/script>\n<!-- \/ Yoast SEO plugin. -->","yoast_head_json":{"title":"Esmaltado de Pieza - El Puco. Taller de ense\u00f1anza de alfareria y cer\u00e1mica art\u00edstica","robots":{"index":"index","follow":"follow","max-snippet":"max-snippet:-1","max-image-preview":"max-image-preview:large","max-video-preview":"max-video-preview:-1"},"canonical":"https:\/\/www.elpuco.com.ar\/web\/esmaltado-de-pieza\/","og_locale":"es_ES","og_type":"article","og_title":"Esmaltado de Pieza - El Puco. Taller de ense\u00f1anza de alfareria y cer\u00e1mica art\u00edstica","og_description":"El esmalte es una cubierta que se aplica sobre las piezas y luego se funden a altas temperaturas (1000\u00ba &#8211; 1300\u00ba C) por motivos decorativos o funcionales. Puede ser mate o brillante, transparente u opaco, coloreado o con texturas. Adem\u00e1s de ser un m\u00e9todo decorativo, tambi\u00e9n ofrece una superfice impermeable, duradera y resistente a \u00e1cidos ... Continuar","og_url":"https:\/\/www.elpuco.com.ar\/web\/esmaltado-de-pieza\/","og_site_name":"El Puco. Taller de ense\u00f1anza de alfareria y cer\u00e1mica art\u00edstica","article_modified_time":"2013-02-25T21:28:11+00:00","og_image":[{"url":"http:\/\/www.elpuco.com.ar\/web\/wp-content\/uploads\/2013\/02\/es0001.jpg","type":"","width":"","height":""}],"twitter_card":"summary_large_image","schema":{"@context":"https:\/\/schema.org","@graph":[{"@type":"WebPage","@id":"https:\/\/www.elpuco.com.ar\/web\/esmaltado-de-pieza\/","url":"https:\/\/www.elpuco.com.ar\/web\/esmaltado-de-pieza\/","name":"Esmaltado de Pieza - El Puco. Taller de ense\u00f1anza de alfareria y cer\u00e1mica art\u00edstica","isPartOf":{"@id":"https:\/\/www.elpuco.com.ar\/web\/#website"},"primaryImageOfPage":{"@id":"https:\/\/www.elpuco.com.ar\/web\/esmaltado-de-pieza\/#primaryimage"},"image":{"@id":"https:\/\/www.elpuco.com.ar\/web\/esmaltado-de-pieza\/#primaryimage"},"thumbnailUrl":"http:\/\/www.elpuco.com.ar\/web\/wp-content\/uploads\/2013\/02\/es0001.jpg","datePublished":"2013-02-20T00:03:30+00:00","dateModified":"2013-02-25T21:28:11+00:00","breadcrumb":{"@id":"https:\/\/www.elpuco.com.ar\/web\/esmaltado-de-pieza\/#breadcrumb"},"inLanguage":"es","potentialAction":[{"@type":"ReadAction","target":["https:\/\/www.elpuco.com.ar\/web\/esmaltado-de-pieza\/"]}]},{"@type":"ImageObject","inLanguage":"es","@id":"https:\/\/www.elpuco.com.ar\/web\/esmaltado-de-pieza\/#primaryimage","url":"http:\/\/www.elpuco.com.ar\/web\/wp-content\/uploads\/2013\/02\/es0001.jpg","contentUrl":"http:\/\/www.elpuco.com.ar\/web\/wp-content\/uploads\/2013\/02\/es0001.jpg"},{"@type":"BreadcrumbList","@id":"https:\/\/www.elpuco.com.ar\/web\/esmaltado-de-pieza\/#breadcrumb","itemListElement":[{"@type":"ListItem","position":1,"name":"Portada","item":"https:\/\/www.elpuco.com.ar\/web\/"},{"@type":"ListItem","position":2,"name":"Esmaltado de Pieza"}]},{"@type":"WebSite","@id":"https:\/\/www.elpuco.com.ar\/web\/#website","url":"https:\/\/www.elpuco.com.ar\/web\/","name":"El Puco. Taller de ense\u00f1anza de alfareria y cer\u00e1mica art\u00edstica","description":"","potentialAction":[{"@type":"SearchAction","target":{"@type":"EntryPoint","urlTemplate":"https:\/\/www.elpuco.com.ar\/web\/?s={search_term_string}"},"query-input":{"@type":"PropertyValueSpecification","valueRequired":true,"valueName":"search_term_string"}}],"inLanguage":"es"}]}},"_links":{"self":[{"href":"https:\/\/www.elpuco.com.ar\/web\/wp-json\/wp\/v2\/pages\/70","targetHints":{"allow":["GET"]}}],"collection":[{"href":"https:\/\/www.elpuco.com.ar\/web\/wp-json\/wp\/v2\/pages"}],"about":[{"href":"https:\/\/www.elpuco.com.ar\/web\/wp-json\/wp\/v2\/types\/page"}],"author":[{"embeddable":true,"href":"https:\/\/www.elpuco.com.ar\/web\/wp-json\/wp\/v2\/users\/1"}],"replies":[{"embeddable":true,"href":"https:\/\/www.elpuco.com.ar\/web\/wp-json\/wp\/v2\/comments?post=70"}],"version-history":[{"count":3,"href":"https:\/\/www.elpuco.com.ar\/web\/wp-json\/wp\/v2\/pages\/70\/revisions"}],"predecessor-version":[{"id":313,"href":"https:\/\/www.elpuco.com.ar\/web\/wp-json\/wp\/v2\/pages\/70\/revisions\/313"}],"wp:attachment":[{"href":"https:\/\/www.elpuco.com.ar\/web\/wp-json\/wp\/v2\/media?parent=70"}],"curies":[{"name":"wp","href":"https:\/\/api.w.org\/{rel}","templated":true}]}}