{"id":705,"date":"2013-03-03T19:39:18","date_gmt":"2013-03-03T19:39:18","guid":{"rendered":"http:\/\/www.elpuco.com.ar\/web\/?page_id=705"},"modified":"2024-05-03T23:29:00","modified_gmt":"2024-05-03T23:29:00","slug":"tecnica-de-chorizos-o-rollos","status":"publish","type":"page","link":"https:\/\/www.elpuco.com.ar\/web\/tecnica-de-chorizos-o-rollos\/","title":{"rendered":"T\u00e9cnica de chorizos o rollos"},"content":{"rendered":"\n<figure class=\"wp-block-gallery has-nested-images columns-4 is-cropped wp-block-gallery-1 is-layout-flex wp-block-gallery-is-layout-flex\">\n<figure class=\"wp-block-image size-large\"><a href=\"https:\/\/www.elpuco.com.ar\/web\/wp-content\/uploads\/2019\/01\/image1.jpg\"><img loading=\"lazy\" decoding=\"async\" width=\"1024\" height=\"768\" data-id=\"1127\" src=\"https:\/\/www.elpuco.com.ar\/web\/wp-content\/uploads\/2019\/01\/image1-1024x768.jpg\" alt=\"\" class=\"wp-image-1127\" srcset=\"https:\/\/www.elpuco.com.ar\/web\/wp-content\/uploads\/2019\/01\/image1-1024x768.jpg 1024w, https:\/\/www.elpuco.com.ar\/web\/wp-content\/uploads\/2019\/01\/image1-600x450.jpg 600w, https:\/\/www.elpuco.com.ar\/web\/wp-content\/uploads\/2019\/01\/image1-300x225.jpg 300w, https:\/\/www.elpuco.com.ar\/web\/wp-content\/uploads\/2019\/01\/image1-768x576.jpg 768w, https:\/\/www.elpuco.com.ar\/web\/wp-content\/uploads\/2019\/01\/image1.jpg 2048w\" sizes=\"auto, (max-width: 1024px) 100vw, 1024px\" \/><\/a><\/figure>\n\n\n\n<figure class=\"wp-block-image size-large\"><a href=\"https:\/\/www.elpuco.com.ar\/web\/wp-content\/uploads\/2019\/01\/image1_1.jpg\"><img loading=\"lazy\" decoding=\"async\" width=\"720\" height=\"960\" data-id=\"1128\" src=\"https:\/\/www.elpuco.com.ar\/web\/wp-content\/uploads\/2019\/01\/image1_1.jpg\" alt=\"\" class=\"wp-image-1128\" srcset=\"https:\/\/www.elpuco.com.ar\/web\/wp-content\/uploads\/2019\/01\/image1_1.jpg 720w, https:\/\/www.elpuco.com.ar\/web\/wp-content\/uploads\/2019\/01\/image1_1-600x800.jpg 600w, https:\/\/www.elpuco.com.ar\/web\/wp-content\/uploads\/2019\/01\/image1_1-225x300.jpg 225w\" sizes=\"auto, (max-width: 720px) 100vw, 720px\" \/><\/a><\/figure>\n\n\n\n<figure class=\"wp-block-image size-large\"><a href=\"https:\/\/www.elpuco.com.ar\/web\/wp-content\/uploads\/2019\/01\/image2.jpg\"><img loading=\"lazy\" decoding=\"async\" width=\"768\" height=\"1024\" data-id=\"1129\" src=\"https:\/\/www.elpuco.com.ar\/web\/wp-content\/uploads\/2019\/01\/image2-768x1024.jpg\" alt=\"\" class=\"wp-image-1129\" srcset=\"https:\/\/www.elpuco.com.ar\/web\/wp-content\/uploads\/2019\/01\/image2-768x1024.jpg 768w, https:\/\/www.elpuco.com.ar\/web\/wp-content\/uploads\/2019\/01\/image2-600x800.jpg 600w, https:\/\/www.elpuco.com.ar\/web\/wp-content\/uploads\/2019\/01\/image2-225x300.jpg 225w, https:\/\/www.elpuco.com.ar\/web\/wp-content\/uploads\/2019\/01\/image2.jpg 1536w\" sizes=\"auto, (max-width: 768px) 100vw, 768px\" \/><\/a><\/figure>\n\n\n\n<figure class=\"wp-block-image size-large\"><a href=\"https:\/\/www.elpuco.com.ar\/web\/wp-content\/uploads\/2019\/01\/image2_1.jpg\"><img loading=\"lazy\" decoding=\"async\" width=\"960\" height=\"720\" data-id=\"1130\" src=\"https:\/\/www.elpuco.com.ar\/web\/wp-content\/uploads\/2019\/01\/image2_1.jpg\" alt=\"\" class=\"wp-image-1130\" srcset=\"https:\/\/www.elpuco.com.ar\/web\/wp-content\/uploads\/2019\/01\/image2_1.jpg 960w, https:\/\/www.elpuco.com.ar\/web\/wp-content\/uploads\/2019\/01\/image2_1-600x450.jpg 600w, https:\/\/www.elpuco.com.ar\/web\/wp-content\/uploads\/2019\/01\/image2_1-300x225.jpg 300w, https:\/\/www.elpuco.com.ar\/web\/wp-content\/uploads\/2019\/01\/image2_1-768x576.jpg 768w\" sizes=\"auto, (max-width: 960px) 100vw, 960px\" \/><\/a><\/figure>\n\n\n\n<figure class=\"wp-block-image size-large\"><a href=\"https:\/\/www.elpuco.com.ar\/web\/wp-content\/uploads\/2019\/01\/image3.jpg\"><img loading=\"lazy\" decoding=\"async\" width=\"1024\" height=\"768\" data-id=\"1131\" src=\"https:\/\/www.elpuco.com.ar\/web\/wp-content\/uploads\/2019\/01\/image3-1024x768.jpg\" alt=\"\" class=\"wp-image-1131\" srcset=\"https:\/\/www.elpuco.com.ar\/web\/wp-content\/uploads\/2019\/01\/image3-1024x768.jpg 1024w, https:\/\/www.elpuco.com.ar\/web\/wp-content\/uploads\/2019\/01\/image3-600x450.jpg 600w, https:\/\/www.elpuco.com.ar\/web\/wp-content\/uploads\/2019\/01\/image3-300x225.jpg 300w, https:\/\/www.elpuco.com.ar\/web\/wp-content\/uploads\/2019\/01\/image3-768x576.jpg 768w, https:\/\/www.elpuco.com.ar\/web\/wp-content\/uploads\/2019\/01\/image3.jpg 2048w\" sizes=\"auto, (max-width: 1024px) 100vw, 1024px\" \/><\/a><\/figure>\n\n\n\n<figure class=\"wp-block-image size-large\"><a href=\"https:\/\/www.elpuco.com.ar\/web\/wp-content\/uploads\/2019\/01\/image3_1.jpg\"><img loading=\"lazy\" decoding=\"async\" width=\"720\" height=\"960\" data-id=\"1132\" src=\"https:\/\/www.elpuco.com.ar\/web\/wp-content\/uploads\/2019\/01\/image3_1.jpg\" alt=\"\" class=\"wp-image-1132\" srcset=\"https:\/\/www.elpuco.com.ar\/web\/wp-content\/uploads\/2019\/01\/image3_1.jpg 720w, https:\/\/www.elpuco.com.ar\/web\/wp-content\/uploads\/2019\/01\/image3_1-600x800.jpg 600w, https:\/\/www.elpuco.com.ar\/web\/wp-content\/uploads\/2019\/01\/image3_1-225x300.jpg 225w\" sizes=\"auto, (max-width: 720px) 100vw, 720px\" \/><\/a><\/figure>\n\n\n\n<figure class=\"wp-block-image size-large\"><a href=\"https:\/\/www.elpuco.com.ar\/web\/wp-content\/uploads\/2019\/01\/image4.jpg\"><img loading=\"lazy\" decoding=\"async\" width=\"960\" height=\"720\" data-id=\"1133\" src=\"https:\/\/www.elpuco.com.ar\/web\/wp-content\/uploads\/2019\/01\/image4.jpg\" alt=\"\" class=\"wp-image-1133\" srcset=\"https:\/\/www.elpuco.com.ar\/web\/wp-content\/uploads\/2019\/01\/image4.jpg 960w, https:\/\/www.elpuco.com.ar\/web\/wp-content\/uploads\/2019\/01\/image4-600x450.jpg 600w, https:\/\/www.elpuco.com.ar\/web\/wp-content\/uploads\/2019\/01\/image4-300x225.jpg 300w, https:\/\/www.elpuco.com.ar\/web\/wp-content\/uploads\/2019\/01\/image4-768x576.jpg 768w\" sizes=\"auto, (max-width: 960px) 100vw, 960px\" \/><\/a><\/figure>\n\n\n\n<figure class=\"wp-block-image size-large\"><a href=\"https:\/\/www.elpuco.com.ar\/web\/wp-content\/uploads\/2019\/01\/image4_1.jpg\"><img loading=\"lazy\" decoding=\"async\" width=\"960\" height=\"720\" data-id=\"1134\" src=\"https:\/\/www.elpuco.com.ar\/web\/wp-content\/uploads\/2019\/01\/image4_1.jpg\" alt=\"\" class=\"wp-image-1134\" srcset=\"https:\/\/www.elpuco.com.ar\/web\/wp-content\/uploads\/2019\/01\/image4_1.jpg 960w, https:\/\/www.elpuco.com.ar\/web\/wp-content\/uploads\/2019\/01\/image4_1-600x450.jpg 600w, https:\/\/www.elpuco.com.ar\/web\/wp-content\/uploads\/2019\/01\/image4_1-300x225.jpg 300w, https:\/\/www.elpuco.com.ar\/web\/wp-content\/uploads\/2019\/01\/image4_1-768x576.jpg 768w\" sizes=\"auto, (max-width: 960px) 100vw, 960px\" \/><\/a><\/figure>\n\n\n\n<figure class=\"wp-block-image size-large\"><a href=\"https:\/\/www.elpuco.com.ar\/web\/wp-content\/uploads\/2019\/01\/image5.jpg\"><img loading=\"lazy\" decoding=\"async\" width=\"960\" height=\"720\" data-id=\"1135\" src=\"https:\/\/www.elpuco.com.ar\/web\/wp-content\/uploads\/2019\/01\/image5.jpg\" alt=\"\" class=\"wp-image-1135\" srcset=\"https:\/\/www.elpuco.com.ar\/web\/wp-content\/uploads\/2019\/01\/image5.jpg 960w, https:\/\/www.elpuco.com.ar\/web\/wp-content\/uploads\/2019\/01\/image5-600x450.jpg 600w, https:\/\/www.elpuco.com.ar\/web\/wp-content\/uploads\/2019\/01\/image5-300x225.jpg 300w, https:\/\/www.elpuco.com.ar\/web\/wp-content\/uploads\/2019\/01\/image5-768x576.jpg 768w\" sizes=\"auto, (max-width: 960px) 100vw, 960px\" \/><\/a><\/figure>\n\n\n\n<figure class=\"wp-block-image size-large\"><a href=\"https:\/\/www.elpuco.com.ar\/web\/wp-content\/uploads\/2019\/01\/image5_1.jpg\"><img loading=\"lazy\" decoding=\"async\" width=\"1024\" height=\"768\" data-id=\"1136\" src=\"https:\/\/www.elpuco.com.ar\/web\/wp-content\/uploads\/2019\/01\/image5_1-1024x768.jpg\" alt=\"\" class=\"wp-image-1136\" srcset=\"https:\/\/www.elpuco.com.ar\/web\/wp-content\/uploads\/2019\/01\/image5_1-1024x768.jpg 1024w, https:\/\/www.elpuco.com.ar\/web\/wp-content\/uploads\/2019\/01\/image5_1-600x450.jpg 600w, https:\/\/www.elpuco.com.ar\/web\/wp-content\/uploads\/2019\/01\/image5_1-300x225.jpg 300w, https:\/\/www.elpuco.com.ar\/web\/wp-content\/uploads\/2019\/01\/image5_1-768x576.jpg 768w, https:\/\/www.elpuco.com.ar\/web\/wp-content\/uploads\/2019\/01\/image5_1.jpg 2048w\" sizes=\"auto, (max-width: 1024px) 100vw, 1024px\" \/><\/a><\/figure>\n\n\n\n<figure class=\"wp-block-image size-large\"><a href=\"https:\/\/www.elpuco.com.ar\/web\/wp-content\/uploads\/2019\/01\/image6.jpg\"><img loading=\"lazy\" decoding=\"async\" width=\"720\" height=\"960\" data-id=\"1137\" src=\"https:\/\/www.elpuco.com.ar\/web\/wp-content\/uploads\/2019\/01\/image6.jpg\" alt=\"\" class=\"wp-image-1137\" srcset=\"https:\/\/www.elpuco.com.ar\/web\/wp-content\/uploads\/2019\/01\/image6.jpg 720w, https:\/\/www.elpuco.com.ar\/web\/wp-content\/uploads\/2019\/01\/image6-600x800.jpg 600w, https:\/\/www.elpuco.com.ar\/web\/wp-content\/uploads\/2019\/01\/image6-225x300.jpg 225w\" sizes=\"auto, (max-width: 720px) 100vw, 720px\" \/><\/a><\/figure>\n\n\n\n<figure class=\"wp-block-image size-large\"><a href=\"https:\/\/www.elpuco.com.ar\/web\/wp-content\/uploads\/2019\/01\/image7.jpg\"><img loading=\"lazy\" decoding=\"async\" width=\"1024\" height=\"768\" data-id=\"1138\" src=\"https:\/\/www.elpuco.com.ar\/web\/wp-content\/uploads\/2019\/01\/image7-1024x768.jpg\" alt=\"\" class=\"wp-image-1138\" srcset=\"https:\/\/www.elpuco.com.ar\/web\/wp-content\/uploads\/2019\/01\/image7-1024x768.jpg 1024w, https:\/\/www.elpuco.com.ar\/web\/wp-content\/uploads\/2019\/01\/image7-600x450.jpg 600w, https:\/\/www.elpuco.com.ar\/web\/wp-content\/uploads\/2019\/01\/image7-300x225.jpg 300w, https:\/\/www.elpuco.com.ar\/web\/wp-content\/uploads\/2019\/01\/image7-768x576.jpg 768w, https:\/\/www.elpuco.com.ar\/web\/wp-content\/uploads\/2019\/01\/image7.jpg 2048w\" sizes=\"auto, (max-width: 1024px) 100vw, 1024px\" \/><\/a><\/figure>\n\n\n\n<figure class=\"wp-block-image size-large\"><a href=\"https:\/\/www.elpuco.com.ar\/web\/wp-content\/uploads\/2019\/01\/image8.jpg\"><img loading=\"lazy\" decoding=\"async\" width=\"1024\" height=\"768\" data-id=\"1139\" src=\"https:\/\/www.elpuco.com.ar\/web\/wp-content\/uploads\/2019\/01\/image8-1024x768.jpg\" alt=\"\" class=\"wp-image-1139\" srcset=\"https:\/\/www.elpuco.com.ar\/web\/wp-content\/uploads\/2019\/01\/image8-1024x768.jpg 1024w, https:\/\/www.elpuco.com.ar\/web\/wp-content\/uploads\/2019\/01\/image8-600x450.jpg 600w, https:\/\/www.elpuco.com.ar\/web\/wp-content\/uploads\/2019\/01\/image8-300x225.jpg 300w, https:\/\/www.elpuco.com.ar\/web\/wp-content\/uploads\/2019\/01\/image8-768x576.jpg 768w, https:\/\/www.elpuco.com.ar\/web\/wp-content\/uploads\/2019\/01\/image8.jpg 2048w\" sizes=\"auto, (max-width: 1024px) 100vw, 1024px\" \/><\/a><\/figure>\n\n\n\n<figure class=\"wp-block-image size-large\"><a href=\"https:\/\/www.elpuco.com.ar\/web\/wp-content\/uploads\/2019\/01\/image9.jpg\"><img loading=\"lazy\" decoding=\"async\" width=\"960\" height=\"720\" data-id=\"1140\" src=\"https:\/\/www.elpuco.com.ar\/web\/wp-content\/uploads\/2019\/01\/image9.jpg\" alt=\"\" class=\"wp-image-1140\" srcset=\"https:\/\/www.elpuco.com.ar\/web\/wp-content\/uploads\/2019\/01\/image9.jpg 960w, https:\/\/www.elpuco.com.ar\/web\/wp-content\/uploads\/2019\/01\/image9-600x450.jpg 600w, https:\/\/www.elpuco.com.ar\/web\/wp-content\/uploads\/2019\/01\/image9-300x225.jpg 300w, https:\/\/www.elpuco.com.ar\/web\/wp-content\/uploads\/2019\/01\/image9-768x576.jpg 768w\" sizes=\"auto, (max-width: 960px) 100vw, 960px\" \/><\/a><\/figure>\n<\/figure>\n","protected":false},"excerpt":{"rendered":"","protected":false},"author":1,"featured_media":0,"parent":0,"menu_order":0,"comment_status":"open","ping_status":"open","template":"","meta":{"ngg_post_thumbnail":0,"footnotes":""},"class_list":{"0":"post-705","1":"page","2":"type-page","3":"status-publish","5":"no-featured-image-padding"},"yoast_head":"<!-- This site is optimized with the Yoast SEO plugin v25.5 - https:\/\/yoast.com\/wordpress\/plugins\/seo\/ -->\n<title>T\u00e9cnica de chorizos o rollos - El Puco. Taller de ense\u00f1anza de alfareria y cer\u00e1mica art\u00edstica<\/title>\n<meta name=\"robots\" content=\"index, follow, max-snippet:-1, max-image-preview:large, max-video-preview:-1\" \/>\n<link rel=\"canonical\" href=\"https:\/\/www.elpuco.com.ar\/web\/tecnica-de-chorizos-o-rollos\/\" \/>\n<meta property=\"og:locale\" content=\"es_ES\" \/>\n<meta property=\"og:type\" content=\"article\" \/>\n<meta property=\"og:title\" content=\"T\u00e9cnica de chorizos o rollos - El Puco. Taller de ense\u00f1anza de alfareria y cer\u00e1mica art\u00edstica\" \/>\n<meta property=\"og:url\" content=\"https:\/\/www.elpuco.com.ar\/web\/tecnica-de-chorizos-o-rollos\/\" \/>\n<meta property=\"og:site_name\" content=\"El Puco. Taller de ense\u00f1anza de alfareria y cer\u00e1mica art\u00edstica\" \/>\n<meta property=\"article:modified_time\" content=\"2024-05-03T23:29:00+00:00\" \/>\n<meta property=\"og:image\" content=\"https:\/\/www.elpuco.com.ar\/web\/wp-content\/uploads\/2019\/01\/image1-1024x768.jpg\" \/>\n<meta name=\"twitter:card\" content=\"summary_large_image\" \/>\n<script type=\"application\/ld+json\" class=\"yoast-schema-graph\">{\"@context\":\"https:\/\/schema.org\",\"@graph\":[{\"@type\":\"WebPage\",\"@id\":\"https:\/\/www.elpuco.com.ar\/web\/tecnica-de-chorizos-o-rollos\/\",\"url\":\"https:\/\/www.elpuco.com.ar\/web\/tecnica-de-chorizos-o-rollos\/\",\"name\":\"T\u00e9cnica de chorizos o rollos - El Puco. Taller de ense\u00f1anza de alfareria y cer\u00e1mica art\u00edstica\",\"isPartOf\":{\"@id\":\"https:\/\/www.elpuco.com.ar\/web\/#website\"},\"primaryImageOfPage\":{\"@id\":\"https:\/\/www.elpuco.com.ar\/web\/tecnica-de-chorizos-o-rollos\/#primaryimage\"},\"image\":{\"@id\":\"https:\/\/www.elpuco.com.ar\/web\/tecnica-de-chorizos-o-rollos\/#primaryimage\"},\"thumbnailUrl\":\"https:\/\/www.elpuco.com.ar\/web\/wp-content\/uploads\/2019\/01\/image1-1024x768.jpg\",\"datePublished\":\"2013-03-03T19:39:18+00:00\",\"dateModified\":\"2024-05-03T23:29:00+00:00\",\"breadcrumb\":{\"@id\":\"https:\/\/www.elpuco.com.ar\/web\/tecnica-de-chorizos-o-rollos\/#breadcrumb\"},\"inLanguage\":\"es\",\"potentialAction\":[{\"@type\":\"ReadAction\",\"target\":[\"https:\/\/www.elpuco.com.ar\/web\/tecnica-de-chorizos-o-rollos\/\"]}]},{\"@type\":\"ImageObject\",\"inLanguage\":\"es\",\"@id\":\"https:\/\/www.elpuco.com.ar\/web\/tecnica-de-chorizos-o-rollos\/#primaryimage\",\"url\":\"https:\/\/www.elpuco.com.ar\/web\/wp-content\/uploads\/2019\/01\/image1.jpg\",\"contentUrl\":\"https:\/\/www.elpuco.com.ar\/web\/wp-content\/uploads\/2019\/01\/image1.jpg\",\"width\":2048,\"height\":1536},{\"@type\":\"BreadcrumbList\",\"@id\":\"https:\/\/www.elpuco.com.ar\/web\/tecnica-de-chorizos-o-rollos\/#breadcrumb\",\"itemListElement\":[{\"@type\":\"ListItem\",\"position\":1,\"name\":\"Portada\",\"item\":\"https:\/\/www.elpuco.com.ar\/web\/\"},{\"@type\":\"ListItem\",\"position\":2,\"name\":\"T\u00e9cnica de chorizos o rollos\"}]},{\"@type\":\"WebSite\",\"@id\":\"https:\/\/www.elpuco.com.ar\/web\/#website\",\"url\":\"https:\/\/www.elpuco.com.ar\/web\/\",\"name\":\"El Puco. Taller de ense\u00f1anza de alfareria y cer\u00e1mica art\u00edstica\",\"description\":\"\",\"potentialAction\":[{\"@type\":\"SearchAction\",\"target\":{\"@type\":\"EntryPoint\",\"urlTemplate\":\"https:\/\/www.elpuco.com.ar\/web\/?s={search_term_string}\"},\"query-input\":{\"@type\":\"PropertyValueSpecification\",\"valueRequired\":true,\"valueName\":\"search_term_string\"}}],\"inLanguage\":\"es\"}]}<\/script>\n<!-- \/ Yoast SEO plugin. -->","yoast_head_json":{"title":"T\u00e9cnica de chorizos o rollos - El Puco. Taller de ense\u00f1anza de alfareria y cer\u00e1mica art\u00edstica","robots":{"index":"index","follow":"follow","max-snippet":"max-snippet:-1","max-image-preview":"max-image-preview:large","max-video-preview":"max-video-preview:-1"},"canonical":"https:\/\/www.elpuco.com.ar\/web\/tecnica-de-chorizos-o-rollos\/","og_locale":"es_ES","og_type":"article","og_title":"T\u00e9cnica de chorizos o rollos - El Puco. Taller de ense\u00f1anza de alfareria y cer\u00e1mica art\u00edstica","og_url":"https:\/\/www.elpuco.com.ar\/web\/tecnica-de-chorizos-o-rollos\/","og_site_name":"El Puco. Taller de ense\u00f1anza de alfareria y cer\u00e1mica art\u00edstica","article_modified_time":"2024-05-03T23:29:00+00:00","og_image":[{"url":"https:\/\/www.elpuco.com.ar\/web\/wp-content\/uploads\/2019\/01\/image1-1024x768.jpg","type":"","width":"","height":""}],"twitter_card":"summary_large_image","schema":{"@context":"https:\/\/schema.org","@graph":[{"@type":"WebPage","@id":"https:\/\/www.elpuco.com.ar\/web\/tecnica-de-chorizos-o-rollos\/","url":"https:\/\/www.elpuco.com.ar\/web\/tecnica-de-chorizos-o-rollos\/","name":"T\u00e9cnica de chorizos o rollos - El Puco. Taller de ense\u00f1anza de alfareria y cer\u00e1mica art\u00edstica","isPartOf":{"@id":"https:\/\/www.elpuco.com.ar\/web\/#website"},"primaryImageOfPage":{"@id":"https:\/\/www.elpuco.com.ar\/web\/tecnica-de-chorizos-o-rollos\/#primaryimage"},"image":{"@id":"https:\/\/www.elpuco.com.ar\/web\/tecnica-de-chorizos-o-rollos\/#primaryimage"},"thumbnailUrl":"https:\/\/www.elpuco.com.ar\/web\/wp-content\/uploads\/2019\/01\/image1-1024x768.jpg","datePublished":"2013-03-03T19:39:18+00:00","dateModified":"2024-05-03T23:29:00+00:00","breadcrumb":{"@id":"https:\/\/www.elpuco.com.ar\/web\/tecnica-de-chorizos-o-rollos\/#breadcrumb"},"inLanguage":"es","potentialAction":[{"@type":"ReadAction","target":["https:\/\/www.elpuco.com.ar\/web\/tecnica-de-chorizos-o-rollos\/"]}]},{"@type":"ImageObject","inLanguage":"es","@id":"https:\/\/www.elpuco.com.ar\/web\/tecnica-de-chorizos-o-rollos\/#primaryimage","url":"https:\/\/www.elpuco.com.ar\/web\/wp-content\/uploads\/2019\/01\/image1.jpg","contentUrl":"https:\/\/www.elpuco.com.ar\/web\/wp-content\/uploads\/2019\/01\/image1.jpg","width":2048,"height":1536},{"@type":"BreadcrumbList","@id":"https:\/\/www.elpuco.com.ar\/web\/tecnica-de-chorizos-o-rollos\/#breadcrumb","itemListElement":[{"@type":"ListItem","position":1,"name":"Portada","item":"https:\/\/www.elpuco.com.ar\/web\/"},{"@type":"ListItem","position":2,"name":"T\u00e9cnica de chorizos o rollos"}]},{"@type":"WebSite","@id":"https:\/\/www.elpuco.com.ar\/web\/#website","url":"https:\/\/www.elpuco.com.ar\/web\/","name":"El Puco. Taller de ense\u00f1anza de alfareria y cer\u00e1mica art\u00edstica","description":"","potentialAction":[{"@type":"SearchAction","target":{"@type":"EntryPoint","urlTemplate":"https:\/\/www.elpuco.com.ar\/web\/?s={search_term_string}"},"query-input":{"@type":"PropertyValueSpecification","valueRequired":true,"valueName":"search_term_string"}}],"inLanguage":"es"}]}},"_links":{"self":[{"href":"https:\/\/www.elpuco.com.ar\/web\/wp-json\/wp\/v2\/pages\/705","targetHints":{"allow":["GET"]}}],"collection":[{"href":"https:\/\/www.elpuco.com.ar\/web\/wp-json\/wp\/v2\/pages"}],"about":[{"href":"https:\/\/www.elpuco.com.ar\/web\/wp-json\/wp\/v2\/types\/page"}],"author":[{"embeddable":true,"href":"https:\/\/www.elpuco.com.ar\/web\/wp-json\/wp\/v2\/users\/1"}],"replies":[{"embeddable":true,"href":"https:\/\/www.elpuco.com.ar\/web\/wp-json\/wp\/v2\/comments?post=705"}],"version-history":[{"count":10,"href":"https:\/\/www.elpuco.com.ar\/web\/wp-json\/wp\/v2\/pages\/705\/revisions"}],"predecessor-version":[{"id":1778,"href":"https:\/\/www.elpuco.com.ar\/web\/wp-json\/wp\/v2\/pages\/705\/revisions\/1778"}],"wp:attachment":[{"href":"https:\/\/www.elpuco.com.ar\/web\/wp-json\/wp\/v2\/media?parent=705"}],"curies":[{"name":"wp","href":"https:\/\/api.w.org\/{rel}","templated":true}]}}