{"id":72,"date":"2013-02-20T00:03:44","date_gmt":"2013-02-20T00:03:44","guid":{"rendered":"http:\/\/www.elpuco.com.ar\/web\/?page_id=72"},"modified":"2013-02-25T21:18:58","modified_gmt":"2013-02-25T21:18:58","slug":"torneado-de-a-dos","status":"publish","type":"page","link":"https:\/\/www.elpuco.com.ar\/web\/torneado-de-a-dos\/","title":{"rendered":"Torneado de a dos"},"content":{"rendered":"<p>Este es un ejercicio-juego que invita a romper el trabajo individualista frente al torno y complementarnos con el otro, ya que uno cumple el rol de la mano derecha y otro el de la mano izquierda.<br \/>\nSiempre una mano ejerce una actividad pasiva y la otra una activa, una es yin y la otra yang. La comunicaci\u00f3n entre las personas que participan es fundamental para llevar adelante esta actividad. N\u00f3tese el gesto serio de los rostros al principio y como al final todo es soltura.<\/p>\n<p><a href=\"http:\/\/www.elpuco.com.ar\/web\/wp-content\/uploads\/2013\/02\/056.jpg\"><img loading=\"lazy\" decoding=\"async\" class=\"alignnone size-full wp-image-256\" alt=\"05\" src=\"http:\/\/www.elpuco.com.ar\/web\/wp-content\/uploads\/2013\/02\/056.jpg\" width=\"350\" height=\"231\" srcset=\"https:\/\/www.elpuco.com.ar\/web\/wp-content\/uploads\/2013\/02\/056.jpg 350w, https:\/\/www.elpuco.com.ar\/web\/wp-content\/uploads\/2013\/02\/056-300x198.jpg 300w\" sizes=\"auto, (max-width: 350px) 100vw, 350px\" \/><\/a> <a href=\"http:\/\/www.elpuco.com.ar\/web\/wp-content\/uploads\/2013\/02\/066.jpg\"><img loading=\"lazy\" decoding=\"async\" class=\"alignnone size-full wp-image-257\" alt=\"06\" src=\"http:\/\/www.elpuco.com.ar\/web\/wp-content\/uploads\/2013\/02\/066.jpg\" width=\"350\" height=\"217\" srcset=\"https:\/\/www.elpuco.com.ar\/web\/wp-content\/uploads\/2013\/02\/066.jpg 350w, https:\/\/www.elpuco.com.ar\/web\/wp-content\/uploads\/2013\/02\/066-300x186.jpg 300w\" sizes=\"auto, (max-width: 350px) 100vw, 350px\" \/><\/a> <a href=\"http:\/\/www.elpuco.com.ar\/web\/wp-content\/uploads\/2013\/02\/086.jpg\"><img loading=\"lazy\" decoding=\"async\" class=\"alignnone size-full wp-image-258\" alt=\"08\" src=\"http:\/\/www.elpuco.com.ar\/web\/wp-content\/uploads\/2013\/02\/086.jpg\" width=\"350\" height=\"231\" srcset=\"https:\/\/www.elpuco.com.ar\/web\/wp-content\/uploads\/2013\/02\/086.jpg 350w, https:\/\/www.elpuco.com.ar\/web\/wp-content\/uploads\/2013\/02\/086-300x198.jpg 300w\" sizes=\"auto, (max-width: 350px) 100vw, 350px\" \/><\/a> <a href=\"http:\/\/www.elpuco.com.ar\/web\/wp-content\/uploads\/2013\/02\/096.jpg\"><img loading=\"lazy\" decoding=\"async\" class=\"alignnone size-full wp-image-259\" alt=\"09\" src=\"http:\/\/www.elpuco.com.ar\/web\/wp-content\/uploads\/2013\/02\/096.jpg\" width=\"350\" height=\"231\" srcset=\"https:\/\/www.elpuco.com.ar\/web\/wp-content\/uploads\/2013\/02\/096.jpg 350w, https:\/\/www.elpuco.com.ar\/web\/wp-content\/uploads\/2013\/02\/096-300x198.jpg 300w\" sizes=\"auto, (max-width: 350px) 100vw, 350px\" \/><\/a> <a href=\"http:\/\/www.elpuco.com.ar\/web\/wp-content\/uploads\/2013\/02\/105.jpg\"><img loading=\"lazy\" decoding=\"async\" class=\"alignnone size-full wp-image-260\" alt=\"10\" src=\"http:\/\/www.elpuco.com.ar\/web\/wp-content\/uploads\/2013\/02\/105.jpg\" width=\"350\" height=\"213\" srcset=\"https:\/\/www.elpuco.com.ar\/web\/wp-content\/uploads\/2013\/02\/105.jpg 350w, https:\/\/www.elpuco.com.ar\/web\/wp-content\/uploads\/2013\/02\/105-300x182.jpg 300w\" sizes=\"auto, (max-width: 350px) 100vw, 350px\" \/><\/a> <a href=\"http:\/\/www.elpuco.com.ar\/web\/wp-content\/uploads\/2013\/02\/115.jpg\"><img loading=\"lazy\" decoding=\"async\" class=\"alignnone size-full wp-image-261\" alt=\"11\" src=\"http:\/\/www.elpuco.com.ar\/web\/wp-content\/uploads\/2013\/02\/115.jpg\" width=\"350\" height=\"233\" srcset=\"https:\/\/www.elpuco.com.ar\/web\/wp-content\/uploads\/2013\/02\/115.jpg 350w, https:\/\/www.elpuco.com.ar\/web\/wp-content\/uploads\/2013\/02\/115-300x199.jpg 300w\" sizes=\"auto, (max-width: 350px) 100vw, 350px\" \/><\/a> <a href=\"http:\/\/www.elpuco.com.ar\/web\/wp-content\/uploads\/2013\/02\/015.jpg\"><img loading=\"lazy\" decoding=\"async\" class=\"alignnone size-full wp-image-262\" alt=\"01\" src=\"http:\/\/www.elpuco.com.ar\/web\/wp-content\/uploads\/2013\/02\/015.jpg\" width=\"350\" height=\"232\" srcset=\"https:\/\/www.elpuco.com.ar\/web\/wp-content\/uploads\/2013\/02\/015.jpg 350w, https:\/\/www.elpuco.com.ar\/web\/wp-content\/uploads\/2013\/02\/015-300x198.jpg 300w\" sizes=\"auto, (max-width: 350px) 100vw, 350px\" \/><\/a> <a href=\"http:\/\/www.elpuco.com.ar\/web\/wp-content\/uploads\/2013\/02\/045.jpg\"><img loading=\"lazy\" decoding=\"async\" class=\"alignnone size-full wp-image-263\" alt=\"04\" src=\"http:\/\/www.elpuco.com.ar\/web\/wp-content\/uploads\/2013\/02\/045.jpg\" width=\"350\" height=\"229\" srcset=\"https:\/\/www.elpuco.com.ar\/web\/wp-content\/uploads\/2013\/02\/045.jpg 350w, https:\/\/www.elpuco.com.ar\/web\/wp-content\/uploads\/2013\/02\/045-300x196.jpg 300w\" sizes=\"auto, (max-width: 350px) 100vw, 350px\" \/><\/a><\/p>\n","protected":false},"excerpt":{"rendered":"<p>Este es un ejercicio-juego que invita a romper el trabajo individualista frente al torno y complementarnos con el otro, ya que uno cumple el rol de la mano derecha y otro el de la mano izquierda. Siempre una mano ejerce una actividad pasiva y la otra una activa, una es yin y la otra yang. &#8230; <\/p>\n<p class=\"read-more-container\"><a title=\"Torneado de a dos\" class=\"read-more button\" href=\"https:\/\/www.elpuco.com.ar\/web\/torneado-de-a-dos\/#more-72\" aria-label=\"Leer m\u00e1s sobre Torneado de a dos\">Continuar<\/a><\/p>\n","protected":false},"author":1,"featured_media":0,"parent":0,"menu_order":0,"comment_status":"open","ping_status":"open","template":"","meta":{"ngg_post_thumbnail":0,"footnotes":""},"class_list":{"0":"post-72","1":"page","2":"type-page","3":"status-publish","5":"no-featured-image-padding"},"yoast_head":"<!-- This site is optimized with the Yoast SEO plugin v25.5 - https:\/\/yoast.com\/wordpress\/plugins\/seo\/ -->\n<title>Torneado de a dos - El Puco. Taller de ense\u00f1anza de alfareria y cer\u00e1mica art\u00edstica<\/title>\n<meta name=\"robots\" content=\"index, follow, max-snippet:-1, max-image-preview:large, max-video-preview:-1\" \/>\n<link rel=\"canonical\" href=\"https:\/\/www.elpuco.com.ar\/web\/torneado-de-a-dos\/\" \/>\n<meta property=\"og:locale\" content=\"es_ES\" \/>\n<meta property=\"og:type\" content=\"article\" \/>\n<meta property=\"og:title\" content=\"Torneado de a dos - El Puco. Taller de ense\u00f1anza de alfareria y cer\u00e1mica art\u00edstica\" \/>\n<meta property=\"og:description\" content=\"Este es un ejercicio-juego que invita a romper el trabajo individualista frente al torno y complementarnos con el otro, ya que uno cumple el rol de la mano derecha y otro el de la mano izquierda. Siempre una mano ejerce una actividad pasiva y la otra una activa, una es yin y la otra yang. ... Continuar\" \/>\n<meta property=\"og:url\" content=\"https:\/\/www.elpuco.com.ar\/web\/torneado-de-a-dos\/\" \/>\n<meta property=\"og:site_name\" content=\"El Puco. Taller de ense\u00f1anza de alfareria y cer\u00e1mica art\u00edstica\" \/>\n<meta property=\"article:modified_time\" content=\"2013-02-25T21:18:58+00:00\" \/>\n<meta property=\"og:image\" content=\"http:\/\/www.elpuco.com.ar\/web\/wp-content\/uploads\/2013\/02\/056.jpg\" \/>\n<meta name=\"twitter:card\" content=\"summary_large_image\" \/>\n<script type=\"application\/ld+json\" class=\"yoast-schema-graph\">{\"@context\":\"https:\/\/schema.org\",\"@graph\":[{\"@type\":\"WebPage\",\"@id\":\"https:\/\/www.elpuco.com.ar\/web\/torneado-de-a-dos\/\",\"url\":\"https:\/\/www.elpuco.com.ar\/web\/torneado-de-a-dos\/\",\"name\":\"Torneado de a dos - El Puco. Taller de ense\u00f1anza de alfareria y cer\u00e1mica art\u00edstica\",\"isPartOf\":{\"@id\":\"https:\/\/www.elpuco.com.ar\/web\/#website\"},\"primaryImageOfPage\":{\"@id\":\"https:\/\/www.elpuco.com.ar\/web\/torneado-de-a-dos\/#primaryimage\"},\"image\":{\"@id\":\"https:\/\/www.elpuco.com.ar\/web\/torneado-de-a-dos\/#primaryimage\"},\"thumbnailUrl\":\"http:\/\/www.elpuco.com.ar\/web\/wp-content\/uploads\/2013\/02\/056.jpg\",\"datePublished\":\"2013-02-20T00:03:44+00:00\",\"dateModified\":\"2013-02-25T21:18:58+00:00\",\"breadcrumb\":{\"@id\":\"https:\/\/www.elpuco.com.ar\/web\/torneado-de-a-dos\/#breadcrumb\"},\"inLanguage\":\"es\",\"potentialAction\":[{\"@type\":\"ReadAction\",\"target\":[\"https:\/\/www.elpuco.com.ar\/web\/torneado-de-a-dos\/\"]}]},{\"@type\":\"ImageObject\",\"inLanguage\":\"es\",\"@id\":\"https:\/\/www.elpuco.com.ar\/web\/torneado-de-a-dos\/#primaryimage\",\"url\":\"http:\/\/www.elpuco.com.ar\/web\/wp-content\/uploads\/2013\/02\/056.jpg\",\"contentUrl\":\"http:\/\/www.elpuco.com.ar\/web\/wp-content\/uploads\/2013\/02\/056.jpg\"},{\"@type\":\"BreadcrumbList\",\"@id\":\"https:\/\/www.elpuco.com.ar\/web\/torneado-de-a-dos\/#breadcrumb\",\"itemListElement\":[{\"@type\":\"ListItem\",\"position\":1,\"name\":\"Portada\",\"item\":\"https:\/\/www.elpuco.com.ar\/web\/\"},{\"@type\":\"ListItem\",\"position\":2,\"name\":\"Torneado de a dos\"}]},{\"@type\":\"WebSite\",\"@id\":\"https:\/\/www.elpuco.com.ar\/web\/#website\",\"url\":\"https:\/\/www.elpuco.com.ar\/web\/\",\"name\":\"El Puco. Taller de ense\u00f1anza de alfareria y cer\u00e1mica art\u00edstica\",\"description\":\"\",\"potentialAction\":[{\"@type\":\"SearchAction\",\"target\":{\"@type\":\"EntryPoint\",\"urlTemplate\":\"https:\/\/www.elpuco.com.ar\/web\/?s={search_term_string}\"},\"query-input\":{\"@type\":\"PropertyValueSpecification\",\"valueRequired\":true,\"valueName\":\"search_term_string\"}}],\"inLanguage\":\"es\"}]}<\/script>\n<!-- \/ Yoast SEO plugin. -->","yoast_head_json":{"title":"Torneado de a dos - El Puco. Taller de ense\u00f1anza de alfareria y cer\u00e1mica art\u00edstica","robots":{"index":"index","follow":"follow","max-snippet":"max-snippet:-1","max-image-preview":"max-image-preview:large","max-video-preview":"max-video-preview:-1"},"canonical":"https:\/\/www.elpuco.com.ar\/web\/torneado-de-a-dos\/","og_locale":"es_ES","og_type":"article","og_title":"Torneado de a dos - El Puco. Taller de ense\u00f1anza de alfareria y cer\u00e1mica art\u00edstica","og_description":"Este es un ejercicio-juego que invita a romper el trabajo individualista frente al torno y complementarnos con el otro, ya que uno cumple el rol de la mano derecha y otro el de la mano izquierda. Siempre una mano ejerce una actividad pasiva y la otra una activa, una es yin y la otra yang. ... Continuar","og_url":"https:\/\/www.elpuco.com.ar\/web\/torneado-de-a-dos\/","og_site_name":"El Puco. Taller de ense\u00f1anza de alfareria y cer\u00e1mica art\u00edstica","article_modified_time":"2013-02-25T21:18:58+00:00","og_image":[{"url":"http:\/\/www.elpuco.com.ar\/web\/wp-content\/uploads\/2013\/02\/056.jpg","type":"","width":"","height":""}],"twitter_card":"summary_large_image","schema":{"@context":"https:\/\/schema.org","@graph":[{"@type":"WebPage","@id":"https:\/\/www.elpuco.com.ar\/web\/torneado-de-a-dos\/","url":"https:\/\/www.elpuco.com.ar\/web\/torneado-de-a-dos\/","name":"Torneado de a dos - El Puco. Taller de ense\u00f1anza de alfareria y cer\u00e1mica art\u00edstica","isPartOf":{"@id":"https:\/\/www.elpuco.com.ar\/web\/#website"},"primaryImageOfPage":{"@id":"https:\/\/www.elpuco.com.ar\/web\/torneado-de-a-dos\/#primaryimage"},"image":{"@id":"https:\/\/www.elpuco.com.ar\/web\/torneado-de-a-dos\/#primaryimage"},"thumbnailUrl":"http:\/\/www.elpuco.com.ar\/web\/wp-content\/uploads\/2013\/02\/056.jpg","datePublished":"2013-02-20T00:03:44+00:00","dateModified":"2013-02-25T21:18:58+00:00","breadcrumb":{"@id":"https:\/\/www.elpuco.com.ar\/web\/torneado-de-a-dos\/#breadcrumb"},"inLanguage":"es","potentialAction":[{"@type":"ReadAction","target":["https:\/\/www.elpuco.com.ar\/web\/torneado-de-a-dos\/"]}]},{"@type":"ImageObject","inLanguage":"es","@id":"https:\/\/www.elpuco.com.ar\/web\/torneado-de-a-dos\/#primaryimage","url":"http:\/\/www.elpuco.com.ar\/web\/wp-content\/uploads\/2013\/02\/056.jpg","contentUrl":"http:\/\/www.elpuco.com.ar\/web\/wp-content\/uploads\/2013\/02\/056.jpg"},{"@type":"BreadcrumbList","@id":"https:\/\/www.elpuco.com.ar\/web\/torneado-de-a-dos\/#breadcrumb","itemListElement":[{"@type":"ListItem","position":1,"name":"Portada","item":"https:\/\/www.elpuco.com.ar\/web\/"},{"@type":"ListItem","position":2,"name":"Torneado de a dos"}]},{"@type":"WebSite","@id":"https:\/\/www.elpuco.com.ar\/web\/#website","url":"https:\/\/www.elpuco.com.ar\/web\/","name":"El Puco. Taller de ense\u00f1anza de alfareria y cer\u00e1mica art\u00edstica","description":"","potentialAction":[{"@type":"SearchAction","target":{"@type":"EntryPoint","urlTemplate":"https:\/\/www.elpuco.com.ar\/web\/?s={search_term_string}"},"query-input":{"@type":"PropertyValueSpecification","valueRequired":true,"valueName":"search_term_string"}}],"inLanguage":"es"}]}},"_links":{"self":[{"href":"https:\/\/www.elpuco.com.ar\/web\/wp-json\/wp\/v2\/pages\/72","targetHints":{"allow":["GET"]}}],"collection":[{"href":"https:\/\/www.elpuco.com.ar\/web\/wp-json\/wp\/v2\/pages"}],"about":[{"href":"https:\/\/www.elpuco.com.ar\/web\/wp-json\/wp\/v2\/types\/page"}],"author":[{"embeddable":true,"href":"https:\/\/www.elpuco.com.ar\/web\/wp-json\/wp\/v2\/users\/1"}],"replies":[{"embeddable":true,"href":"https:\/\/www.elpuco.com.ar\/web\/wp-json\/wp\/v2\/comments?post=72"}],"version-history":[{"count":3,"href":"https:\/\/www.elpuco.com.ar\/web\/wp-json\/wp\/v2\/pages\/72\/revisions"}],"predecessor-version":[{"id":250,"href":"https:\/\/www.elpuco.com.ar\/web\/wp-json\/wp\/v2\/pages\/72\/revisions\/250"}],"wp:attachment":[{"href":"https:\/\/www.elpuco.com.ar\/web\/wp-json\/wp\/v2\/media?parent=72"}],"curies":[{"name":"wp","href":"https:\/\/api.w.org\/{rel}","templated":true}]}}