{"id":723,"date":"2013-03-03T19:42:10","date_gmt":"2013-03-03T19:42:10","guid":{"rendered":"http:\/\/www.elpuco.com.ar\/web\/?page_id=723"},"modified":"2019-01-30T03:54:59","modified_gmt":"2019-01-30T03:54:59","slug":"tecnica-por-presion-digital-o-pellizco","status":"publish","type":"page","link":"https:\/\/www.elpuco.com.ar\/web\/tecnica-por-presion-digital-o-pellizco\/","title":{"rendered":"TECNICA POR PRESION DIGITAL O PELLIZCO"},"content":{"rendered":"<p><a href=\"http:\/\/www.elpuco.com.ar\/web\/wp-content\/uploads\/2019\/01\/image1-2.jpg\"><img loading=\"lazy\" decoding=\"async\" src=\"http:\/\/www.elpuco.com.ar\/web\/wp-content\/uploads\/2019\/01\/image1-2-300x225.jpg\" alt=\"\" width=\"300\" height=\"225\" class=\"alignleft size-medium wp-image-1165\" srcset=\"https:\/\/www.elpuco.com.ar\/web\/wp-content\/uploads\/2019\/01\/image1-2-300x225.jpg 300w, https:\/\/www.elpuco.com.ar\/web\/wp-content\/uploads\/2019\/01\/image1-2-600x450.jpg 600w, https:\/\/www.elpuco.com.ar\/web\/wp-content\/uploads\/2019\/01\/image1-2-768x576.jpg 768w, https:\/\/www.elpuco.com.ar\/web\/wp-content\/uploads\/2019\/01\/image1-2.jpg 960w\" sizes=\"auto, (max-width: 300px) 100vw, 300px\" \/><\/a><\/p>\n<p><a href=\"http:\/\/www.elpuco.com.ar\/web\/wp-content\/uploads\/2019\/01\/image2-2.jpg\"><img loading=\"lazy\" decoding=\"async\" src=\"http:\/\/www.elpuco.com.ar\/web\/wp-content\/uploads\/2019\/01\/image2-2-300x225.jpg\" alt=\"\" width=\"300\" height=\"225\" class=\"alignleft size-medium wp-image-1166\" srcset=\"https:\/\/www.elpuco.com.ar\/web\/wp-content\/uploads\/2019\/01\/image2-2-300x225.jpg 300w, https:\/\/www.elpuco.com.ar\/web\/wp-content\/uploads\/2019\/01\/image2-2-600x450.jpg 600w, https:\/\/www.elpuco.com.ar\/web\/wp-content\/uploads\/2019\/01\/image2-2-768x576.jpg 768w, https:\/\/www.elpuco.com.ar\/web\/wp-content\/uploads\/2019\/01\/image2-2.jpg 960w\" sizes=\"auto, (max-width: 300px) 100vw, 300px\" \/><\/a><\/p>\n<p><a href=\"http:\/\/www.elpuco.com.ar\/web\/wp-content\/uploads\/2019\/01\/image3-2.jpg\"><img loading=\"lazy\" decoding=\"async\" src=\"http:\/\/www.elpuco.com.ar\/web\/wp-content\/uploads\/2019\/01\/image3-2-300x225.jpg\" alt=\"\" width=\"300\" height=\"225\" class=\"alignleft size-medium wp-image-1167\" srcset=\"https:\/\/www.elpuco.com.ar\/web\/wp-content\/uploads\/2019\/01\/image3-2-300x225.jpg 300w, https:\/\/www.elpuco.com.ar\/web\/wp-content\/uploads\/2019\/01\/image3-2-600x450.jpg 600w, https:\/\/www.elpuco.com.ar\/web\/wp-content\/uploads\/2019\/01\/image3-2-768x576.jpg 768w, https:\/\/www.elpuco.com.ar\/web\/wp-content\/uploads\/2019\/01\/image3-2.jpg 960w\" sizes=\"auto, (max-width: 300px) 100vw, 300px\" \/><\/a><\/p>\n<p><a href=\"http:\/\/www.elpuco.com.ar\/web\/wp-content\/uploads\/2019\/01\/image4-2.jpg\"><img loading=\"lazy\" decoding=\"async\" src=\"http:\/\/www.elpuco.com.ar\/web\/wp-content\/uploads\/2019\/01\/image4-2-300x247.jpg\" alt=\"\" width=\"300\" height=\"247\" class=\"alignleft size-medium wp-image-1168\" srcset=\"https:\/\/www.elpuco.com.ar\/web\/wp-content\/uploads\/2019\/01\/image4-2-300x247.jpg 300w, https:\/\/www.elpuco.com.ar\/web\/wp-content\/uploads\/2019\/01\/image4-2-600x494.jpg 600w, https:\/\/www.elpuco.com.ar\/web\/wp-content\/uploads\/2019\/01\/image4-2-768x632.jpg 768w, https:\/\/www.elpuco.com.ar\/web\/wp-content\/uploads\/2019\/01\/image4-2.jpg 960w\" sizes=\"auto, (max-width: 300px) 100vw, 300px\" \/><\/a><\/p>\n<p><a href=\"http:\/\/www.elpuco.com.ar\/web\/wp-content\/uploads\/2019\/01\/image5-2.jpg\"><img loading=\"lazy\" decoding=\"async\" src=\"http:\/\/www.elpuco.com.ar\/web\/wp-content\/uploads\/2019\/01\/image5-2-300x225.jpg\" alt=\"\" width=\"300\" height=\"225\" class=\"alignleft size-medium wp-image-1169\" srcset=\"https:\/\/www.elpuco.com.ar\/web\/wp-content\/uploads\/2019\/01\/image5-2-300x225.jpg 300w, https:\/\/www.elpuco.com.ar\/web\/wp-content\/uploads\/2019\/01\/image5-2-600x450.jpg 600w, https:\/\/www.elpuco.com.ar\/web\/wp-content\/uploads\/2019\/01\/image5-2-768x576.jpg 768w, https:\/\/www.elpuco.com.ar\/web\/wp-content\/uploads\/2019\/01\/image5-2-1024x768.jpg 1024w, https:\/\/www.elpuco.com.ar\/web\/wp-content\/uploads\/2019\/01\/image5-2.jpg 2048w\" sizes=\"auto, (max-width: 300px) 100vw, 300px\" \/><\/a><\/p>\n<p><a href=\"http:\/\/www.elpuco.com.ar\/web\/wp-content\/uploads\/2019\/01\/image6-2.jpg\"><img loading=\"lazy\" decoding=\"async\" src=\"http:\/\/www.elpuco.com.ar\/web\/wp-content\/uploads\/2019\/01\/image6-2-225x300.jpg\" alt=\"\" width=\"225\" height=\"300\" class=\"alignleft size-medium wp-image-1170\" srcset=\"https:\/\/www.elpuco.com.ar\/web\/wp-content\/uploads\/2019\/01\/image6-2-225x300.jpg 225w, https:\/\/www.elpuco.com.ar\/web\/wp-content\/uploads\/2019\/01\/image6-2-600x800.jpg 600w, https:\/\/www.elpuco.com.ar\/web\/wp-content\/uploads\/2019\/01\/image6-2-768x1024.jpg 768w, https:\/\/www.elpuco.com.ar\/web\/wp-content\/uploads\/2019\/01\/image6-2.jpg 1536w\" sizes=\"auto, (max-width: 225px) 100vw, 225px\" \/><\/a><\/p>\n<p><a href=\"http:\/\/www.elpuco.com.ar\/web\/wp-content\/uploads\/2019\/01\/image7-1.jpg\"><img loading=\"lazy\" decoding=\"async\" src=\"http:\/\/www.elpuco.com.ar\/web\/wp-content\/uploads\/2019\/01\/image7-1-225x300.jpg\" alt=\"\" width=\"225\" height=\"300\" class=\"alignleft size-medium wp-image-1154\" srcset=\"https:\/\/www.elpuco.com.ar\/web\/wp-content\/uploads\/2019\/01\/image7-1-225x300.jpg 225w, https:\/\/www.elpuco.com.ar\/web\/wp-content\/uploads\/2019\/01\/image7-1-600x800.jpg 600w, https:\/\/www.elpuco.com.ar\/web\/wp-content\/uploads\/2019\/01\/image7-1.jpg 720w\" sizes=\"auto, (max-width: 225px) 100vw, 225px\" \/><\/a><\/p>\n<p><a href=\"http:\/\/www.elpuco.com.ar\/web\/wp-content\/uploads\/2019\/01\/image8-2.jpg\"><img loading=\"lazy\" decoding=\"async\" src=\"http:\/\/www.elpuco.com.ar\/web\/wp-content\/uploads\/2019\/01\/image8-2-300x225.jpg\" alt=\"\" width=\"300\" height=\"225\" class=\"alignleft size-medium wp-image-1172\" srcset=\"https:\/\/www.elpuco.com.ar\/web\/wp-content\/uploads\/2019\/01\/image8-2-300x225.jpg 300w, https:\/\/www.elpuco.com.ar\/web\/wp-content\/uploads\/2019\/01\/image8-2-600x450.jpg 600w, https:\/\/www.elpuco.com.ar\/web\/wp-content\/uploads\/2019\/01\/image8-2-768x576.jpg 768w, https:\/\/www.elpuco.com.ar\/web\/wp-content\/uploads\/2019\/01\/image8-2-1024x768.jpg 1024w, https:\/\/www.elpuco.com.ar\/web\/wp-content\/uploads\/2019\/01\/image8-2.jpg 2048w\" sizes=\"auto, (max-width: 300px) 100vw, 300px\" \/><\/a><\/p>\n<p><a href=\"http:\/\/www.elpuco.com.ar\/web\/wp-content\/uploads\/2019\/01\/image9-2.jpg\"><img loading=\"lazy\" decoding=\"async\" src=\"http:\/\/www.elpuco.com.ar\/web\/wp-content\/uploads\/2019\/01\/image9-2-225x300.jpg\" alt=\"\" width=\"225\" height=\"300\" class=\"alignleft size-medium wp-image-1173\" srcset=\"https:\/\/www.elpuco.com.ar\/web\/wp-content\/uploads\/2019\/01\/image9-2-225x300.jpg 225w, https:\/\/www.elpuco.com.ar\/web\/wp-content\/uploads\/2019\/01\/image9-2-600x800.jpg 600w, https:\/\/www.elpuco.com.ar\/web\/wp-content\/uploads\/2019\/01\/image9-2-768x1024.jpg 768w, https:\/\/www.elpuco.com.ar\/web\/wp-content\/uploads\/2019\/01\/image9-2.jpg 1536w\" sizes=\"auto, (max-width: 225px) 100vw, 225px\" \/><\/a><\/p>\n<p><a href=\"http:\/\/www.elpuco.com.ar\/web\/wp-content\/uploads\/2019\/01\/image10-1.jpg\"><img loading=\"lazy\" decoding=\"async\" src=\"http:\/\/www.elpuco.com.ar\/web\/wp-content\/uploads\/2019\/01\/image10-1-300x225.jpg\" alt=\"\" width=\"300\" height=\"225\" class=\"alignleft size-medium wp-image-1174\" srcset=\"https:\/\/www.elpuco.com.ar\/web\/wp-content\/uploads\/2019\/01\/image10-1-300x225.jpg 300w, https:\/\/www.elpuco.com.ar\/web\/wp-content\/uploads\/2019\/01\/image10-1-600x450.jpg 600w, https:\/\/www.elpuco.com.ar\/web\/wp-content\/uploads\/2019\/01\/image10-1-768x576.jpg 768w, https:\/\/www.elpuco.com.ar\/web\/wp-content\/uploads\/2019\/01\/image10-1.jpg 960w\" sizes=\"auto, (max-width: 300px) 100vw, 300px\" \/><\/a><\/p>\n<p><a href=\"http:\/\/www.elpuco.com.ar\/web\/wp-content\/uploads\/2019\/01\/image11-1.jpg\"><img loading=\"lazy\" decoding=\"async\" src=\"http:\/\/www.elpuco.com.ar\/web\/wp-content\/uploads\/2019\/01\/image11-1-300x225.jpg\" alt=\"\" width=\"300\" height=\"225\" class=\"alignleft size-medium wp-image-1175\" srcset=\"https:\/\/www.elpuco.com.ar\/web\/wp-content\/uploads\/2019\/01\/image11-1-300x225.jpg 300w, https:\/\/www.elpuco.com.ar\/web\/wp-content\/uploads\/2019\/01\/image11-1-600x450.jpg 600w, https:\/\/www.elpuco.com.ar\/web\/wp-content\/uploads\/2019\/01\/image11-1-768x576.jpg 768w, https:\/\/www.elpuco.com.ar\/web\/wp-content\/uploads\/2019\/01\/image11-1.jpg 960w\" sizes=\"auto, (max-width: 300px) 100vw, 300px\" \/><\/a><\/p>\n<p><a href=\"http:\/\/www.elpuco.com.ar\/web\/wp-content\/uploads\/2019\/01\/image12-1.jpg\"><img loading=\"lazy\" decoding=\"async\" src=\"http:\/\/www.elpuco.com.ar\/web\/wp-content\/uploads\/2019\/01\/image12-1-300x193.jpg\" alt=\"\" width=\"300\" height=\"193\" class=\"alignleft size-medium wp-image-1176\" srcset=\"https:\/\/www.elpuco.com.ar\/web\/wp-content\/uploads\/2019\/01\/image12-1-300x193.jpg 300w, https:\/\/www.elpuco.com.ar\/web\/wp-content\/uploads\/2019\/01\/image12-1-600x386.jpg 600w, https:\/\/www.elpuco.com.ar\/web\/wp-content\/uploads\/2019\/01\/image12-1-768x494.jpg 768w, https:\/\/www.elpuco.com.ar\/web\/wp-content\/uploads\/2019\/01\/image12-1.jpg 960w\" sizes=\"auto, (max-width: 300px) 100vw, 300px\" \/><\/a><\/p>\n<p><a href=\"http:\/\/www.elpuco.com.ar\/web\/wp-content\/uploads\/2019\/01\/image13-1.jpg\"><img loading=\"lazy\" decoding=\"async\" src=\"http:\/\/www.elpuco.com.ar\/web\/wp-content\/uploads\/2019\/01\/image13-1-300x225.jpg\" alt=\"\" width=\"300\" height=\"225\" class=\"alignleft size-medium wp-image-1177\" srcset=\"https:\/\/www.elpuco.com.ar\/web\/wp-content\/uploads\/2019\/01\/image13-1-300x225.jpg 300w, https:\/\/www.elpuco.com.ar\/web\/wp-content\/uploads\/2019\/01\/image13-1-600x450.jpg 600w, https:\/\/www.elpuco.com.ar\/web\/wp-content\/uploads\/2019\/01\/image13-1-768x576.jpg 768w, https:\/\/www.elpuco.com.ar\/web\/wp-content\/uploads\/2019\/01\/image13-1.jpg 960w\" sizes=\"auto, (max-width: 300px) 100vw, 300px\" \/><\/a><\/p>\n<p><a href=\"http:\/\/www.elpuco.com.ar\/web\/wp-content\/uploads\/2019\/01\/image14-1.jpg\"><img loading=\"lazy\" decoding=\"async\" src=\"http:\/\/www.elpuco.com.ar\/web\/wp-content\/uploads\/2019\/01\/image14-1-300x225.jpg\" alt=\"\" width=\"300\" height=\"225\" class=\"alignleft size-medium wp-image-1178\" srcset=\"https:\/\/www.elpuco.com.ar\/web\/wp-content\/uploads\/2019\/01\/image14-1-300x225.jpg 300w, https:\/\/www.elpuco.com.ar\/web\/wp-content\/uploads\/2019\/01\/image14-1-600x450.jpg 600w, https:\/\/www.elpuco.com.ar\/web\/wp-content\/uploads\/2019\/01\/image14-1-768x576.jpg 768w, https:\/\/www.elpuco.com.ar\/web\/wp-content\/uploads\/2019\/01\/image14-1.jpg 960w\" sizes=\"auto, (max-width: 300px) 100vw, 300px\" \/><\/a><\/p>\n<p><a href=\"http:\/\/www.elpuco.com.ar\/web\/wp-content\/uploads\/2019\/01\/image15-1.jpg\"><img loading=\"lazy\" decoding=\"async\" src=\"http:\/\/www.elpuco.com.ar\/web\/wp-content\/uploads\/2019\/01\/image15-1-300x185.jpg\" alt=\"\" width=\"300\" height=\"185\" class=\"alignleft size-medium wp-image-1179\" srcset=\"https:\/\/www.elpuco.com.ar\/web\/wp-content\/uploads\/2019\/01\/image15-1-300x185.jpg 300w, https:\/\/www.elpuco.com.ar\/web\/wp-content\/uploads\/2019\/01\/image15-1-600x371.jpg 600w, https:\/\/www.elpuco.com.ar\/web\/wp-content\/uploads\/2019\/01\/image15-1-768x475.jpg 768w, https:\/\/www.elpuco.com.ar\/web\/wp-content\/uploads\/2019\/01\/image15-1-1024x633.jpg 1024w, https:\/\/www.elpuco.com.ar\/web\/wp-content\/uploads\/2019\/01\/image15-1.jpg 2048w\" sizes=\"auto, (max-width: 300px) 100vw, 300px\" \/><\/a><\/p>\n<p><a href=\"http:\/\/www.elpuco.com.ar\/web\/wp-content\/uploads\/2019\/01\/image16-1.jpg\"><img loading=\"lazy\" decoding=\"async\" src=\"http:\/\/www.elpuco.com.ar\/web\/wp-content\/uploads\/2019\/01\/image16-1-300x225.jpg\" alt=\"\" width=\"300\" height=\"225\" class=\"alignleft size-medium wp-image-1180\" srcset=\"https:\/\/www.elpuco.com.ar\/web\/wp-content\/uploads\/2019\/01\/image16-1-300x225.jpg 300w, https:\/\/www.elpuco.com.ar\/web\/wp-content\/uploads\/2019\/01\/image16-1-600x450.jpg 600w, https:\/\/www.elpuco.com.ar\/web\/wp-content\/uploads\/2019\/01\/image16-1-768x576.jpg 768w, https:\/\/www.elpuco.com.ar\/web\/wp-content\/uploads\/2019\/01\/image16-1.jpg 960w\" sizes=\"auto, (max-width: 300px) 100vw, 300px\" \/><\/a><\/p>\n","protected":false},"excerpt":{"rendered":"","protected":false},"author":1,"featured_media":0,"parent":0,"menu_order":0,"comment_status":"open","ping_status":"open","template":"","meta":{"ngg_post_thumbnail":0,"footnotes":""},"class_list":{"0":"post-723","1":"page","2":"type-page","3":"status-publish","5":"no-featured-image-padding"},"yoast_head":"<!-- This site is optimized with the Yoast SEO plugin v25.5 - https:\/\/yoast.com\/wordpress\/plugins\/seo\/ -->\n<title>TECNICA POR PRESION DIGITAL O PELLIZCO - El Puco. Taller de ense\u00f1anza de alfareria y cer\u00e1mica art\u00edstica<\/title>\n<meta name=\"robots\" content=\"index, follow, max-snippet:-1, max-image-preview:large, max-video-preview:-1\" \/>\n<link rel=\"canonical\" href=\"https:\/\/www.elpuco.com.ar\/web\/tecnica-por-presion-digital-o-pellizco\/\" \/>\n<meta property=\"og:locale\" content=\"es_ES\" \/>\n<meta property=\"og:type\" content=\"article\" \/>\n<meta property=\"og:title\" content=\"TECNICA POR PRESION DIGITAL O PELLIZCO - El Puco. Taller de ense\u00f1anza de alfareria y cer\u00e1mica art\u00edstica\" \/>\n<meta property=\"og:url\" content=\"https:\/\/www.elpuco.com.ar\/web\/tecnica-por-presion-digital-o-pellizco\/\" \/>\n<meta property=\"og:site_name\" content=\"El Puco. Taller de ense\u00f1anza de alfareria y cer\u00e1mica art\u00edstica\" \/>\n<meta property=\"article:modified_time\" content=\"2019-01-30T03:54:59+00:00\" \/>\n<meta property=\"og:image\" content=\"http:\/\/www.elpuco.com.ar\/web\/wp-content\/uploads\/2019\/01\/image1-2-300x225.jpg\" \/>\n<meta name=\"twitter:card\" content=\"summary_large_image\" \/>\n<script type=\"application\/ld+json\" class=\"yoast-schema-graph\">{\"@context\":\"https:\/\/schema.org\",\"@graph\":[{\"@type\":\"WebPage\",\"@id\":\"https:\/\/www.elpuco.com.ar\/web\/tecnica-por-presion-digital-o-pellizco\/\",\"url\":\"https:\/\/www.elpuco.com.ar\/web\/tecnica-por-presion-digital-o-pellizco\/\",\"name\":\"TECNICA POR PRESION DIGITAL O PELLIZCO - El Puco. Taller de ense\u00f1anza de alfareria y cer\u00e1mica art\u00edstica\",\"isPartOf\":{\"@id\":\"https:\/\/www.elpuco.com.ar\/web\/#website\"},\"primaryImageOfPage\":{\"@id\":\"https:\/\/www.elpuco.com.ar\/web\/tecnica-por-presion-digital-o-pellizco\/#primaryimage\"},\"image\":{\"@id\":\"https:\/\/www.elpuco.com.ar\/web\/tecnica-por-presion-digital-o-pellizco\/#primaryimage\"},\"thumbnailUrl\":\"http:\/\/www.elpuco.com.ar\/web\/wp-content\/uploads\/2019\/01\/image1-2-300x225.jpg\",\"datePublished\":\"2013-03-03T19:42:10+00:00\",\"dateModified\":\"2019-01-30T03:54:59+00:00\",\"breadcrumb\":{\"@id\":\"https:\/\/www.elpuco.com.ar\/web\/tecnica-por-presion-digital-o-pellizco\/#breadcrumb\"},\"inLanguage\":\"es\",\"potentialAction\":[{\"@type\":\"ReadAction\",\"target\":[\"https:\/\/www.elpuco.com.ar\/web\/tecnica-por-presion-digital-o-pellizco\/\"]}]},{\"@type\":\"ImageObject\",\"inLanguage\":\"es\",\"@id\":\"https:\/\/www.elpuco.com.ar\/web\/tecnica-por-presion-digital-o-pellizco\/#primaryimage\",\"url\":\"http:\/\/www.elpuco.com.ar\/web\/wp-content\/uploads\/2019\/01\/image1-2-300x225.jpg\",\"contentUrl\":\"http:\/\/www.elpuco.com.ar\/web\/wp-content\/uploads\/2019\/01\/image1-2-300x225.jpg\"},{\"@type\":\"BreadcrumbList\",\"@id\":\"https:\/\/www.elpuco.com.ar\/web\/tecnica-por-presion-digital-o-pellizco\/#breadcrumb\",\"itemListElement\":[{\"@type\":\"ListItem\",\"position\":1,\"name\":\"Portada\",\"item\":\"https:\/\/www.elpuco.com.ar\/web\/\"},{\"@type\":\"ListItem\",\"position\":2,\"name\":\"TECNICA POR PRESION DIGITAL O PELLIZCO\"}]},{\"@type\":\"WebSite\",\"@id\":\"https:\/\/www.elpuco.com.ar\/web\/#website\",\"url\":\"https:\/\/www.elpuco.com.ar\/web\/\",\"name\":\"El Puco. Taller de ense\u00f1anza de alfareria y cer\u00e1mica art\u00edstica\",\"description\":\"\",\"potentialAction\":[{\"@type\":\"SearchAction\",\"target\":{\"@type\":\"EntryPoint\",\"urlTemplate\":\"https:\/\/www.elpuco.com.ar\/web\/?s={search_term_string}\"},\"query-input\":{\"@type\":\"PropertyValueSpecification\",\"valueRequired\":true,\"valueName\":\"search_term_string\"}}],\"inLanguage\":\"es\"}]}<\/script>\n<!-- \/ Yoast SEO plugin. -->","yoast_head_json":{"title":"TECNICA POR PRESION DIGITAL O PELLIZCO - El Puco. Taller de ense\u00f1anza de alfareria y cer\u00e1mica art\u00edstica","robots":{"index":"index","follow":"follow","max-snippet":"max-snippet:-1","max-image-preview":"max-image-preview:large","max-video-preview":"max-video-preview:-1"},"canonical":"https:\/\/www.elpuco.com.ar\/web\/tecnica-por-presion-digital-o-pellizco\/","og_locale":"es_ES","og_type":"article","og_title":"TECNICA POR PRESION DIGITAL O PELLIZCO - El Puco. Taller de ense\u00f1anza de alfareria y cer\u00e1mica art\u00edstica","og_url":"https:\/\/www.elpuco.com.ar\/web\/tecnica-por-presion-digital-o-pellizco\/","og_site_name":"El Puco. Taller de ense\u00f1anza de alfareria y cer\u00e1mica art\u00edstica","article_modified_time":"2019-01-30T03:54:59+00:00","og_image":[{"url":"http:\/\/www.elpuco.com.ar\/web\/wp-content\/uploads\/2019\/01\/image1-2-300x225.jpg","type":"","width":"","height":""}],"twitter_card":"summary_large_image","schema":{"@context":"https:\/\/schema.org","@graph":[{"@type":"WebPage","@id":"https:\/\/www.elpuco.com.ar\/web\/tecnica-por-presion-digital-o-pellizco\/","url":"https:\/\/www.elpuco.com.ar\/web\/tecnica-por-presion-digital-o-pellizco\/","name":"TECNICA POR PRESION DIGITAL O PELLIZCO - El Puco. Taller de ense\u00f1anza de alfareria y cer\u00e1mica art\u00edstica","isPartOf":{"@id":"https:\/\/www.elpuco.com.ar\/web\/#website"},"primaryImageOfPage":{"@id":"https:\/\/www.elpuco.com.ar\/web\/tecnica-por-presion-digital-o-pellizco\/#primaryimage"},"image":{"@id":"https:\/\/www.elpuco.com.ar\/web\/tecnica-por-presion-digital-o-pellizco\/#primaryimage"},"thumbnailUrl":"http:\/\/www.elpuco.com.ar\/web\/wp-content\/uploads\/2019\/01\/image1-2-300x225.jpg","datePublished":"2013-03-03T19:42:10+00:00","dateModified":"2019-01-30T03:54:59+00:00","breadcrumb":{"@id":"https:\/\/www.elpuco.com.ar\/web\/tecnica-por-presion-digital-o-pellizco\/#breadcrumb"},"inLanguage":"es","potentialAction":[{"@type":"ReadAction","target":["https:\/\/www.elpuco.com.ar\/web\/tecnica-por-presion-digital-o-pellizco\/"]}]},{"@type":"ImageObject","inLanguage":"es","@id":"https:\/\/www.elpuco.com.ar\/web\/tecnica-por-presion-digital-o-pellizco\/#primaryimage","url":"http:\/\/www.elpuco.com.ar\/web\/wp-content\/uploads\/2019\/01\/image1-2-300x225.jpg","contentUrl":"http:\/\/www.elpuco.com.ar\/web\/wp-content\/uploads\/2019\/01\/image1-2-300x225.jpg"},{"@type":"BreadcrumbList","@id":"https:\/\/www.elpuco.com.ar\/web\/tecnica-por-presion-digital-o-pellizco\/#breadcrumb","itemListElement":[{"@type":"ListItem","position":1,"name":"Portada","item":"https:\/\/www.elpuco.com.ar\/web\/"},{"@type":"ListItem","position":2,"name":"TECNICA POR PRESION DIGITAL O PELLIZCO"}]},{"@type":"WebSite","@id":"https:\/\/www.elpuco.com.ar\/web\/#website","url":"https:\/\/www.elpuco.com.ar\/web\/","name":"El Puco. Taller de ense\u00f1anza de alfareria y cer\u00e1mica art\u00edstica","description":"","potentialAction":[{"@type":"SearchAction","target":{"@type":"EntryPoint","urlTemplate":"https:\/\/www.elpuco.com.ar\/web\/?s={search_term_string}"},"query-input":{"@type":"PropertyValueSpecification","valueRequired":true,"valueName":"search_term_string"}}],"inLanguage":"es"}]}},"_links":{"self":[{"href":"https:\/\/www.elpuco.com.ar\/web\/wp-json\/wp\/v2\/pages\/723","targetHints":{"allow":["GET"]}}],"collection":[{"href":"https:\/\/www.elpuco.com.ar\/web\/wp-json\/wp\/v2\/pages"}],"about":[{"href":"https:\/\/www.elpuco.com.ar\/web\/wp-json\/wp\/v2\/types\/page"}],"author":[{"embeddable":true,"href":"https:\/\/www.elpuco.com.ar\/web\/wp-json\/wp\/v2\/users\/1"}],"replies":[{"embeddable":true,"href":"https:\/\/www.elpuco.com.ar\/web\/wp-json\/wp\/v2\/comments?post=723"}],"version-history":[{"count":5,"href":"https:\/\/www.elpuco.com.ar\/web\/wp-json\/wp\/v2\/pages\/723\/revisions"}],"predecessor-version":[{"id":1182,"href":"https:\/\/www.elpuco.com.ar\/web\/wp-json\/wp\/v2\/pages\/723\/revisions\/1182"}],"wp:attachment":[{"href":"https:\/\/www.elpuco.com.ar\/web\/wp-json\/wp\/v2\/media?parent=723"}],"curies":[{"name":"wp","href":"https:\/\/api.w.org\/{rel}","templated":true}]}}