{"id":73,"date":"2013-02-20T00:03:53","date_gmt":"2013-02-20T00:03:53","guid":{"rendered":"http:\/\/www.elpuco.com.ar\/web\/?page_id=73"},"modified":"2013-02-25T21:25:03","modified_gmt":"2013-02-25T21:25:03","slug":"torneado-de-un-bowl","status":"publish","type":"page","link":"https:\/\/www.elpuco.com.ar\/web\/torneado-de-un-bowl\/","title":{"rendered":"Torneado de un Bowl"},"content":{"rendered":"<p>En esta secuencia fotogr\u00e1fica se puede apreciar los pasos b\u00e1sicos del torneado: centrado, perforado, ensanchado de base y levantado de la pared con forma de bol. Es importante el modelado interno que le damos a la pieza ya que eso va a determinar la forma final cuando sea retorneada en estado de cuero ( cuando se ha oreado, perdido humedad, tomado cuerpo y endurecido un poco).<\/p>\n<p><a href=\"http:\/\/www.elpuco.com.ar\/web\/wp-content\/uploads\/2013\/02\/15s.jpg\"><img loading=\"lazy\" decoding=\"async\" class=\"alignnone size-full wp-image-284\" alt=\"15s\" src=\"http:\/\/www.elpuco.com.ar\/web\/wp-content\/uploads\/2013\/02\/15s.jpg\" width=\"349\" height=\"218\" srcset=\"https:\/\/www.elpuco.com.ar\/web\/wp-content\/uploads\/2013\/02\/15s.jpg 349w, https:\/\/www.elpuco.com.ar\/web\/wp-content\/uploads\/2013\/02\/15s-300x187.jpg 300w\" sizes=\"auto, (max-width: 349px) 100vw, 349px\" \/><\/a> <a href=\"http:\/\/www.elpuco.com.ar\/web\/wp-content\/uploads\/2013\/02\/16s.jpg\"><img loading=\"lazy\" decoding=\"async\" class=\"alignnone size-full wp-image-285\" alt=\"16s\" src=\"http:\/\/www.elpuco.com.ar\/web\/wp-content\/uploads\/2013\/02\/16s.jpg\" width=\"349\" height=\"218\" srcset=\"https:\/\/www.elpuco.com.ar\/web\/wp-content\/uploads\/2013\/02\/16s.jpg 349w, https:\/\/www.elpuco.com.ar\/web\/wp-content\/uploads\/2013\/02\/16s-300x187.jpg 300w\" sizes=\"auto, (max-width: 349px) 100vw, 349px\" \/><\/a> <a href=\"http:\/\/www.elpuco.com.ar\/web\/wp-content\/uploads\/2013\/02\/17s.jpg\"><img loading=\"lazy\" decoding=\"async\" class=\"alignnone size-full wp-image-286\" alt=\"17s\" src=\"http:\/\/www.elpuco.com.ar\/web\/wp-content\/uploads\/2013\/02\/17s.jpg\" width=\"347\" height=\"216\" srcset=\"https:\/\/www.elpuco.com.ar\/web\/wp-content\/uploads\/2013\/02\/17s.jpg 347w, https:\/\/www.elpuco.com.ar\/web\/wp-content\/uploads\/2013\/02\/17s-300x186.jpg 300w\" sizes=\"auto, (max-width: 347px) 100vw, 347px\" \/><\/a> <a href=\"http:\/\/www.elpuco.com.ar\/web\/wp-content\/uploads\/2013\/02\/18s.jpg\"><img loading=\"lazy\" decoding=\"async\" class=\"alignnone size-full wp-image-287\" alt=\"18s\" src=\"http:\/\/www.elpuco.com.ar\/web\/wp-content\/uploads\/2013\/02\/18s.jpg\" width=\"349\" height=\"218\" srcset=\"https:\/\/www.elpuco.com.ar\/web\/wp-content\/uploads\/2013\/02\/18s.jpg 349w, https:\/\/www.elpuco.com.ar\/web\/wp-content\/uploads\/2013\/02\/18s-300x187.jpg 300w\" sizes=\"auto, (max-width: 349px) 100vw, 349px\" \/><\/a> <a href=\"http:\/\/www.elpuco.com.ar\/web\/wp-content\/uploads\/2013\/02\/01s.jpg\"><img loading=\"lazy\" decoding=\"async\" class=\"alignnone size-full wp-image-288\" alt=\"01s\" src=\"http:\/\/www.elpuco.com.ar\/web\/wp-content\/uploads\/2013\/02\/01s.jpg\" width=\"346\" height=\"226\" srcset=\"https:\/\/www.elpuco.com.ar\/web\/wp-content\/uploads\/2013\/02\/01s.jpg 346w, https:\/\/www.elpuco.com.ar\/web\/wp-content\/uploads\/2013\/02\/01s-300x195.jpg 300w\" sizes=\"auto, (max-width: 346px) 100vw, 346px\" \/><\/a> <a href=\"http:\/\/www.elpuco.com.ar\/web\/wp-content\/uploads\/2013\/02\/02s.jpg\"><img loading=\"lazy\" decoding=\"async\" class=\"alignnone size-full wp-image-289\" alt=\"02s\" src=\"http:\/\/www.elpuco.com.ar\/web\/wp-content\/uploads\/2013\/02\/02s.jpg\" width=\"349\" height=\"229\" srcset=\"https:\/\/www.elpuco.com.ar\/web\/wp-content\/uploads\/2013\/02\/02s.jpg 349w, https:\/\/www.elpuco.com.ar\/web\/wp-content\/uploads\/2013\/02\/02s-300x196.jpg 300w\" sizes=\"auto, (max-width: 349px) 100vw, 349px\" \/><\/a> <a href=\"http:\/\/www.elpuco.com.ar\/web\/wp-content\/uploads\/2013\/02\/03s.jpg\"><img loading=\"lazy\" decoding=\"async\" class=\"alignnone size-full wp-image-290\" alt=\"03s\" src=\"http:\/\/www.elpuco.com.ar\/web\/wp-content\/uploads\/2013\/02\/03s.jpg\" width=\"349\" height=\"229\" srcset=\"https:\/\/www.elpuco.com.ar\/web\/wp-content\/uploads\/2013\/02\/03s.jpg 349w, https:\/\/www.elpuco.com.ar\/web\/wp-content\/uploads\/2013\/02\/03s-300x196.jpg 300w\" sizes=\"auto, (max-width: 349px) 100vw, 349px\" \/><\/a> <a href=\"http:\/\/www.elpuco.com.ar\/web\/wp-content\/uploads\/2013\/02\/04s.jpg\"><img loading=\"lazy\" decoding=\"async\" class=\"alignnone size-full wp-image-291\" alt=\"04s\" src=\"http:\/\/www.elpuco.com.ar\/web\/wp-content\/uploads\/2013\/02\/04s.jpg\" width=\"349\" height=\"229\" srcset=\"https:\/\/www.elpuco.com.ar\/web\/wp-content\/uploads\/2013\/02\/04s.jpg 349w, https:\/\/www.elpuco.com.ar\/web\/wp-content\/uploads\/2013\/02\/04s-300x196.jpg 300w\" sizes=\"auto, (max-width: 349px) 100vw, 349px\" \/><\/a> <a href=\"http:\/\/www.elpuco.com.ar\/web\/wp-content\/uploads\/2013\/02\/05s.jpg\"><img loading=\"lazy\" decoding=\"async\" class=\"alignnone size-full wp-image-292\" alt=\"05s\" src=\"http:\/\/www.elpuco.com.ar\/web\/wp-content\/uploads\/2013\/02\/05s.jpg\" width=\"349\" height=\"218\" srcset=\"https:\/\/www.elpuco.com.ar\/web\/wp-content\/uploads\/2013\/02\/05s.jpg 349w, https:\/\/www.elpuco.com.ar\/web\/wp-content\/uploads\/2013\/02\/05s-300x187.jpg 300w\" sizes=\"auto, (max-width: 349px) 100vw, 349px\" \/><\/a> <a href=\"http:\/\/www.elpuco.com.ar\/web\/wp-content\/uploads\/2013\/02\/06s.jpg\"><img loading=\"lazy\" decoding=\"async\" class=\"alignnone size-full wp-image-293\" alt=\"06s\" src=\"http:\/\/www.elpuco.com.ar\/web\/wp-content\/uploads\/2013\/02\/06s.jpg\" width=\"349\" height=\"218\" srcset=\"https:\/\/www.elpuco.com.ar\/web\/wp-content\/uploads\/2013\/02\/06s.jpg 349w, https:\/\/www.elpuco.com.ar\/web\/wp-content\/uploads\/2013\/02\/06s-300x187.jpg 300w\" sizes=\"auto, (max-width: 349px) 100vw, 349px\" \/><\/a> <a href=\"http:\/\/www.elpuco.com.ar\/web\/wp-content\/uploads\/2013\/02\/07s.jpg\"><img loading=\"lazy\" decoding=\"async\" class=\"alignnone size-full wp-image-294\" alt=\"07s\" src=\"http:\/\/www.elpuco.com.ar\/web\/wp-content\/uploads\/2013\/02\/07s.jpg\" width=\"349\" height=\"218\" srcset=\"https:\/\/www.elpuco.com.ar\/web\/wp-content\/uploads\/2013\/02\/07s.jpg 349w, https:\/\/www.elpuco.com.ar\/web\/wp-content\/uploads\/2013\/02\/07s-300x187.jpg 300w\" sizes=\"auto, (max-width: 349px) 100vw, 349px\" \/><\/a> <a href=\"http:\/\/www.elpuco.com.ar\/web\/wp-content\/uploads\/2013\/02\/08s.jpg\"><img loading=\"lazy\" decoding=\"async\" class=\"alignnone size-full wp-image-295\" alt=\"08s\" src=\"http:\/\/www.elpuco.com.ar\/web\/wp-content\/uploads\/2013\/02\/08s.jpg\" width=\"349\" height=\"218\" srcset=\"https:\/\/www.elpuco.com.ar\/web\/wp-content\/uploads\/2013\/02\/08s.jpg 349w, https:\/\/www.elpuco.com.ar\/web\/wp-content\/uploads\/2013\/02\/08s-300x187.jpg 300w\" sizes=\"auto, (max-width: 349px) 100vw, 349px\" \/><\/a> <a href=\"http:\/\/www.elpuco.com.ar\/web\/wp-content\/uploads\/2013\/02\/09s.jpg\"><img loading=\"lazy\" decoding=\"async\" class=\"alignnone size-full wp-image-296\" alt=\"09s\" src=\"http:\/\/www.elpuco.com.ar\/web\/wp-content\/uploads\/2013\/02\/09s.jpg\" width=\"349\" height=\"218\" srcset=\"https:\/\/www.elpuco.com.ar\/web\/wp-content\/uploads\/2013\/02\/09s.jpg 349w, https:\/\/www.elpuco.com.ar\/web\/wp-content\/uploads\/2013\/02\/09s-300x187.jpg 300w\" sizes=\"auto, (max-width: 349px) 100vw, 349px\" \/><\/a> <a href=\"http:\/\/www.elpuco.com.ar\/web\/wp-content\/uploads\/2013\/02\/10s.jpg\"><img loading=\"lazy\" decoding=\"async\" class=\"alignnone size-full wp-image-297\" alt=\"10s\" src=\"http:\/\/www.elpuco.com.ar\/web\/wp-content\/uploads\/2013\/02\/10s.jpg\" width=\"349\" height=\"218\" srcset=\"https:\/\/www.elpuco.com.ar\/web\/wp-content\/uploads\/2013\/02\/10s.jpg 349w, https:\/\/www.elpuco.com.ar\/web\/wp-content\/uploads\/2013\/02\/10s-300x187.jpg 300w\" sizes=\"auto, (max-width: 349px) 100vw, 349px\" \/><\/a> <a href=\"http:\/\/www.elpuco.com.ar\/web\/wp-content\/uploads\/2013\/02\/11s.jpg\"><img loading=\"lazy\" decoding=\"async\" class=\"alignnone size-full wp-image-298\" alt=\"11s\" src=\"http:\/\/www.elpuco.com.ar\/web\/wp-content\/uploads\/2013\/02\/11s.jpg\" width=\"349\" height=\"218\" srcset=\"https:\/\/www.elpuco.com.ar\/web\/wp-content\/uploads\/2013\/02\/11s.jpg 349w, https:\/\/www.elpuco.com.ar\/web\/wp-content\/uploads\/2013\/02\/11s-300x187.jpg 300w\" sizes=\"auto, (max-width: 349px) 100vw, 349px\" \/><\/a> <a href=\"http:\/\/www.elpuco.com.ar\/web\/wp-content\/uploads\/2013\/02\/12s.jpg\"><img loading=\"lazy\" decoding=\"async\" class=\"alignnone size-full wp-image-299\" alt=\"12s\" src=\"http:\/\/www.elpuco.com.ar\/web\/wp-content\/uploads\/2013\/02\/12s.jpg\" width=\"349\" height=\"218\" srcset=\"https:\/\/www.elpuco.com.ar\/web\/wp-content\/uploads\/2013\/02\/12s.jpg 349w, https:\/\/www.elpuco.com.ar\/web\/wp-content\/uploads\/2013\/02\/12s-300x187.jpg 300w\" sizes=\"auto, (max-width: 349px) 100vw, 349px\" \/><\/a> <a href=\"http:\/\/www.elpuco.com.ar\/web\/wp-content\/uploads\/2013\/02\/13s.jpg\"><img loading=\"lazy\" decoding=\"async\" class=\"alignnone size-full wp-image-300\" alt=\"13s\" src=\"http:\/\/www.elpuco.com.ar\/web\/wp-content\/uploads\/2013\/02\/13s.jpg\" width=\"349\" height=\"218\" srcset=\"https:\/\/www.elpuco.com.ar\/web\/wp-content\/uploads\/2013\/02\/13s.jpg 349w, https:\/\/www.elpuco.com.ar\/web\/wp-content\/uploads\/2013\/02\/13s-300x187.jpg 300w\" sizes=\"auto, (max-width: 349px) 100vw, 349px\" \/><\/a> <a href=\"http:\/\/www.elpuco.com.ar\/web\/wp-content\/uploads\/2013\/02\/14s.jpg\"><img loading=\"lazy\" decoding=\"async\" class=\"alignnone size-full wp-image-301\" alt=\"14s\" src=\"http:\/\/www.elpuco.com.ar\/web\/wp-content\/uploads\/2013\/02\/14s.jpg\" width=\"349\" height=\"218\" srcset=\"https:\/\/www.elpuco.com.ar\/web\/wp-content\/uploads\/2013\/02\/14s.jpg 349w, https:\/\/www.elpuco.com.ar\/web\/wp-content\/uploads\/2013\/02\/14s-300x187.jpg 300w\" sizes=\"auto, (max-width: 349px) 100vw, 349px\" \/><\/a><\/p>\n","protected":false},"excerpt":{"rendered":"<p>En esta secuencia fotogr\u00e1fica se puede apreciar los pasos b\u00e1sicos del torneado: centrado, perforado, ensanchado de base y levantado de la pared con forma de bol. Es importante el modelado interno que le damos a la pieza ya que eso va a determinar la forma final cuando sea retorneada en estado de cuero ( cuando &#8230; <\/p>\n<p class=\"read-more-container\"><a title=\"Torneado de un Bowl\" class=\"read-more button\" href=\"https:\/\/www.elpuco.com.ar\/web\/torneado-de-un-bowl\/#more-73\" aria-label=\"Leer m\u00e1s sobre Torneado de un Bowl\">Continuar<\/a><\/p>\n","protected":false},"author":1,"featured_media":0,"parent":0,"menu_order":0,"comment_status":"open","ping_status":"open","template":"","meta":{"ngg_post_thumbnail":0,"footnotes":""},"class_list":{"0":"post-73","1":"page","2":"type-page","3":"status-publish","5":"no-featured-image-padding"},"yoast_head":"<!-- This site is optimized with the Yoast SEO plugin v25.5 - https:\/\/yoast.com\/wordpress\/plugins\/seo\/ -->\n<title>Torneado de un Bowl - El Puco. Taller de ense\u00f1anza de alfareria y cer\u00e1mica art\u00edstica<\/title>\n<meta name=\"robots\" content=\"index, follow, max-snippet:-1, max-image-preview:large, max-video-preview:-1\" \/>\n<link rel=\"canonical\" href=\"https:\/\/www.elpuco.com.ar\/web\/torneado-de-un-bowl\/\" \/>\n<meta property=\"og:locale\" content=\"es_ES\" \/>\n<meta property=\"og:type\" content=\"article\" \/>\n<meta property=\"og:title\" content=\"Torneado de un Bowl - El Puco. Taller de ense\u00f1anza de alfareria y cer\u00e1mica art\u00edstica\" \/>\n<meta property=\"og:description\" content=\"En esta secuencia fotogr\u00e1fica se puede apreciar los pasos b\u00e1sicos del torneado: centrado, perforado, ensanchado de base y levantado de la pared con forma de bol. Es importante el modelado interno que le damos a la pieza ya que eso va a determinar la forma final cuando sea retorneada en estado de cuero ( cuando ... Continuar\" \/>\n<meta property=\"og:url\" content=\"https:\/\/www.elpuco.com.ar\/web\/torneado-de-un-bowl\/\" \/>\n<meta property=\"og:site_name\" content=\"El Puco. Taller de ense\u00f1anza de alfareria y cer\u00e1mica art\u00edstica\" \/>\n<meta property=\"article:modified_time\" content=\"2013-02-25T21:25:03+00:00\" \/>\n<meta property=\"og:image\" content=\"http:\/\/www.elpuco.com.ar\/web\/wp-content\/uploads\/2013\/02\/15s.jpg\" \/>\n<meta name=\"twitter:card\" content=\"summary_large_image\" \/>\n<script type=\"application\/ld+json\" class=\"yoast-schema-graph\">{\"@context\":\"https:\/\/schema.org\",\"@graph\":[{\"@type\":\"WebPage\",\"@id\":\"https:\/\/www.elpuco.com.ar\/web\/torneado-de-un-bowl\/\",\"url\":\"https:\/\/www.elpuco.com.ar\/web\/torneado-de-un-bowl\/\",\"name\":\"Torneado de un Bowl - El Puco. Taller de ense\u00f1anza de alfareria y cer\u00e1mica art\u00edstica\",\"isPartOf\":{\"@id\":\"https:\/\/www.elpuco.com.ar\/web\/#website\"},\"primaryImageOfPage\":{\"@id\":\"https:\/\/www.elpuco.com.ar\/web\/torneado-de-un-bowl\/#primaryimage\"},\"image\":{\"@id\":\"https:\/\/www.elpuco.com.ar\/web\/torneado-de-un-bowl\/#primaryimage\"},\"thumbnailUrl\":\"http:\/\/www.elpuco.com.ar\/web\/wp-content\/uploads\/2013\/02\/15s.jpg\",\"datePublished\":\"2013-02-20T00:03:53+00:00\",\"dateModified\":\"2013-02-25T21:25:03+00:00\",\"breadcrumb\":{\"@id\":\"https:\/\/www.elpuco.com.ar\/web\/torneado-de-un-bowl\/#breadcrumb\"},\"inLanguage\":\"es\",\"potentialAction\":[{\"@type\":\"ReadAction\",\"target\":[\"https:\/\/www.elpuco.com.ar\/web\/torneado-de-un-bowl\/\"]}]},{\"@type\":\"ImageObject\",\"inLanguage\":\"es\",\"@id\":\"https:\/\/www.elpuco.com.ar\/web\/torneado-de-un-bowl\/#primaryimage\",\"url\":\"http:\/\/www.elpuco.com.ar\/web\/wp-content\/uploads\/2013\/02\/15s.jpg\",\"contentUrl\":\"http:\/\/www.elpuco.com.ar\/web\/wp-content\/uploads\/2013\/02\/15s.jpg\"},{\"@type\":\"BreadcrumbList\",\"@id\":\"https:\/\/www.elpuco.com.ar\/web\/torneado-de-un-bowl\/#breadcrumb\",\"itemListElement\":[{\"@type\":\"ListItem\",\"position\":1,\"name\":\"Portada\",\"item\":\"https:\/\/www.elpuco.com.ar\/web\/\"},{\"@type\":\"ListItem\",\"position\":2,\"name\":\"Torneado de un Bowl\"}]},{\"@type\":\"WebSite\",\"@id\":\"https:\/\/www.elpuco.com.ar\/web\/#website\",\"url\":\"https:\/\/www.elpuco.com.ar\/web\/\",\"name\":\"El Puco. Taller de ense\u00f1anza de alfareria y cer\u00e1mica art\u00edstica\",\"description\":\"\",\"potentialAction\":[{\"@type\":\"SearchAction\",\"target\":{\"@type\":\"EntryPoint\",\"urlTemplate\":\"https:\/\/www.elpuco.com.ar\/web\/?s={search_term_string}\"},\"query-input\":{\"@type\":\"PropertyValueSpecification\",\"valueRequired\":true,\"valueName\":\"search_term_string\"}}],\"inLanguage\":\"es\"}]}<\/script>\n<!-- \/ Yoast SEO plugin. -->","yoast_head_json":{"title":"Torneado de un Bowl - El Puco. Taller de ense\u00f1anza de alfareria y cer\u00e1mica art\u00edstica","robots":{"index":"index","follow":"follow","max-snippet":"max-snippet:-1","max-image-preview":"max-image-preview:large","max-video-preview":"max-video-preview:-1"},"canonical":"https:\/\/www.elpuco.com.ar\/web\/torneado-de-un-bowl\/","og_locale":"es_ES","og_type":"article","og_title":"Torneado de un Bowl - El Puco. Taller de ense\u00f1anza de alfareria y cer\u00e1mica art\u00edstica","og_description":"En esta secuencia fotogr\u00e1fica se puede apreciar los pasos b\u00e1sicos del torneado: centrado, perforado, ensanchado de base y levantado de la pared con forma de bol. Es importante el modelado interno que le damos a la pieza ya que eso va a determinar la forma final cuando sea retorneada en estado de cuero ( cuando ... Continuar","og_url":"https:\/\/www.elpuco.com.ar\/web\/torneado-de-un-bowl\/","og_site_name":"El Puco. Taller de ense\u00f1anza de alfareria y cer\u00e1mica art\u00edstica","article_modified_time":"2013-02-25T21:25:03+00:00","og_image":[{"url":"http:\/\/www.elpuco.com.ar\/web\/wp-content\/uploads\/2013\/02\/15s.jpg","type":"","width":"","height":""}],"twitter_card":"summary_large_image","schema":{"@context":"https:\/\/schema.org","@graph":[{"@type":"WebPage","@id":"https:\/\/www.elpuco.com.ar\/web\/torneado-de-un-bowl\/","url":"https:\/\/www.elpuco.com.ar\/web\/torneado-de-un-bowl\/","name":"Torneado de un Bowl - El Puco. Taller de ense\u00f1anza de alfareria y cer\u00e1mica art\u00edstica","isPartOf":{"@id":"https:\/\/www.elpuco.com.ar\/web\/#website"},"primaryImageOfPage":{"@id":"https:\/\/www.elpuco.com.ar\/web\/torneado-de-un-bowl\/#primaryimage"},"image":{"@id":"https:\/\/www.elpuco.com.ar\/web\/torneado-de-un-bowl\/#primaryimage"},"thumbnailUrl":"http:\/\/www.elpuco.com.ar\/web\/wp-content\/uploads\/2013\/02\/15s.jpg","datePublished":"2013-02-20T00:03:53+00:00","dateModified":"2013-02-25T21:25:03+00:00","breadcrumb":{"@id":"https:\/\/www.elpuco.com.ar\/web\/torneado-de-un-bowl\/#breadcrumb"},"inLanguage":"es","potentialAction":[{"@type":"ReadAction","target":["https:\/\/www.elpuco.com.ar\/web\/torneado-de-un-bowl\/"]}]},{"@type":"ImageObject","inLanguage":"es","@id":"https:\/\/www.elpuco.com.ar\/web\/torneado-de-un-bowl\/#primaryimage","url":"http:\/\/www.elpuco.com.ar\/web\/wp-content\/uploads\/2013\/02\/15s.jpg","contentUrl":"http:\/\/www.elpuco.com.ar\/web\/wp-content\/uploads\/2013\/02\/15s.jpg"},{"@type":"BreadcrumbList","@id":"https:\/\/www.elpuco.com.ar\/web\/torneado-de-un-bowl\/#breadcrumb","itemListElement":[{"@type":"ListItem","position":1,"name":"Portada","item":"https:\/\/www.elpuco.com.ar\/web\/"},{"@type":"ListItem","position":2,"name":"Torneado de un Bowl"}]},{"@type":"WebSite","@id":"https:\/\/www.elpuco.com.ar\/web\/#website","url":"https:\/\/www.elpuco.com.ar\/web\/","name":"El Puco. Taller de ense\u00f1anza de alfareria y cer\u00e1mica art\u00edstica","description":"","potentialAction":[{"@type":"SearchAction","target":{"@type":"EntryPoint","urlTemplate":"https:\/\/www.elpuco.com.ar\/web\/?s={search_term_string}"},"query-input":{"@type":"PropertyValueSpecification","valueRequired":true,"valueName":"search_term_string"}}],"inLanguage":"es"}]}},"_links":{"self":[{"href":"https:\/\/www.elpuco.com.ar\/web\/wp-json\/wp\/v2\/pages\/73","targetHints":{"allow":["GET"]}}],"collection":[{"href":"https:\/\/www.elpuco.com.ar\/web\/wp-json\/wp\/v2\/pages"}],"about":[{"href":"https:\/\/www.elpuco.com.ar\/web\/wp-json\/wp\/v2\/types\/page"}],"author":[{"embeddable":true,"href":"https:\/\/www.elpuco.com.ar\/web\/wp-json\/wp\/v2\/users\/1"}],"replies":[{"embeddable":true,"href":"https:\/\/www.elpuco.com.ar\/web\/wp-json\/wp\/v2\/comments?post=73"}],"version-history":[{"count":3,"href":"https:\/\/www.elpuco.com.ar\/web\/wp-json\/wp\/v2\/pages\/73\/revisions"}],"predecessor-version":[{"id":270,"href":"https:\/\/www.elpuco.com.ar\/web\/wp-json\/wp\/v2\/pages\/73\/revisions\/270"}],"wp:attachment":[{"href":"https:\/\/www.elpuco.com.ar\/web\/wp-json\/wp\/v2\/media?parent=73"}],"curies":[{"name":"wp","href":"https:\/\/api.w.org\/{rel}","templated":true}]}}