{"id":734,"date":"2013-03-03T19:44:11","date_gmt":"2013-03-03T19:44:11","guid":{"rendered":"http:\/\/www.elpuco.com.ar\/web\/?page_id=734"},"modified":"2019-01-31T04:02:59","modified_gmt":"2019-01-31T04:02:59","slug":"decoracion-con-engobes","status":"publish","type":"page","link":"https:\/\/www.elpuco.com.ar\/web\/decoracion-con-engobes\/","title":{"rendered":"DECORACION CON ENGOBES"},"content":{"rendered":"<p><a href=\"http:\/\/www.elpuco.com.ar\/web\/wp-content\/uploads\/2019\/01\/image1-3.jpg\"><img loading=\"lazy\" decoding=\"async\" src=\"http:\/\/www.elpuco.com.ar\/web\/wp-content\/uploads\/2019\/01\/image1-3-225x300.jpg\" alt=\"\" width=\"225\" height=\"300\" class=\"alignleft size-medium wp-image-1184\" srcset=\"https:\/\/www.elpuco.com.ar\/web\/wp-content\/uploads\/2019\/01\/image1-3-225x300.jpg 225w, https:\/\/www.elpuco.com.ar\/web\/wp-content\/uploads\/2019\/01\/image1-3-600x800.jpg 600w, https:\/\/www.elpuco.com.ar\/web\/wp-content\/uploads\/2019\/01\/image1-3.jpg 720w\" sizes=\"auto, (max-width: 225px) 100vw, 225px\" \/><\/a><\/p>\n<p><a href=\"http:\/\/www.elpuco.com.ar\/web\/wp-content\/uploads\/2019\/01\/image2-3.jpg\"><img loading=\"lazy\" decoding=\"async\" src=\"http:\/\/www.elpuco.com.ar\/web\/wp-content\/uploads\/2019\/01\/image2-3-225x300.jpg\" alt=\"\" width=\"225\" height=\"300\" class=\"alignleft size-medium wp-image-1185\" srcset=\"https:\/\/www.elpuco.com.ar\/web\/wp-content\/uploads\/2019\/01\/image2-3-225x300.jpg 225w, https:\/\/www.elpuco.com.ar\/web\/wp-content\/uploads\/2019\/01\/image2-3-600x800.jpg 600w, https:\/\/www.elpuco.com.ar\/web\/wp-content\/uploads\/2019\/01\/image2-3.jpg 720w\" sizes=\"auto, (max-width: 225px) 100vw, 225px\" \/><\/a><\/p>\n<p><a href=\"http:\/\/www.elpuco.com.ar\/web\/wp-content\/uploads\/2019\/01\/image3-3.jpg\"><img loading=\"lazy\" decoding=\"async\" src=\"http:\/\/www.elpuco.com.ar\/web\/wp-content\/uploads\/2019\/01\/image3-3-225x300.jpg\" alt=\"\" width=\"225\" height=\"300\" class=\"alignleft size-medium wp-image-1186\" srcset=\"https:\/\/www.elpuco.com.ar\/web\/wp-content\/uploads\/2019\/01\/image3-3-225x300.jpg 225w, https:\/\/www.elpuco.com.ar\/web\/wp-content\/uploads\/2019\/01\/image3-3-600x800.jpg 600w, https:\/\/www.elpuco.com.ar\/web\/wp-content\/uploads\/2019\/01\/image3-3.jpg 720w\" sizes=\"auto, (max-width: 225px) 100vw, 225px\" \/><\/a><\/p>\n<p><a href=\"http:\/\/www.elpuco.com.ar\/web\/wp-content\/uploads\/2019\/01\/image4-3.jpg\"><img loading=\"lazy\" decoding=\"async\" src=\"http:\/\/www.elpuco.com.ar\/web\/wp-content\/uploads\/2019\/01\/image4-3-300x296.jpg\" alt=\"\" width=\"300\" height=\"296\" class=\"alignleft size-medium wp-image-1187\" srcset=\"https:\/\/www.elpuco.com.ar\/web\/wp-content\/uploads\/2019\/01\/image4-3-300x296.jpg 300w, https:\/\/www.elpuco.com.ar\/web\/wp-content\/uploads\/2019\/01\/image4-3-100x100.jpg 100w, https:\/\/www.elpuco.com.ar\/web\/wp-content\/uploads\/2019\/01\/image4-3-600x593.jpg 600w, https:\/\/www.elpuco.com.ar\/web\/wp-content\/uploads\/2019\/01\/image4-3-768x759.jpg 768w, https:\/\/www.elpuco.com.ar\/web\/wp-content\/uploads\/2019\/01\/image4-3-1024x1011.jpg 1024w, https:\/\/www.elpuco.com.ar\/web\/wp-content\/uploads\/2019\/01\/image4-3.jpg 1228w\" sizes=\"auto, (max-width: 300px) 100vw, 300px\" \/><\/a><\/p>\n<p><a href=\"http:\/\/www.elpuco.com.ar\/web\/wp-content\/uploads\/2019\/01\/image5-3.jpg\"><img loading=\"lazy\" decoding=\"async\" src=\"http:\/\/www.elpuco.com.ar\/web\/wp-content\/uploads\/2019\/01\/image5-3-225x300.jpg\" alt=\"\" width=\"225\" height=\"300\" class=\"alignleft size-medium wp-image-1188\" srcset=\"https:\/\/www.elpuco.com.ar\/web\/wp-content\/uploads\/2019\/01\/image5-3-225x300.jpg 225w, https:\/\/www.elpuco.com.ar\/web\/wp-content\/uploads\/2019\/01\/image5-3-600x800.jpg 600w, https:\/\/www.elpuco.com.ar\/web\/wp-content\/uploads\/2019\/01\/image5-3.jpg 720w\" sizes=\"auto, (max-width: 225px) 100vw, 225px\" \/><\/a><\/p>\n<p><a href=\"http:\/\/www.elpuco.com.ar\/web\/wp-content\/uploads\/2019\/01\/image6-3.jpg\"><img loading=\"lazy\" decoding=\"async\" src=\"http:\/\/www.elpuco.com.ar\/web\/wp-content\/uploads\/2019\/01\/image6-3-225x300.jpg\" alt=\"\" width=\"225\" height=\"300\" class=\"alignleft size-medium wp-image-1189\" srcset=\"https:\/\/www.elpuco.com.ar\/web\/wp-content\/uploads\/2019\/01\/image6-3-225x300.jpg 225w, https:\/\/www.elpuco.com.ar\/web\/wp-content\/uploads\/2019\/01\/image6-3-600x800.jpg 600w, https:\/\/www.elpuco.com.ar\/web\/wp-content\/uploads\/2019\/01\/image6-3.jpg 720w\" sizes=\"auto, (max-width: 225px) 100vw, 225px\" \/><\/a><\/p>\n<p><a href=\"http:\/\/www.elpuco.com.ar\/web\/wp-content\/uploads\/2019\/01\/image7-3.jpg\"><img loading=\"lazy\" decoding=\"async\" src=\"http:\/\/www.elpuco.com.ar\/web\/wp-content\/uploads\/2019\/01\/image7-3-225x300.jpg\" alt=\"\" width=\"225\" height=\"300\" class=\"alignleft size-medium wp-image-1190\" srcset=\"https:\/\/www.elpuco.com.ar\/web\/wp-content\/uploads\/2019\/01\/image7-3-225x300.jpg 225w, https:\/\/www.elpuco.com.ar\/web\/wp-content\/uploads\/2019\/01\/image7-3-600x800.jpg 600w, https:\/\/www.elpuco.com.ar\/web\/wp-content\/uploads\/2019\/01\/image7-3.jpg 720w\" sizes=\"auto, (max-width: 225px) 100vw, 225px\" \/><\/a><\/p>\n<p><a href=\"http:\/\/www.elpuco.com.ar\/web\/wp-content\/uploads\/2019\/01\/image8-3.jpg\"><img loading=\"lazy\" decoding=\"async\" src=\"http:\/\/www.elpuco.com.ar\/web\/wp-content\/uploads\/2019\/01\/image8-3-225x300.jpg\" alt=\"\" width=\"225\" height=\"300\" class=\"alignleft size-medium wp-image-1191\" srcset=\"https:\/\/www.elpuco.com.ar\/web\/wp-content\/uploads\/2019\/01\/image8-3-225x300.jpg 225w, https:\/\/www.elpuco.com.ar\/web\/wp-content\/uploads\/2019\/01\/image8-3-600x800.jpg 600w, https:\/\/www.elpuco.com.ar\/web\/wp-content\/uploads\/2019\/01\/image8-3.jpg 720w\" sizes=\"auto, (max-width: 225px) 100vw, 225px\" \/><\/a><\/p>\n<p><a href=\"http:\/\/www.elpuco.com.ar\/web\/wp-content\/uploads\/2019\/01\/image9-3.jpg\"><img loading=\"lazy\" decoding=\"async\" src=\"http:\/\/www.elpuco.com.ar\/web\/wp-content\/uploads\/2019\/01\/image9-3-300x225.jpg\" alt=\"\" width=\"300\" height=\"225\" class=\"alignleft size-medium wp-image-1192\" srcset=\"https:\/\/www.elpuco.com.ar\/web\/wp-content\/uploads\/2019\/01\/image9-3-300x225.jpg 300w, https:\/\/www.elpuco.com.ar\/web\/wp-content\/uploads\/2019\/01\/image9-3-600x450.jpg 600w, https:\/\/www.elpuco.com.ar\/web\/wp-content\/uploads\/2019\/01\/image9-3-768x576.jpg 768w, https:\/\/www.elpuco.com.ar\/web\/wp-content\/uploads\/2019\/01\/image9-3.jpg 960w\" sizes=\"auto, (max-width: 300px) 100vw, 300px\" \/><\/a><\/p>\n<p><a href=\"http:\/\/www.elpuco.com.ar\/web\/wp-content\/uploads\/2019\/01\/image10-2.jpg\"><img loading=\"lazy\" decoding=\"async\" src=\"http:\/\/www.elpuco.com.ar\/web\/wp-content\/uploads\/2019\/01\/image10-2-225x300.jpg\" alt=\"\" width=\"225\" height=\"300\" class=\"alignleft size-medium wp-image-1193\" srcset=\"https:\/\/www.elpuco.com.ar\/web\/wp-content\/uploads\/2019\/01\/image10-2-225x300.jpg 225w, https:\/\/www.elpuco.com.ar\/web\/wp-content\/uploads\/2019\/01\/image10-2-600x799.jpg 600w, https:\/\/www.elpuco.com.ar\/web\/wp-content\/uploads\/2019\/01\/image10-2.jpg 640w\" sizes=\"auto, (max-width: 225px) 100vw, 225px\" \/><\/a><\/p>\n<p><a href=\"http:\/\/www.elpuco.com.ar\/web\/wp-content\/uploads\/2019\/01\/image11-2.jpg\"><img loading=\"lazy\" decoding=\"async\" src=\"http:\/\/www.elpuco.com.ar\/web\/wp-content\/uploads\/2019\/01\/image11-2-232x300.jpg\" alt=\"\" width=\"232\" height=\"300\" class=\"alignleft size-medium wp-image-1194\" srcset=\"https:\/\/www.elpuco.com.ar\/web\/wp-content\/uploads\/2019\/01\/image11-2-232x300.jpg 232w, https:\/\/www.elpuco.com.ar\/web\/wp-content\/uploads\/2019\/01\/image11-2-600x776.jpg 600w, https:\/\/www.elpuco.com.ar\/web\/wp-content\/uploads\/2019\/01\/image11-2-768x994.jpg 768w, https:\/\/www.elpuco.com.ar\/web\/wp-content\/uploads\/2019\/01\/image11-2-792x1024.jpg 792w, https:\/\/www.elpuco.com.ar\/web\/wp-content\/uploads\/2019\/01\/image11-2.jpg 1583w\" sizes=\"auto, (max-width: 232px) 100vw, 232px\" \/><\/a><\/p>\n<p><a href=\"http:\/\/www.elpuco.com.ar\/web\/wp-content\/uploads\/2019\/01\/image12-2.jpg\"><img loading=\"lazy\" decoding=\"async\" src=\"http:\/\/www.elpuco.com.ar\/web\/wp-content\/uploads\/2019\/01\/image12-2-225x300.jpg\" alt=\"\" width=\"225\" height=\"300\" class=\"alignleft size-medium wp-image-1195\" srcset=\"https:\/\/www.elpuco.com.ar\/web\/wp-content\/uploads\/2019\/01\/image12-2-225x300.jpg 225w, https:\/\/www.elpuco.com.ar\/web\/wp-content\/uploads\/2019\/01\/image12-2-600x800.jpg 600w, https:\/\/www.elpuco.com.ar\/web\/wp-content\/uploads\/2019\/01\/image12-2.jpg 720w\" sizes=\"auto, (max-width: 225px) 100vw, 225px\" \/><\/a><\/p>\n<p><a href=\"http:\/\/www.elpuco.com.ar\/web\/wp-content\/uploads\/2019\/01\/image13-2.jpg\"><img loading=\"lazy\" decoding=\"async\" src=\"http:\/\/www.elpuco.com.ar\/web\/wp-content\/uploads\/2019\/01\/image13-2-225x300.jpg\" alt=\"\" width=\"225\" height=\"300\" class=\"alignleft size-medium wp-image-1196\" srcset=\"https:\/\/www.elpuco.com.ar\/web\/wp-content\/uploads\/2019\/01\/image13-2-225x300.jpg 225w, https:\/\/www.elpuco.com.ar\/web\/wp-content\/uploads\/2019\/01\/image13-2.jpg 540w\" sizes=\"auto, (max-width: 225px) 100vw, 225px\" \/><\/a><\/p>\n<p><a href=\"http:\/\/www.elpuco.com.ar\/web\/wp-content\/uploads\/2019\/01\/image14-2.jpg\"><img loading=\"lazy\" decoding=\"async\" src=\"http:\/\/www.elpuco.com.ar\/web\/wp-content\/uploads\/2019\/01\/image14-2-300x225.jpg\" alt=\"\" width=\"300\" height=\"225\" class=\"alignleft size-medium wp-image-1197\" srcset=\"https:\/\/www.elpuco.com.ar\/web\/wp-content\/uploads\/2019\/01\/image14-2-300x225.jpg 300w, https:\/\/www.elpuco.com.ar\/web\/wp-content\/uploads\/2019\/01\/image14-2-600x450.jpg 600w, https:\/\/www.elpuco.com.ar\/web\/wp-content\/uploads\/2019\/01\/image14-2-768x576.jpg 768w, https:\/\/www.elpuco.com.ar\/web\/wp-content\/uploads\/2019\/01\/image14-2.jpg 960w\" sizes=\"auto, (max-width: 300px) 100vw, 300px\" \/><\/a><\/p>\n<p><a href=\"http:\/\/www.elpuco.com.ar\/web\/wp-content\/uploads\/2019\/01\/image15-2.jpg\"><img loading=\"lazy\" decoding=\"async\" src=\"http:\/\/www.elpuco.com.ar\/web\/wp-content\/uploads\/2019\/01\/image15-2-225x300.jpg\" alt=\"\" width=\"225\" height=\"300\" class=\"alignleft size-medium wp-image-1198\" srcset=\"https:\/\/www.elpuco.com.ar\/web\/wp-content\/uploads\/2019\/01\/image15-2-225x300.jpg 225w, https:\/\/www.elpuco.com.ar\/web\/wp-content\/uploads\/2019\/01\/image15-2-600x800.jpg 600w, https:\/\/www.elpuco.com.ar\/web\/wp-content\/uploads\/2019\/01\/image15-2.jpg 720w\" sizes=\"auto, (max-width: 225px) 100vw, 225px\" \/><\/a><\/p>\n<p><a href=\"http:\/\/www.elpuco.com.ar\/web\/wp-content\/uploads\/2019\/01\/image16-2.jpg\"><img loading=\"lazy\" decoding=\"async\" src=\"http:\/\/www.elpuco.com.ar\/web\/wp-content\/uploads\/2019\/01\/image16-2-225x300.jpg\" alt=\"\" width=\"225\" height=\"300\" class=\"alignleft size-medium wp-image-1199\" srcset=\"https:\/\/www.elpuco.com.ar\/web\/wp-content\/uploads\/2019\/01\/image16-2-225x300.jpg 225w, https:\/\/www.elpuco.com.ar\/web\/wp-content\/uploads\/2019\/01\/image16-2-600x800.jpg 600w, https:\/\/www.elpuco.com.ar\/web\/wp-content\/uploads\/2019\/01\/image16-2.jpg 720w\" sizes=\"auto, (max-width: 225px) 100vw, 225px\" \/><\/a><\/p>\n<p><a href=\"http:\/\/www.elpuco.com.ar\/web\/wp-content\/uploads\/2019\/01\/image17.jpg\"><img loading=\"lazy\" decoding=\"async\" src=\"http:\/\/www.elpuco.com.ar\/web\/wp-content\/uploads\/2019\/01\/image17-300x225.jpg\" alt=\"\" width=\"300\" height=\"225\" class=\"alignleft size-medium wp-image-1200\" srcset=\"https:\/\/www.elpuco.com.ar\/web\/wp-content\/uploads\/2019\/01\/image17-300x225.jpg 300w, https:\/\/www.elpuco.com.ar\/web\/wp-content\/uploads\/2019\/01\/image17-600x450.jpg 600w, https:\/\/www.elpuco.com.ar\/web\/wp-content\/uploads\/2019\/01\/image17-768x576.jpg 768w, https:\/\/www.elpuco.com.ar\/web\/wp-content\/uploads\/2019\/01\/image17.jpg 960w\" sizes=\"auto, (max-width: 300px) 100vw, 300px\" \/><\/a><\/p>\n<p><a href=\"http:\/\/www.elpuco.com.ar\/web\/wp-content\/uploads\/2019\/01\/image18.jpg\"><img loading=\"lazy\" decoding=\"async\" src=\"http:\/\/www.elpuco.com.ar\/web\/wp-content\/uploads\/2019\/01\/image18-300x246.jpg\" alt=\"\" width=\"300\" height=\"246\" class=\"alignleft size-medium wp-image-1201\" srcset=\"https:\/\/www.elpuco.com.ar\/web\/wp-content\/uploads\/2019\/01\/image18-300x246.jpg 300w, https:\/\/www.elpuco.com.ar\/web\/wp-content\/uploads\/2019\/01\/image18-600x491.jpg 600w, https:\/\/www.elpuco.com.ar\/web\/wp-content\/uploads\/2019\/01\/image18-768x629.jpg 768w, https:\/\/www.elpuco.com.ar\/web\/wp-content\/uploads\/2019\/01\/image18.jpg 960w\" sizes=\"auto, (max-width: 300px) 100vw, 300px\" \/><\/a><\/p>\n","protected":false},"excerpt":{"rendered":"","protected":false},"author":1,"featured_media":0,"parent":0,"menu_order":0,"comment_status":"open","ping_status":"open","template":"","meta":{"ngg_post_thumbnail":0,"footnotes":""},"class_list":{"0":"post-734","1":"page","2":"type-page","3":"status-publish","5":"no-featured-image-padding"},"yoast_head":"<!-- This site is optimized with the Yoast SEO plugin v25.5 - https:\/\/yoast.com\/wordpress\/plugins\/seo\/ -->\n<title>DECORACION CON ENGOBES - El Puco. Taller de ense\u00f1anza de alfareria y cer\u00e1mica art\u00edstica<\/title>\n<meta name=\"robots\" content=\"index, follow, max-snippet:-1, max-image-preview:large, max-video-preview:-1\" \/>\n<link rel=\"canonical\" href=\"https:\/\/www.elpuco.com.ar\/web\/decoracion-con-engobes\/\" \/>\n<meta property=\"og:locale\" content=\"es_ES\" \/>\n<meta property=\"og:type\" content=\"article\" \/>\n<meta property=\"og:title\" content=\"DECORACION CON ENGOBES - El Puco. Taller de ense\u00f1anza de alfareria y cer\u00e1mica art\u00edstica\" \/>\n<meta property=\"og:url\" content=\"https:\/\/www.elpuco.com.ar\/web\/decoracion-con-engobes\/\" \/>\n<meta property=\"og:site_name\" content=\"El Puco. Taller de ense\u00f1anza de alfareria y cer\u00e1mica art\u00edstica\" \/>\n<meta property=\"article:modified_time\" content=\"2019-01-31T04:02:59+00:00\" \/>\n<meta property=\"og:image\" content=\"http:\/\/www.elpuco.com.ar\/web\/wp-content\/uploads\/2019\/01\/image1-3-225x300.jpg\" \/>\n<meta name=\"twitter:card\" content=\"summary_large_image\" \/>\n<script type=\"application\/ld+json\" class=\"yoast-schema-graph\">{\"@context\":\"https:\/\/schema.org\",\"@graph\":[{\"@type\":\"WebPage\",\"@id\":\"https:\/\/www.elpuco.com.ar\/web\/decoracion-con-engobes\/\",\"url\":\"https:\/\/www.elpuco.com.ar\/web\/decoracion-con-engobes\/\",\"name\":\"DECORACION CON ENGOBES - El Puco. Taller de ense\u00f1anza de alfareria y cer\u00e1mica art\u00edstica\",\"isPartOf\":{\"@id\":\"https:\/\/www.elpuco.com.ar\/web\/#website\"},\"primaryImageOfPage\":{\"@id\":\"https:\/\/www.elpuco.com.ar\/web\/decoracion-con-engobes\/#primaryimage\"},\"image\":{\"@id\":\"https:\/\/www.elpuco.com.ar\/web\/decoracion-con-engobes\/#primaryimage\"},\"thumbnailUrl\":\"http:\/\/www.elpuco.com.ar\/web\/wp-content\/uploads\/2019\/01\/image1-3-225x300.jpg\",\"datePublished\":\"2013-03-03T19:44:11+00:00\",\"dateModified\":\"2019-01-31T04:02:59+00:00\",\"breadcrumb\":{\"@id\":\"https:\/\/www.elpuco.com.ar\/web\/decoracion-con-engobes\/#breadcrumb\"},\"inLanguage\":\"es\",\"potentialAction\":[{\"@type\":\"ReadAction\",\"target\":[\"https:\/\/www.elpuco.com.ar\/web\/decoracion-con-engobes\/\"]}]},{\"@type\":\"ImageObject\",\"inLanguage\":\"es\",\"@id\":\"https:\/\/www.elpuco.com.ar\/web\/decoracion-con-engobes\/#primaryimage\",\"url\":\"http:\/\/www.elpuco.com.ar\/web\/wp-content\/uploads\/2019\/01\/image1-3-225x300.jpg\",\"contentUrl\":\"http:\/\/www.elpuco.com.ar\/web\/wp-content\/uploads\/2019\/01\/image1-3-225x300.jpg\"},{\"@type\":\"BreadcrumbList\",\"@id\":\"https:\/\/www.elpuco.com.ar\/web\/decoracion-con-engobes\/#breadcrumb\",\"itemListElement\":[{\"@type\":\"ListItem\",\"position\":1,\"name\":\"Portada\",\"item\":\"https:\/\/www.elpuco.com.ar\/web\/\"},{\"@type\":\"ListItem\",\"position\":2,\"name\":\"DECORACION CON ENGOBES\"}]},{\"@type\":\"WebSite\",\"@id\":\"https:\/\/www.elpuco.com.ar\/web\/#website\",\"url\":\"https:\/\/www.elpuco.com.ar\/web\/\",\"name\":\"El Puco. Taller de ense\u00f1anza de alfareria y cer\u00e1mica art\u00edstica\",\"description\":\"\",\"potentialAction\":[{\"@type\":\"SearchAction\",\"target\":{\"@type\":\"EntryPoint\",\"urlTemplate\":\"https:\/\/www.elpuco.com.ar\/web\/?s={search_term_string}\"},\"query-input\":{\"@type\":\"PropertyValueSpecification\",\"valueRequired\":true,\"valueName\":\"search_term_string\"}}],\"inLanguage\":\"es\"}]}<\/script>\n<!-- \/ Yoast SEO plugin. -->","yoast_head_json":{"title":"DECORACION CON ENGOBES - El Puco. Taller de ense\u00f1anza de alfareria y cer\u00e1mica art\u00edstica","robots":{"index":"index","follow":"follow","max-snippet":"max-snippet:-1","max-image-preview":"max-image-preview:large","max-video-preview":"max-video-preview:-1"},"canonical":"https:\/\/www.elpuco.com.ar\/web\/decoracion-con-engobes\/","og_locale":"es_ES","og_type":"article","og_title":"DECORACION CON ENGOBES - El Puco. Taller de ense\u00f1anza de alfareria y cer\u00e1mica art\u00edstica","og_url":"https:\/\/www.elpuco.com.ar\/web\/decoracion-con-engobes\/","og_site_name":"El Puco. Taller de ense\u00f1anza de alfareria y cer\u00e1mica art\u00edstica","article_modified_time":"2019-01-31T04:02:59+00:00","og_image":[{"url":"http:\/\/www.elpuco.com.ar\/web\/wp-content\/uploads\/2019\/01\/image1-3-225x300.jpg","type":"","width":"","height":""}],"twitter_card":"summary_large_image","schema":{"@context":"https:\/\/schema.org","@graph":[{"@type":"WebPage","@id":"https:\/\/www.elpuco.com.ar\/web\/decoracion-con-engobes\/","url":"https:\/\/www.elpuco.com.ar\/web\/decoracion-con-engobes\/","name":"DECORACION CON ENGOBES - El Puco. Taller de ense\u00f1anza de alfareria y cer\u00e1mica art\u00edstica","isPartOf":{"@id":"https:\/\/www.elpuco.com.ar\/web\/#website"},"primaryImageOfPage":{"@id":"https:\/\/www.elpuco.com.ar\/web\/decoracion-con-engobes\/#primaryimage"},"image":{"@id":"https:\/\/www.elpuco.com.ar\/web\/decoracion-con-engobes\/#primaryimage"},"thumbnailUrl":"http:\/\/www.elpuco.com.ar\/web\/wp-content\/uploads\/2019\/01\/image1-3-225x300.jpg","datePublished":"2013-03-03T19:44:11+00:00","dateModified":"2019-01-31T04:02:59+00:00","breadcrumb":{"@id":"https:\/\/www.elpuco.com.ar\/web\/decoracion-con-engobes\/#breadcrumb"},"inLanguage":"es","potentialAction":[{"@type":"ReadAction","target":["https:\/\/www.elpuco.com.ar\/web\/decoracion-con-engobes\/"]}]},{"@type":"ImageObject","inLanguage":"es","@id":"https:\/\/www.elpuco.com.ar\/web\/decoracion-con-engobes\/#primaryimage","url":"http:\/\/www.elpuco.com.ar\/web\/wp-content\/uploads\/2019\/01\/image1-3-225x300.jpg","contentUrl":"http:\/\/www.elpuco.com.ar\/web\/wp-content\/uploads\/2019\/01\/image1-3-225x300.jpg"},{"@type":"BreadcrumbList","@id":"https:\/\/www.elpuco.com.ar\/web\/decoracion-con-engobes\/#breadcrumb","itemListElement":[{"@type":"ListItem","position":1,"name":"Portada","item":"https:\/\/www.elpuco.com.ar\/web\/"},{"@type":"ListItem","position":2,"name":"DECORACION CON ENGOBES"}]},{"@type":"WebSite","@id":"https:\/\/www.elpuco.com.ar\/web\/#website","url":"https:\/\/www.elpuco.com.ar\/web\/","name":"El Puco. Taller de ense\u00f1anza de alfareria y cer\u00e1mica art\u00edstica","description":"","potentialAction":[{"@type":"SearchAction","target":{"@type":"EntryPoint","urlTemplate":"https:\/\/www.elpuco.com.ar\/web\/?s={search_term_string}"},"query-input":{"@type":"PropertyValueSpecification","valueRequired":true,"valueName":"search_term_string"}}],"inLanguage":"es"}]}},"_links":{"self":[{"href":"https:\/\/www.elpuco.com.ar\/web\/wp-json\/wp\/v2\/pages\/734","targetHints":{"allow":["GET"]}}],"collection":[{"href":"https:\/\/www.elpuco.com.ar\/web\/wp-json\/wp\/v2\/pages"}],"about":[{"href":"https:\/\/www.elpuco.com.ar\/web\/wp-json\/wp\/v2\/types\/page"}],"author":[{"embeddable":true,"href":"https:\/\/www.elpuco.com.ar\/web\/wp-json\/wp\/v2\/users\/1"}],"replies":[{"embeddable":true,"href":"https:\/\/www.elpuco.com.ar\/web\/wp-json\/wp\/v2\/comments?post=734"}],"version-history":[{"count":4,"href":"https:\/\/www.elpuco.com.ar\/web\/wp-json\/wp\/v2\/pages\/734\/revisions"}],"predecessor-version":[{"id":1202,"href":"https:\/\/www.elpuco.com.ar\/web\/wp-json\/wp\/v2\/pages\/734\/revisions\/1202"}],"wp:attachment":[{"href":"https:\/\/www.elpuco.com.ar\/web\/wp-json\/wp\/v2\/media?parent=734"}],"curies":[{"name":"wp","href":"https:\/\/api.w.org\/{rel}","templated":true}]}}