{"id":74,"date":"2013-02-20T00:03:56","date_gmt":"2013-02-20T00:03:56","guid":{"rendered":"http:\/\/www.elpuco.com.ar\/web\/?page_id=74"},"modified":"2013-02-26T22:37:46","modified_gmt":"2013-02-26T22:37:46","slug":"experiencias-etnicas","status":"publish","type":"page","link":"https:\/\/www.elpuco.com.ar\/web\/experiencias-etnicas\/","title":{"rendered":"Experiencias Etnicas"},"content":{"rendered":"<p>Dentro de la propuesta art\u00edstica educativa del Taller El Puco, a los alumnos interesados se les inicia en temas antropol\u00f3gicos &#8211; \u00e9tnicos. Organizamos convivencias con comunidades ind\u00edgenas donde el aprendizaje tiene muchas vertientes, desde lo humano, hist\u00f3rico, art\u00edstico, ecol\u00f3gico, etc. En algunas ocasiones damos nuestro conocimiento y experiencia para montar talleres, y en otras recibimos.<br \/>\nEstar dentro de una comunidad, ya sea ind\u00edgena, ya sea de alfareros ceramistas, es una experiencia totalmente enriquecedora para los que vivimos en ciudades. El requisito es tener la mente y el coraz\u00f3n abierto. Es una invitaci\u00f3n a salir temporariamente del consumismo y conectarse con una realidad m\u00e1gica&#8230;<\/p>\n<p>&nbsp;<\/p>\n<table width=\"731\" border=\"0\" cellspacing=\"0\" cellpadding=\"5\">\n<tbody>\n<tr>\n<td align=\"left\" valign=\"top\"><a href=\"http:\/\/www.elpuco.com.ar\/web\/wp-content\/uploads\/2013\/02\/251177_10151204930984925_1202038057_n.jpg\"><img loading=\"lazy\" decoding=\"async\" class=\"alignleft\" alt=\"251177_10151204930984925_1202038057_n\" src=\"http:\/\/www.elpuco.com.ar\/web\/wp-content\/uploads\/2013\/02\/251177_10151204930984925_1202038057_n-150x150.jpg\" width=\"150\" height=\"150\" \/><\/a><a title=\"SHIPIBOS-PUCALLPA-PERU\" href=\"http:\/\/www.elpuco.com.ar\/web\/shipibos-pucallpa-peru\/\">SHIPIBOS-PUCALLPA-PERU<\/a><\/td>\n<\/tr>\n<tr>\n<td align=\"left\" valign=\"top\"><a href=\"http:\/\/www.elpuco.com.ar\/web\/wp-content\/uploads\/2013\/02\/17.jpg\"><img loading=\"lazy\" decoding=\"async\" class=\"alignleft\" alt=\"17\" src=\"http:\/\/www.elpuco.com.ar\/web\/wp-content\/uploads\/2013\/02\/17.jpg\" width=\"111\" height=\"165\" \/><\/a> VIAJE DE CONVIVENCIA A LA COMUNIDAD IND\u00cdGENA CHOROTE<\/p>\n<p>&#8211; <a title=\"Los Chorotes y su medio ambiente\" href=\"http:\/\/www.elpuco.com.ar\/web\/los-chorotes-y-su-medio-ambiente\/\">Los Chorotes y su medio ambiente.<\/a><\/p>\n<p>&#8211; <a title=\"Taller de Reactivaci\u00f3n de la Memoria Alfarera Chorote\" href=\"http:\/\/www.elpuco.com.ar\/web\/taller-de-reactivacion-de-la-memoria-alfarera-chorote\/\">Taller de Reactivaci\u00f3n de la Memoria Alfarera Chorote.<\/a><\/p>\n<p>&nbsp;<\/td>\n<\/tr>\n<tr>\n<td align=\"left\" valign=\"top\">VIAJE DE CONVIVENCIA A UNA COMUNIDAD IND\u00cdGENA WICHI CON ALUMNOS DEL TALLER EL PUCO<\/p>\n<p><a href=\"http:\/\/www.elpuco.com.ar\/web\/wp-content\/uploads\/2013\/02\/16.jpg\"><img loading=\"lazy\" decoding=\"async\" class=\"size-full wp-image-134 alignright\" alt=\"16\" src=\"http:\/\/www.elpuco.com.ar\/web\/wp-content\/uploads\/2013\/02\/16.jpg\" width=\"135\" height=\"197\" srcset=\"https:\/\/www.elpuco.com.ar\/web\/wp-content\/uploads\/2013\/02\/16.jpg 233w, https:\/\/www.elpuco.com.ar\/web\/wp-content\/uploads\/2013\/02\/16-205x300.jpg 205w\" sizes=\"auto, (max-width: 135px) 100vw, 135px\" \/><\/a>&#8211; <a title=\"Los Wichis y su medio ambiente\" href=\"http:\/\/www.elpuco.com.ar\/web\/los-wichis-y-su-medio-ambiente\/\">Los Wichis y su medio ambiente.<\/a><\/p>\n<p>&#8211; <a title=\"Modelado de piezas por la t\u00e9cnica del chorizo\" href=\"http:\/\/www.elpuco.com.ar\/web\/modelado-de-piezas-por-la-tecnica-del-chorizo\/\">Modelado de piezas por la t\u00e9cnica del chorizo.<\/a><\/td>\n<\/tr>\n<\/tbody>\n<\/table>\n<p>&nbsp;<\/p>\n<p>&nbsp;<\/p>\n","protected":false},"excerpt":{"rendered":"<p>Dentro de la propuesta art\u00edstica educativa del Taller El Puco, a los alumnos interesados se les inicia en temas antropol\u00f3gicos &#8211; \u00e9tnicos. Organizamos convivencias con comunidades ind\u00edgenas donde el aprendizaje tiene muchas vertientes, desde lo humano, hist\u00f3rico, art\u00edstico, ecol\u00f3gico, etc. En algunas ocasiones damos nuestro conocimiento y experiencia para montar talleres, y en otras recibimos. &#8230; <\/p>\n<p class=\"read-more-container\"><a title=\"Experiencias Etnicas\" class=\"read-more button\" href=\"https:\/\/www.elpuco.com.ar\/web\/experiencias-etnicas\/#more-74\" aria-label=\"Leer m\u00e1s sobre Experiencias Etnicas\">Continuar<\/a><\/p>\n","protected":false},"author":1,"featured_media":0,"parent":0,"menu_order":0,"comment_status":"open","ping_status":"open","template":"","meta":{"ngg_post_thumbnail":0,"footnotes":""},"class_list":{"0":"post-74","1":"page","2":"type-page","3":"status-publish","5":"no-featured-image-padding"},"yoast_head":"<!-- This site is optimized with the Yoast SEO plugin v25.5 - https:\/\/yoast.com\/wordpress\/plugins\/seo\/ -->\n<title>Experiencias Etnicas - El Puco. Taller de ense\u00f1anza de alfareria y cer\u00e1mica art\u00edstica<\/title>\n<meta name=\"robots\" content=\"index, follow, max-snippet:-1, max-image-preview:large, max-video-preview:-1\" \/>\n<link rel=\"canonical\" href=\"https:\/\/www.elpuco.com.ar\/web\/experiencias-etnicas\/\" \/>\n<meta property=\"og:locale\" content=\"es_ES\" \/>\n<meta property=\"og:type\" content=\"article\" \/>\n<meta property=\"og:title\" content=\"Experiencias Etnicas - El Puco. Taller de ense\u00f1anza de alfareria y cer\u00e1mica art\u00edstica\" \/>\n<meta property=\"og:description\" content=\"Dentro de la propuesta art\u00edstica educativa del Taller El Puco, a los alumnos interesados se les inicia en temas antropol\u00f3gicos &#8211; \u00e9tnicos. Organizamos convivencias con comunidades ind\u00edgenas donde el aprendizaje tiene muchas vertientes, desde lo humano, hist\u00f3rico, art\u00edstico, ecol\u00f3gico, etc. En algunas ocasiones damos nuestro conocimiento y experiencia para montar talleres, y en otras recibimos. ... Continuar\" \/>\n<meta property=\"og:url\" content=\"https:\/\/www.elpuco.com.ar\/web\/experiencias-etnicas\/\" \/>\n<meta property=\"og:site_name\" content=\"El Puco. Taller de ense\u00f1anza de alfareria y cer\u00e1mica art\u00edstica\" \/>\n<meta property=\"article:modified_time\" content=\"2013-02-26T22:37:46+00:00\" \/>\n<meta property=\"og:image\" content=\"http:\/\/www.elpuco.com.ar\/web\/wp-content\/uploads\/2013\/02\/251177_10151204930984925_1202038057_n-150x150.jpg\" \/>\n<meta name=\"twitter:card\" content=\"summary_large_image\" \/>\n<meta name=\"twitter:label1\" content=\"Tiempo de lectura\" \/>\n\t<meta name=\"twitter:data1\" content=\"1 minuto\" \/>\n<script type=\"application\/ld+json\" class=\"yoast-schema-graph\">{\"@context\":\"https:\/\/schema.org\",\"@graph\":[{\"@type\":\"WebPage\",\"@id\":\"https:\/\/www.elpuco.com.ar\/web\/experiencias-etnicas\/\",\"url\":\"https:\/\/www.elpuco.com.ar\/web\/experiencias-etnicas\/\",\"name\":\"Experiencias Etnicas - El Puco. Taller de ense\u00f1anza de alfareria y cer\u00e1mica art\u00edstica\",\"isPartOf\":{\"@id\":\"https:\/\/www.elpuco.com.ar\/web\/#website\"},\"primaryImageOfPage\":{\"@id\":\"https:\/\/www.elpuco.com.ar\/web\/experiencias-etnicas\/#primaryimage\"},\"image\":{\"@id\":\"https:\/\/www.elpuco.com.ar\/web\/experiencias-etnicas\/#primaryimage\"},\"thumbnailUrl\":\"http:\/\/www.elpuco.com.ar\/web\/wp-content\/uploads\/2013\/02\/251177_10151204930984925_1202038057_n-150x150.jpg\",\"datePublished\":\"2013-02-20T00:03:56+00:00\",\"dateModified\":\"2013-02-26T22:37:46+00:00\",\"breadcrumb\":{\"@id\":\"https:\/\/www.elpuco.com.ar\/web\/experiencias-etnicas\/#breadcrumb\"},\"inLanguage\":\"es\",\"potentialAction\":[{\"@type\":\"ReadAction\",\"target\":[\"https:\/\/www.elpuco.com.ar\/web\/experiencias-etnicas\/\"]}]},{\"@type\":\"ImageObject\",\"inLanguage\":\"es\",\"@id\":\"https:\/\/www.elpuco.com.ar\/web\/experiencias-etnicas\/#primaryimage\",\"url\":\"http:\/\/www.elpuco.com.ar\/web\/wp-content\/uploads\/2013\/02\/251177_10151204930984925_1202038057_n-150x150.jpg\",\"contentUrl\":\"http:\/\/www.elpuco.com.ar\/web\/wp-content\/uploads\/2013\/02\/251177_10151204930984925_1202038057_n-150x150.jpg\"},{\"@type\":\"BreadcrumbList\",\"@id\":\"https:\/\/www.elpuco.com.ar\/web\/experiencias-etnicas\/#breadcrumb\",\"itemListElement\":[{\"@type\":\"ListItem\",\"position\":1,\"name\":\"Portada\",\"item\":\"https:\/\/www.elpuco.com.ar\/web\/\"},{\"@type\":\"ListItem\",\"position\":2,\"name\":\"Experiencias Etnicas\"}]},{\"@type\":\"WebSite\",\"@id\":\"https:\/\/www.elpuco.com.ar\/web\/#website\",\"url\":\"https:\/\/www.elpuco.com.ar\/web\/\",\"name\":\"El Puco. Taller de ense\u00f1anza de alfareria y cer\u00e1mica art\u00edstica\",\"description\":\"\",\"potentialAction\":[{\"@type\":\"SearchAction\",\"target\":{\"@type\":\"EntryPoint\",\"urlTemplate\":\"https:\/\/www.elpuco.com.ar\/web\/?s={search_term_string}\"},\"query-input\":{\"@type\":\"PropertyValueSpecification\",\"valueRequired\":true,\"valueName\":\"search_term_string\"}}],\"inLanguage\":\"es\"}]}<\/script>\n<!-- \/ Yoast SEO plugin. -->","yoast_head_json":{"title":"Experiencias Etnicas - El Puco. Taller de ense\u00f1anza de alfareria y cer\u00e1mica art\u00edstica","robots":{"index":"index","follow":"follow","max-snippet":"max-snippet:-1","max-image-preview":"max-image-preview:large","max-video-preview":"max-video-preview:-1"},"canonical":"https:\/\/www.elpuco.com.ar\/web\/experiencias-etnicas\/","og_locale":"es_ES","og_type":"article","og_title":"Experiencias Etnicas - El Puco. Taller de ense\u00f1anza de alfareria y cer\u00e1mica art\u00edstica","og_description":"Dentro de la propuesta art\u00edstica educativa del Taller El Puco, a los alumnos interesados se les inicia en temas antropol\u00f3gicos &#8211; \u00e9tnicos. Organizamos convivencias con comunidades ind\u00edgenas donde el aprendizaje tiene muchas vertientes, desde lo humano, hist\u00f3rico, art\u00edstico, ecol\u00f3gico, etc. En algunas ocasiones damos nuestro conocimiento y experiencia para montar talleres, y en otras recibimos. ... Continuar","og_url":"https:\/\/www.elpuco.com.ar\/web\/experiencias-etnicas\/","og_site_name":"El Puco. Taller de ense\u00f1anza de alfareria y cer\u00e1mica art\u00edstica","article_modified_time":"2013-02-26T22:37:46+00:00","og_image":[{"url":"http:\/\/www.elpuco.com.ar\/web\/wp-content\/uploads\/2013\/02\/251177_10151204930984925_1202038057_n-150x150.jpg","type":"","width":"","height":""}],"twitter_card":"summary_large_image","twitter_misc":{"Tiempo de lectura":"1 minuto"},"schema":{"@context":"https:\/\/schema.org","@graph":[{"@type":"WebPage","@id":"https:\/\/www.elpuco.com.ar\/web\/experiencias-etnicas\/","url":"https:\/\/www.elpuco.com.ar\/web\/experiencias-etnicas\/","name":"Experiencias Etnicas - El Puco. Taller de ense\u00f1anza de alfareria y cer\u00e1mica art\u00edstica","isPartOf":{"@id":"https:\/\/www.elpuco.com.ar\/web\/#website"},"primaryImageOfPage":{"@id":"https:\/\/www.elpuco.com.ar\/web\/experiencias-etnicas\/#primaryimage"},"image":{"@id":"https:\/\/www.elpuco.com.ar\/web\/experiencias-etnicas\/#primaryimage"},"thumbnailUrl":"http:\/\/www.elpuco.com.ar\/web\/wp-content\/uploads\/2013\/02\/251177_10151204930984925_1202038057_n-150x150.jpg","datePublished":"2013-02-20T00:03:56+00:00","dateModified":"2013-02-26T22:37:46+00:00","breadcrumb":{"@id":"https:\/\/www.elpuco.com.ar\/web\/experiencias-etnicas\/#breadcrumb"},"inLanguage":"es","potentialAction":[{"@type":"ReadAction","target":["https:\/\/www.elpuco.com.ar\/web\/experiencias-etnicas\/"]}]},{"@type":"ImageObject","inLanguage":"es","@id":"https:\/\/www.elpuco.com.ar\/web\/experiencias-etnicas\/#primaryimage","url":"http:\/\/www.elpuco.com.ar\/web\/wp-content\/uploads\/2013\/02\/251177_10151204930984925_1202038057_n-150x150.jpg","contentUrl":"http:\/\/www.elpuco.com.ar\/web\/wp-content\/uploads\/2013\/02\/251177_10151204930984925_1202038057_n-150x150.jpg"},{"@type":"BreadcrumbList","@id":"https:\/\/www.elpuco.com.ar\/web\/experiencias-etnicas\/#breadcrumb","itemListElement":[{"@type":"ListItem","position":1,"name":"Portada","item":"https:\/\/www.elpuco.com.ar\/web\/"},{"@type":"ListItem","position":2,"name":"Experiencias Etnicas"}]},{"@type":"WebSite","@id":"https:\/\/www.elpuco.com.ar\/web\/#website","url":"https:\/\/www.elpuco.com.ar\/web\/","name":"El Puco. Taller de ense\u00f1anza de alfareria y cer\u00e1mica art\u00edstica","description":"","potentialAction":[{"@type":"SearchAction","target":{"@type":"EntryPoint","urlTemplate":"https:\/\/www.elpuco.com.ar\/web\/?s={search_term_string}"},"query-input":{"@type":"PropertyValueSpecification","valueRequired":true,"valueName":"search_term_string"}}],"inLanguage":"es"}]}},"_links":{"self":[{"href":"https:\/\/www.elpuco.com.ar\/web\/wp-json\/wp\/v2\/pages\/74","targetHints":{"allow":["GET"]}}],"collection":[{"href":"https:\/\/www.elpuco.com.ar\/web\/wp-json\/wp\/v2\/pages"}],"about":[{"href":"https:\/\/www.elpuco.com.ar\/web\/wp-json\/wp\/v2\/types\/page"}],"author":[{"embeddable":true,"href":"https:\/\/www.elpuco.com.ar\/web\/wp-json\/wp\/v2\/users\/1"}],"replies":[{"embeddable":true,"href":"https:\/\/www.elpuco.com.ar\/web\/wp-json\/wp\/v2\/comments?post=74"}],"version-history":[{"count":11,"href":"https:\/\/www.elpuco.com.ar\/web\/wp-json\/wp\/v2\/pages\/74\/revisions"}],"predecessor-version":[{"id":132,"href":"https:\/\/www.elpuco.com.ar\/web\/wp-json\/wp\/v2\/pages\/74\/revisions\/132"}],"wp:attachment":[{"href":"https:\/\/www.elpuco.com.ar\/web\/wp-json\/wp\/v2\/media?parent=74"}],"curies":[{"name":"wp","href":"https:\/\/api.w.org\/{rel}","templated":true}]}}