{"id":76,"date":"2013-02-20T00:04:07","date_gmt":"2013-02-20T00:04:07","guid":{"rendered":"http:\/\/www.elpuco.com.ar\/web\/?page_id=76"},"modified":"2013-07-03T16:11:36","modified_gmt":"2013-07-03T16:11:36","slug":"alumnos-en-accion","status":"publish","type":"page","link":"https:\/\/www.elpuco.com.ar\/web\/alumnos-en-accion\/","title":{"rendered":"Alumnos en Acci\u00f3n"},"content":{"rendered":"<p><a title=\"T\u00e9cnica de chorizos o rollos\" href=\"http:\/\/www.elpuco.com.ar\/web\/tecnica-de-chorizos-o-rollos\/\">T\u00c9CNICA DE CHORIZOS O ROLLOS<\/a><\/p>\n<p><a title=\"TECNICA POR PRESION DIGITAL O PELLIZCO\" href=\"http:\/\/www.elpuco.com.ar\/web\/tecnica-por-presion-digital-o-pellizco\/\">TECNICA POR PRESION DIGITAL O PELLIZCO<\/a><\/p>\n<p><a title=\"DECORACION CON ENGOBES\" href=\"http:\/\/www.elpuco.com.ar\/web\/decoracion-con-engobes\/\">DECORACION CON ENGOBES<\/a><\/p>\n","protected":false},"excerpt":{"rendered":"<p>T\u00c9CNICA DE CHORIZOS O ROLLOS TECNICA POR PRESION DIGITAL O PELLIZCO DECORACION CON ENGOBES<\/p>\n","protected":false},"author":1,"featured_media":0,"parent":0,"menu_order":0,"comment_status":"open","ping_status":"open","template":"","meta":{"ngg_post_thumbnail":0,"footnotes":""},"class_list":{"0":"post-76","1":"page","2":"type-page","3":"status-publish","5":"no-featured-image-padding"},"yoast_head":"<!-- This site is optimized with the Yoast SEO plugin v25.5 - https:\/\/yoast.com\/wordpress\/plugins\/seo\/ -->\n<title>Alumnos en Acci\u00f3n - El Puco. Taller de ense\u00f1anza de alfareria y cer\u00e1mica art\u00edstica<\/title>\n<meta name=\"robots\" content=\"index, follow, max-snippet:-1, max-image-preview:large, max-video-preview:-1\" \/>\n<link rel=\"canonical\" href=\"https:\/\/www.elpuco.com.ar\/web\/alumnos-en-accion\/\" \/>\n<meta property=\"og:locale\" content=\"es_ES\" \/>\n<meta property=\"og:type\" content=\"article\" \/>\n<meta property=\"og:title\" content=\"Alumnos en Acci\u00f3n - El Puco. Taller de ense\u00f1anza de alfareria y cer\u00e1mica art\u00edstica\" \/>\n<meta property=\"og:description\" content=\"T\u00c9CNICA DE CHORIZOS O ROLLOS TECNICA POR PRESION DIGITAL O PELLIZCO DECORACION CON ENGOBES\" \/>\n<meta property=\"og:url\" content=\"https:\/\/www.elpuco.com.ar\/web\/alumnos-en-accion\/\" \/>\n<meta property=\"og:site_name\" content=\"El Puco. Taller de ense\u00f1anza de alfareria y cer\u00e1mica art\u00edstica\" \/>\n<meta property=\"article:modified_time\" content=\"2013-07-03T16:11:36+00:00\" \/>\n<meta name=\"twitter:card\" content=\"summary_large_image\" \/>\n<script type=\"application\/ld+json\" class=\"yoast-schema-graph\">{\"@context\":\"https:\/\/schema.org\",\"@graph\":[{\"@type\":\"WebPage\",\"@id\":\"https:\/\/www.elpuco.com.ar\/web\/alumnos-en-accion\/\",\"url\":\"https:\/\/www.elpuco.com.ar\/web\/alumnos-en-accion\/\",\"name\":\"Alumnos en Acci\u00f3n - El Puco. Taller de ense\u00f1anza de alfareria y cer\u00e1mica art\u00edstica\",\"isPartOf\":{\"@id\":\"https:\/\/www.elpuco.com.ar\/web\/#website\"},\"datePublished\":\"2013-02-20T00:04:07+00:00\",\"dateModified\":\"2013-07-03T16:11:36+00:00\",\"breadcrumb\":{\"@id\":\"https:\/\/www.elpuco.com.ar\/web\/alumnos-en-accion\/#breadcrumb\"},\"inLanguage\":\"es\",\"potentialAction\":[{\"@type\":\"ReadAction\",\"target\":[\"https:\/\/www.elpuco.com.ar\/web\/alumnos-en-accion\/\"]}]},{\"@type\":\"BreadcrumbList\",\"@id\":\"https:\/\/www.elpuco.com.ar\/web\/alumnos-en-accion\/#breadcrumb\",\"itemListElement\":[{\"@type\":\"ListItem\",\"position\":1,\"name\":\"Portada\",\"item\":\"https:\/\/www.elpuco.com.ar\/web\/\"},{\"@type\":\"ListItem\",\"position\":2,\"name\":\"Alumnos en Acci\u00f3n\"}]},{\"@type\":\"WebSite\",\"@id\":\"https:\/\/www.elpuco.com.ar\/web\/#website\",\"url\":\"https:\/\/www.elpuco.com.ar\/web\/\",\"name\":\"El Puco. Taller de ense\u00f1anza de alfareria y cer\u00e1mica art\u00edstica\",\"description\":\"\",\"potentialAction\":[{\"@type\":\"SearchAction\",\"target\":{\"@type\":\"EntryPoint\",\"urlTemplate\":\"https:\/\/www.elpuco.com.ar\/web\/?s={search_term_string}\"},\"query-input\":{\"@type\":\"PropertyValueSpecification\",\"valueRequired\":true,\"valueName\":\"search_term_string\"}}],\"inLanguage\":\"es\"}]}<\/script>\n<!-- \/ Yoast SEO plugin. -->","yoast_head_json":{"title":"Alumnos en Acci\u00f3n - El Puco. Taller de ense\u00f1anza de alfareria y cer\u00e1mica art\u00edstica","robots":{"index":"index","follow":"follow","max-snippet":"max-snippet:-1","max-image-preview":"max-image-preview:large","max-video-preview":"max-video-preview:-1"},"canonical":"https:\/\/www.elpuco.com.ar\/web\/alumnos-en-accion\/","og_locale":"es_ES","og_type":"article","og_title":"Alumnos en Acci\u00f3n - El Puco. Taller de ense\u00f1anza de alfareria y cer\u00e1mica art\u00edstica","og_description":"T\u00c9CNICA DE CHORIZOS O ROLLOS TECNICA POR PRESION DIGITAL O PELLIZCO DECORACION CON ENGOBES","og_url":"https:\/\/www.elpuco.com.ar\/web\/alumnos-en-accion\/","og_site_name":"El Puco. Taller de ense\u00f1anza de alfareria y cer\u00e1mica art\u00edstica","article_modified_time":"2013-07-03T16:11:36+00:00","twitter_card":"summary_large_image","schema":{"@context":"https:\/\/schema.org","@graph":[{"@type":"WebPage","@id":"https:\/\/www.elpuco.com.ar\/web\/alumnos-en-accion\/","url":"https:\/\/www.elpuco.com.ar\/web\/alumnos-en-accion\/","name":"Alumnos en Acci\u00f3n - El Puco. Taller de ense\u00f1anza de alfareria y cer\u00e1mica art\u00edstica","isPartOf":{"@id":"https:\/\/www.elpuco.com.ar\/web\/#website"},"datePublished":"2013-02-20T00:04:07+00:00","dateModified":"2013-07-03T16:11:36+00:00","breadcrumb":{"@id":"https:\/\/www.elpuco.com.ar\/web\/alumnos-en-accion\/#breadcrumb"},"inLanguage":"es","potentialAction":[{"@type":"ReadAction","target":["https:\/\/www.elpuco.com.ar\/web\/alumnos-en-accion\/"]}]},{"@type":"BreadcrumbList","@id":"https:\/\/www.elpuco.com.ar\/web\/alumnos-en-accion\/#breadcrumb","itemListElement":[{"@type":"ListItem","position":1,"name":"Portada","item":"https:\/\/www.elpuco.com.ar\/web\/"},{"@type":"ListItem","position":2,"name":"Alumnos en Acci\u00f3n"}]},{"@type":"WebSite","@id":"https:\/\/www.elpuco.com.ar\/web\/#website","url":"https:\/\/www.elpuco.com.ar\/web\/","name":"El Puco. Taller de ense\u00f1anza de alfareria y cer\u00e1mica art\u00edstica","description":"","potentialAction":[{"@type":"SearchAction","target":{"@type":"EntryPoint","urlTemplate":"https:\/\/www.elpuco.com.ar\/web\/?s={search_term_string}"},"query-input":{"@type":"PropertyValueSpecification","valueRequired":true,"valueName":"search_term_string"}}],"inLanguage":"es"}]}},"_links":{"self":[{"href":"https:\/\/www.elpuco.com.ar\/web\/wp-json\/wp\/v2\/pages\/76","targetHints":{"allow":["GET"]}}],"collection":[{"href":"https:\/\/www.elpuco.com.ar\/web\/wp-json\/wp\/v2\/pages"}],"about":[{"href":"https:\/\/www.elpuco.com.ar\/web\/wp-json\/wp\/v2\/types\/page"}],"author":[{"embeddable":true,"href":"https:\/\/www.elpuco.com.ar\/web\/wp-json\/wp\/v2\/users\/1"}],"replies":[{"embeddable":true,"href":"https:\/\/www.elpuco.com.ar\/web\/wp-json\/wp\/v2\/comments?post=76"}],"version-history":[{"count":6,"href":"https:\/\/www.elpuco.com.ar\/web\/wp-json\/wp\/v2\/pages\/76\/revisions"}],"predecessor-version":[{"id":724,"href":"https:\/\/www.elpuco.com.ar\/web\/wp-json\/wp\/v2\/pages\/76\/revisions\/724"}],"wp:attachment":[{"href":"https:\/\/www.elpuco.com.ar\/web\/wp-json\/wp\/v2\/media?parent=76"}],"curies":[{"name":"wp","href":"https:\/\/api.w.org\/{rel}","templated":true}]}}