{"id":77,"date":"2013-02-20T00:04:14","date_gmt":"2013-02-20T00:04:14","guid":{"rendered":"http:\/\/www.elpuco.com.ar\/web\/?page_id=77"},"modified":"2015-02-23T23:50:43","modified_gmt":"2015-02-23T23:50:43","slug":"jornadas-de-raku","status":"publish","type":"page","link":"https:\/\/www.elpuco.com.ar\/web\/jornadas-de-raku\/","title":{"rendered":"Jornadas de Raku"},"content":{"rendered":"<p><a title=\"Jornadas de Raku Febrero\" href=\"http:\/\/www.elpuco.com.ar\/web\/jornadas-de-raku-febrero\/\">Jornadas de Raku Febrero<\/a><\/p>\n<p><a title=\"Jornadas de Raku Noviembre\" href=\"http:\/\/www.elpuco.com.ar\/web\/jornadas-de-raku-noviembre\/\">Jornadas de Raku Noviembre<\/a><\/p>\n<p><a title=\"Jornada de Raku Diciembre\" href=\"http:\/\/www.elpuco.com.ar\/web\/jornada-de-raku-diciembre\/\">Jornadas de Raku Diciembre<\/a><\/p>\n<p><a title=\"JORNADA DE RAKU-REGINA PACIS\" href=\"http:\/\/www.elpuco.com.ar\/web\/jornada-de-raku-regina-pacis\/\">Jornada de Raku \u2013 Regina Pacis<\/a><\/p>\n","protected":false},"excerpt":{"rendered":"<p>Jornadas de Raku Febrero Jornadas de Raku Noviembre Jornadas de Raku Diciembre Jornada de Raku \u2013 Regina Pacis<\/p>\n","protected":false},"author":1,"featured_media":0,"parent":0,"menu_order":0,"comment_status":"open","ping_status":"open","template":"","meta":{"ngg_post_thumbnail":0,"footnotes":""},"class_list":{"0":"post-77","1":"page","2":"type-page","3":"status-publish","5":"no-featured-image-padding"},"yoast_head":"<!-- This site is optimized with the Yoast SEO plugin v25.5 - https:\/\/yoast.com\/wordpress\/plugins\/seo\/ -->\n<title>Jornadas de Raku - El Puco. Taller de ense\u00f1anza de alfareria y cer\u00e1mica art\u00edstica<\/title>\n<meta name=\"robots\" content=\"index, follow, max-snippet:-1, max-image-preview:large, max-video-preview:-1\" \/>\n<link rel=\"canonical\" href=\"https:\/\/www.elpuco.com.ar\/web\/jornadas-de-raku\/\" \/>\n<meta property=\"og:locale\" content=\"es_ES\" \/>\n<meta property=\"og:type\" content=\"article\" \/>\n<meta property=\"og:title\" content=\"Jornadas de Raku - El Puco. Taller de ense\u00f1anza de alfareria y cer\u00e1mica art\u00edstica\" \/>\n<meta property=\"og:description\" content=\"Jornadas de Raku Febrero Jornadas de Raku Noviembre Jornadas de Raku Diciembre Jornada de Raku \u2013 Regina Pacis\" \/>\n<meta property=\"og:url\" content=\"https:\/\/www.elpuco.com.ar\/web\/jornadas-de-raku\/\" \/>\n<meta property=\"og:site_name\" content=\"El Puco. Taller de ense\u00f1anza de alfareria y cer\u00e1mica art\u00edstica\" \/>\n<meta property=\"article:modified_time\" content=\"2015-02-23T23:50:43+00:00\" \/>\n<meta name=\"twitter:card\" content=\"summary_large_image\" \/>\n<script type=\"application\/ld+json\" class=\"yoast-schema-graph\">{\"@context\":\"https:\/\/schema.org\",\"@graph\":[{\"@type\":\"WebPage\",\"@id\":\"https:\/\/www.elpuco.com.ar\/web\/jornadas-de-raku\/\",\"url\":\"https:\/\/www.elpuco.com.ar\/web\/jornadas-de-raku\/\",\"name\":\"Jornadas de Raku - El Puco. Taller de ense\u00f1anza de alfareria y cer\u00e1mica art\u00edstica\",\"isPartOf\":{\"@id\":\"https:\/\/www.elpuco.com.ar\/web\/#website\"},\"datePublished\":\"2013-02-20T00:04:14+00:00\",\"dateModified\":\"2015-02-23T23:50:43+00:00\",\"breadcrumb\":{\"@id\":\"https:\/\/www.elpuco.com.ar\/web\/jornadas-de-raku\/#breadcrumb\"},\"inLanguage\":\"es\",\"potentialAction\":[{\"@type\":\"ReadAction\",\"target\":[\"https:\/\/www.elpuco.com.ar\/web\/jornadas-de-raku\/\"]}]},{\"@type\":\"BreadcrumbList\",\"@id\":\"https:\/\/www.elpuco.com.ar\/web\/jornadas-de-raku\/#breadcrumb\",\"itemListElement\":[{\"@type\":\"ListItem\",\"position\":1,\"name\":\"Portada\",\"item\":\"https:\/\/www.elpuco.com.ar\/web\/\"},{\"@type\":\"ListItem\",\"position\":2,\"name\":\"Jornadas de Raku\"}]},{\"@type\":\"WebSite\",\"@id\":\"https:\/\/www.elpuco.com.ar\/web\/#website\",\"url\":\"https:\/\/www.elpuco.com.ar\/web\/\",\"name\":\"El Puco. Taller de ense\u00f1anza de alfareria y cer\u00e1mica art\u00edstica\",\"description\":\"\",\"potentialAction\":[{\"@type\":\"SearchAction\",\"target\":{\"@type\":\"EntryPoint\",\"urlTemplate\":\"https:\/\/www.elpuco.com.ar\/web\/?s={search_term_string}\"},\"query-input\":{\"@type\":\"PropertyValueSpecification\",\"valueRequired\":true,\"valueName\":\"search_term_string\"}}],\"inLanguage\":\"es\"}]}<\/script>\n<!-- \/ Yoast SEO plugin. -->","yoast_head_json":{"title":"Jornadas de Raku - El Puco. Taller de ense\u00f1anza de alfareria y cer\u00e1mica art\u00edstica","robots":{"index":"index","follow":"follow","max-snippet":"max-snippet:-1","max-image-preview":"max-image-preview:large","max-video-preview":"max-video-preview:-1"},"canonical":"https:\/\/www.elpuco.com.ar\/web\/jornadas-de-raku\/","og_locale":"es_ES","og_type":"article","og_title":"Jornadas de Raku - El Puco. Taller de ense\u00f1anza de alfareria y cer\u00e1mica art\u00edstica","og_description":"Jornadas de Raku Febrero Jornadas de Raku Noviembre Jornadas de Raku Diciembre Jornada de Raku \u2013 Regina Pacis","og_url":"https:\/\/www.elpuco.com.ar\/web\/jornadas-de-raku\/","og_site_name":"El Puco. Taller de ense\u00f1anza de alfareria y cer\u00e1mica art\u00edstica","article_modified_time":"2015-02-23T23:50:43+00:00","twitter_card":"summary_large_image","schema":{"@context":"https:\/\/schema.org","@graph":[{"@type":"WebPage","@id":"https:\/\/www.elpuco.com.ar\/web\/jornadas-de-raku\/","url":"https:\/\/www.elpuco.com.ar\/web\/jornadas-de-raku\/","name":"Jornadas de Raku - El Puco. Taller de ense\u00f1anza de alfareria y cer\u00e1mica art\u00edstica","isPartOf":{"@id":"https:\/\/www.elpuco.com.ar\/web\/#website"},"datePublished":"2013-02-20T00:04:14+00:00","dateModified":"2015-02-23T23:50:43+00:00","breadcrumb":{"@id":"https:\/\/www.elpuco.com.ar\/web\/jornadas-de-raku\/#breadcrumb"},"inLanguage":"es","potentialAction":[{"@type":"ReadAction","target":["https:\/\/www.elpuco.com.ar\/web\/jornadas-de-raku\/"]}]},{"@type":"BreadcrumbList","@id":"https:\/\/www.elpuco.com.ar\/web\/jornadas-de-raku\/#breadcrumb","itemListElement":[{"@type":"ListItem","position":1,"name":"Portada","item":"https:\/\/www.elpuco.com.ar\/web\/"},{"@type":"ListItem","position":2,"name":"Jornadas de Raku"}]},{"@type":"WebSite","@id":"https:\/\/www.elpuco.com.ar\/web\/#website","url":"https:\/\/www.elpuco.com.ar\/web\/","name":"El Puco. Taller de ense\u00f1anza de alfareria y cer\u00e1mica art\u00edstica","description":"","potentialAction":[{"@type":"SearchAction","target":{"@type":"EntryPoint","urlTemplate":"https:\/\/www.elpuco.com.ar\/web\/?s={search_term_string}"},"query-input":{"@type":"PropertyValueSpecification","valueRequired":true,"valueName":"search_term_string"}}],"inLanguage":"es"}]}},"_links":{"self":[{"href":"https:\/\/www.elpuco.com.ar\/web\/wp-json\/wp\/v2\/pages\/77","targetHints":{"allow":["GET"]}}],"collection":[{"href":"https:\/\/www.elpuco.com.ar\/web\/wp-json\/wp\/v2\/pages"}],"about":[{"href":"https:\/\/www.elpuco.com.ar\/web\/wp-json\/wp\/v2\/types\/page"}],"author":[{"embeddable":true,"href":"https:\/\/www.elpuco.com.ar\/web\/wp-json\/wp\/v2\/users\/1"}],"replies":[{"embeddable":true,"href":"https:\/\/www.elpuco.com.ar\/web\/wp-json\/wp\/v2\/comments?post=77"}],"version-history":[{"count":4,"href":"https:\/\/www.elpuco.com.ar\/web\/wp-json\/wp\/v2\/pages\/77\/revisions"}],"predecessor-version":[{"id":1048,"href":"https:\/\/www.elpuco.com.ar\/web\/wp-json\/wp\/v2\/pages\/77\/revisions\/1048"}],"wp:attachment":[{"href":"https:\/\/www.elpuco.com.ar\/web\/wp-json\/wp\/v2\/media?parent=77"}],"curies":[{"name":"wp","href":"https:\/\/api.w.org\/{rel}","templated":true}]}}