{"id":787,"date":"2013-03-19T02:19:31","date_gmt":"2013-03-19T02:19:31","guid":{"rendered":"http:\/\/www.elpuco.com.ar\/web\/?page_id=787"},"modified":"2013-03-19T02:19:31","modified_gmt":"2013-03-19T02:19:31","slug":"vasijas-tecnica-brunido-y-ahumado","status":"publish","type":"page","link":"https:\/\/www.elpuco.com.ar\/web\/vasijas-tecnica-brunido-y-ahumado\/","title":{"rendered":"VASIJAS &#8211; TECNICA BRU\u00d1IDO Y AHUMADO"},"content":{"rendered":"<p><a href=\"http:\/\/www.elpuco.com.ar\/web\/wp-content\/uploads\/2013\/03\/3.jpg\"><img loading=\"lazy\" decoding=\"async\" class=\"alignnone size-medium wp-image-788\" alt=\"3\" src=\"http:\/\/www.elpuco.com.ar\/web\/wp-content\/uploads\/2013\/03\/3-265x300.jpg\" width=\"265\" height=\"300\" srcset=\"https:\/\/www.elpuco.com.ar\/web\/wp-content\/uploads\/2013\/03\/3-265x300.jpg 265w, https:\/\/www.elpuco.com.ar\/web\/wp-content\/uploads\/2013\/03\/3.jpg 480w\" sizes=\"auto, (max-width: 265px) 100vw, 265px\" \/><\/a> <a href=\"http:\/\/www.elpuco.com.ar\/web\/wp-content\/uploads\/2013\/03\/a2.jpg\"><img loading=\"lazy\" decoding=\"async\" class=\"alignnone size-medium wp-image-789\" alt=\"a\" src=\"http:\/\/www.elpuco.com.ar\/web\/wp-content\/uploads\/2013\/03\/a2-252x300.jpg\" width=\"252\" height=\"300\" srcset=\"https:\/\/www.elpuco.com.ar\/web\/wp-content\/uploads\/2013\/03\/a2-252x300.jpg 252w, https:\/\/www.elpuco.com.ar\/web\/wp-content\/uploads\/2013\/03\/a2.jpg 480w\" sizes=\"auto, (max-width: 252px) 100vw, 252px\" \/><\/a> <a href=\"http:\/\/www.elpuco.com.ar\/web\/wp-content\/uploads\/2013\/03\/a11.jpg\"><img loading=\"lazy\" decoding=\"async\" class=\"alignnone size-medium wp-image-790\" alt=\"a1\" src=\"http:\/\/www.elpuco.com.ar\/web\/wp-content\/uploads\/2013\/03\/a11-279x300.jpg\" width=\"279\" height=\"300\" srcset=\"https:\/\/www.elpuco.com.ar\/web\/wp-content\/uploads\/2013\/03\/a11-279x300.jpg 279w, https:\/\/www.elpuco.com.ar\/web\/wp-content\/uploads\/2013\/03\/a11.jpg 480w\" sizes=\"auto, (max-width: 279px) 100vw, 279px\" \/><\/a> <a href=\"http:\/\/www.elpuco.com.ar\/web\/wp-content\/uploads\/2013\/03\/a21.jpg\"><img loading=\"lazy\" decoding=\"async\" class=\"alignnone size-medium wp-image-791\" alt=\"a2\" src=\"http:\/\/www.elpuco.com.ar\/web\/wp-content\/uploads\/2013\/03\/a21-290x300.jpg\" width=\"290\" height=\"300\" srcset=\"https:\/\/www.elpuco.com.ar\/web\/wp-content\/uploads\/2013\/03\/a21-290x300.jpg 290w, https:\/\/www.elpuco.com.ar\/web\/wp-content\/uploads\/2013\/03\/a21.jpg 480w\" sizes=\"auto, (max-width: 290px) 100vw, 290px\" \/><\/a> <a href=\"http:\/\/www.elpuco.com.ar\/web\/wp-content\/uploads\/2013\/03\/a4.jpg\"><img loading=\"lazy\" decoding=\"async\" class=\"alignnone size-medium wp-image-792\" alt=\"a4\" src=\"http:\/\/www.elpuco.com.ar\/web\/wp-content\/uploads\/2013\/03\/a4-300x281.jpg\" width=\"300\" height=\"281\" srcset=\"https:\/\/www.elpuco.com.ar\/web\/wp-content\/uploads\/2013\/03\/a4-300x281.jpg 300w, https:\/\/www.elpuco.com.ar\/web\/wp-content\/uploads\/2013\/03\/a4.jpg 511w\" sizes=\"auto, (max-width: 300px) 100vw, 300px\" \/><\/a> <a href=\"http:\/\/www.elpuco.com.ar\/web\/wp-content\/uploads\/2013\/03\/b1.jpg\"><img loading=\"lazy\" decoding=\"async\" class=\"alignnone size-medium wp-image-793\" alt=\"b\" src=\"http:\/\/www.elpuco.com.ar\/web\/wp-content\/uploads\/2013\/03\/b1-234x300.jpg\" width=\"234\" height=\"300\" srcset=\"https:\/\/www.elpuco.com.ar\/web\/wp-content\/uploads\/2013\/03\/b1-234x300.jpg 234w, https:\/\/www.elpuco.com.ar\/web\/wp-content\/uploads\/2013\/03\/b1.jpg 480w\" sizes=\"auto, (max-width: 234px) 100vw, 234px\" \/><\/a> <a href=\"http:\/\/www.elpuco.com.ar\/web\/wp-content\/uploads\/2013\/03\/c2.jpg\"><img loading=\"lazy\" decoding=\"async\" class=\"alignnone size-medium wp-image-794\" alt=\"c\" src=\"http:\/\/www.elpuco.com.ar\/web\/wp-content\/uploads\/2013\/03\/c2-285x300.jpg\" width=\"285\" height=\"300\" srcset=\"https:\/\/www.elpuco.com.ar\/web\/wp-content\/uploads\/2013\/03\/c2-285x300.jpg 285w, https:\/\/www.elpuco.com.ar\/web\/wp-content\/uploads\/2013\/03\/c2.jpg 480w\" sizes=\"auto, (max-width: 285px) 100vw, 285px\" \/><\/a> <a href=\"http:\/\/www.elpuco.com.ar\/web\/wp-content\/uploads\/2013\/03\/d1.jpg\"><img loading=\"lazy\" decoding=\"async\" class=\"alignnone size-medium wp-image-795\" alt=\"d\" src=\"http:\/\/www.elpuco.com.ar\/web\/wp-content\/uploads\/2013\/03\/d1-225x300.jpg\" width=\"225\" height=\"300\" srcset=\"https:\/\/www.elpuco.com.ar\/web\/wp-content\/uploads\/2013\/03\/d1-225x300.jpg 225w, https:\/\/www.elpuco.com.ar\/web\/wp-content\/uploads\/2013\/03\/d1.jpg 480w\" sizes=\"auto, (max-width: 225px) 100vw, 225px\" \/><\/a> <a href=\"http:\/\/www.elpuco.com.ar\/web\/wp-content\/uploads\/2013\/03\/e1.jpg\"><img loading=\"lazy\" decoding=\"async\" class=\"alignnone size-medium wp-image-796\" alt=\"e\" src=\"http:\/\/www.elpuco.com.ar\/web\/wp-content\/uploads\/2013\/03\/e1-225x300.jpg\" width=\"225\" height=\"300\" srcset=\"https:\/\/www.elpuco.com.ar\/web\/wp-content\/uploads\/2013\/03\/e1-225x300.jpg 225w, https:\/\/www.elpuco.com.ar\/web\/wp-content\/uploads\/2013\/03\/e1.jpg 480w\" sizes=\"auto, (max-width: 225px) 100vw, 225px\" \/><\/a> <a href=\"http:\/\/www.elpuco.com.ar\/web\/wp-content\/uploads\/2013\/03\/f2.jpg\"><img loading=\"lazy\" decoding=\"async\" class=\"alignnone size-medium wp-image-797\" alt=\"f\" src=\"http:\/\/www.elpuco.com.ar\/web\/wp-content\/uploads\/2013\/03\/f2-264x300.jpg\" width=\"264\" height=\"300\" srcset=\"https:\/\/www.elpuco.com.ar\/web\/wp-content\/uploads\/2013\/03\/f2-264x300.jpg 264w, https:\/\/www.elpuco.com.ar\/web\/wp-content\/uploads\/2013\/03\/f2.jpg 564w\" sizes=\"auto, (max-width: 264px) 100vw, 264px\" \/><\/a><\/p>\n","protected":false},"excerpt":{"rendered":"","protected":false},"author":1,"featured_media":0,"parent":0,"menu_order":0,"comment_status":"open","ping_status":"open","template":"","meta":{"ngg_post_thumbnail":0,"footnotes":""},"class_list":{"0":"post-787","1":"page","2":"type-page","3":"status-publish","5":"no-featured-image-padding"},"yoast_head":"<!-- This site is optimized with the Yoast SEO plugin v25.5 - https:\/\/yoast.com\/wordpress\/plugins\/seo\/ -->\n<title>VASIJAS - TECNICA BRU\u00d1IDO Y AHUMADO - El Puco. Taller de ense\u00f1anza de alfareria y cer\u00e1mica art\u00edstica<\/title>\n<meta name=\"robots\" content=\"index, follow, max-snippet:-1, max-image-preview:large, max-video-preview:-1\" \/>\n<link rel=\"canonical\" href=\"https:\/\/www.elpuco.com.ar\/web\/vasijas-tecnica-brunido-y-ahumado\/\" \/>\n<meta property=\"og:locale\" content=\"es_ES\" \/>\n<meta property=\"og:type\" content=\"article\" \/>\n<meta property=\"og:title\" content=\"VASIJAS - TECNICA BRU\u00d1IDO Y AHUMADO - El Puco. Taller de ense\u00f1anza de alfareria y cer\u00e1mica art\u00edstica\" \/>\n<meta property=\"og:url\" content=\"https:\/\/www.elpuco.com.ar\/web\/vasijas-tecnica-brunido-y-ahumado\/\" \/>\n<meta property=\"og:site_name\" content=\"El Puco. Taller de ense\u00f1anza de alfareria y cer\u00e1mica art\u00edstica\" \/>\n<meta property=\"og:image\" content=\"http:\/\/www.elpuco.com.ar\/web\/wp-content\/uploads\/2013\/03\/3-265x300.jpg\" \/>\n<meta name=\"twitter:card\" content=\"summary_large_image\" \/>\n<script type=\"application\/ld+json\" class=\"yoast-schema-graph\">{\"@context\":\"https:\/\/schema.org\",\"@graph\":[{\"@type\":\"WebPage\",\"@id\":\"https:\/\/www.elpuco.com.ar\/web\/vasijas-tecnica-brunido-y-ahumado\/\",\"url\":\"https:\/\/www.elpuco.com.ar\/web\/vasijas-tecnica-brunido-y-ahumado\/\",\"name\":\"VASIJAS - TECNICA BRU\u00d1IDO Y AHUMADO - El Puco. Taller de ense\u00f1anza de alfareria y cer\u00e1mica art\u00edstica\",\"isPartOf\":{\"@id\":\"https:\/\/www.elpuco.com.ar\/web\/#website\"},\"primaryImageOfPage\":{\"@id\":\"https:\/\/www.elpuco.com.ar\/web\/vasijas-tecnica-brunido-y-ahumado\/#primaryimage\"},\"image\":{\"@id\":\"https:\/\/www.elpuco.com.ar\/web\/vasijas-tecnica-brunido-y-ahumado\/#primaryimage\"},\"thumbnailUrl\":\"http:\/\/www.elpuco.com.ar\/web\/wp-content\/uploads\/2013\/03\/3-265x300.jpg\",\"datePublished\":\"2013-03-19T02:19:31+00:00\",\"breadcrumb\":{\"@id\":\"https:\/\/www.elpuco.com.ar\/web\/vasijas-tecnica-brunido-y-ahumado\/#breadcrumb\"},\"inLanguage\":\"es\",\"potentialAction\":[{\"@type\":\"ReadAction\",\"target\":[\"https:\/\/www.elpuco.com.ar\/web\/vasijas-tecnica-brunido-y-ahumado\/\"]}]},{\"@type\":\"ImageObject\",\"inLanguage\":\"es\",\"@id\":\"https:\/\/www.elpuco.com.ar\/web\/vasijas-tecnica-brunido-y-ahumado\/#primaryimage\",\"url\":\"http:\/\/www.elpuco.com.ar\/web\/wp-content\/uploads\/2013\/03\/3-265x300.jpg\",\"contentUrl\":\"http:\/\/www.elpuco.com.ar\/web\/wp-content\/uploads\/2013\/03\/3-265x300.jpg\"},{\"@type\":\"BreadcrumbList\",\"@id\":\"https:\/\/www.elpuco.com.ar\/web\/vasijas-tecnica-brunido-y-ahumado\/#breadcrumb\",\"itemListElement\":[{\"@type\":\"ListItem\",\"position\":1,\"name\":\"Portada\",\"item\":\"https:\/\/www.elpuco.com.ar\/web\/\"},{\"@type\":\"ListItem\",\"position\":2,\"name\":\"VASIJAS &#8211; TECNICA BRU\u00d1IDO Y AHUMADO\"}]},{\"@type\":\"WebSite\",\"@id\":\"https:\/\/www.elpuco.com.ar\/web\/#website\",\"url\":\"https:\/\/www.elpuco.com.ar\/web\/\",\"name\":\"El Puco. Taller de ense\u00f1anza de alfareria y cer\u00e1mica art\u00edstica\",\"description\":\"\",\"potentialAction\":[{\"@type\":\"SearchAction\",\"target\":{\"@type\":\"EntryPoint\",\"urlTemplate\":\"https:\/\/www.elpuco.com.ar\/web\/?s={search_term_string}\"},\"query-input\":{\"@type\":\"PropertyValueSpecification\",\"valueRequired\":true,\"valueName\":\"search_term_string\"}}],\"inLanguage\":\"es\"}]}<\/script>\n<!-- \/ Yoast SEO plugin. -->","yoast_head_json":{"title":"VASIJAS - TECNICA BRU\u00d1IDO Y AHUMADO - El Puco. Taller de ense\u00f1anza de alfareria y cer\u00e1mica art\u00edstica","robots":{"index":"index","follow":"follow","max-snippet":"max-snippet:-1","max-image-preview":"max-image-preview:large","max-video-preview":"max-video-preview:-1"},"canonical":"https:\/\/www.elpuco.com.ar\/web\/vasijas-tecnica-brunido-y-ahumado\/","og_locale":"es_ES","og_type":"article","og_title":"VASIJAS - TECNICA BRU\u00d1IDO Y AHUMADO - El Puco. Taller de ense\u00f1anza de alfareria y cer\u00e1mica art\u00edstica","og_url":"https:\/\/www.elpuco.com.ar\/web\/vasijas-tecnica-brunido-y-ahumado\/","og_site_name":"El Puco. Taller de ense\u00f1anza de alfareria y cer\u00e1mica art\u00edstica","og_image":[{"url":"http:\/\/www.elpuco.com.ar\/web\/wp-content\/uploads\/2013\/03\/3-265x300.jpg","type":"","width":"","height":""}],"twitter_card":"summary_large_image","schema":{"@context":"https:\/\/schema.org","@graph":[{"@type":"WebPage","@id":"https:\/\/www.elpuco.com.ar\/web\/vasijas-tecnica-brunido-y-ahumado\/","url":"https:\/\/www.elpuco.com.ar\/web\/vasijas-tecnica-brunido-y-ahumado\/","name":"VASIJAS - TECNICA BRU\u00d1IDO Y AHUMADO - El Puco. Taller de ense\u00f1anza de alfareria y cer\u00e1mica art\u00edstica","isPartOf":{"@id":"https:\/\/www.elpuco.com.ar\/web\/#website"},"primaryImageOfPage":{"@id":"https:\/\/www.elpuco.com.ar\/web\/vasijas-tecnica-brunido-y-ahumado\/#primaryimage"},"image":{"@id":"https:\/\/www.elpuco.com.ar\/web\/vasijas-tecnica-brunido-y-ahumado\/#primaryimage"},"thumbnailUrl":"http:\/\/www.elpuco.com.ar\/web\/wp-content\/uploads\/2013\/03\/3-265x300.jpg","datePublished":"2013-03-19T02:19:31+00:00","breadcrumb":{"@id":"https:\/\/www.elpuco.com.ar\/web\/vasijas-tecnica-brunido-y-ahumado\/#breadcrumb"},"inLanguage":"es","potentialAction":[{"@type":"ReadAction","target":["https:\/\/www.elpuco.com.ar\/web\/vasijas-tecnica-brunido-y-ahumado\/"]}]},{"@type":"ImageObject","inLanguage":"es","@id":"https:\/\/www.elpuco.com.ar\/web\/vasijas-tecnica-brunido-y-ahumado\/#primaryimage","url":"http:\/\/www.elpuco.com.ar\/web\/wp-content\/uploads\/2013\/03\/3-265x300.jpg","contentUrl":"http:\/\/www.elpuco.com.ar\/web\/wp-content\/uploads\/2013\/03\/3-265x300.jpg"},{"@type":"BreadcrumbList","@id":"https:\/\/www.elpuco.com.ar\/web\/vasijas-tecnica-brunido-y-ahumado\/#breadcrumb","itemListElement":[{"@type":"ListItem","position":1,"name":"Portada","item":"https:\/\/www.elpuco.com.ar\/web\/"},{"@type":"ListItem","position":2,"name":"VASIJAS &#8211; TECNICA BRU\u00d1IDO Y AHUMADO"}]},{"@type":"WebSite","@id":"https:\/\/www.elpuco.com.ar\/web\/#website","url":"https:\/\/www.elpuco.com.ar\/web\/","name":"El Puco. Taller de ense\u00f1anza de alfareria y cer\u00e1mica art\u00edstica","description":"","potentialAction":[{"@type":"SearchAction","target":{"@type":"EntryPoint","urlTemplate":"https:\/\/www.elpuco.com.ar\/web\/?s={search_term_string}"},"query-input":{"@type":"PropertyValueSpecification","valueRequired":true,"valueName":"search_term_string"}}],"inLanguage":"es"}]}},"_links":{"self":[{"href":"https:\/\/www.elpuco.com.ar\/web\/wp-json\/wp\/v2\/pages\/787","targetHints":{"allow":["GET"]}}],"collection":[{"href":"https:\/\/www.elpuco.com.ar\/web\/wp-json\/wp\/v2\/pages"}],"about":[{"href":"https:\/\/www.elpuco.com.ar\/web\/wp-json\/wp\/v2\/types\/page"}],"author":[{"embeddable":true,"href":"https:\/\/www.elpuco.com.ar\/web\/wp-json\/wp\/v2\/users\/1"}],"replies":[{"embeddable":true,"href":"https:\/\/www.elpuco.com.ar\/web\/wp-json\/wp\/v2\/comments?post=787"}],"version-history":[{"count":2,"href":"https:\/\/www.elpuco.com.ar\/web\/wp-json\/wp\/v2\/pages\/787\/revisions"}],"predecessor-version":[{"id":801,"href":"https:\/\/www.elpuco.com.ar\/web\/wp-json\/wp\/v2\/pages\/787\/revisions\/801"}],"wp:attachment":[{"href":"https:\/\/www.elpuco.com.ar\/web\/wp-json\/wp\/v2\/media?parent=787"}],"curies":[{"name":"wp","href":"https:\/\/api.w.org\/{rel}","templated":true}]}}