{"id":815,"date":"2013-03-19T02:28:57","date_gmt":"2013-03-19T02:28:57","guid":{"rendered":"http:\/\/www.elpuco.com.ar\/web\/?page_id=815"},"modified":"2013-03-19T02:29:40","modified_gmt":"2013-03-19T02:29:40","slug":"esmalte","status":"publish","type":"page","link":"https:\/\/www.elpuco.com.ar\/web\/esmalte\/","title":{"rendered":"VASIJAS &#8211; ESMALTE"},"content":{"rendered":"<p><a href=\"http:\/\/www.elpuco.com.ar\/web\/wp-content\/uploads\/2013\/03\/esmalte.jpg\"><img loading=\"lazy\" decoding=\"async\" class=\"alignnone size-medium wp-image-823\" alt=\"esmalte\" src=\"http:\/\/www.elpuco.com.ar\/web\/wp-content\/uploads\/2013\/03\/esmalte-200x300.jpg\" width=\"200\" height=\"300\" srcset=\"https:\/\/www.elpuco.com.ar\/web\/wp-content\/uploads\/2013\/03\/esmalte-200x300.jpg 200w, https:\/\/www.elpuco.com.ar\/web\/wp-content\/uploads\/2013\/03\/esmalte.jpg 428w\" sizes=\"auto, (max-width: 200px) 100vw, 200px\" \/><\/a> <a href=\"http:\/\/www.elpuco.com.ar\/web\/wp-content\/uploads\/2013\/03\/esmalte2.jpg\"><img loading=\"lazy\" decoding=\"async\" class=\"alignnone size-medium wp-image-824\" alt=\"esmalte2\" src=\"http:\/\/www.elpuco.com.ar\/web\/wp-content\/uploads\/2013\/03\/esmalte2-188x300.jpg\" width=\"188\" height=\"300\" srcset=\"https:\/\/www.elpuco.com.ar\/web\/wp-content\/uploads\/2013\/03\/esmalte2-188x300.jpg 188w, https:\/\/www.elpuco.com.ar\/web\/wp-content\/uploads\/2013\/03\/esmalte2.jpg 402w\" sizes=\"auto, (max-width: 188px) 100vw, 188px\" \/><\/a> <a href=\"http:\/\/www.elpuco.com.ar\/web\/wp-content\/uploads\/2013\/03\/esmalte3.jpg\"><img loading=\"lazy\" decoding=\"async\" class=\"alignnone size-medium wp-image-825\" alt=\"esmalte3\" src=\"http:\/\/www.elpuco.com.ar\/web\/wp-content\/uploads\/2013\/03\/esmalte3-300x200.jpg\" width=\"300\" height=\"200\" srcset=\"https:\/\/www.elpuco.com.ar\/web\/wp-content\/uploads\/2013\/03\/esmalte3-300x200.jpg 300w, https:\/\/www.elpuco.com.ar\/web\/wp-content\/uploads\/2013\/03\/esmalte3-600x401.jpg 600w, https:\/\/www.elpuco.com.ar\/web\/wp-content\/uploads\/2013\/03\/esmalte3.jpg 640w\" sizes=\"auto, (max-width: 300px) 100vw, 300px\" \/><\/a> <a href=\"http:\/\/www.elpuco.com.ar\/web\/wp-content\/uploads\/2013\/03\/esmalte4.jpg\"><img loading=\"lazy\" decoding=\"async\" class=\"alignnone size-medium wp-image-826\" alt=\"esmalte4\" src=\"http:\/\/www.elpuco.com.ar\/web\/wp-content\/uploads\/2013\/03\/esmalte4-300x220.jpg\" width=\"300\" height=\"220\" srcset=\"https:\/\/www.elpuco.com.ar\/web\/wp-content\/uploads\/2013\/03\/esmalte4-300x220.jpg 300w, https:\/\/www.elpuco.com.ar\/web\/wp-content\/uploads\/2013\/03\/esmalte4-600x441.jpg 600w, https:\/\/www.elpuco.com.ar\/web\/wp-content\/uploads\/2013\/03\/esmalte4.jpg 640w\" sizes=\"auto, (max-width: 300px) 100vw, 300px\" \/><\/a> <a href=\"http:\/\/www.elpuco.com.ar\/web\/wp-content\/uploads\/2013\/03\/esmalte5.jpg\"><img loading=\"lazy\" decoding=\"async\" class=\"alignnone size-medium wp-image-827\" alt=\"esmalte5\" src=\"http:\/\/www.elpuco.com.ar\/web\/wp-content\/uploads\/2013\/03\/esmalte5-300x200.jpg\" width=\"300\" height=\"200\" srcset=\"https:\/\/www.elpuco.com.ar\/web\/wp-content\/uploads\/2013\/03\/esmalte5-300x200.jpg 300w, https:\/\/www.elpuco.com.ar\/web\/wp-content\/uploads\/2013\/03\/esmalte5-600x401.jpg 600w, https:\/\/www.elpuco.com.ar\/web\/wp-content\/uploads\/2013\/03\/esmalte5.jpg 640w\" sizes=\"auto, (max-width: 300px) 100vw, 300px\" \/><\/a><\/p>\n","protected":false},"excerpt":{"rendered":"","protected":false},"author":1,"featured_media":0,"parent":0,"menu_order":0,"comment_status":"open","ping_status":"open","template":"","meta":{"ngg_post_thumbnail":0,"footnotes":""},"class_list":{"0":"post-815","1":"page","2":"type-page","3":"status-publish","5":"no-featured-image-padding"},"yoast_head":"<!-- This site is optimized with the Yoast SEO plugin v25.5 - https:\/\/yoast.com\/wordpress\/plugins\/seo\/ -->\n<title>VASIJAS - ESMALTE - El Puco. Taller de ense\u00f1anza de alfareria y cer\u00e1mica art\u00edstica<\/title>\n<meta name=\"robots\" content=\"index, follow, max-snippet:-1, max-image-preview:large, max-video-preview:-1\" \/>\n<link rel=\"canonical\" href=\"https:\/\/www.elpuco.com.ar\/web\/esmalte\/\" \/>\n<meta property=\"og:locale\" content=\"es_ES\" \/>\n<meta property=\"og:type\" content=\"article\" \/>\n<meta property=\"og:title\" content=\"VASIJAS - ESMALTE - El Puco. Taller de ense\u00f1anza de alfareria y cer\u00e1mica art\u00edstica\" \/>\n<meta property=\"og:url\" content=\"https:\/\/www.elpuco.com.ar\/web\/esmalte\/\" \/>\n<meta property=\"og:site_name\" content=\"El Puco. Taller de ense\u00f1anza de alfareria y cer\u00e1mica art\u00edstica\" \/>\n<meta property=\"article:modified_time\" content=\"2013-03-19T02:29:40+00:00\" \/>\n<meta property=\"og:image\" content=\"http:\/\/www.elpuco.com.ar\/web\/wp-content\/uploads\/2013\/03\/esmalte-200x300.jpg\" \/>\n<meta name=\"twitter:card\" content=\"summary_large_image\" \/>\n<script type=\"application\/ld+json\" class=\"yoast-schema-graph\">{\"@context\":\"https:\/\/schema.org\",\"@graph\":[{\"@type\":\"WebPage\",\"@id\":\"https:\/\/www.elpuco.com.ar\/web\/esmalte\/\",\"url\":\"https:\/\/www.elpuco.com.ar\/web\/esmalte\/\",\"name\":\"VASIJAS - ESMALTE - El Puco. Taller de ense\u00f1anza de alfareria y cer\u00e1mica art\u00edstica\",\"isPartOf\":{\"@id\":\"https:\/\/www.elpuco.com.ar\/web\/#website\"},\"primaryImageOfPage\":{\"@id\":\"https:\/\/www.elpuco.com.ar\/web\/esmalte\/#primaryimage\"},\"image\":{\"@id\":\"https:\/\/www.elpuco.com.ar\/web\/esmalte\/#primaryimage\"},\"thumbnailUrl\":\"http:\/\/www.elpuco.com.ar\/web\/wp-content\/uploads\/2013\/03\/esmalte-200x300.jpg\",\"datePublished\":\"2013-03-19T02:28:57+00:00\",\"dateModified\":\"2013-03-19T02:29:40+00:00\",\"breadcrumb\":{\"@id\":\"https:\/\/www.elpuco.com.ar\/web\/esmalte\/#breadcrumb\"},\"inLanguage\":\"es\",\"potentialAction\":[{\"@type\":\"ReadAction\",\"target\":[\"https:\/\/www.elpuco.com.ar\/web\/esmalte\/\"]}]},{\"@type\":\"ImageObject\",\"inLanguage\":\"es\",\"@id\":\"https:\/\/www.elpuco.com.ar\/web\/esmalte\/#primaryimage\",\"url\":\"http:\/\/www.elpuco.com.ar\/web\/wp-content\/uploads\/2013\/03\/esmalte-200x300.jpg\",\"contentUrl\":\"http:\/\/www.elpuco.com.ar\/web\/wp-content\/uploads\/2013\/03\/esmalte-200x300.jpg\"},{\"@type\":\"BreadcrumbList\",\"@id\":\"https:\/\/www.elpuco.com.ar\/web\/esmalte\/#breadcrumb\",\"itemListElement\":[{\"@type\":\"ListItem\",\"position\":1,\"name\":\"Portada\",\"item\":\"https:\/\/www.elpuco.com.ar\/web\/\"},{\"@type\":\"ListItem\",\"position\":2,\"name\":\"VASIJAS &#8211; ESMALTE\"}]},{\"@type\":\"WebSite\",\"@id\":\"https:\/\/www.elpuco.com.ar\/web\/#website\",\"url\":\"https:\/\/www.elpuco.com.ar\/web\/\",\"name\":\"El Puco. Taller de ense\u00f1anza de alfareria y cer\u00e1mica art\u00edstica\",\"description\":\"\",\"potentialAction\":[{\"@type\":\"SearchAction\",\"target\":{\"@type\":\"EntryPoint\",\"urlTemplate\":\"https:\/\/www.elpuco.com.ar\/web\/?s={search_term_string}\"},\"query-input\":{\"@type\":\"PropertyValueSpecification\",\"valueRequired\":true,\"valueName\":\"search_term_string\"}}],\"inLanguage\":\"es\"}]}<\/script>\n<!-- \/ Yoast SEO plugin. -->","yoast_head_json":{"title":"VASIJAS - ESMALTE - El Puco. Taller de ense\u00f1anza de alfareria y cer\u00e1mica art\u00edstica","robots":{"index":"index","follow":"follow","max-snippet":"max-snippet:-1","max-image-preview":"max-image-preview:large","max-video-preview":"max-video-preview:-1"},"canonical":"https:\/\/www.elpuco.com.ar\/web\/esmalte\/","og_locale":"es_ES","og_type":"article","og_title":"VASIJAS - ESMALTE - El Puco. Taller de ense\u00f1anza de alfareria y cer\u00e1mica art\u00edstica","og_url":"https:\/\/www.elpuco.com.ar\/web\/esmalte\/","og_site_name":"El Puco. Taller de ense\u00f1anza de alfareria y cer\u00e1mica art\u00edstica","article_modified_time":"2013-03-19T02:29:40+00:00","og_image":[{"url":"http:\/\/www.elpuco.com.ar\/web\/wp-content\/uploads\/2013\/03\/esmalte-200x300.jpg","type":"","width":"","height":""}],"twitter_card":"summary_large_image","schema":{"@context":"https:\/\/schema.org","@graph":[{"@type":"WebPage","@id":"https:\/\/www.elpuco.com.ar\/web\/esmalte\/","url":"https:\/\/www.elpuco.com.ar\/web\/esmalte\/","name":"VASIJAS - ESMALTE - El Puco. Taller de ense\u00f1anza de alfareria y cer\u00e1mica art\u00edstica","isPartOf":{"@id":"https:\/\/www.elpuco.com.ar\/web\/#website"},"primaryImageOfPage":{"@id":"https:\/\/www.elpuco.com.ar\/web\/esmalte\/#primaryimage"},"image":{"@id":"https:\/\/www.elpuco.com.ar\/web\/esmalte\/#primaryimage"},"thumbnailUrl":"http:\/\/www.elpuco.com.ar\/web\/wp-content\/uploads\/2013\/03\/esmalte-200x300.jpg","datePublished":"2013-03-19T02:28:57+00:00","dateModified":"2013-03-19T02:29:40+00:00","breadcrumb":{"@id":"https:\/\/www.elpuco.com.ar\/web\/esmalte\/#breadcrumb"},"inLanguage":"es","potentialAction":[{"@type":"ReadAction","target":["https:\/\/www.elpuco.com.ar\/web\/esmalte\/"]}]},{"@type":"ImageObject","inLanguage":"es","@id":"https:\/\/www.elpuco.com.ar\/web\/esmalte\/#primaryimage","url":"http:\/\/www.elpuco.com.ar\/web\/wp-content\/uploads\/2013\/03\/esmalte-200x300.jpg","contentUrl":"http:\/\/www.elpuco.com.ar\/web\/wp-content\/uploads\/2013\/03\/esmalte-200x300.jpg"},{"@type":"BreadcrumbList","@id":"https:\/\/www.elpuco.com.ar\/web\/esmalte\/#breadcrumb","itemListElement":[{"@type":"ListItem","position":1,"name":"Portada","item":"https:\/\/www.elpuco.com.ar\/web\/"},{"@type":"ListItem","position":2,"name":"VASIJAS &#8211; ESMALTE"}]},{"@type":"WebSite","@id":"https:\/\/www.elpuco.com.ar\/web\/#website","url":"https:\/\/www.elpuco.com.ar\/web\/","name":"El Puco. Taller de ense\u00f1anza de alfareria y cer\u00e1mica art\u00edstica","description":"","potentialAction":[{"@type":"SearchAction","target":{"@type":"EntryPoint","urlTemplate":"https:\/\/www.elpuco.com.ar\/web\/?s={search_term_string}"},"query-input":{"@type":"PropertyValueSpecification","valueRequired":true,"valueName":"search_term_string"}}],"inLanguage":"es"}]}},"_links":{"self":[{"href":"https:\/\/www.elpuco.com.ar\/web\/wp-json\/wp\/v2\/pages\/815","targetHints":{"allow":["GET"]}}],"collection":[{"href":"https:\/\/www.elpuco.com.ar\/web\/wp-json\/wp\/v2\/pages"}],"about":[{"href":"https:\/\/www.elpuco.com.ar\/web\/wp-json\/wp\/v2\/types\/page"}],"author":[{"embeddable":true,"href":"https:\/\/www.elpuco.com.ar\/web\/wp-json\/wp\/v2\/users\/1"}],"replies":[{"embeddable":true,"href":"https:\/\/www.elpuco.com.ar\/web\/wp-json\/wp\/v2\/comments?post=815"}],"version-history":[{"count":3,"href":"https:\/\/www.elpuco.com.ar\/web\/wp-json\/wp\/v2\/pages\/815\/revisions"}],"predecessor-version":[{"id":833,"href":"https:\/\/www.elpuco.com.ar\/web\/wp-json\/wp\/v2\/pages\/815\/revisions\/833"}],"wp:attachment":[{"href":"https:\/\/www.elpuco.com.ar\/web\/wp-json\/wp\/v2\/media?parent=815"}],"curies":[{"name":"wp","href":"https:\/\/api.w.org\/{rel}","templated":true}]}}