{"id":1741,"date":"2020-06-21T00:31:39","date_gmt":"2020-06-21T00:31:39","guid":{"rendered":"https:\/\/www.elpuco.com.ar\/web\/?post_type=product&#038;p=1741"},"modified":"2026-03-29T02:46:56","modified_gmt":"2026-03-29T02:46:56","slug":"bowls-de-porcion-individual","status":"publish","type":"product","link":"https:\/\/www.elpuco.com.ar\/web\/producto\/bowls-de-porcion-individual\/","title":{"rendered":"Bowls de porci\u00f3n individual"},"content":{"rendered":"<p>Bowls de porci\u00f3n individual de ceramics.<br \/>\nGres de 1250\u00b0 C.<br \/>\nEsmaltes propios .<br \/>\nConsultar colores.<\/p>\n","protected":false},"excerpt":{"rendered":"<p>Bowls de porci\u00f3n individual de ceramics. Gres de 1250\u00b0 C. Esmaltes propios . Consultar colores.<\/p>\n","protected":false},"featured_media":1742,"comment_status":"open","ping_status":"closed","template":"","meta":{"ngg_post_thumbnail":0},"product_brand":[],"product_cat":[27],"product_tag":[],"class_list":{"0":"post-1741","1":"product","2":"type-product","3":"status-publish","4":"has-post-thumbnail","6":"product_cat-vajilla","7":"no-featured-image-padding","8":"sales-flash-overlay","9":"woocommerce-text-align-center","10":"woocommerce-image-align-center","11":"do-quantity-buttons","12":"wc-has-gallery","14":"first","15":"instock","16":"shipping-taxable","17":"purchasable","18":"product-type-simple"},"yoast_head":"<!-- This site is optimized with the Yoast SEO plugin v25.5 - https:\/\/yoast.com\/wordpress\/plugins\/seo\/ -->\n<title>Bowls de porci\u00f3n individual - El Puco. Taller de ense\u00f1anza de alfareria y cer\u00e1mica art\u00edstica<\/title>\n<meta name=\"robots\" content=\"index, follow, max-snippet:-1, max-image-preview:large, max-video-preview:-1\" \/>\n<link rel=\"canonical\" href=\"https:\/\/www.elpuco.com.ar\/web\/producto\/bowls-de-porcion-individual\/\" \/>\n<meta property=\"og:locale\" content=\"es_ES\" \/>\n<meta property=\"og:type\" content=\"article\" \/>\n<meta property=\"og:title\" content=\"Bowls de porci\u00f3n individual - El Puco. Taller de ense\u00f1anza de alfareria y cer\u00e1mica art\u00edstica\" \/>\n<meta property=\"og:description\" content=\"Bowls de porci\u00f3n individual de ceramics. Gres de 1250\u00b0 C. Esmaltes propios . Consultar colores.\" \/>\n<meta property=\"og:url\" content=\"https:\/\/www.elpuco.com.ar\/web\/producto\/bowls-de-porcion-individual\/\" \/>\n<meta property=\"og:site_name\" content=\"El Puco. Taller de ense\u00f1anza de alfareria y cer\u00e1mica art\u00edstica\" \/>\n<meta property=\"article:modified_time\" content=\"2026-03-29T02:46:56+00:00\" \/>\n<meta property=\"og:image\" content=\"https:\/\/www.elpuco.com.ar\/web\/wp-content\/uploads\/2020\/06\/Bowls-de-porci\u00f3n-individual1.jpeg\" \/>\n\t<meta property=\"og:image:width\" content=\"960\" \/>\n\t<meta property=\"og:image:height\" content=\"524\" \/>\n\t<meta property=\"og:image:type\" content=\"image\/jpeg\" \/>\n<meta name=\"twitter:card\" content=\"summary_large_image\" \/>\n<script type=\"application\/ld+json\" class=\"yoast-schema-graph\">{\"@context\":\"https:\/\/schema.org\",\"@graph\":[{\"@type\":\"WebPage\",\"@id\":\"https:\/\/www.elpuco.com.ar\/web\/producto\/bowls-de-porcion-individual\/\",\"url\":\"https:\/\/www.elpuco.com.ar\/web\/producto\/bowls-de-porcion-individual\/\",\"name\":\"Bowls de porci\u00f3n individual - El Puco. Taller de ense\u00f1anza de alfareria y cer\u00e1mica art\u00edstica\",\"isPartOf\":{\"@id\":\"https:\/\/www.elpuco.com.ar\/web\/#website\"},\"primaryImageOfPage\":{\"@id\":\"https:\/\/www.elpuco.com.ar\/web\/producto\/bowls-de-porcion-individual\/#primaryimage\"},\"image\":{\"@id\":\"https:\/\/www.elpuco.com.ar\/web\/producto\/bowls-de-porcion-individual\/#primaryimage\"},\"thumbnailUrl\":\"https:\/\/www.elpuco.com.ar\/web\/wp-content\/uploads\/2020\/06\/Bowls-de-porci\u00f3n-individual1.jpeg\",\"datePublished\":\"2020-06-21T00:31:39+00:00\",\"dateModified\":\"2026-03-29T02:46:56+00:00\",\"breadcrumb\":{\"@id\":\"https:\/\/www.elpuco.com.ar\/web\/producto\/bowls-de-porcion-individual\/#breadcrumb\"},\"inLanguage\":\"es\",\"potentialAction\":[{\"@type\":\"ReadAction\",\"target\":[\"https:\/\/www.elpuco.com.ar\/web\/producto\/bowls-de-porcion-individual\/\"]}]},{\"@type\":\"ImageObject\",\"inLanguage\":\"es\",\"@id\":\"https:\/\/www.elpuco.com.ar\/web\/producto\/bowls-de-porcion-individual\/#primaryimage\",\"url\":\"https:\/\/www.elpuco.com.ar\/web\/wp-content\/uploads\/2020\/06\/Bowls-de-porci\u00f3n-individual1.jpeg\",\"contentUrl\":\"https:\/\/www.elpuco.com.ar\/web\/wp-content\/uploads\/2020\/06\/Bowls-de-porci\u00f3n-individual1.jpeg\",\"width\":960,\"height\":524},{\"@type\":\"BreadcrumbList\",\"@id\":\"https:\/\/www.elpuco.com.ar\/web\/producto\/bowls-de-porcion-individual\/#breadcrumb\",\"itemListElement\":[{\"@type\":\"ListItem\",\"position\":1,\"name\":\"Portada\",\"item\":\"https:\/\/www.elpuco.com.ar\/web\/\"},{\"@type\":\"ListItem\",\"position\":2,\"name\":\"Tienda online\",\"item\":\"https:\/\/www.elpuco.com.ar\/web\/tienda-online\/\"},{\"@type\":\"ListItem\",\"position\":3,\"name\":\"Bowls de porci\u00f3n individual\"}]},{\"@type\":\"WebSite\",\"@id\":\"https:\/\/www.elpuco.com.ar\/web\/#website\",\"url\":\"https:\/\/www.elpuco.com.ar\/web\/\",\"name\":\"El Puco. Taller de ense\u00f1anza de alfareria y cer\u00e1mica art\u00edstica\",\"description\":\"\",\"potentialAction\":[{\"@type\":\"SearchAction\",\"target\":{\"@type\":\"EntryPoint\",\"urlTemplate\":\"https:\/\/www.elpuco.com.ar\/web\/?s={search_term_string}\"},\"query-input\":{\"@type\":\"PropertyValueSpecification\",\"valueRequired\":true,\"valueName\":\"search_term_string\"}}],\"inLanguage\":\"es\"}]}<\/script>\n<!-- \/ Yoast SEO plugin. -->","yoast_head_json":{"title":"Bowls de porci\u00f3n individual - El Puco. Taller de ense\u00f1anza de alfareria y cer\u00e1mica art\u00edstica","robots":{"index":"index","follow":"follow","max-snippet":"max-snippet:-1","max-image-preview":"max-image-preview:large","max-video-preview":"max-video-preview:-1"},"canonical":"https:\/\/www.elpuco.com.ar\/web\/producto\/bowls-de-porcion-individual\/","og_locale":"es_ES","og_type":"article","og_title":"Bowls de porci\u00f3n individual - El Puco. Taller de ense\u00f1anza de alfareria y cer\u00e1mica art\u00edstica","og_description":"Bowls de porci\u00f3n individual de ceramics. Gres de 1250\u00b0 C. Esmaltes propios . Consultar colores.","og_url":"https:\/\/www.elpuco.com.ar\/web\/producto\/bowls-de-porcion-individual\/","og_site_name":"El Puco. Taller de ense\u00f1anza de alfareria y cer\u00e1mica art\u00edstica","article_modified_time":"2026-03-29T02:46:56+00:00","og_image":[{"width":960,"height":524,"url":"https:\/\/www.elpuco.com.ar\/web\/wp-content\/uploads\/2020\/06\/Bowls-de-porci\u00f3n-individual1.jpeg","type":"image\/jpeg"}],"twitter_card":"summary_large_image","schema":{"@context":"https:\/\/schema.org","@graph":[{"@type":"WebPage","@id":"https:\/\/www.elpuco.com.ar\/web\/producto\/bowls-de-porcion-individual\/","url":"https:\/\/www.elpuco.com.ar\/web\/producto\/bowls-de-porcion-individual\/","name":"Bowls de porci\u00f3n individual - El Puco. Taller de ense\u00f1anza de alfareria y cer\u00e1mica art\u00edstica","isPartOf":{"@id":"https:\/\/www.elpuco.com.ar\/web\/#website"},"primaryImageOfPage":{"@id":"https:\/\/www.elpuco.com.ar\/web\/producto\/bowls-de-porcion-individual\/#primaryimage"},"image":{"@id":"https:\/\/www.elpuco.com.ar\/web\/producto\/bowls-de-porcion-individual\/#primaryimage"},"thumbnailUrl":"https:\/\/www.elpuco.com.ar\/web\/wp-content\/uploads\/2020\/06\/Bowls-de-porci\u00f3n-individual1.jpeg","datePublished":"2020-06-21T00:31:39+00:00","dateModified":"2026-03-29T02:46:56+00:00","breadcrumb":{"@id":"https:\/\/www.elpuco.com.ar\/web\/producto\/bowls-de-porcion-individual\/#breadcrumb"},"inLanguage":"es","potentialAction":[{"@type":"ReadAction","target":["https:\/\/www.elpuco.com.ar\/web\/producto\/bowls-de-porcion-individual\/"]}]},{"@type":"ImageObject","inLanguage":"es","@id":"https:\/\/www.elpuco.com.ar\/web\/producto\/bowls-de-porcion-individual\/#primaryimage","url":"https:\/\/www.elpuco.com.ar\/web\/wp-content\/uploads\/2020\/06\/Bowls-de-porci\u00f3n-individual1.jpeg","contentUrl":"https:\/\/www.elpuco.com.ar\/web\/wp-content\/uploads\/2020\/06\/Bowls-de-porci\u00f3n-individual1.jpeg","width":960,"height":524},{"@type":"BreadcrumbList","@id":"https:\/\/www.elpuco.com.ar\/web\/producto\/bowls-de-porcion-individual\/#breadcrumb","itemListElement":[{"@type":"ListItem","position":1,"name":"Portada","item":"https:\/\/www.elpuco.com.ar\/web\/"},{"@type":"ListItem","position":2,"name":"Tienda online","item":"https:\/\/www.elpuco.com.ar\/web\/tienda-online\/"},{"@type":"ListItem","position":3,"name":"Bowls de porci\u00f3n individual"}]},{"@type":"WebSite","@id":"https:\/\/www.elpuco.com.ar\/web\/#website","url":"https:\/\/www.elpuco.com.ar\/web\/","name":"El Puco. Taller de ense\u00f1anza de alfareria y cer\u00e1mica art\u00edstica","description":"","potentialAction":[{"@type":"SearchAction","target":{"@type":"EntryPoint","urlTemplate":"https:\/\/www.elpuco.com.ar\/web\/?s={search_term_string}"},"query-input":{"@type":"PropertyValueSpecification","valueRequired":true,"valueName":"search_term_string"}}],"inLanguage":"es"}]}},"_links":{"self":[{"href":"https:\/\/www.elpuco.com.ar\/web\/wp-json\/wp\/v2\/product\/1741","targetHints":{"allow":["GET"]}}],"collection":[{"href":"https:\/\/www.elpuco.com.ar\/web\/wp-json\/wp\/v2\/product"}],"about":[{"href":"https:\/\/www.elpuco.com.ar\/web\/wp-json\/wp\/v2\/types\/product"}],"replies":[{"embeddable":true,"href":"https:\/\/www.elpuco.com.ar\/web\/wp-json\/wp\/v2\/comments?post=1741"}],"wp:featuredmedia":[{"embeddable":true,"href":"https:\/\/www.elpuco.com.ar\/web\/wp-json\/wp\/v2\/media\/1742"}],"wp:attachment":[{"href":"https:\/\/www.elpuco.com.ar\/web\/wp-json\/wp\/v2\/media?parent=1741"}],"wp:term":[{"taxonomy":"product_brand","embeddable":true,"href":"https:\/\/www.elpuco.com.ar\/web\/wp-json\/wp\/v2\/product_brand?post=1741"},{"taxonomy":"product_cat","embeddable":true,"href":"https:\/\/www.elpuco.com.ar\/web\/wp-json\/wp\/v2\/product_cat?post=1741"},{"taxonomy":"product_tag","embeddable":true,"href":"https:\/\/www.elpuco.com.ar\/web\/wp-json\/wp\/v2\/product_tag?post=1741"}],"curies":[{"name":"wp","href":"https:\/\/api.w.org\/{rel}","templated":true}]}}