{"id":1751,"date":"2020-11-18T20:09:50","date_gmt":"2020-11-18T20:09:50","guid":{"rendered":"https:\/\/www.elpuco.com.ar\/web\/?post_type=product&#038;p=1751"},"modified":"2026-03-29T02:47:27","modified_gmt":"2026-03-29T02:47:27","slug":"set-de-sushi-plato-bandeja-salserita-y-posa-palitos-gres-de-1250-c","status":"publish","type":"product","link":"https:\/\/www.elpuco.com.ar\/web\/producto\/set-de-sushi-plato-bandeja-salserita-y-posa-palitos-gres-de-1250-c\/","title":{"rendered":"Set de sushi: plato bandeja, salserita y posa palitos. Gres de 1250\u00b0 C."},"content":{"rendered":"<p>Set de sushi: plato bandeja, salserita y posa palitos.<br \/>\nGres de 1250\u00b0 C.<br \/>\nEsmalte Galaxia.<br \/>\nPrecio : 2500$<\/p>\n","protected":false},"excerpt":{"rendered":"<p>Set de sushi: plato bandeja, salserita y posa palitos. Gres de 1250\u00b0 C. Esmalte Galaxia. Precio : 2500$<\/p>\n","protected":false},"featured_media":1752,"comment_status":"open","ping_status":"closed","template":"","meta":{"ngg_post_thumbnail":0},"product_brand":[],"product_cat":[27],"product_tag":[],"class_list":{"0":"post-1751","1":"product","2":"type-product","3":"status-publish","4":"has-post-thumbnail","6":"product_cat-vajilla","7":"no-featured-image-padding","8":"sales-flash-overlay","9":"woocommerce-text-align-center","10":"woocommerce-image-align-center","11":"do-quantity-buttons","12":"wc-has-gallery","14":"first","15":"instock","16":"shipping-taxable","17":"purchasable","18":"product-type-simple"},"yoast_head":"<!-- This site is optimized with the Yoast SEO plugin v25.5 - https:\/\/yoast.com\/wordpress\/plugins\/seo\/ -->\n<title>Set de sushi: plato bandeja, salserita y posa palitos. Gres de 1250\u00b0 C. - El Puco. Taller de ense\u00f1anza de alfareria y cer\u00e1mica art\u00edstica<\/title>\n<meta name=\"robots\" content=\"index, follow, max-snippet:-1, max-image-preview:large, max-video-preview:-1\" \/>\n<link rel=\"canonical\" href=\"https:\/\/www.elpuco.com.ar\/web\/producto\/set-de-sushi-plato-bandeja-salserita-y-posa-palitos-gres-de-1250-c\/\" \/>\n<meta property=\"og:locale\" content=\"es_ES\" \/>\n<meta property=\"og:type\" content=\"article\" \/>\n<meta property=\"og:title\" content=\"Set de sushi: plato bandeja, salserita y posa palitos. Gres de 1250\u00b0 C. - El Puco. Taller de ense\u00f1anza de alfareria y cer\u00e1mica art\u00edstica\" \/>\n<meta property=\"og:description\" content=\"Set de sushi: plato bandeja, salserita y posa palitos. Gres de 1250\u00b0 C. Esmalte Galaxia. Precio : 2500$\" \/>\n<meta property=\"og:url\" content=\"https:\/\/www.elpuco.com.ar\/web\/producto\/set-de-sushi-plato-bandeja-salserita-y-posa-palitos-gres-de-1250-c\/\" \/>\n<meta property=\"og:site_name\" content=\"El Puco. Taller de ense\u00f1anza de alfareria y cer\u00e1mica art\u00edstica\" \/>\n<meta property=\"article:modified_time\" content=\"2026-03-29T02:47:27+00:00\" \/>\n<meta property=\"og:image\" content=\"https:\/\/www.elpuco.com.ar\/web\/wp-content\/uploads\/2020\/11\/WhatsApp-Image-2020-11-16-at-18.29.48.jpeg\" \/>\n\t<meta property=\"og:image:width\" content=\"1280\" \/>\n\t<meta property=\"og:image:height\" content=\"738\" \/>\n\t<meta property=\"og:image:type\" content=\"image\/jpeg\" \/>\n<meta name=\"twitter:card\" content=\"summary_large_image\" \/>\n<script type=\"application\/ld+json\" class=\"yoast-schema-graph\">{\"@context\":\"https:\/\/schema.org\",\"@graph\":[{\"@type\":\"WebPage\",\"@id\":\"https:\/\/www.elpuco.com.ar\/web\/producto\/set-de-sushi-plato-bandeja-salserita-y-posa-palitos-gres-de-1250-c\/\",\"url\":\"https:\/\/www.elpuco.com.ar\/web\/producto\/set-de-sushi-plato-bandeja-salserita-y-posa-palitos-gres-de-1250-c\/\",\"name\":\"Set de sushi: plato bandeja, salserita y posa palitos. Gres de 1250\u00b0 C. - El Puco. Taller de ense\u00f1anza de alfareria y cer\u00e1mica art\u00edstica\",\"isPartOf\":{\"@id\":\"https:\/\/www.elpuco.com.ar\/web\/#website\"},\"primaryImageOfPage\":{\"@id\":\"https:\/\/www.elpuco.com.ar\/web\/producto\/set-de-sushi-plato-bandeja-salserita-y-posa-palitos-gres-de-1250-c\/#primaryimage\"},\"image\":{\"@id\":\"https:\/\/www.elpuco.com.ar\/web\/producto\/set-de-sushi-plato-bandeja-salserita-y-posa-palitos-gres-de-1250-c\/#primaryimage\"},\"thumbnailUrl\":\"https:\/\/www.elpuco.com.ar\/web\/wp-content\/uploads\/2020\/11\/WhatsApp-Image-2020-11-16-at-18.29.48.jpeg\",\"datePublished\":\"2020-11-18T20:09:50+00:00\",\"dateModified\":\"2026-03-29T02:47:27+00:00\",\"breadcrumb\":{\"@id\":\"https:\/\/www.elpuco.com.ar\/web\/producto\/set-de-sushi-plato-bandeja-salserita-y-posa-palitos-gres-de-1250-c\/#breadcrumb\"},\"inLanguage\":\"es\",\"potentialAction\":[{\"@type\":\"ReadAction\",\"target\":[\"https:\/\/www.elpuco.com.ar\/web\/producto\/set-de-sushi-plato-bandeja-salserita-y-posa-palitos-gres-de-1250-c\/\"]}]},{\"@type\":\"ImageObject\",\"inLanguage\":\"es\",\"@id\":\"https:\/\/www.elpuco.com.ar\/web\/producto\/set-de-sushi-plato-bandeja-salserita-y-posa-palitos-gres-de-1250-c\/#primaryimage\",\"url\":\"https:\/\/www.elpuco.com.ar\/web\/wp-content\/uploads\/2020\/11\/WhatsApp-Image-2020-11-16-at-18.29.48.jpeg\",\"contentUrl\":\"https:\/\/www.elpuco.com.ar\/web\/wp-content\/uploads\/2020\/11\/WhatsApp-Image-2020-11-16-at-18.29.48.jpeg\",\"width\":1280,\"height\":738},{\"@type\":\"BreadcrumbList\",\"@id\":\"https:\/\/www.elpuco.com.ar\/web\/producto\/set-de-sushi-plato-bandeja-salserita-y-posa-palitos-gres-de-1250-c\/#breadcrumb\",\"itemListElement\":[{\"@type\":\"ListItem\",\"position\":1,\"name\":\"Portada\",\"item\":\"https:\/\/www.elpuco.com.ar\/web\/\"},{\"@type\":\"ListItem\",\"position\":2,\"name\":\"Tienda online\",\"item\":\"https:\/\/www.elpuco.com.ar\/web\/tienda-online\/\"},{\"@type\":\"ListItem\",\"position\":3,\"name\":\"Set de sushi: plato bandeja, salserita y posa palitos. Gres de 1250\u00b0 C.\"}]},{\"@type\":\"WebSite\",\"@id\":\"https:\/\/www.elpuco.com.ar\/web\/#website\",\"url\":\"https:\/\/www.elpuco.com.ar\/web\/\",\"name\":\"El Puco. Taller de ense\u00f1anza de alfareria y cer\u00e1mica art\u00edstica\",\"description\":\"\",\"potentialAction\":[{\"@type\":\"SearchAction\",\"target\":{\"@type\":\"EntryPoint\",\"urlTemplate\":\"https:\/\/www.elpuco.com.ar\/web\/?s={search_term_string}\"},\"query-input\":{\"@type\":\"PropertyValueSpecification\",\"valueRequired\":true,\"valueName\":\"search_term_string\"}}],\"inLanguage\":\"es\"}]}<\/script>\n<!-- \/ Yoast SEO plugin. -->","yoast_head_json":{"title":"Set de sushi: plato bandeja, salserita y posa palitos. Gres de 1250\u00b0 C. - El Puco. Taller de ense\u00f1anza de alfareria y cer\u00e1mica art\u00edstica","robots":{"index":"index","follow":"follow","max-snippet":"max-snippet:-1","max-image-preview":"max-image-preview:large","max-video-preview":"max-video-preview:-1"},"canonical":"https:\/\/www.elpuco.com.ar\/web\/producto\/set-de-sushi-plato-bandeja-salserita-y-posa-palitos-gres-de-1250-c\/","og_locale":"es_ES","og_type":"article","og_title":"Set de sushi: plato bandeja, salserita y posa palitos. Gres de 1250\u00b0 C. - El Puco. Taller de ense\u00f1anza de alfareria y cer\u00e1mica art\u00edstica","og_description":"Set de sushi: plato bandeja, salserita y posa palitos. Gres de 1250\u00b0 C. Esmalte Galaxia. Precio : 2500$","og_url":"https:\/\/www.elpuco.com.ar\/web\/producto\/set-de-sushi-plato-bandeja-salserita-y-posa-palitos-gres-de-1250-c\/","og_site_name":"El Puco. Taller de ense\u00f1anza de alfareria y cer\u00e1mica art\u00edstica","article_modified_time":"2026-03-29T02:47:27+00:00","og_image":[{"width":1280,"height":738,"url":"https:\/\/www.elpuco.com.ar\/web\/wp-content\/uploads\/2020\/11\/WhatsApp-Image-2020-11-16-at-18.29.48.jpeg","type":"image\/jpeg"}],"twitter_card":"summary_large_image","schema":{"@context":"https:\/\/schema.org","@graph":[{"@type":"WebPage","@id":"https:\/\/www.elpuco.com.ar\/web\/producto\/set-de-sushi-plato-bandeja-salserita-y-posa-palitos-gres-de-1250-c\/","url":"https:\/\/www.elpuco.com.ar\/web\/producto\/set-de-sushi-plato-bandeja-salserita-y-posa-palitos-gres-de-1250-c\/","name":"Set de sushi: plato bandeja, salserita y posa palitos. Gres de 1250\u00b0 C. - El Puco. Taller de ense\u00f1anza de alfareria y cer\u00e1mica art\u00edstica","isPartOf":{"@id":"https:\/\/www.elpuco.com.ar\/web\/#website"},"primaryImageOfPage":{"@id":"https:\/\/www.elpuco.com.ar\/web\/producto\/set-de-sushi-plato-bandeja-salserita-y-posa-palitos-gres-de-1250-c\/#primaryimage"},"image":{"@id":"https:\/\/www.elpuco.com.ar\/web\/producto\/set-de-sushi-plato-bandeja-salserita-y-posa-palitos-gres-de-1250-c\/#primaryimage"},"thumbnailUrl":"https:\/\/www.elpuco.com.ar\/web\/wp-content\/uploads\/2020\/11\/WhatsApp-Image-2020-11-16-at-18.29.48.jpeg","datePublished":"2020-11-18T20:09:50+00:00","dateModified":"2026-03-29T02:47:27+00:00","breadcrumb":{"@id":"https:\/\/www.elpuco.com.ar\/web\/producto\/set-de-sushi-plato-bandeja-salserita-y-posa-palitos-gres-de-1250-c\/#breadcrumb"},"inLanguage":"es","potentialAction":[{"@type":"ReadAction","target":["https:\/\/www.elpuco.com.ar\/web\/producto\/set-de-sushi-plato-bandeja-salserita-y-posa-palitos-gres-de-1250-c\/"]}]},{"@type":"ImageObject","inLanguage":"es","@id":"https:\/\/www.elpuco.com.ar\/web\/producto\/set-de-sushi-plato-bandeja-salserita-y-posa-palitos-gres-de-1250-c\/#primaryimage","url":"https:\/\/www.elpuco.com.ar\/web\/wp-content\/uploads\/2020\/11\/WhatsApp-Image-2020-11-16-at-18.29.48.jpeg","contentUrl":"https:\/\/www.elpuco.com.ar\/web\/wp-content\/uploads\/2020\/11\/WhatsApp-Image-2020-11-16-at-18.29.48.jpeg","width":1280,"height":738},{"@type":"BreadcrumbList","@id":"https:\/\/www.elpuco.com.ar\/web\/producto\/set-de-sushi-plato-bandeja-salserita-y-posa-palitos-gres-de-1250-c\/#breadcrumb","itemListElement":[{"@type":"ListItem","position":1,"name":"Portada","item":"https:\/\/www.elpuco.com.ar\/web\/"},{"@type":"ListItem","position":2,"name":"Tienda online","item":"https:\/\/www.elpuco.com.ar\/web\/tienda-online\/"},{"@type":"ListItem","position":3,"name":"Set de sushi: plato bandeja, salserita y posa palitos. Gres de 1250\u00b0 C."}]},{"@type":"WebSite","@id":"https:\/\/www.elpuco.com.ar\/web\/#website","url":"https:\/\/www.elpuco.com.ar\/web\/","name":"El Puco. Taller de ense\u00f1anza de alfareria y cer\u00e1mica art\u00edstica","description":"","potentialAction":[{"@type":"SearchAction","target":{"@type":"EntryPoint","urlTemplate":"https:\/\/www.elpuco.com.ar\/web\/?s={search_term_string}"},"query-input":{"@type":"PropertyValueSpecification","valueRequired":true,"valueName":"search_term_string"}}],"inLanguage":"es"}]}},"_links":{"self":[{"href":"https:\/\/www.elpuco.com.ar\/web\/wp-json\/wp\/v2\/product\/1751","targetHints":{"allow":["GET"]}}],"collection":[{"href":"https:\/\/www.elpuco.com.ar\/web\/wp-json\/wp\/v2\/product"}],"about":[{"href":"https:\/\/www.elpuco.com.ar\/web\/wp-json\/wp\/v2\/types\/product"}],"replies":[{"embeddable":true,"href":"https:\/\/www.elpuco.com.ar\/web\/wp-json\/wp\/v2\/comments?post=1751"}],"wp:featuredmedia":[{"embeddable":true,"href":"https:\/\/www.elpuco.com.ar\/web\/wp-json\/wp\/v2\/media\/1752"}],"wp:attachment":[{"href":"https:\/\/www.elpuco.com.ar\/web\/wp-json\/wp\/v2\/media?parent=1751"}],"wp:term":[{"taxonomy":"product_brand","embeddable":true,"href":"https:\/\/www.elpuco.com.ar\/web\/wp-json\/wp\/v2\/product_brand?post=1751"},{"taxonomy":"product_cat","embeddable":true,"href":"https:\/\/www.elpuco.com.ar\/web\/wp-json\/wp\/v2\/product_cat?post=1751"},{"taxonomy":"product_tag","embeddable":true,"href":"https:\/\/www.elpuco.com.ar\/web\/wp-json\/wp\/v2\/product_tag?post=1751"}],"curies":[{"name":"wp","href":"https:\/\/api.w.org\/{rel}","templated":true}]}}